{"id":30361,"date":"2025-09-07T09:49:55","date_gmt":"2025-09-07T09:49:55","guid":{"rendered":"https:\/\/honigbee.com\/?post_type=product&#038;p=30361"},"modified":"2026-03-16T19:39:20","modified_gmt":"2026-03-16T19:39:20","slug":"eukalyptushonig-aus-marokko-250g","status":"publish","type":"product","link":"https:\/\/honigbee.com\/fr\/produit\/eukalyptushonig-aus-marokko-250g\/","title":{"rendered":"250 g de miel d&#039;eucalyptus du Maroc \u2013 un miel d&#039;hiver aux bienfaits"},"content":{"rendered":"<div id=\"ez-toc-container\" class=\"ez-toc-v2_0_83 counter-hierarchy ez-toc-counter ez-toc-grey ez-toc-container-direction\">\n<div class=\"ez-toc-title-container\">\n<p class=\"ez-toc-title\" style=\"cursor:inherit\">Table des mati\u00e8res<\/p>\n<span class=\"ez-toc-title-toggle\"><a href=\"#\" class=\"ez-toc-pull-right ez-toc-btn ez-toc-btn-xs ez-toc-btn-default ez-toc-toggle\" aria-label=\"Basculer la table des mati\u00e8res\"><span class=\"ez-toc-js-icon-con\"><span class=\"\"><span class=\"eztoc-hide\" style=\"display:none;\">Basculer<\/span><span class=\"ez-toc-icon-toggle-span\"><svg style=\"fill: #999;color:#999\" xmlns=\"http:\/\/www.w3.org\/2000\/svg\" class=\"list-377408\" width=\"20px\" height=\"20px\" viewbox=\"0 0 24 24\" fill=\"none\"><path d=\"M6 6H4v2h2V6zm14 0H8v2h12V6zM4 11h2v2H4v-2zm16 0H8v2h12v-2zM4 16h2v2H4v-2zm16 0H8v2h12v-2z\" fill=\"currentColor\"><\/path><\/svg><svg style=\"fill: #999;color:#999\" class=\"arrow-unsorted-368013\" xmlns=\"http:\/\/www.w3.org\/2000\/svg\" width=\"10px\" height=\"10px\" viewbox=\"0 0 24 24\" version=\"1.2\" baseprofile=\"tiny\"><path d=\"M18.2 9.3l-6.2-6.3-6.2 6.3c-.2.2-.3.4-.3.7s.1.5.3.7c.2.2.4.3.7.3h11c.3 0 .5-.1.7-.3.2-.2.3-.5.3-.7s-.1-.5-.3-.7zM5.8 14.7l6.2 6.3 6.2-6.3c.2-.2.3-.5.3-.7s-.1-.5-.3-.7c-.2-.2-.4-.3-.7-.3h-11c-.3 0-.5.1-.7.3-.2.2-.3.5-.3.7s.1.5.3.7z\"\/><\/svg><\/span><\/span><\/span><\/a><\/span><\/div>\n<nav><ul class='ez-toc-list ez-toc-list-level-1' ><li class='ez-toc-page-1 ez-toc-heading-level-4'><a class=\"ez-toc-link ez-toc-heading-1\" href=\"https:\/\/honigbee.com\/fr\/produit\/eukalyptushonig-aus-marokko-250g\/#250_g_Eukalyptushonig_aus_Marokko_%E2%80%93_wohltuend_und_aromatisch\" >250 g Eukalyptushonig aus Marokko \u2013 wohltuend und aromatisch<\/a><\/li><li class='ez-toc-page-1 ez-toc-heading-level-4'><a class=\"ez-toc-link ez-toc-heading-2\" href=\"https:\/\/honigbee.com\/fr\/produit\/eukalyptushonig-aus-marokko-250g\/#Merkmale_Herkunft\" >Caract\u00e9ristiques et origine<\/a><\/li><li class='ez-toc-page-1 ez-toc-heading-level-4'><a class=\"ez-toc-link ez-toc-heading-3\" href=\"https:\/\/honigbee.com\/fr\/produit\/eukalyptushonig-aus-marokko-250g\/#Besonderheiten\" >Caract\u00e9ristiques sp\u00e9ciales<\/a><\/li><li class='ez-toc-page-1 ez-toc-heading-level-4'><a class=\"ez-toc-link ez-toc-heading-4\" href=\"https:\/\/honigbee.com\/fr\/produit\/eukalyptushonig-aus-marokko-250g\/#Weitere_Inspiration_entdecken\" >Weitere Inspiration entdecken<\/a><\/li><\/ul><\/nav><\/div>\n<h4 data-start=\"832\" data-end=\"899\"><span class=\"ez-toc-section\" id=\"250_g_Eukalyptushonig_aus_Marokko_%E2%80%93_wohltuend_und_aromatisch\"><\/span>250 g Eukalyptushonig aus Marokko \u2013 wohltuend und aromatisch<span class=\"ez-toc-section-end\"><\/span><\/h4>\n<p data-start=\"900\" data-end=\"1137\">Dieser Honig wird aus dem Bl\u00fctennektar des Eukalyptusbaums gewonnen und gilt in Marokko als traditioneller Winterhonig. Er ist aromatisch, w\u00fcrzig und wird besonders wegen seiner positiven Wirkung auf Atemwege und Immunsystem gesch\u00e4tzt.<\/p>\n<hr data-start=\"1139\" data-end=\"1142\" \/>\n<h4 data-start=\"1144\" data-end=\"1170\"><span class=\"ez-toc-section\" id=\"Merkmale_Herkunft\"><\/span>Caract\u00e9ristiques et origine<span class=\"ez-toc-section-end\"><\/span><\/h4>\n<ul data-start=\"1171\" data-end=\"1379\">\n<li data-start=\"1171\" data-end=\"1199\">\n<p data-start=\"1173\" data-end=\"1199\">Produkt: Eukalyptushonig<\/p>\n<\/li>\n<li data-start=\"1200\" data-end=\"1221\">\n<p data-start=\"1202\" data-end=\"1221\">Origine : Maroc<\/p>\n<\/li>\n<li data-start=\"1222\" data-end=\"1245\">\n<p data-start=\"1224\" data-end=\"1245\">Baumart: Eukalyptus<\/p>\n<\/li>\n<li data-start=\"1246\" data-end=\"1291\">\n<p data-start=\"1248\" data-end=\"1291\">Besonderheit: Winterhonig, antibakteriell<\/p>\n<\/li>\n<li data-start=\"1292\" data-end=\"1334\">\n<p data-start=\"1294\" data-end=\"1334\">Geschmack: W\u00fcrzig, aromatisch, s\u00fc\u00dflich<\/p>\n<\/li>\n<li data-start=\"1335\" data-end=\"1362\">\n<p data-start=\"1337\" data-end=\"1362\">Taille de l&#039;emballage : 250 g<\/p>\n<\/li>\n<\/ul>\n<hr data-start=\"1381\" data-end=\"1384\" \/>\n<h4 data-start=\"1386\" data-end=\"1407\"><span class=\"ez-toc-section\" id=\"Besonderheiten\"><\/span>Caract\u00e9ristiques sp\u00e9ciales<span class=\"ez-toc-section-end\"><\/span><\/h4>\n<p data-start=\"1408\" data-end=\"1664\">Le <strong data-start=\"1412\" data-end=\"1449\">250 g Eukalyptushonig aus Marokko<\/strong> wird traditionell zur Unterst\u00fctzung der Atemwege und zum Schutz in der kalten Jahreszeit verwendet. Er eignet sich pur, auf Brot oder im Tee und ist auch f\u00fcr Kinder sowie schwangere und stillende Frauen geeignet.<\/p>\n<hr data-start=\"1666\" data-end=\"1669\" \/>\n<h4 data-start=\"413\" data-end=\"449\"><span class=\"ez-toc-section\" id=\"Weitere_Inspiration_entdecken\"><\/span>Weitere Inspiration entdecken<span class=\"ez-toc-section-end\"><\/span><\/h4>\n<p data-start=\"450\" data-end=\"582\">Du suchst weitere besondere Produkte? Entdecke zus\u00e4tzliche Highlights in unserem Sortiment oder st\u00f6bere in unseren Partnerprojekten:<\/p>\n<ul data-start=\"584\" data-end=\"920\">\n<li data-start=\"584\" data-end=\"656\"><a href=\"https:\/\/honigbee.com\/fr\/shop\/\">Weitere Naturprodukte bei Honigbee entdecken<\/a><\/li>\n<li data-start=\"657\" data-end=\"783\">\n<p data-start=\"659\" data-end=\"783\"><a href=\"https:\/\/matvana.com\/shop\/\" target=\"_blank\" rel=\"noopener\">Stilvolle Wohnideen bei Matvana ansehen<\/a><\/p>\n<\/li>\n<li data-start=\"784\" data-end=\"920\">\n<p data-start=\"786\" data-end=\"920\"><a href=\"https:\/\/saphirsmaragd.com\/shop\/\" target=\"_blank\" rel=\"noopener\">Edelsteine &amp; Schmuck bei Saphir &amp; Smaragd ansehen<\/a><\/p>\n<\/li>\n<\/ul>\n<hr data-start=\"1931\" data-end=\"1934\" \/>\n<p>Produktbilder dienen der Veranschaulichung. Verpackungsdesign kann abweichen.<\/p>","protected":false},"excerpt":{"rendered":"<p data-start=\"457\" data-end=\"723\"><em>Der 250 g Eukalyptushonig aus Marokko ist bekannt als Winterhonig schlechthin. Mit seinen antibakteriellen Eigenschaften unterst\u00fctzt er die Atemwege, st\u00e4rkt das Immunsystem und \u00fcberzeugt durch seinen w\u00fcrzig-s\u00fc\u00dfen Geschmack.<\/em><\/p>\n<p data-start=\"725\" data-end=\"801\">","protected":false},"featured_media":43832,"comment_status":"open","ping_status":"closed","template":"","meta":{"_glsr_average":0,"_glsr_ranking":0,"_glsr_reviews":0},"product_brand":[],"product_cat":[74],"product_tag":[],"class_list":{"0":"post-30361","1":"product","2":"type-product","3":"status-publish","4":"has-post-thumbnail","6":"product_cat-eukalyptushonig","8":"first","9":"instock","10":"shipping-taxable","11":"purchasable","12":"product-type-simple","13":"add-to-wishlist-before_image"},"jetpack_sharing_enabled":true,"_links":{"self":[{"href":"https:\/\/honigbee.com\/fr\/wp-json\/wp\/v2\/product\/30361","targetHints":{"allow":["GET"]}}],"collection":[{"href":"https:\/\/honigbee.com\/fr\/wp-json\/wp\/v2\/product"}],"about":[{"href":"https:\/\/honigbee.com\/fr\/wp-json\/wp\/v2\/types\/product"}],"replies":[{"embeddable":true,"href":"https:\/\/honigbee.com\/fr\/wp-json\/wp\/v2\/comments?post=30361"}],"version-history":[{"count":5,"href":"https:\/\/honigbee.com\/fr\/wp-json\/wp\/v2\/product\/30361\/revisions"}],"predecessor-version":[{"id":43855,"href":"https:\/\/honigbee.com\/fr\/wp-json\/wp\/v2\/product\/30361\/revisions\/43855"}],"wp:featuredmedia":[{"embeddable":true,"href":"https:\/\/honigbee.com\/fr\/wp-json\/wp\/v2\/media\/43832"}],"wp:attachment":[{"href":"https:\/\/honigbee.com\/fr\/wp-json\/wp\/v2\/media?parent=30361"}],"wp:term":[{"taxonomy":"product_brand","embeddable":true,"href":"https:\/\/honigbee.com\/fr\/wp-json\/wp\/v2\/product_brand?post=30361"},{"taxonomy":"product_cat","embeddable":true,"href":"https:\/\/honigbee.com\/fr\/wp-json\/wp\/v2\/product_cat?post=30361"},{"taxonomy":"product_tag","embeddable":true,"href":"https:\/\/honigbee.com\/fr\/wp-json\/wp\/v2\/product_tag?post=30361"}],"curies":[{"name":"wp","href":"https:\/\/api.w.org\/{rel}","templated":true}]}}