{"id":30369,"date":"2025-09-07T09:57:01","date_gmt":"2025-09-07T09:57:01","guid":{"rendered":"https:\/\/honigbee.com\/?post_type=product&#038;p=30369"},"modified":"2026-03-16T19:39:39","modified_gmt":"2026-03-16T19:39:39","slug":"natuerlicher-aphrodisiakum-honig-250g","status":"publish","type":"product","link":"https:\/\/honigbee.com\/fr\/produit\/natuerlicher-aphrodisiakum-honig-250g\/","title":{"rendered":"250 g de miel aphrodisiaque naturel \u2013 M\u00e9lange \u00e9nerg\u00e9tique \u00e0 la maca, au gingembre et \u00e0 la gel\u00e9e royale"},"content":{"rendered":"<div id=\"ez-toc-container\" class=\"ez-toc-v2_0_83 counter-hierarchy ez-toc-counter ez-toc-grey ez-toc-container-direction\">\n<div class=\"ez-toc-title-container\">\n<p class=\"ez-toc-title\" style=\"cursor:inherit\">Table des mati\u00e8res<\/p>\n<span class=\"ez-toc-title-toggle\"><a href=\"#\" class=\"ez-toc-pull-right ez-toc-btn ez-toc-btn-xs ez-toc-btn-default ez-toc-toggle\" aria-label=\"Basculer la table des mati\u00e8res\"><span class=\"ez-toc-js-icon-con\"><span class=\"\"><span class=\"eztoc-hide\" style=\"display:none;\">Basculer<\/span><span class=\"ez-toc-icon-toggle-span\"><svg style=\"fill: #999;color:#999\" xmlns=\"http:\/\/www.w3.org\/2000\/svg\" class=\"list-377408\" width=\"20px\" height=\"20px\" viewbox=\"0 0 24 24\" fill=\"none\"><path d=\"M6 6H4v2h2V6zm14 0H8v2h12V6zM4 11h2v2H4v-2zm16 0H8v2h12v-2zM4 16h2v2H4v-2zm16 0H8v2h12v-2z\" fill=\"currentColor\"><\/path><\/svg><svg style=\"fill: #999;color:#999\" class=\"arrow-unsorted-368013\" xmlns=\"http:\/\/www.w3.org\/2000\/svg\" width=\"10px\" height=\"10px\" viewbox=\"0 0 24 24\" version=\"1.2\" baseprofile=\"tiny\"><path d=\"M18.2 9.3l-6.2-6.3-6.2 6.3c-.2.2-.3.4-.3.7s.1.5.3.7c.2.2.4.3.7.3h11c.3 0 .5-.1.7-.3.2-.2.3-.5.3-.7s-.1-.5-.3-.7zM5.8 14.7l6.2 6.3 6.2-6.3c.2-.2.3-.5.3-.7s-.1-.5-.3-.7c-.2-.2-.4-.3-.7-.3h-11c-.3 0-.5.1-.7.3-.2.2-.3.5-.3.7s.1.5.3.7z\"\/><\/svg><\/span><\/span><\/span><\/a><\/span><\/div>\n<nav><ul class='ez-toc-list ez-toc-list-level-1' ><li class='ez-toc-page-1 ez-toc-heading-level-4'><a class=\"ez-toc-link ez-toc-heading-1\" href=\"https:\/\/honigbee.com\/fr\/produit\/natuerlicher-aphrodisiakum-honig-250g\/#250_g_Naturlicher_Aphrodisiakum_Honig_%E2%80%93_Kraft_aus_der_Natur\" >250 g de miel aphrodisiaque naturel \u2013 Le pouvoir de la nature<\/a><\/li><li class='ez-toc-page-1 ez-toc-heading-level-4'><a class=\"ez-toc-link ez-toc-heading-2\" href=\"https:\/\/honigbee.com\/fr\/produit\/natuerlicher-aphrodisiakum-honig-250g\/#Merkmale_Herkunft\" >Caract\u00e9ristiques et origine<\/a><\/li><li class='ez-toc-page-1 ez-toc-heading-level-4'><a class=\"ez-toc-link ez-toc-heading-3\" href=\"https:\/\/honigbee.com\/fr\/produit\/natuerlicher-aphrodisiakum-honig-250g\/#Besonderheiten\" >Caract\u00e9ristiques sp\u00e9ciales<\/a><\/li><li class='ez-toc-page-1 ez-toc-heading-level-4'><a class=\"ez-toc-link ez-toc-heading-4\" href=\"https:\/\/honigbee.com\/fr\/produit\/natuerlicher-aphrodisiakum-honig-250g\/#Mehr_uber_Sidr_Jemen-Honig\" >En savoir plus sur Sidr &amp; Yemen Honey<\/a><\/li><li class='ez-toc-page-1 ez-toc-heading-level-4'><a class=\"ez-toc-link ez-toc-heading-5\" href=\"https:\/\/honigbee.com\/fr\/produit\/natuerlicher-aphrodisiakum-honig-250g\/#Weitere_Infos\" >Informations compl\u00e9mentaires<\/a><\/li><\/ul><\/nav><\/div>\n<h4 data-start=\"929\" data-end=\"995\"><span class=\"ez-toc-section\" id=\"250_g_Naturlicher_Aphrodisiakum_Honig_%E2%80%93_Kraft_aus_der_Natur\"><\/span>250 g de miel aphrodisiaque naturel \u2013 Le pouvoir de la nature<span class=\"ez-toc-section-end\"><\/span><\/h4>\n<p data-start=\"996\" data-end=\"1281\">Ce miel est bien plus qu&#039;une simple gourmandise. Il associe un miel de haute qualit\u00e9 \u00e0 des ingr\u00e9dients naturels comme la maca, le gingembre et la gel\u00e9e royale. Ce m\u00e9lange est reconnu pour ses effets \u00e9nergisants et est utilis\u00e9 depuis longtemps comme rem\u00e8de naturel pour booster la vitalit\u00e9 et l&#039;endurance.<\/p>\n<hr data-start=\"1283\" data-end=\"1286\" \/>\n<h4 data-start=\"1288\" data-end=\"1314\"><span class=\"ez-toc-section\" id=\"Merkmale_Herkunft\"><\/span>Caract\u00e9ristiques et origine<span class=\"ez-toc-section-end\"><\/span><\/h4>\n<ul data-start=\"1315\" data-end=\"1612\">\n<li data-start=\"1315\" data-end=\"1359\">\n<p data-start=\"1317\" data-end=\"1359\">Produit : Miel aphrodisiaque naturel<\/p>\n<\/li>\n<li data-start=\"1360\" data-end=\"1423\">\n<p data-start=\"1362\" data-end=\"1423\">Origine : M\u00e9lange de miel international et de superaliments<\/p>\n<\/li>\n<li data-start=\"1424\" data-end=\"1470\">\n<p data-start=\"1426\" data-end=\"1470\">Ingr\u00e9dients : miel, maca, gingembre, gel\u00e9e royale<\/p>\n<\/li>\n<li data-start=\"1471\" data-end=\"1528\">\n<p data-start=\"1473\" data-end=\"1528\">Particularit\u00e9 : Source d&#039;\u00e9nergie naturelle et revitalisante<\/p>\n<\/li>\n<li data-start=\"1529\" data-end=\"1567\">\n<p data-start=\"1531\" data-end=\"1567\">Go\u00fbt : Doux, \u00e9pic\u00e9, aromatique<\/p>\n<\/li>\n<li data-start=\"1568\" data-end=\"1595\">\n<p data-start=\"1570\" data-end=\"1595\">Taille de l&#039;emballage : 250 g<\/p>\n<\/li>\n<\/ul>\n<hr data-start=\"1614\" data-end=\"1617\" \/>\n<h4 data-start=\"1619\" data-end=\"1640\"><span class=\"ez-toc-section\" id=\"Besonderheiten\"><\/span>Caract\u00e9ristiques sp\u00e9ciales<span class=\"ez-toc-section-end\"><\/span><\/h4>\n<p data-start=\"1641\" data-end=\"1886\">Le <strong data-start=\"1645\" data-end=\"1686\">250 g de miel aphrodisiaque naturel<\/strong> Une combinaison unique pour plus d&#039;\u00e9nergie, de vitalit\u00e9 et de plaisir. D\u00e9gust\u00e9e nature, en infusion ou sur du pain, elle est particuli\u00e8rement appr\u00e9ci\u00e9e comme booster d&#039;\u00e9nergie naturel pour les couples.<\/p>\n<hr data-start=\"1888\" data-end=\"1891\" \/>\n<h4 data-start=\"1893\" data-end=\"1928\"><span class=\"ez-toc-section\" id=\"Mehr_uber_Sidr_Jemen-Honig\"><\/span>En savoir plus sur Sidr &amp; Yemen Honey<span class=\"ez-toc-section-end\"><\/span><\/h4>\n<p data-start=\"1929\" data-end=\"2033\"><a class=\"decorated-link\" href=\"https:\/\/honigbee.com\/fr\/product-category\/honig\/sidr-honig-aus-jemen\/\" target=\"_new\" rel=\"noopener\" data-start=\"1929\" data-end=\"2031\">Miel de Sidr du Y\u00e9men chez Honigbee<\/a><\/p>\n<hr data-start=\"2035\" data-end=\"2038\" \/>\n<h4 data-start=\"2040\" data-end=\"2060\"><span class=\"ez-toc-section\" id=\"Weitere_Infos\"><\/span>Informations compl\u00e9mentaires<span class=\"ez-toc-section-end\"><\/span><\/h4>\n<p data-start=\"2061\" data-end=\"2132\"><a class=\"decorated-link cursor-pointer\" href=\"https:\/\/de.wikipedia.org\/wiki\/Gelee_royale\" target=\"_new\" rel=\"noopener\" data-start=\"2061\" data-end=\"2130\">Wikip\u00e9dia : Gel\u00e9e royale<\/a><\/p>","protected":false},"excerpt":{"rendered":"<p data-start=\"539\" data-end=\"792\"><em>Le miel aphrodisiaque naturel de 250 g associe du miel pur \u00e0 de la maca, du gingembre et de la gel\u00e9e royale. Un m\u00e9lange \u00e9nerg\u00e9tique naturel appr\u00e9ci\u00e9 depuis des si\u00e8cles pour sa vitalit\u00e9, son endurance et son bien-\u00eatre.<\/em><\/p>\n<p data-start=\"794\" data-end=\"898\">","protected":false},"featured_media":43834,"comment_status":"open","ping_status":"closed","template":"","meta":{"_glsr_average":0,"_glsr_ranking":0,"_glsr_reviews":0},"product_brand":[],"product_cat":[1414],"product_tag":[],"class_list":{"0":"post-30369","1":"product","2":"type-product","3":"status-publish","4":"has-post-thumbnail","6":"product_cat-aphrodisiakum-honig","8":"first","9":"instock","10":"shipping-taxable","11":"purchasable","12":"product-type-simple","13":"add-to-wishlist-before_image"},"jetpack_sharing_enabled":true,"_links":{"self":[{"href":"https:\/\/honigbee.com\/fr\/wp-json\/wp\/v2\/product\/30369","targetHints":{"allow":["GET"]}}],"collection":[{"href":"https:\/\/honigbee.com\/fr\/wp-json\/wp\/v2\/product"}],"about":[{"href":"https:\/\/honigbee.com\/fr\/wp-json\/wp\/v2\/types\/product"}],"replies":[{"embeddable":true,"href":"https:\/\/honigbee.com\/fr\/wp-json\/wp\/v2\/comments?post=30369"}],"version-history":[{"count":2,"href":"https:\/\/honigbee.com\/fr\/wp-json\/wp\/v2\/product\/30369\/revisions"}],"predecessor-version":[{"id":43857,"href":"https:\/\/honigbee.com\/fr\/wp-json\/wp\/v2\/product\/30369\/revisions\/43857"}],"wp:featuredmedia":[{"embeddable":true,"href":"https:\/\/honigbee.com\/fr\/wp-json\/wp\/v2\/media\/43834"}],"wp:attachment":[{"href":"https:\/\/honigbee.com\/fr\/wp-json\/wp\/v2\/media?parent=30369"}],"wp:term":[{"taxonomy":"product_brand","embeddable":true,"href":"https:\/\/honigbee.com\/fr\/wp-json\/wp\/v2\/product_brand?post=30369"},{"taxonomy":"product_cat","embeddable":true,"href":"https:\/\/honigbee.com\/fr\/wp-json\/wp\/v2\/product_cat?post=30369"},{"taxonomy":"product_tag","embeddable":true,"href":"https:\/\/honigbee.com\/fr\/wp-json\/wp\/v2\/product_tag?post=30369"}],"curies":[{"name":"wp","href":"https:\/\/api.w.org\/{rel}","templated":true}]}}