{"id":43952,"date":"2026-05-08T13:08:45","date_gmt":"2026-05-08T13:08:45","guid":{"rendered":"https:\/\/honigbee.com\/?post_type=product&#038;p=43952"},"modified":"2026-05-08T13:10:22","modified_gmt":"2026-05-08T13:10:22","slug":"chakra-kristallkerze-sakralchakra-sojawachs-kerze-mit-kristallen-17h-8-5x5-cm-0-36-kg","status":"publish","type":"product","link":"https:\/\/honigbee.com\/fr\/produit\/chakra-kristallkerze-sakralchakra-sojawachs-kerze-mit-kristallen-17h-8-5x5-cm-0-36-kg\/","title":{"rendered":"Chakra Kristallkerze Sakralchakra \u2013 Sojawachs Kerze mit Kristallen, 17h, 8.5\u00d75 cm, 0.36 kg"},"content":{"rendered":"<div id=\"ez-toc-container\" class=\"ez-toc-v2_0_83 counter-hierarchy ez-toc-counter ez-toc-grey ez-toc-container-direction\">\n<div class=\"ez-toc-title-container\">\n<p class=\"ez-toc-title\" style=\"cursor:inherit\">Table des mati\u00e8res<\/p>\n<span class=\"ez-toc-title-toggle\"><a href=\"#\" class=\"ez-toc-pull-right ez-toc-btn ez-toc-btn-xs ez-toc-btn-default ez-toc-toggle\" aria-label=\"Basculer la table des mati\u00e8res\"><span class=\"ez-toc-js-icon-con\"><span class=\"\"><span class=\"eztoc-hide\" style=\"display:none;\">Basculer<\/span><span class=\"ez-toc-icon-toggle-span\"><svg style=\"fill: #999;color:#999\" xmlns=\"http:\/\/www.w3.org\/2000\/svg\" class=\"list-377408\" width=\"20px\" height=\"20px\" viewbox=\"0 0 24 24\" fill=\"none\"><path d=\"M6 6H4v2h2V6zm14 0H8v2h12V6zM4 11h2v2H4v-2zm16 0H8v2h12v-2zM4 16h2v2H4v-2zm16 0H8v2h12v-2z\" fill=\"currentColor\"><\/path><\/svg><svg style=\"fill: #999;color:#999\" class=\"arrow-unsorted-368013\" xmlns=\"http:\/\/www.w3.org\/2000\/svg\" width=\"10px\" height=\"10px\" viewbox=\"0 0 24 24\" version=\"1.2\" baseprofile=\"tiny\"><path d=\"M18.2 9.3l-6.2-6.3-6.2 6.3c-.2.2-.3.4-.3.7s.1.5.3.7c.2.2.4.3.7.3h11c.3 0 .5-.1.7-.3.2-.2.3-.5.3-.7s-.1-.5-.3-.7zM5.8 14.7l6.2 6.3 6.2-6.3c.2-.2.3-.5.3-.7s-.1-.5-.3-.7c-.2-.2-.4-.3-.7-.3h-11c-.3 0-.5.1-.7.3-.2.2-.3.5-.3.7s.1.5.3.7z\"\/><\/svg><\/span><\/span><\/span><\/a><\/span><\/div>\n<nav><ul class='ez-toc-list ez-toc-list-level-1' ><li class='ez-toc-page-1 ez-toc-heading-level-4'><a class=\"ez-toc-link ez-toc-heading-1\" href=\"https:\/\/honigbee.com\/fr\/produit\/chakra-kristallkerze-sakralchakra-sojawachs-kerze-mit-kristallen-17h-8-5x5-cm-0-36-kg\/#Stilvolle_Atmosphare_mit_der_Chakra_Kristallkerze_Sakralchakra\" >Stilvolle Atmosph\u00e4re mit der Chakra Kristallkerze Sakralchakra<\/a><\/li><li class='ez-toc-page-1 ez-toc-heading-level-4'><a class=\"ez-toc-link ez-toc-heading-2\" href=\"https:\/\/honigbee.com\/fr\/produit\/chakra-kristallkerze-sakralchakra-sojawachs-kerze-mit-kristallen-17h-8-5x5-cm-0-36-kg\/#Naturliche_Materialien_gleichmasiger_Abbrand\" >Nat\u00fcrliche Materialien &amp; gleichm\u00e4\u00dfiger Abbrand<\/a><\/li><li class='ez-toc-page-1 ez-toc-heading-level-4'><a class=\"ez-toc-link ez-toc-heading-3\" href=\"https:\/\/honigbee.com\/fr\/produit\/chakra-kristallkerze-sakralchakra-sojawachs-kerze-mit-kristallen-17h-8-5x5-cm-0-36-kg\/#Einzigartiges_Design_mit_echten_Kristallen\" >Einzigartiges Design mit echten Kristallen<\/a><\/li><li class='ez-toc-page-1 ez-toc-heading-level-4'><a class=\"ez-toc-link ez-toc-heading-4\" href=\"https:\/\/honigbee.com\/fr\/produit\/chakra-kristallkerze-sakralchakra-sojawachs-kerze-mit-kristallen-17h-8-5x5-cm-0-36-kg\/#Fur_entspannte_und_inspirierende_Momente\" >F\u00fcr entspannte und inspirierende Momente<\/a><\/li><li class='ez-toc-page-1 ez-toc-heading-level-4'><a class=\"ez-toc-link ez-toc-heading-5\" href=\"https:\/\/honigbee.com\/fr\/produit\/chakra-kristallkerze-sakralchakra-sojawachs-kerze-mit-kristallen-17h-8-5x5-cm-0-36-kg\/#Praktisch_wiederverwendbar\" >Praktisch &amp; wiederverwendbar<\/a><\/li><li class='ez-toc-page-1 ez-toc-heading-level-4'><a class=\"ez-toc-link ez-toc-heading-6\" href=\"https:\/\/honigbee.com\/fr\/produit\/chakra-kristallkerze-sakralchakra-sojawachs-kerze-mit-kristallen-17h-8-5x5-cm-0-36-kg\/#Produktdetails\" >D\u00e9tails du produit<\/a><\/li><li class='ez-toc-page-1 ez-toc-heading-level-4'><a class=\"ez-toc-link ez-toc-heading-7\" href=\"https:\/\/honigbee.com\/fr\/produit\/chakra-kristallkerze-sakralchakra-sojawachs-kerze-mit-kristallen-17h-8-5x5-cm-0-36-kg\/#Weitere_Inspiration_entdecken\" >Weitere Inspiration entdecken<\/a><\/li><\/ul><\/nav><\/div>\n<h4 data-start=\"887\" data-end=\"956\"><span class=\"ez-toc-section\" id=\"Stilvolle_Atmosphare_mit_der_Chakra_Kristallkerze_Sakralchakra\"><\/span>Stilvolle Atmosph\u00e4re mit der Chakra Kristallkerze Sakralchakra<span class=\"ez-toc-section-end\"><\/span><\/h4>\n<p data-start=\"957\" data-end=\"1156\">Die Chakra Kristallkerze Sakralchakra verbindet modernes Design mit nat\u00fcrlichen Elementen und schafft eine warme, einladende Stimmung in Ihrem Zuhause. Ideal als dekoratives Highlight f\u00fcr jeden Raum.<\/p>\n<hr data-start=\"1158\" data-end=\"1161\" \/>\n<h4 data-start=\"1163\" data-end=\"1216\"><span class=\"ez-toc-section\" id=\"Naturliche_Materialien_gleichmasiger_Abbrand\"><\/span>Nat\u00fcrliche Materialien &amp; gleichm\u00e4\u00dfiger Abbrand<span class=\"ez-toc-section-end\"><\/span><\/h4>\n<p data-start=\"1217\" data-end=\"1407\">Gefertigt aus hochwertigem Sojawachs sorgt die Kerze f\u00fcr ein sauberes und gleichm\u00e4\u00dfiges Abbrennen. Die Kombination aus Sojawachs, Duft und Glas macht sie zu einem langlebigen Wohnaccessoire.<\/p>\n<p data-start=\"1409\" data-end=\"1495\">Mit einer Brenndauer von ca. 17 Stunden eignet sie sich perfekt f\u00fcr entspannte Abende.<\/p>\n<hr data-start=\"1497\" data-end=\"1500\" \/>\n<h4 data-start=\"1502\" data-end=\"1551\"><span class=\"ez-toc-section\" id=\"Einzigartiges_Design_mit_echten_Kristallen\"><\/span>Einzigartiges Design mit echten Kristallen<span class=\"ez-toc-section-end\"><\/span><\/h4>\n<p data-start=\"1552\" data-end=\"1741\">Diese Kerze enth\u00e4lt echtes Tigerauge und Rosenquarz, die ihr eine besondere Optik verleihen. Die nat\u00fcrlichen Farben und Strukturen machen jede Kerze zu einem individuellen Dekorationsst\u00fcck.<\/p>\n<hr data-start=\"1743\" data-end=\"1746\" \/>\n<h4 data-start=\"1748\" data-end=\"1795\"><span class=\"ez-toc-section\" id=\"Fur_entspannte_und_inspirierende_Momente\"><\/span>F\u00fcr entspannte und inspirierende Momente<span class=\"ez-toc-section-end\"><\/span><\/h4>\n<p data-start=\"1796\" data-end=\"1893\">Der warme Duft \u201eInvoking Dreams\u201c sorgt f\u00fcr eine angenehme Atmosph\u00e4re und eignet sich ideal f\u00fcr:<\/p>\n<ul data-start=\"1894\" data-end=\"2005\">\n<li data-section-id=\"v5zl54\" data-start=\"1894\" data-end=\"1924\">Entspannte Abende zu Hause<\/li>\n<li data-section-id=\"uv42dt\" data-start=\"1925\" data-end=\"1949\">Gem\u00fctliche Wohnr\u00e4ume<\/li>\n<li data-section-id=\"173m4zd\" data-start=\"1950\" data-end=\"1980\">Kreative Momente im Alltag<\/li>\n<li data-section-id=\"lmjckc\" data-start=\"1981\" data-end=\"2005\">Stilvolle Dekoration<\/li>\n<\/ul>\n<hr data-start=\"2007\" data-end=\"2010\" \/>\n<h4 data-start=\"2012\" data-end=\"2047\"><span class=\"ez-toc-section\" id=\"Praktisch_wiederverwendbar\"><\/span>Praktisch &amp; wiederverwendbar<span class=\"ez-toc-section-end\"><\/span><\/h4>\n<p data-start=\"2048\" data-end=\"2184\">Nach dem Abbrennen kann das Glas weiterverwendet werden. Die enthaltenen Kristalle lassen sich ebenfalls als dekorative Elemente nutzen.<\/p>\n<hr data-start=\"2186\" data-end=\"2189\" \/>\n<h4 data-start=\"2191\" data-end=\"2212\"><span class=\"ez-toc-section\" id=\"Produktdetails\"><\/span>D\u00e9tails du produit<span class=\"ez-toc-section-end\"><\/span><\/h4>\n<p data-start=\"2213\" data-end=\"2485\">Material: Sojawachs, Duft, Glas<br data-start=\"2244\" data-end=\"2247\" \/>Steine: Tigerauge, Rosenquarz<br data-start=\"2276\" data-end=\"2279\" \/>Brenndauer: ca. 17 Stunden<br data-start=\"2305\" data-end=\"2308\" \/>Ma\u00dfe: 8.5 x 5 cm<br data-start=\"2324\" data-end=\"2327\" \/>Gewicht (Netto): 0.36 kg<br data-start=\"2351\" data-end=\"2354\" \/>Versandgewicht: 0.36 kg<br data-start=\"2377\" data-end=\"2380\" \/>SKU: ChkCC-02\u00a0<br data-start=\"2426\" data-end=\"2429\" \/>EAN: 5056368333262<br data-start=\"2465\" data-end=\"2468\" \/>Origine : Chine<\/p>\n<hr data-start=\"2186\" data-end=\"2189\" \/>\n<h4 data-start=\"413\" data-end=\"449\"><span class=\"ez-toc-section\" id=\"Weitere_Inspiration_entdecken\"><\/span>Weitere Inspiration entdecken<span class=\"ez-toc-section-end\"><\/span><\/h4>\n<p data-start=\"450\" data-end=\"582\">Suchen Sie weitere besondere Produkte? Entdecken Sie zus\u00e4tzliche Highlights in unserem Sortiment oder besuchen Sie unsere Partnerprojekte:<\/p>\n<ul data-start=\"584\" data-end=\"920\">\n<li><a href=\"https:\/\/matvana.com\/shop\/\" target=\"_blank\" rel=\"noopener\">Stilvolle Wohn- &amp; Geschenkideen bei Matvana entdecken<\/a><\/li>\n<li data-start=\"657\" data-end=\"783\">\n<p data-start=\"659\" data-end=\"783\"><a href=\"https:\/\/honigbee.com\/fr\/shop\/\">Nat\u00fcrliche Produkte bei Honigbee ansehen<br \/>\n<\/a><\/p>\n<\/li>\n<li><a href=\"https:\/\/saphirsmaragd.com\/shop\/\" target=\"_blank\" rel=\"noopener\">Edelsteine &amp; Schmuckst\u00fccke bei Saphir &amp; Smaragd entdecken<\/a><\/li>\n<\/ul>","protected":false},"excerpt":{"rendered":"<p data-start=\"469\" data-end=\"617\"><em>Chakra Kristallkerze Sakralchakra aus Sojawachs mit Tigerauge &amp; Rosenquarz. 17h Brenndauer, 8.5\u00d75 cm Gr\u00f6\u00dfe f\u00fcr eine warme und entspannte Atmosph\u00e4re.<\/em><\/p>","protected":false},"featured_media":44011,"comment_status":"open","ping_status":"closed","template":"","meta":{"_glsr_average":0,"_glsr_ranking":0,"_glsr_reviews":0},"product_brand":[],"product_cat":[1534],"product_tag":[],"class_list":{"0":"post-43952","1":"product","2":"type-product","3":"status-publish","4":"has-post-thumbnail","6":"product_cat-chakra-kerzen","8":"first","9":"instock","10":"shipping-taxable","11":"purchasable","12":"product-type-simple","13":"add-to-wishlist-before_image"},"jetpack_sharing_enabled":true,"_links":{"self":[{"href":"https:\/\/honigbee.com\/fr\/wp-json\/wp\/v2\/product\/43952","targetHints":{"allow":["GET"]}}],"collection":[{"href":"https:\/\/honigbee.com\/fr\/wp-json\/wp\/v2\/product"}],"about":[{"href":"https:\/\/honigbee.com\/fr\/wp-json\/wp\/v2\/types\/product"}],"replies":[{"embeddable":true,"href":"https:\/\/honigbee.com\/fr\/wp-json\/wp\/v2\/comments?post=43952"}],"version-history":[{"count":1,"href":"https:\/\/honigbee.com\/fr\/wp-json\/wp\/v2\/product\/43952\/revisions"}],"predecessor-version":[{"id":44012,"href":"https:\/\/honigbee.com\/fr\/wp-json\/wp\/v2\/product\/43952\/revisions\/44012"}],"wp:featuredmedia":[{"embeddable":true,"href":"https:\/\/honigbee.com\/fr\/wp-json\/wp\/v2\/media\/44011"}],"wp:attachment":[{"href":"https:\/\/honigbee.com\/fr\/wp-json\/wp\/v2\/media?parent=43952"}],"wp:term":[{"taxonomy":"product_brand","embeddable":true,"href":"https:\/\/honigbee.com\/fr\/wp-json\/wp\/v2\/product_brand?post=43952"},{"taxonomy":"product_cat","embeddable":true,"href":"https:\/\/honigbee.com\/fr\/wp-json\/wp\/v2\/product_cat?post=43952"},{"taxonomy":"product_tag","embeddable":true,"href":"https:\/\/honigbee.com\/fr\/wp-json\/wp\/v2\/product_tag?post=43952"}],"curies":[{"name":"wp","href":"https:\/\/api.w.org\/{rel}","templated":true}]}}