{"id":45370,"date":"2026-05-08T13:51:48","date_gmt":"2026-05-08T13:51:48","guid":{"rendered":"https:\/\/honigbee.com\/?post_type=product&#038;p=45370"},"modified":"2026-05-08T13:56:31","modified_gmt":"2026-05-08T13:56:31","slug":"duftkerze-glas-parma-violett-grosse-sojawachs-kerze-im-glas-mit-floralem-duft-ca-30-40h-brenndauer","status":"publish","type":"product","link":"https:\/\/honigbee.com\/fr\/produit\/duftkerze-glas-parma-violett-grosse-sojawachs-kerze-im-glas-mit-floralem-duft-ca-30-40h-brenndauer\/","title":{"rendered":"Duftkerze Glas Parma Violett \u2013 Gro\u00dfe Sojawachs Kerze im Glas mit floralem Duft ca. 30\u201340h Brenndauer"},"content":{"rendered":"<div id=\"ez-toc-container\" class=\"ez-toc-v2_0_83 counter-hierarchy ez-toc-counter ez-toc-grey ez-toc-container-direction\">\n<div class=\"ez-toc-title-container\">\n<p class=\"ez-toc-title\" style=\"cursor:inherit\">Table des mati\u00e8res<\/p>\n<span class=\"ez-toc-title-toggle\"><a href=\"#\" class=\"ez-toc-pull-right ez-toc-btn ez-toc-btn-xs ez-toc-btn-default ez-toc-toggle\" aria-label=\"Basculer la table des mati\u00e8res\"><span class=\"ez-toc-js-icon-con\"><span class=\"\"><span class=\"eztoc-hide\" style=\"display:none;\">Basculer<\/span><span class=\"ez-toc-icon-toggle-span\"><svg style=\"fill: #999;color:#999\" xmlns=\"http:\/\/www.w3.org\/2000\/svg\" class=\"list-377408\" width=\"20px\" height=\"20px\" viewbox=\"0 0 24 24\" fill=\"none\"><path d=\"M6 6H4v2h2V6zm14 0H8v2h12V6zM4 11h2v2H4v-2zm16 0H8v2h12v-2zM4 16h2v2H4v-2zm16 0H8v2h12v-2z\" fill=\"currentColor\"><\/path><\/svg><svg style=\"fill: #999;color:#999\" class=\"arrow-unsorted-368013\" xmlns=\"http:\/\/www.w3.org\/2000\/svg\" width=\"10px\" height=\"10px\" viewbox=\"0 0 24 24\" version=\"1.2\" baseprofile=\"tiny\"><path d=\"M18.2 9.3l-6.2-6.3-6.2 6.3c-.2.2-.3.4-.3.7s.1.5.3.7c.2.2.4.3.7.3h11c.3 0 .5-.1.7-.3.2-.2.3-.5.3-.7s-.1-.5-.3-.7zM5.8 14.7l6.2 6.3 6.2-6.3c.2-.2.3-.5.3-.7s-.1-.5-.3-.7c-.2-.2-.4-.3-.7-.3h-11c-.3 0-.5.1-.7.3-.2.2-.3.5-.3.7s.1.5.3.7z\"\/><\/svg><\/span><\/span><\/span><\/a><\/span><\/div>\n<nav><ul class='ez-toc-list ez-toc-list-level-1' ><li class='ez-toc-page-1 ez-toc-heading-level-4'><a class=\"ez-toc-link ez-toc-heading-1\" href=\"https:\/\/honigbee.com\/fr\/produit\/duftkerze-glas-parma-violett-grosse-sojawachs-kerze-im-glas-mit-floralem-duft-ca-30-40h-brenndauer\/#Duftkerze_Glas_Parma_Violett_fur_elegante_entspannte_Atmosphare\" >Duftkerze Glas Parma Violett f\u00fcr elegante &amp; entspannte Atmosph\u00e4re<\/a><\/li><li class='ez-toc-page-1 ez-toc-heading-level-4'><a class=\"ez-toc-link ez-toc-heading-2\" href=\"https:\/\/honigbee.com\/fr\/produit\/duftkerze-glas-parma-violett-grosse-sojawachs-kerze-im-glas-mit-floralem-duft-ca-30-40h-brenndauer\/#Elegantes_Design_im_Glas\" >Elegantes Design im Glas<\/a><\/li><li class='ez-toc-page-1 ez-toc-heading-level-4'><a class=\"ez-toc-link ez-toc-heading-3\" href=\"https:\/\/honigbee.com\/fr\/produit\/duftkerze-glas-parma-violett-grosse-sojawachs-kerze-im-glas-mit-floralem-duft-ca-30-40h-brenndauer\/#Naturliche_Sojawachs-Qualitat\" >Nat\u00fcrliche Sojawachs-Qualit\u00e4t<\/a><\/li><li class='ez-toc-page-1 ez-toc-heading-level-4'><a class=\"ez-toc-link ez-toc-heading-4\" href=\"https:\/\/honigbee.com\/fr\/produit\/duftkerze-glas-parma-violett-grosse-sojawachs-kerze-im-glas-mit-floralem-duft-ca-30-40h-brenndauer\/#Floraler_Duft_mit_sanfter_Note\" >Floraler Duft mit sanfter Note<\/a><\/li><li class='ez-toc-page-1 ez-toc-heading-level-4'><a class=\"ez-toc-link ez-toc-heading-5\" href=\"https:\/\/honigbee.com\/fr\/produit\/duftkerze-glas-parma-violett-grosse-sojawachs-kerze-im-glas-mit-floralem-duft-ca-30-40h-brenndauer\/#Perfekt_als_Geschenk_oder_Deko\" >Perfekt als Geschenk oder Deko<\/a><\/li><li class='ez-toc-page-1 ez-toc-heading-level-4'><a class=\"ez-toc-link ez-toc-heading-6\" href=\"https:\/\/honigbee.com\/fr\/produit\/duftkerze-glas-parma-violett-grosse-sojawachs-kerze-im-glas-mit-floralem-duft-ca-30-40h-brenndauer\/#Produktdetails\" >D\u00e9tails du produit<\/a><\/li><li class='ez-toc-page-1 ez-toc-heading-level-4'><a class=\"ez-toc-link ez-toc-heading-7\" href=\"https:\/\/honigbee.com\/fr\/produit\/duftkerze-glas-parma-violett-grosse-sojawachs-kerze-im-glas-mit-floralem-duft-ca-30-40h-brenndauer\/#Weitere_Inspiration_entdecken\" >Weitere Inspiration entdecken<\/a><\/li><\/ul><\/nav><\/div>\n<h4 data-start=\"723\" data-end=\"795\"><span class=\"ez-toc-section\" id=\"Duftkerze_Glas_Parma_Violett_fur_elegante_entspannte_Atmosphare\"><\/span>Duftkerze Glas Parma Violett f\u00fcr elegante &amp; entspannte Atmosph\u00e4re<span class=\"ez-toc-section-end\"><\/span><\/h4>\n<p data-start=\"797\" data-end=\"940\">Die Duftkerze Glas Parma Violett verzaubert mit einem sanften, floralen Duft und schafft eine ruhige und stilvolle Stimmung in Ihrem Zuhause.<\/p>\n<hr data-start=\"942\" data-end=\"945\" \/>\n<h4 data-start=\"947\" data-end=\"978\"><span class=\"ez-toc-section\" id=\"Elegantes_Design_im_Glas\"><\/span>Elegantes Design im Glas<span class=\"ez-toc-section-end\"><\/span><\/h4>\n<p data-start=\"980\" data-end=\"1101\">Das hochwertige Glasgef\u00e4\u00df macht diese Kerze zu einem dekorativen Highlight f\u00fcr Wohnr\u00e4ume, Schlafzimmer oder Badezimmer.<\/p>\n<hr data-start=\"1103\" data-end=\"1106\" \/>\n<h4 data-start=\"1108\" data-end=\"1144\"><span class=\"ez-toc-section\" id=\"Naturliche_Sojawachs-Qualitat\"><\/span>Nat\u00fcrliche Sojawachs-Qualit\u00e4t<span class=\"ez-toc-section-end\"><\/span><\/h4>\n<p data-start=\"1146\" data-end=\"1273\">Gefertigt aus nat\u00fcrlichem Sojawachs sorgt die Kerze f\u00fcr eine gleichm\u00e4\u00dfige, saubere Verbrennung mit intensiver Duftentfaltung.<\/p>\n<hr data-start=\"1275\" data-end=\"1278\" \/>\n<h4 data-start=\"1280\" data-end=\"1317\"><span class=\"ez-toc-section\" id=\"Floraler_Duft_mit_sanfter_Note\"><\/span>Floraler Duft mit sanfter Note<span class=\"ez-toc-section-end\"><\/span><\/h4>\n<p data-start=\"1319\" data-end=\"1434\">Parma Violett \u00fcberzeugt mit einer harmonischen Mischung aus zarten Bl\u00fctennoten und einer leicht pudrigen Eleganz.<\/p>\n<p data-start=\"1436\" data-end=\"1484\"><strong data-start=\"1436\" data-end=\"1451\">Profil du parfum :<\/strong><br data-start=\"1451\" data-end=\"1454\" \/>Floral, weich, leicht pudrig<\/p>\n<hr data-start=\"1486\" data-end=\"1489\" \/>\n<h4 data-start=\"1491\" data-end=\"1528\"><span class=\"ez-toc-section\" id=\"Perfekt_als_Geschenk_oder_Deko\"><\/span>Perfekt als Geschenk oder Deko<span class=\"ez-toc-section-end\"><\/span><\/h4>\n<p data-start=\"1530\" data-end=\"1611\">Ideal als stilvolle Geschenkidee oder als eleganter Duftakzent f\u00fcr Ihr Zuhause.<\/p>\n<hr data-start=\"1613\" data-end=\"1616\" \/>\n<h4 data-start=\"1618\" data-end=\"1639\"><span class=\"ez-toc-section\" id=\"Produktdetails\"><\/span>D\u00e9tails du produit<span class=\"ez-toc-section-end\"><\/span><\/h4>\n<p data-start=\"1641\" data-end=\"1851\"><strong data-start=\"1641\" data-end=\"1654\">Material:<\/strong> Sojawachs<br data-start=\"1664\" data-end=\"1667\" \/><strong data-start=\"1667\" data-end=\"1680\">Beh\u00e4lter:<\/strong> Glas<br data-start=\"1685\" data-end=\"1688\" \/><strong data-start=\"1688\" data-end=\"1697\">Parfum:<\/strong> Parma Violett<br data-start=\"1711\" data-end=\"1714\" \/><strong data-start=\"1714\" data-end=\"1729\">Brenndauer:<\/strong> ca. 30\u201340 Stunden<br data-start=\"1747\" data-end=\"1750\" \/><strong data-start=\"1750\" data-end=\"1760\">Couleur:<\/strong> Wei\u00df<br data-start=\"1765\" data-end=\"1768\" \/><strong data-start=\"1768\" data-end=\"1780\">Poids:<\/strong> ca. 0.49 kg<br data-start=\"1792\" data-end=\"1795\" \/><strong data-start=\"1795\" data-end=\"1804\">Ma\u00dfe:<\/strong> ca. 9.5 \u00d7 9.5 \u00d7 9.5 cm<br data-start=\"1827\" data-end=\"1830\" \/><strong data-start=\"1830\" data-end=\"1843\">Origine:<\/strong> China<\/p>\n<hr data-start=\"2147\" data-end=\"2150\" \/>\n<h4 data-start=\"413\" data-end=\"449\"><span class=\"ez-toc-section\" id=\"Weitere_Inspiration_entdecken\"><\/span>Weitere Inspiration entdecken<span class=\"ez-toc-section-end\"><\/span><\/h4>\n<p data-start=\"450\" data-end=\"582\">Suchen Sie weitere besondere Produkte? Entdecken Sie zus\u00e4tzliche Highlights in unserem Sortiment oder besuchen Sie unsere Partnerprojekte:<\/p>\n<ul data-start=\"584\" data-end=\"920\">\n<li><a href=\"https:\/\/matvana.com\/shop\/\" target=\"_blank\" rel=\"noopener\">Stilvolle Wohn- &amp; Geschenkideen bei Matvana entdecken<\/a><\/li>\n<li data-start=\"657\" data-end=\"783\">\n<p data-start=\"659\" data-end=\"783\"><a href=\"https:\/\/honigbee.com\/fr\/shop\/\">Nat\u00fcrliche Produkte bei Honigbee ansehen<br \/>\n<\/a><\/p>\n<\/li>\n<li><a href=\"https:\/\/saphirsmaragd.com\/shop\/\" target=\"_blank\" rel=\"noopener\">Edelsteine &amp; Schmuckst\u00fccke bei Saphir &amp; Smaragd entdecken<\/a><\/li>\n<\/ul>","protected":false},"excerpt":{"rendered":"<p data-start=\"405\" data-end=\"564\"><em>Duftkerze Glas Parma Violett mit elegant-floralem Duft und stilvoller Glasoptik. Hochwertige Sojawachs Kerze \u2013 perfekt f\u00fcr entspannte und gem\u00fctliche Wohnr\u00e4ume.<\/em><\/p>","protected":false},"featured_media":45493,"comment_status":"open","ping_status":"closed","template":"","meta":{"_glsr_average":0,"_glsr_ranking":0,"_glsr_reviews":0},"product_brand":[],"product_cat":[1535],"product_tag":[],"class_list":{"0":"post-45370","1":"product","2":"type-product","3":"status-publish","4":"has-post-thumbnail","6":"product_cat-duftkerzen","8":"first","9":"instock","10":"shipping-taxable","11":"purchasable","12":"product-type-simple","13":"add-to-wishlist-before_image"},"jetpack_sharing_enabled":true,"_links":{"self":[{"href":"https:\/\/honigbee.com\/fr\/wp-json\/wp\/v2\/product\/45370","targetHints":{"allow":["GET"]}}],"collection":[{"href":"https:\/\/honigbee.com\/fr\/wp-json\/wp\/v2\/product"}],"about":[{"href":"https:\/\/honigbee.com\/fr\/wp-json\/wp\/v2\/types\/product"}],"replies":[{"embeddable":true,"href":"https:\/\/honigbee.com\/fr\/wp-json\/wp\/v2\/comments?post=45370"}],"version-history":[{"count":1,"href":"https:\/\/honigbee.com\/fr\/wp-json\/wp\/v2\/product\/45370\/revisions"}],"predecessor-version":[{"id":45494,"href":"https:\/\/honigbee.com\/fr\/wp-json\/wp\/v2\/product\/45370\/revisions\/45494"}],"wp:featuredmedia":[{"embeddable":true,"href":"https:\/\/honigbee.com\/fr\/wp-json\/wp\/v2\/media\/45493"}],"wp:attachment":[{"href":"https:\/\/honigbee.com\/fr\/wp-json\/wp\/v2\/media?parent=45370"}],"wp:term":[{"taxonomy":"product_brand","embeddable":true,"href":"https:\/\/honigbee.com\/fr\/wp-json\/wp\/v2\/product_brand?post=45370"},{"taxonomy":"product_cat","embeddable":true,"href":"https:\/\/honigbee.com\/fr\/wp-json\/wp\/v2\/product_cat?post=45370"},{"taxonomy":"product_tag","embeddable":true,"href":"https:\/\/honigbee.com\/fr\/wp-json\/wp\/v2\/product_tag?post=45370"}],"curies":[{"name":"wp","href":"https:\/\/api.w.org\/{rel}","templated":true}]}}