{"id":16804,"date":"2025-04-04T09:26:53","date_gmt":"2025-04-04T09:26:53","guid":{"rendered":"https:\/\/honigbee.com\/?page_id=16804"},"modified":"2026-05-08T14:40:50","modified_gmt":"2026-05-08T14:40:50","slug":"impressum","status":"publish","type":"page","link":"https:\/\/honigbee.com\/hr\/impressum\/","title":{"rendered":"otisak"},"content":{"rendered":"<h2 class=\"wp-block-heading\">\ud83d\udcc4 <strong>otisak<\/strong><\/h2>\n\n\n\n<p><strong>Informacije u skladu s \u010dlankom 5. Zakona o elektroni\u010dkoj trgovini (ECG) i \u010dlankom 25. Zakona o medijima<\/strong><\/p>\n\n\n\n<p><strong>Honigbee.com<\/strong><br>Elghonami e.U.<br>Samostalno poduzetni\u0161tvo<\/p>\n\n\n\n<p>Untere Augartenstra\u00dfe 4\/15<br>1020 Be\u010d<br>Austrija<\/p>\n\n\n\n<p>\ud83d\udce7 E-po\u0161ta: <a class=\"\">customer@honigbee.com<\/a><\/p>\n\n\n\n<p><strong>GISA broj:<\/strong> 37772260<br><strong>PDV broj:<\/strong> ATU81490637<br><strong>Trgova\u010dko tijelo:<\/strong> Gradski ured za 2.\/20. okrug Be\u010da<br><strong>Poslovna svrha:<\/strong> Komercijalna poduze\u0107a, s izuzetkom reguliranih komercijalnih poduze\u0107a<\/p>\n\n\n\n<p>\u010clan Be\u010dke trgovinske komore<\/p>\n\n\n\n<p>Malo poduze\u0107e prema \u010dlanku 6. stavku 1. to\u010dki 27. Zakona o porezu na dohodak (UStG) \u2013 PDV se ne prikazuje.<\/p>\n\n\n\n<p><strong>Platforma Europske komisije za online rje\u0161avanje sporova:<\/strong><br><a class=\"\" href=\"https:\/\/ec.europa.eu\/consumers\/odr\" target=\"_blank\" rel=\"noopener\">https:\/\/ec.europa.eu\/consumers\/odr<\/a><br>Potro\u0161a\u010di imaju mogu\u0107nost podnijeti pritu\u017ebe na gore spomenutu platformu za online rje\u0161avanje sporova.<\/p>","protected":false},"excerpt":{"rendered":"<p>\ud83d\udcc4 Impressum Angaben gem\u00e4\u00df \u00a7 5 E-Commerce-Gesetz (ECG) und \u00a7 25 Mediengesetz Honigbee.comElghonami e.U.Einzelunternehmen Untere Augartenstra\u00dfe 4\/151020 Wien\u00d6sterreich \ud83d\udce7 E-Mail: customer@honigbee.com GISA-Zahl: 37772260UID-Nummer: ATU81490637Gewerbebeh\u00f6rde: Magistratisches Bezirksamt f\u00fcr den 2.\/20. Bezirk<\/p>","protected":false},"author":123,"featured_media":0,"parent":0,"menu_order":0,"comment_status":"closed","ping_status":"closed","template":"","meta":{"_glsr_average":0,"_glsr_ranking":0,"_glsr_reviews":0,"footnotes":""},"class_list":["post-16804","page","type-page","status-publish","hentry"],"jetpack_sharing_enabled":true,"_links":{"self":[{"href":"https:\/\/honigbee.com\/hr\/wp-json\/wp\/v2\/pages\/16804","targetHints":{"allow":["GET"]}}],"collection":[{"href":"https:\/\/honigbee.com\/hr\/wp-json\/wp\/v2\/pages"}],"about":[{"href":"https:\/\/honigbee.com\/hr\/wp-json\/wp\/v2\/types\/page"}],"author":[{"embeddable":true,"href":"https:\/\/honigbee.com\/hr\/wp-json\/wp\/v2\/users\/123"}],"replies":[{"embeddable":true,"href":"https:\/\/honigbee.com\/hr\/wp-json\/wp\/v2\/comments?post=16804"}],"version-history":[{"count":3,"href":"https:\/\/honigbee.com\/hr\/wp-json\/wp\/v2\/pages\/16804\/revisions"}],"predecessor-version":[{"id":31689,"href":"https:\/\/honigbee.com\/hr\/wp-json\/wp\/v2\/pages\/16804\/revisions\/31689"}],"wp:attachment":[{"href":"https:\/\/honigbee.com\/hr\/wp-json\/wp\/v2\/media?parent=16804"}],"curies":[{"name":"radni list","href":"https:\/\/api.w.org\/{rel}","templated":true}]}}