{"id":14205,"date":"2025-01-05T18:30:26","date_gmt":"2025-01-05T18:30:26","guid":{"rendered":"https:\/\/honigbee.com\/?post_type=product&#038;p=14205"},"modified":"2026-03-07T19:13:20","modified_gmt":"2026-03-07T19:13:20","slug":"1-kg-pekannuesse-ungesalzen","status":"publish","type":"product","link":"https:\/\/honigbee.com\/hr\/proizvod\/1-kg-pekannuesse-ungesalzen\/","title":{"rendered":"1 kg Pekann\u00fcsse \u2013 Ganze Kerne, ungesalzen &#038; naturbelassen"},"content":{"rendered":"<div id=\"ez-toc-container\" class=\"ez-toc-v2_0_83 counter-hierarchy ez-toc-counter ez-toc-grey ez-toc-container-direction\">\n<div class=\"ez-toc-title-container\">\n<p class=\"ez-toc-title\" style=\"cursor:inherit\">Sadr\u017eaj<\/p>\n<span class=\"ez-toc-title-toggle\"><a href=\"#\" class=\"ez-toc-pull-right ez-toc-btn ez-toc-btn-xs ez-toc-btn-default ez-toc-toggle\" aria-label=\"Prika\u017ei\/uklju\u010di sadr\u017eaj\"><span class=\"ez-toc-js-icon-con\"><span class=\"\"><span class=\"eztoc-hide\" style=\"display:none;\">Uklju\u010di\/isklju\u010di<\/span><span class=\"ez-toc-icon-toggle-span\"><svg style=\"fill: #999;color:#999\" xmlns=\"http:\/\/www.w3.org\/2000\/svg\" class=\"list-377408\" width=\"20px\" height=\"20px\" viewbox=\"0 0 24 24\" fill=\"none\"><path d=\"M6 6H4v2h2V6zm14 0H8v2h12V6zM4 11h2v2H4v-2zm16 0H8v2h12v-2zM4 16h2v2H4v-2zm16 0H8v2h12v-2z\" fill=\"currentColor\"><\/path><\/svg><svg style=\"fill: #999;color:#999\" class=\"arrow-unsorted-368013\" xmlns=\"http:\/\/www.w3.org\/2000\/svg\" width=\"10px\" height=\"10px\" viewbox=\"0 0 24 24\" version=\"1.2\" baseprofile=\"tiny\"><path d=\"M18.2 9.3l-6.2-6.3-6.2 6.3c-.2.2-.3.4-.3.7s.1.5.3.7c.2.2.4.3.7.3h11c.3 0 .5-.1.7-.3.2-.2.3-.5.3-.7s-.1-.5-.3-.7zM5.8 14.7l6.2 6.3 6.2-6.3c.2-.2.3-.5.3-.7s-.1-.5-.3-.7c-.2-.2-.4-.3-.7-.3h-11c-.3 0-.5.1-.7.3-.2.2-.3.5-.3.7s.1.5.3.7z\"\/><\/svg><\/span><\/span><\/span><\/a><\/span><\/div>\n<nav><ul class='ez-toc-list ez-toc-list-level-1' ><li class='ez-toc-page-1 ez-toc-heading-level-4'><a class=\"ez-toc-link ez-toc-heading-1\" href=\"https:\/\/honigbee.com\/hr\/proizvod\/1-kg-pekannuesse-ungesalzen\/#1_kg_Pekannusse_%E2%80%93_Ganze_naturbelassene_Kerne\" >1 kg Pekann\u00fcsse \u2013 Ganze, naturbelassene Kerne<\/a><\/li><li class='ez-toc-page-1 ez-toc-heading-level-4'><a class=\"ez-toc-link ez-toc-heading-2\" href=\"https:\/\/honigbee.com\/hr\/proizvod\/1-kg-pekannuesse-ungesalzen\/#Eigenschaften\" >Karakteristike<\/a><\/li><li class='ez-toc-page-1 ez-toc-heading-level-4'><a class=\"ez-toc-link ez-toc-heading-3\" href=\"https:\/\/honigbee.com\/hr\/proizvod\/1-kg-pekannuesse-ungesalzen\/#Verwendung\" >koristiti<\/a><\/li><li class='ez-toc-page-1 ez-toc-heading-level-4'><a class=\"ez-toc-link ez-toc-heading-4\" href=\"https:\/\/honigbee.com\/hr\/proizvod\/1-kg-pekannuesse-ungesalzen\/#Produktdetails\" >Detalji o proizvodu<\/a><\/li><li class='ez-toc-page-1 ez-toc-heading-level-4'><a class=\"ez-toc-link ez-toc-heading-5\" href=\"https:\/\/honigbee.com\/hr\/proizvod\/1-kg-pekannuesse-ungesalzen\/#Weitere_Inspiration_entdecken\" >Weitere Inspiration entdecken<\/a><\/li><\/ul><\/nav><\/div>\n<h4 data-start=\"493\" data-end=\"543\"><span class=\"ez-toc-section\" id=\"1_kg_Pekannusse_%E2%80%93_Ganze_naturbelassene_Kerne\"><\/span>1 kg Pekann\u00fcsse \u2013 Ganze, naturbelassene Kerne<span class=\"ez-toc-section-end\"><\/span><\/h4>\n<p data-start=\"545\" data-end=\"702\">Diese Pekann\u00fcsse bestehen aus ganzen, ungesalzenen Kernen in naturbelassener Qualit\u00e4t. Sie sind weder ger\u00f6stet noch gew\u00fcrzt und kommen ohne Zusatzstoffe aus.<\/p>\n<p data-start=\"704\" data-end=\"867\">Mit ihrem mild-nussigen, leicht s\u00fc\u00dflichen Aroma eignen sich Pekann\u00fcsse ideal f\u00fcr viele Anwendungen in der K\u00fcche \u2013 sowohl in s\u00fc\u00dfen als auch in herzhaften Gerichten.<\/p>\n<hr data-start=\"869\" data-end=\"872\" \/>\n<h4 data-start=\"874\" data-end=\"892\"><span class=\"ez-toc-section\" id=\"Eigenschaften\"><\/span>Karakteristike<span class=\"ez-toc-section-end\"><\/span><\/h4>\n<ul data-start=\"894\" data-end=\"1055\">\n<li data-start=\"894\" data-end=\"918\">\n<p data-start=\"896\" data-end=\"918\">Ganze Pekannusskerne<\/p>\n<\/li>\n<li data-start=\"919\" data-end=\"952\">\n<p data-start=\"921\" data-end=\"952\">Ungesalzen und nicht ger\u00f6stet<\/p>\n<\/li>\n<li data-start=\"953\" data-end=\"983\">\n<p data-start=\"955\" data-end=\"983\">Naturbelassen ohne Zus\u00e4tze<\/p>\n<\/li>\n<li data-start=\"984\" data-end=\"1011\">\n<p data-start=\"986\" data-end=\"1011\">Mild-nussiger Geschmack<\/p>\n<\/li>\n<li data-start=\"1012\" data-end=\"1055\">\n<p data-start=\"1014\" data-end=\"1055\">Ideal f\u00fcr Vorrat und Weiterverarbeitung<\/p>\n<\/li>\n<\/ul>\n<hr data-start=\"1057\" data-end=\"1060\" \/>\n<h4 data-start=\"1062\" data-end=\"1077\"><span class=\"ez-toc-section\" id=\"Verwendung\"><\/span>koristiti<span class=\"ez-toc-section-end\"><\/span><\/h4>\n<p data-start=\"1079\" data-end=\"1123\">Die Pekann\u00fcsse eignen sich hervorragend f\u00fcr:<\/p>\n<ul data-start=\"1125\" data-end=\"1290\">\n<li data-start=\"1125\" data-end=\"1156\">\n<p data-start=\"1127\" data-end=\"1156\">Kuchen, Brownies und Geb\u00e4ck<\/p>\n<\/li>\n<li data-start=\"1157\" data-end=\"1189\">\n<p data-start=\"1159\" data-end=\"1189\">M\u00fcsli, Joghurt und Fr\u00fchst\u00fcck<\/p>\n<\/li>\n<li data-start=\"1190\" data-end=\"1224\">\n<p data-start=\"1192\" data-end=\"1224\">Salate oder herzhafte Gerichte<\/p>\n<\/li>\n<li data-start=\"1225\" data-end=\"1258\">\n<p data-start=\"1227\" data-end=\"1258\">Selbstgemachte Nussmischungen<\/p>\n<\/li>\n<li data-start=\"1259\" data-end=\"1290\">\n<p data-start=\"1261\" data-end=\"1290\">Als Snack f\u00fcr zwischendurch<\/p>\n<\/li>\n<\/ul>\n<hr data-start=\"1292\" data-end=\"1295\" \/>\n<h4 data-start=\"1297\" data-end=\"1316\"><span class=\"ez-toc-section\" id=\"Produktdetails\"><\/span>Detalji o proizvodu<span class=\"ez-toc-section-end\"><\/span><\/h4>\n<p data-start=\"1318\" data-end=\"1446\">Sadr\u017eaj: 1 kg<br data-start=\"1330\" data-end=\"1333\" \/>Zutaten: 100 % Pekann\u00fcsse<br data-start=\"1358\" data-end=\"1361\" \/>Bez aditiva<br data-start=\"1378\" data-end=\"1381\" \/>Kann Spuren von anderen Schalenfr\u00fcchten und Erdn\u00fcssen enthalten<\/p>\n<hr data-start=\"1292\" data-end=\"1295\" \/>\n<h4 data-start=\"413\" data-end=\"449\"><span class=\"ez-toc-section\" id=\"Weitere_Inspiration_entdecken\"><\/span>Weitere Inspiration entdecken<span class=\"ez-toc-section-end\"><\/span><\/h4>\n<p data-start=\"450\" data-end=\"582\">Du suchst weitere besondere Produkte? Entdecke zus\u00e4tzliche Highlights in unserem Sortiment oder st\u00f6bere in unseren Partnerprojekten:<\/p>\n<ul data-start=\"584\" data-end=\"920\">\n<li data-start=\"584\" data-end=\"656\"><a href=\"https:\/\/honigbee.com\/hr\/shop\/\">Weitere Naturprodukte bei Honigbee entdecken<\/a><\/li>\n<li data-start=\"657\" data-end=\"783\">\n<p data-start=\"659\" data-end=\"783\"><a href=\"https:\/\/matvana.com\/shop\/\" target=\"_blank\" rel=\"noopener\">Stilvolle Wohnideen bei Matvana ansehen<\/a><\/p>\n<\/li>\n<li data-start=\"784\" data-end=\"920\">\n<p data-start=\"786\" data-end=\"920\"><a href=\"https:\/\/saphirsmaragd.com\/shop\/\" target=\"_blank\" rel=\"noopener\">Edelsteine &amp; Schmuck bei Saphir &amp; Smaragd ansehen<\/a><\/p>\n<\/li>\n<\/ul>","protected":false},"excerpt":{"rendered":"<p data-start=\"324\" data-end=\"460\"><em>1 kg Pekann\u00fcsse als ganze, naturbelassene Kerne. Ungesalzen, nicht ger\u00f6stet und vielseitig einsetzbar f\u00fcr Backen, Kochen oder als Snack.<\/em><\/p>","protected":false},"featured_media":42171,"comment_status":"open","ping_status":"closed","template":"","meta":{"_glsr_average":0,"_glsr_ranking":0,"_glsr_reviews":0},"product_brand":[],"product_cat":[636],"product_tag":[],"class_list":{"0":"post-14205","1":"product","2":"type-product","3":"status-publish","4":"has-post-thumbnail","6":"product_cat-pekannuesse","8":"first","9":"instock","10":"shipping-taxable","11":"purchasable","12":"product-type-simple","13":"add-to-wishlist-before_image"},"jetpack_sharing_enabled":true,"_links":{"self":[{"href":"https:\/\/honigbee.com\/hr\/wp-json\/wp\/v2\/product\/14205","targetHints":{"allow":["GET"]}}],"collection":[{"href":"https:\/\/honigbee.com\/hr\/wp-json\/wp\/v2\/product"}],"about":[{"href":"https:\/\/honigbee.com\/hr\/wp-json\/wp\/v2\/types\/product"}],"replies":[{"embeddable":true,"href":"https:\/\/honigbee.com\/hr\/wp-json\/wp\/v2\/comments?post=14205"}],"version-history":[{"count":3,"href":"https:\/\/honigbee.com\/hr\/wp-json\/wp\/v2\/product\/14205\/revisions"}],"predecessor-version":[{"id":42174,"href":"https:\/\/honigbee.com\/hr\/wp-json\/wp\/v2\/product\/14205\/revisions\/42174"}],"wp:featuredmedia":[{"embeddable":true,"href":"https:\/\/honigbee.com\/hr\/wp-json\/wp\/v2\/media\/42171"}],"wp:attachment":[{"href":"https:\/\/honigbee.com\/hr\/wp-json\/wp\/v2\/media?parent=14205"}],"wp:term":[{"taxonomy":"product_brand","embeddable":true,"href":"https:\/\/honigbee.com\/hr\/wp-json\/wp\/v2\/product_brand?post=14205"},{"taxonomy":"product_cat","embeddable":true,"href":"https:\/\/honigbee.com\/hr\/wp-json\/wp\/v2\/product_cat?post=14205"},{"taxonomy":"product_tag","embeddable":true,"href":"https:\/\/honigbee.com\/hr\/wp-json\/wp\/v2\/product_tag?post=14205"}],"curies":[{"name":"radni list","href":"https:\/\/api.w.org\/{rel}","templated":true}]}}