{"id":23411,"date":"2025-05-29T13:25:43","date_gmt":"2025-05-29T13:25:43","guid":{"rendered":"https:\/\/honigbee.com\/?post_type=product&#038;p=23411"},"modified":"2026-03-09T18:09:06","modified_gmt":"2026-03-09T18:09:06","slug":"schwarze-riesige-rosinen-1-kg","status":"publish","type":"product","link":"https:\/\/honigbee.com\/hr\/proizvod\/schwarze-riesige-rosinen-1-kg\/","title":{"rendered":"1 kg Schwarze Riesige Rosinen \u2013 Gro\u00dfe, dunkle getrocknete Fr\u00fcchte aus Chile"},"content":{"rendered":"<div id=\"ez-toc-container\" class=\"ez-toc-v2_0_83 counter-hierarchy ez-toc-counter ez-toc-grey ez-toc-container-direction\">\n<div class=\"ez-toc-title-container\">\n<p class=\"ez-toc-title\" style=\"cursor:inherit\">Sadr\u017eaj<\/p>\n<span class=\"ez-toc-title-toggle\"><a href=\"#\" class=\"ez-toc-pull-right ez-toc-btn ez-toc-btn-xs ez-toc-btn-default ez-toc-toggle\" aria-label=\"Prika\u017ei\/uklju\u010di sadr\u017eaj\"><span class=\"ez-toc-js-icon-con\"><span class=\"\"><span class=\"eztoc-hide\" style=\"display:none;\">Uklju\u010di\/isklju\u010di<\/span><span class=\"ez-toc-icon-toggle-span\"><svg style=\"fill: #999;color:#999\" xmlns=\"http:\/\/www.w3.org\/2000\/svg\" class=\"list-377408\" width=\"20px\" height=\"20px\" viewbox=\"0 0 24 24\" fill=\"none\"><path d=\"M6 6H4v2h2V6zm14 0H8v2h12V6zM4 11h2v2H4v-2zm16 0H8v2h12v-2zM4 16h2v2H4v-2zm16 0H8v2h12v-2z\" fill=\"currentColor\"><\/path><\/svg><svg style=\"fill: #999;color:#999\" class=\"arrow-unsorted-368013\" xmlns=\"http:\/\/www.w3.org\/2000\/svg\" width=\"10px\" height=\"10px\" viewbox=\"0 0 24 24\" version=\"1.2\" baseprofile=\"tiny\"><path d=\"M18.2 9.3l-6.2-6.3-6.2 6.3c-.2.2-.3.4-.3.7s.1.5.3.7c.2.2.4.3.7.3h11c.3 0 .5-.1.7-.3.2-.2.3-.5.3-.7s-.1-.5-.3-.7zM5.8 14.7l6.2 6.3 6.2-6.3c.2-.2.3-.5.3-.7s-.1-.5-.3-.7c-.2-.2-.4-.3-.7-.3h-11c-.3 0-.5.1-.7.3-.2.2-.3.5-.3.7s.1.5.3.7z\"\/><\/svg><\/span><\/span><\/span><\/a><\/span><\/div>\n<nav><ul class='ez-toc-list ez-toc-list-level-1' ><li class='ez-toc-page-1 ez-toc-heading-level-4'><a class=\"ez-toc-link ez-toc-heading-1\" href=\"https:\/\/honigbee.com\/hr\/proizvod\/schwarze-riesige-rosinen-1-kg\/#Produktmerkmale\" >Zna\u010dajke proizvoda<\/a><\/li><li class='ez-toc-page-1 ez-toc-heading-level-4'><a class=\"ez-toc-link ez-toc-heading-2\" href=\"https:\/\/honigbee.com\/hr\/proizvod\/schwarze-riesige-rosinen-1-kg\/#Geschmack_Konsistenz\" >Okus i konzistencija<\/a><\/li><li class='ez-toc-page-1 ez-toc-heading-level-4'><a class=\"ez-toc-link ez-toc-heading-3\" href=\"https:\/\/honigbee.com\/hr\/proizvod\/schwarze-riesige-rosinen-1-kg\/#Verwendung\" >koristiti<\/a><\/li><li class='ez-toc-page-1 ez-toc-heading-level-4'><a class=\"ez-toc-link ez-toc-heading-4\" href=\"https:\/\/honigbee.com\/hr\/proizvod\/schwarze-riesige-rosinen-1-kg\/#Nahrwerte_pro_100_g\" >Nutritivne vrijednosti (na 100 g)<\/a><\/li><li class='ez-toc-page-1 ez-toc-heading-level-4'><a class=\"ez-toc-link ez-toc-heading-5\" href=\"https:\/\/honigbee.com\/hr\/proizvod\/schwarze-riesige-rosinen-1-kg\/#Produktdetails\" >Detalji o proizvodu<\/a><\/li><li class='ez-toc-page-1 ez-toc-heading-level-4'><a class=\"ez-toc-link ez-toc-heading-6\" href=\"https:\/\/honigbee.com\/hr\/proizvod\/schwarze-riesige-rosinen-1-kg\/#Allergene\" >Alergeni<\/a><\/li><li class='ez-toc-page-1 ez-toc-heading-level-4'><a class=\"ez-toc-link ez-toc-heading-7\" href=\"https:\/\/honigbee.com\/hr\/proizvod\/schwarze-riesige-rosinen-1-kg\/#Lagerung\" >skladi\u0161tenje<\/a><\/li><li class='ez-toc-page-1 ez-toc-heading-level-4'><a class=\"ez-toc-link ez-toc-heading-8\" href=\"https:\/\/honigbee.com\/hr\/proizvod\/schwarze-riesige-rosinen-1-kg\/#Weitere_Inspiration_entdecken\" >Weitere Inspiration entdecken<\/a><\/li><\/ul><\/nav><\/div>\n<p data-start=\"581\" data-end=\"739\">The <strong data-start=\"585\" data-end=\"617\">1kg Schwarze Riesige Rosinen<\/strong> bestehen aus gro\u00dfen, dunkel getrockneten Trauben. Durch die Trocknung entsteht ein intensiver, nat\u00fcrlich s\u00fc\u00dfer Geschmack.<\/p>\n<hr data-start=\"820\" data-end=\"823\" \/>\n<h4 data-start=\"825\" data-end=\"845\"><span class=\"ez-toc-section\" id=\"Produktmerkmale\"><\/span>Zna\u010dajke proizvoda<span class=\"ez-toc-section-end\"><\/span><\/h4>\n<p data-start=\"847\" data-end=\"1007\">1kg Schwarze Riesige Rosinen<br data-start=\"875\" data-end=\"878\" \/>Gro\u00dfe dunkle getrocknete Trauben<br data-start=\"910\" data-end=\"913\" \/>Podrijetlo: \u010cile<br data-start=\"928\" data-end=\"931\" \/>Veganski i bez glutena<br data-start=\"951\" data-end=\"954\" \/>Bez dodanog \u0161e\u0107era<br data-start=\"971\" data-end=\"974\" \/>Wiederverschlie\u00dfbare Verpackung<\/p>\n<hr data-start=\"1009\" data-end=\"1012\" \/>\n<h4 data-start=\"1014\" data-end=\"1041\"><span class=\"ez-toc-section\" id=\"Geschmack_Konsistenz\"><\/span>Okus i konzistencija<span class=\"ez-toc-section-end\"><\/span><\/h4>\n<p data-start=\"1043\" data-end=\"1125\">Nat\u00fcrlich s\u00fc\u00dfer Geschmack<br data-start=\"1068\" data-end=\"1071\" \/>Fruchtiges Traubenaroma<br data-start=\"1094\" data-end=\"1097\" \/>Weiche, leicht z\u00e4he Textur<\/p>\n<hr data-start=\"1127\" data-end=\"1130\" \/>\n<h4 data-start=\"1132\" data-end=\"1147\"><span class=\"ez-toc-section\" id=\"Verwendung\"><\/span>koristiti<span class=\"ez-toc-section-end\"><\/span><\/h4>\n<p data-start=\"1149\" data-end=\"1202\">The <strong data-start=\"1153\" data-end=\"1185\">1kg Schwarze Riesige Rosinen<\/strong> prikladni su za:<\/p>\n<p data-start=\"1204\" data-end=\"1368\">\u2022 Snack f\u00fcr unterwegs<br data-start=\"1225\" data-end=\"1228\" \/>\u2022 M\u00fcsli oder Porridge<br data-start=\"1249\" data-end=\"1252\" \/>\u2022 Backrezepte wie Kuchen oder Kekse<br data-start=\"1287\" data-end=\"1290\" \/>\u2022 Reisgerichte oder Couscous<br data-start=\"1318\" data-end=\"1321\" \/>\u2022 Kombination mit N\u00fcssen oder Trockenfr\u00fcchten<\/p>\n<hr data-start=\"1370\" data-end=\"1373\" \/>\n<h4 data-start=\"1375\" data-end=\"1401\"><span class=\"ez-toc-section\" id=\"Nahrwerte_pro_100_g\"><\/span>Nutritivne vrijednosti (na 100 g)<span class=\"ez-toc-section-end\"><\/span><\/h4>\n<p data-start=\"1403\" data-end=\"1574\">Energie: 1252 kJ \/ 299 kcal<br data-start=\"1430\" data-end=\"1433\" \/>Fett: 0,46 g<br data-start=\"1445\" data-end=\"1448\" \/>davon ges\u00e4ttigte Fetts\u00e4uren: 0,06 g<br data-start=\"1483\" data-end=\"1486\" \/>Kohlenhydrate: 79,18 g<br data-start=\"1508\" data-end=\"1511\" \/>davon Zucker: 59,19 g<br data-start=\"1532\" data-end=\"1535\" \/>Eiwei\u00df: 3,07 g<br data-start=\"1549\" data-end=\"1552\" \/>Ballaststoffe: 3,7 g<\/p>\n<hr data-start=\"1576\" data-end=\"1579\" \/>\n<h4 data-start=\"1581\" data-end=\"1600\"><span class=\"ez-toc-section\" id=\"Produktdetails\"><\/span>Detalji o proizvodu<span class=\"ez-toc-section-end\"><\/span><\/h4>\n<p data-start=\"1602\" data-end=\"1742\">Produktname: 1kg Schwarze Riesige Rosinen<br data-start=\"1643\" data-end=\"1646\" \/>Sadr\u017eaj: 1000 g<br data-start=\"1660\" data-end=\"1663\" \/>Podrijetlo: \u010cile<br data-start=\"1678\" data-end=\"1681\" \/>Verarbeitung: Getrocknet<br data-start=\"1705\" data-end=\"1708\" \/>Zutaten: Rosinen, Sonnenblumen\u00f6l<\/p>\n<hr data-start=\"1744\" data-end=\"1747\" \/>\n<h4 data-start=\"1749\" data-end=\"1763\"><span class=\"ez-toc-section\" id=\"Allergene\"><\/span>Alergeni<span class=\"ez-toc-section-end\"><\/span><\/h4>\n<p data-start=\"1765\" data-end=\"1819\">Kann Spuren von Erdn\u00fcssen, N\u00fcssen und Sesam enthalten.<\/p>\n<hr data-start=\"1821\" data-end=\"1824\" \/>\n<h4 data-start=\"1826\" data-end=\"1839\"><span class=\"ez-toc-section\" id=\"Lagerung\"><\/span>skladi\u0161tenje<span class=\"ez-toc-section-end\"><\/span><\/h4>\n<p data-start=\"1841\" data-end=\"1915\" data-is-last-node=\"\" data-is-only-node=\"\">\u010cuvati na hladnom i suhom mjestu, za\u0161ti\u0107eno od svjetlosti. Nakon otvaranja \u010dvrsto zatvoriti.<\/p>\n<hr data-start=\"1821\" data-end=\"1824\" \/>\n<h4 data-start=\"413\" data-end=\"449\"><span class=\"ez-toc-section\" id=\"Weitere_Inspiration_entdecken\"><\/span>Weitere Inspiration entdecken<span class=\"ez-toc-section-end\"><\/span><\/h4>\n<p data-start=\"450\" data-end=\"582\">Du suchst weitere besondere Produkte? Entdecke zus\u00e4tzliche Highlights in unserem Sortiment oder st\u00f6bere in unseren Partnerprojekten:<\/p>\n<ul data-start=\"584\" data-end=\"920\">\n<li data-start=\"584\" data-end=\"656\"><a href=\"https:\/\/honigbee.com\/hr\/shop\/\">Weitere Naturprodukte bei Honigbee entdecken<\/a><\/li>\n<li data-start=\"657\" data-end=\"783\">\n<p data-start=\"659\" data-end=\"783\"><a href=\"https:\/\/matvana.com\/shop\/\" target=\"_blank\" rel=\"noopener\">Stilvolle Wohnideen bei Matvana ansehen<\/a><\/p>\n<\/li>\n<li data-start=\"784\" data-end=\"920\">\n<p data-start=\"786\" data-end=\"920\"><a href=\"https:\/\/saphirsmaragd.com\/shop\/\" target=\"_blank\" rel=\"noopener\">Edelsteine &amp; Schmuck bei Saphir &amp; Smaragd ansehen<\/a><\/p>\n<\/li>\n<\/ul>\n<hr data-start=\"1931\" data-end=\"1934\" \/>\n<p>Produktbilder dienen der Veranschaulichung. Verpackungsdesign kann abweichen.<\/p>","protected":false},"excerpt":{"rendered":"<p data-start=\"356\" data-end=\"497\"><em>1kg Schwarze Riesige Rosinen aus Chile. Gro\u00dfe dunkle getrocknete Trauben \u2013 ideal als Snack, f\u00fcr M\u00fcsli, Backrezepte und verschiedene Gerichte.<\/em><\/p>","protected":false},"featured_media":43483,"comment_status":"open","ping_status":"closed","template":"","meta":{"_glsr_average":0,"_glsr_ranking":0,"_glsr_reviews":0},"product_brand":[],"product_cat":[679],"product_tag":[],"class_list":{"0":"post-23411","1":"product","2":"type-product","3":"status-publish","4":"has-post-thumbnail","6":"product_cat-getrocknete-rosinen","8":"first","9":"instock","10":"shipping-taxable","11":"purchasable","12":"product-type-simple","13":"add-to-wishlist-before_image"},"jetpack_sharing_enabled":true,"_links":{"self":[{"href":"https:\/\/honigbee.com\/hr\/wp-json\/wp\/v2\/product\/23411","targetHints":{"allow":["GET"]}}],"collection":[{"href":"https:\/\/honigbee.com\/hr\/wp-json\/wp\/v2\/product"}],"about":[{"href":"https:\/\/honigbee.com\/hr\/wp-json\/wp\/v2\/types\/product"}],"replies":[{"embeddable":true,"href":"https:\/\/honigbee.com\/hr\/wp-json\/wp\/v2\/comments?post=23411"}],"version-history":[{"count":3,"href":"https:\/\/honigbee.com\/hr\/wp-json\/wp\/v2\/product\/23411\/revisions"}],"predecessor-version":[{"id":43484,"href":"https:\/\/honigbee.com\/hr\/wp-json\/wp\/v2\/product\/23411\/revisions\/43484"}],"wp:featuredmedia":[{"embeddable":true,"href":"https:\/\/honigbee.com\/hr\/wp-json\/wp\/v2\/media\/43483"}],"wp:attachment":[{"href":"https:\/\/honigbee.com\/hr\/wp-json\/wp\/v2\/media?parent=23411"}],"wp:term":[{"taxonomy":"product_brand","embeddable":true,"href":"https:\/\/honigbee.com\/hr\/wp-json\/wp\/v2\/product_brand?post=23411"},{"taxonomy":"product_cat","embeddable":true,"href":"https:\/\/honigbee.com\/hr\/wp-json\/wp\/v2\/product_cat?post=23411"},{"taxonomy":"product_tag","embeddable":true,"href":"https:\/\/honigbee.com\/hr\/wp-json\/wp\/v2\/product_tag?post=23411"}],"curies":[{"name":"radni list","href":"https:\/\/api.w.org\/{rel}","templated":true}]}}