{"id":23458,"date":"2025-05-29T14:46:16","date_gmt":"2025-05-29T14:46:16","guid":{"rendered":"https:\/\/honigbee.com\/?post_type=product&#038;p=23458"},"modified":"2026-02-28T18:43:38","modified_gmt":"2026-02-28T18:43:38","slug":"geroestete-gesalzene-erdnuesse-1kg","status":"publish","type":"product","link":"https:\/\/honigbee.com\/hr\/proizvod\/geroestete-gesalzene-erdnuesse-1kg\/","title":{"rendered":"1 kg Ger\u00f6stete gesalzene Erdn\u00fcsse \u2013 Knuspriger Premium Snack mit nat\u00fcrlichem Geschmack"},"content":{"rendered":"<div id=\"ez-toc-container\" class=\"ez-toc-v2_0_83 counter-hierarchy ez-toc-counter ez-toc-grey ez-toc-container-direction\">\n<div class=\"ez-toc-title-container\">\n<p class=\"ez-toc-title\" style=\"cursor:inherit\">Sadr\u017eaj<\/p>\n<span class=\"ez-toc-title-toggle\"><a href=\"#\" class=\"ez-toc-pull-right ez-toc-btn ez-toc-btn-xs ez-toc-btn-default ez-toc-toggle\" aria-label=\"Prika\u017ei\/uklju\u010di sadr\u017eaj\"><span class=\"ez-toc-js-icon-con\"><span class=\"\"><span class=\"eztoc-hide\" style=\"display:none;\">Uklju\u010di\/isklju\u010di<\/span><span class=\"ez-toc-icon-toggle-span\"><svg style=\"fill: #999;color:#999\" xmlns=\"http:\/\/www.w3.org\/2000\/svg\" class=\"list-377408\" width=\"20px\" height=\"20px\" viewbox=\"0 0 24 24\" fill=\"none\"><path d=\"M6 6H4v2h2V6zm14 0H8v2h12V6zM4 11h2v2H4v-2zm16 0H8v2h12v-2zM4 16h2v2H4v-2zm16 0H8v2h12v-2z\" fill=\"currentColor\"><\/path><\/svg><svg style=\"fill: #999;color:#999\" class=\"arrow-unsorted-368013\" xmlns=\"http:\/\/www.w3.org\/2000\/svg\" width=\"10px\" height=\"10px\" viewbox=\"0 0 24 24\" version=\"1.2\" baseprofile=\"tiny\"><path d=\"M18.2 9.3l-6.2-6.3-6.2 6.3c-.2.2-.3.4-.3.7s.1.5.3.7c.2.2.4.3.7.3h11c.3 0 .5-.1.7-.3.2-.2.3-.5.3-.7s-.1-.5-.3-.7zM5.8 14.7l6.2 6.3 6.2-6.3c.2-.2.3-.5.3-.7s-.1-.5-.3-.7c-.2-.2-.4-.3-.7-.3h-11c-.3 0-.5.1-.7.3-.2.2-.3.5-.3.7s.1.5.3.7z\"\/><\/svg><\/span><\/span><\/span><\/a><\/span><\/div>\n<nav><ul class='ez-toc-list ez-toc-list-level-1' ><li class='ez-toc-page-1 ez-toc-heading-level-4'><a class=\"ez-toc-link ez-toc-heading-1\" href=\"https:\/\/honigbee.com\/hr\/proizvod\/geroestete-gesalzene-erdnuesse-1kg\/#Herkunft_Qualitat\" >Podrijetlo i kvaliteta<\/a><\/li><li class='ez-toc-page-1 ez-toc-heading-level-4'><a class=\"ez-toc-link ez-toc-heading-2\" href=\"https:\/\/honigbee.com\/hr\/proizvod\/geroestete-gesalzene-erdnuesse-1kg\/#Geschmack_Textur\" >Okus i tekstura<\/a><\/li><li class='ez-toc-page-1 ez-toc-heading-level-4'><a class=\"ez-toc-link ez-toc-heading-3\" href=\"https:\/\/honigbee.com\/hr\/proizvod\/geroestete-gesalzene-erdnuesse-1kg\/#Nahrwerte_Vorteile\" >N\u00e4hrwerte &amp; Vorteile<\/a><\/li><li class='ez-toc-page-1 ez-toc-heading-level-4'><a class=\"ez-toc-link ez-toc-heading-4\" href=\"https:\/\/honigbee.com\/hr\/proizvod\/geroestete-gesalzene-erdnuesse-1kg\/#Vielseitige_Verwendung\" >Vielseitige Verwendung<\/a><\/li><li class='ez-toc-page-1 ez-toc-heading-level-4'><a class=\"ez-toc-link ez-toc-heading-5\" href=\"https:\/\/honigbee.com\/hr\/proizvod\/geroestete-gesalzene-erdnuesse-1kg\/#Nahrwerte_pro_100g\" >Nutritivne vrijednosti na 100 g<\/a><\/li><li class='ez-toc-page-1 ez-toc-heading-level-4'><a class=\"ez-toc-link ez-toc-heading-6\" href=\"https:\/\/honigbee.com\/hr\/proizvod\/geroestete-gesalzene-erdnuesse-1kg\/#Lagerung_Frische\" >Lagerung &amp; Frische<\/a><\/li><li class='ez-toc-page-1 ez-toc-heading-level-4'><a class=\"ez-toc-link ez-toc-heading-7\" href=\"https:\/\/honigbee.com\/hr\/proizvod\/geroestete-gesalzene-erdnuesse-1kg\/#Weitere_Inspiration_entdecken\" >Weitere Inspiration entdecken<\/a><\/li><\/ul><\/nav><\/div>\n<p data-start=\"829\" data-end=\"1108\">Ger\u00f6stete gesalzene Erdn\u00fcsse 1kg sind ein hochwertiger Snack mit intensivem Aroma und knuspriger Textur. Durch schonendes R\u00f6sten und feine Salzung entsteht ein ausgewogenes Geschmackserlebnis. Diese Erdn\u00fcsse eignen sich ideal f\u00fcr den t\u00e4glichen Genuss und vielseitige Anwendungen.<\/p>\n<hr data-start=\"1110\" data-end=\"1113\" \/>\n<h4 data-start=\"1115\" data-end=\"1141\"><span class=\"ez-toc-section\" id=\"Herkunft_Qualitat\"><\/span>Podrijetlo i kvaliteta<span class=\"ez-toc-section-end\"><\/span><\/h4>\n<p data-start=\"1143\" data-end=\"1310\">Ger\u00f6stete gesalzene Erdn\u00fcsse 1kg stammen aus ausgew\u00e4hlten Anbaugebieten und werden sorgf\u00e4ltig verarbeitet, um ihre nat\u00fcrliche Qualit\u00e4t und ihren Geschmack zu bewahren.<\/p>\n<hr data-start=\"1312\" data-end=\"1315\" \/>\n<h4 data-start=\"1317\" data-end=\"1342\"><span class=\"ez-toc-section\" id=\"Geschmack_Textur\"><\/span>Okus i tekstura<span class=\"ez-toc-section-end\"><\/span><\/h4>\n<p data-start=\"1344\" data-end=\"1554\">Ger\u00f6stete gesalzene Erdn\u00fcsse 1kg zeichnen sich durch ihren intensiven, leicht salzigen und nussigen Geschmack sowie ihre knusprige Konsistenz aus. Diese Kombination macht sie zu einem besonders beliebten Snack.<\/p>\n<hr data-start=\"1556\" data-end=\"1559\" \/>\n<h4 data-start=\"1561\" data-end=\"1588\"><span class=\"ez-toc-section\" id=\"Nahrwerte_Vorteile\"><\/span>N\u00e4hrwerte &amp; Vorteile<span class=\"ez-toc-section-end\"><\/span><\/h4>\n<p data-start=\"1590\" data-end=\"1675\">Ger\u00f6stete gesalzene Erdn\u00fcsse 1kg bieten zahlreiche ern\u00e4hrungsphysiologische Vorteile:<\/p>\n<ul data-start=\"1677\" data-end=\"1877\">\n<li data-start=\"1677\" data-end=\"1720\">\n<p data-start=\"1679\" data-end=\"1720\">Nat\u00fcrliche Quelle pflanzlichen Eiwei\u00dfes<\/p>\n<\/li>\n<li data-start=\"1721\" data-end=\"1753\">\n<p data-start=\"1723\" data-end=\"1753\">Reich an gesunden Fetts\u00e4uren<\/p>\n<\/li>\n<li data-start=\"1754\" data-end=\"1790\">\n<p data-start=\"1756\" data-end=\"1790\">Enthalten wichtige Mineralstoffe<\/p>\n<\/li>\n<li data-start=\"1791\" data-end=\"1834\">\n<p data-start=\"1793\" data-end=\"1834\">Unterst\u00fctzen eine ausgewogene Ern\u00e4hrung<\/p>\n<\/li>\n<li data-start=\"1835\" data-end=\"1877\">\n<p data-start=\"1837\" data-end=\"1877\">Ideal als nat\u00fcrliche Snack-Alternative<\/p>\n<\/li>\n<\/ul>\n<hr data-start=\"1879\" data-end=\"1882\" \/>\n<h4 data-start=\"1884\" data-end=\"1913\"><span class=\"ez-toc-section\" id=\"Vielseitige_Verwendung\"><\/span>Vielseitige Verwendung<span class=\"ez-toc-section-end\"><\/span><\/h4>\n<p data-start=\"1915\" data-end=\"1995\">Ger\u00f6stete gesalzene Erdn\u00fcsse 1kg eignen sich ideal f\u00fcr verschiedene Anwendungen:<\/p>\n<ul data-start=\"1997\" data-end=\"2121\">\n<li data-start=\"1997\" data-end=\"2028\">\n<p data-start=\"1999\" data-end=\"2028\">Als Snack f\u00fcr zwischendurch<\/p>\n<\/li>\n<li data-start=\"2029\" data-end=\"2057\">\n<p data-start=\"2031\" data-end=\"2057\">Als Erg\u00e4nzung zu Speisen<\/p>\n<\/li>\n<li data-start=\"2058\" data-end=\"2089\">\n<p data-start=\"2060\" data-end=\"2089\">Zum Verfeinern von Rezepten<\/p>\n<\/li>\n<li data-start=\"2090\" data-end=\"2121\">\n<p data-start=\"2092\" data-end=\"2121\">F\u00fcr besondere Genussmomente<\/p>\n<\/li>\n<\/ul>\n<hr data-start=\"2123\" data-end=\"2126\" \/>\n<h4 data-start=\"2128\" data-end=\"2153\"><span class=\"ez-toc-section\" id=\"Nahrwerte_pro_100g\"><\/span>Nutritivne vrijednosti na 100 g<span class=\"ez-toc-section-end\"><\/span><\/h4>\n<ul data-start=\"2155\" data-end=\"2307\">\n<li data-start=\"2155\" data-end=\"2176\">\n<p data-start=\"2157\" data-end=\"2176\">Energie: 585 kcal<\/p>\n<\/li>\n<li data-start=\"2177\" data-end=\"2191\">\n<p data-start=\"2179\" data-end=\"2191\">Masti: 50 g<\/p>\n<\/li>\n<li data-start=\"2192\" data-end=\"2228\">\n<p data-start=\"2194\" data-end=\"2228\">od kojih zasi\u0107ene masne kiseline: 7 g<\/p>\n<\/li>\n<li data-start=\"2229\" data-end=\"2252\">\n<p data-start=\"2231\" data-end=\"2252\">Kohlenhydrate: 16 g<\/p>\n<\/li>\n<li data-start=\"2253\" data-end=\"2274\">\n<p data-start=\"2255\" data-end=\"2274\">davon Zucker: 4 g<\/p>\n<\/li>\n<li data-start=\"2275\" data-end=\"2291\">\n<p data-start=\"2277\" data-end=\"2291\">Proteini: 26 g<\/p>\n<\/li>\n<li data-start=\"2292\" data-end=\"2307\">\n<p data-start=\"2294\" data-end=\"2307\">Salz: 1.2 g<\/p>\n<\/li>\n<\/ul>\n<hr data-start=\"2309\" data-end=\"2312\" \/>\n<h4 data-start=\"2314\" data-end=\"2339\"><span class=\"ez-toc-section\" id=\"Lagerung_Frische\"><\/span>Lagerung &amp; Frische<span class=\"ez-toc-section-end\"><\/span><\/h4>\n<p data-start=\"2341\" data-end=\"2478\">Lagern Sie ger\u00f6stete gesalzene Erdn\u00fcsse 1kg k\u00fchl, trocken und lichtgesch\u00fctzt, um Frische, Geschmack und Qualit\u00e4t langfristig zu erhalten.<\/p>\n<hr data-start=\"1683\" data-end=\"1686\" \/>\n<h4 data-start=\"413\" data-end=\"449\"><span class=\"ez-toc-section\" id=\"Weitere_Inspiration_entdecken\"><\/span>Weitere Inspiration entdecken<span class=\"ez-toc-section-end\"><\/span><\/h4>\n<p data-start=\"450\" data-end=\"582\">Du suchst weitere besondere Produkte? Entdecke zus\u00e4tzliche Highlights in unserem Sortiment oder st\u00f6bere in unseren Partnerprojekten:<\/p>\n<ul data-start=\"584\" data-end=\"920\">\n<li data-start=\"584\" data-end=\"656\"><a href=\"https:\/\/honigbee.com\/hr\/shop\/\">Weitere Naturprodukte bei Honigbee entdecken<\/a><\/li>\n<li data-start=\"657\" data-end=\"783\">\n<p data-start=\"659\" data-end=\"783\"><a href=\"https:\/\/matvana.com\/shop\/\" target=\"_blank\" rel=\"noopener\">Stilvolle Wohnideen bei Matvana ansehen<\/a><\/p>\n<\/li>\n<li data-start=\"784\" data-end=\"920\">\n<p data-start=\"786\" data-end=\"920\"><a href=\"https:\/\/saphirsmaragd.com\/shop\/\" target=\"_blank\" rel=\"noopener\">Edelsteine &amp; Schmuck bei Saphir &amp; Smaragd ansehen<\/a><\/p>\n<\/li>\n<\/ul>\n<hr data-start=\"1931\" data-end=\"1934\" \/>\n<p>Produktbilder dienen der Veranschaulichung. Verpackungsdesign kann abweichen.<\/p>","protected":false},"excerpt":{"rendered":"<p data-start=\"402\" data-end=\"565\"><em>Ger\u00f6stete gesalzene Erdn\u00fcsse 1kg in Premium Qualit\u00e4t mit knuspriger Textur und intensivem Geschmack. Ideal als Snack oder vielseitige Zutat f\u00fcr Ihre Ern\u00e4hrung.<\/em><\/p>","protected":false},"featured_media":42410,"comment_status":"open","ping_status":"closed","template":"","meta":{"_glsr_average":0,"_glsr_ranking":0,"_glsr_reviews":0},"product_brand":[],"product_cat":[1176],"product_tag":[],"class_list":{"0":"post-23458","1":"product","2":"type-product","3":"status-publish","4":"has-post-thumbnail","6":"product_cat-erdnuesse","8":"first","9":"instock","10":"shipping-taxable","11":"purchasable","12":"product-type-simple","13":"add-to-wishlist-before_image"},"jetpack_sharing_enabled":true,"_links":{"self":[{"href":"https:\/\/honigbee.com\/hr\/wp-json\/wp\/v2\/product\/23458","targetHints":{"allow":["GET"]}}],"collection":[{"href":"https:\/\/honigbee.com\/hr\/wp-json\/wp\/v2\/product"}],"about":[{"href":"https:\/\/honigbee.com\/hr\/wp-json\/wp\/v2\/types\/product"}],"replies":[{"embeddable":true,"href":"https:\/\/honigbee.com\/hr\/wp-json\/wp\/v2\/comments?post=23458"}],"version-history":[{"count":5,"href":"https:\/\/honigbee.com\/hr\/wp-json\/wp\/v2\/product\/23458\/revisions"}],"predecessor-version":[{"id":43213,"href":"https:\/\/honigbee.com\/hr\/wp-json\/wp\/v2\/product\/23458\/revisions\/43213"}],"wp:featuredmedia":[{"embeddable":true,"href":"https:\/\/honigbee.com\/hr\/wp-json\/wp\/v2\/media\/42410"}],"wp:attachment":[{"href":"https:\/\/honigbee.com\/hr\/wp-json\/wp\/v2\/media?parent=23458"}],"wp:term":[{"taxonomy":"product_brand","embeddable":true,"href":"https:\/\/honigbee.com\/hr\/wp-json\/wp\/v2\/product_brand?post=23458"},{"taxonomy":"product_cat","embeddable":true,"href":"https:\/\/honigbee.com\/hr\/wp-json\/wp\/v2\/product_cat?post=23458"},{"taxonomy":"product_tag","embeddable":true,"href":"https:\/\/honigbee.com\/hr\/wp-json\/wp\/v2\/product_tag?post=23458"}],"curies":[{"name":"radni list","href":"https:\/\/api.w.org\/{rel}","templated":true}]}}