{"id":23520,"date":"2025-05-30T11:16:13","date_gmt":"2025-05-30T11:16:13","guid":{"rendered":"https:\/\/honigbee.com\/?post_type=product&#038;p=23520"},"modified":"2026-02-28T18:26:41","modified_gmt":"2026-02-28T18:26:41","slug":"nussmischung-rosmarin-und-honig","status":"publish","type":"product","link":"https:\/\/honigbee.com\/hr\/proizvod\/nussmischung-rosmarin-und-honig\/","title":{"rendered":"500g Nussmischung Rosmarin und Honig \u2013 W\u00fcrzig, S\u00fc\u00df und Knackig"},"content":{"rendered":"<div id=\"ez-toc-container\" class=\"ez-toc-v2_0_83 counter-hierarchy ez-toc-counter ez-toc-grey ez-toc-container-direction\">\n<div class=\"ez-toc-title-container\">\n<p class=\"ez-toc-title\" style=\"cursor:inherit\">Sadr\u017eaj<\/p>\n<span class=\"ez-toc-title-toggle\"><a href=\"#\" class=\"ez-toc-pull-right ez-toc-btn ez-toc-btn-xs ez-toc-btn-default ez-toc-toggle\" aria-label=\"Prika\u017ei\/uklju\u010di sadr\u017eaj\"><span class=\"ez-toc-js-icon-con\"><span class=\"\"><span class=\"eztoc-hide\" style=\"display:none;\">Uklju\u010di\/isklju\u010di<\/span><span class=\"ez-toc-icon-toggle-span\"><svg style=\"fill: #999;color:#999\" xmlns=\"http:\/\/www.w3.org\/2000\/svg\" class=\"list-377408\" width=\"20px\" height=\"20px\" viewbox=\"0 0 24 24\" fill=\"none\"><path d=\"M6 6H4v2h2V6zm14 0H8v2h12V6zM4 11h2v2H4v-2zm16 0H8v2h12v-2zM4 16h2v2H4v-2zm16 0H8v2h12v-2z\" fill=\"currentColor\"><\/path><\/svg><svg style=\"fill: #999;color:#999\" class=\"arrow-unsorted-368013\" xmlns=\"http:\/\/www.w3.org\/2000\/svg\" width=\"10px\" height=\"10px\" viewbox=\"0 0 24 24\" version=\"1.2\" baseprofile=\"tiny\"><path d=\"M18.2 9.3l-6.2-6.3-6.2 6.3c-.2.2-.3.4-.3.7s.1.5.3.7c.2.2.4.3.7.3h11c.3 0 .5-.1.7-.3.2-.2.3-.5.3-.7s-.1-.5-.3-.7zM5.8 14.7l6.2 6.3 6.2-6.3c.2-.2.3-.5.3-.7s-.1-.5-.3-.7c-.2-.2-.4-.3-.7-.3h-11c-.3 0-.5.1-.7.3-.2.2-.3.5-.3.7s.1.5.3.7z\"\/><\/svg><\/span><\/span><\/span><\/a><\/span><\/div>\n<nav><ul class='ez-toc-list ez-toc-list-level-1' ><li class='ez-toc-page-1 ez-toc-heading-level-4'><a class=\"ez-toc-link ez-toc-heading-1\" href=\"https:\/\/honigbee.com\/hr\/proizvod\/nussmischung-rosmarin-und-honig\/#500g_Nussmischung_Rosmarin_und_Honig_%E2%80%93_Perfekte_Balance_aus_Suse_und_Wurze\" >500g Nussmischung Rosmarin und Honig \u2013 Perfekte Balance aus S\u00fc\u00dfe und W\u00fcrze<\/a><\/li><li class='ez-toc-page-1 ez-toc-heading-level-4'><a class=\"ez-toc-link ez-toc-heading-2\" href=\"https:\/\/honigbee.com\/hr\/proizvod\/nussmischung-rosmarin-und-honig\/#Produktvorteile\" >Prednosti proizvoda<\/a><\/li><li class='ez-toc-page-1 ez-toc-heading-level-4'><a class=\"ez-toc-link ez-toc-heading-3\" href=\"https:\/\/honigbee.com\/hr\/proizvod\/nussmischung-rosmarin-und-honig\/#Vielseitige_Verwendung\" >Vielseitige Verwendung<\/a><\/li><li class='ez-toc-page-1 ez-toc-heading-level-4'><a class=\"ez-toc-link ez-toc-heading-4\" href=\"https:\/\/honigbee.com\/hr\/proizvod\/nussmischung-rosmarin-und-honig\/#Qualitat_und_Frische\" >Qualit\u00e4t und Frische<\/a><\/li><li class='ez-toc-page-1 ez-toc-heading-level-4'><a class=\"ez-toc-link ez-toc-heading-5\" href=\"https:\/\/honigbee.com\/hr\/proizvod\/nussmischung-rosmarin-und-honig\/#Weitere_Inspiration_entdecken\" >Weitere Inspiration entdecken<\/a><\/li><\/ul><\/nav><\/div>\n<h4 data-start=\"735\" data-end=\"816\"><span class=\"ez-toc-section\" id=\"500g_Nussmischung_Rosmarin_und_Honig_%E2%80%93_Perfekte_Balance_aus_Suse_und_Wurze\"><\/span>500g Nussmischung Rosmarin und Honig \u2013 Perfekte Balance aus S\u00fc\u00dfe und W\u00fcrze<span class=\"ez-toc-section-end\"><\/span><\/h4>\n<p data-start=\"818\" data-end=\"1077\">Diese hochwertige Nussmischung kombiniert sorgf\u00e4ltig ausgew\u00e4hlte N\u00fcsse mit aromatischem Rosmarin und feiner Honigs\u00fc\u00dfe. Das Ergebnis ist ein einzigartiger Geschmack, der s\u00fc\u00dfe und w\u00fcrzige Noten harmonisch vereint und ein au\u00dfergew\u00f6hnliches Snack-Erlebnis bietet.<\/p>\n<p data-start=\"1079\" data-end=\"1254\">Die Mischung \u00fcberzeugt durch ihre knackige Textur, nat\u00fcrlichen Zutaten und wertvollen N\u00e4hrstoffe. Ideal f\u00fcr alle, die einen besonderen Snack mit Charakter und Qualit\u00e4t suchen.<\/p>\n<hr data-start=\"1256\" data-end=\"1259\" \/>\n<h4 data-start=\"1261\" data-end=\"1283\"><span class=\"ez-toc-section\" id=\"Produktvorteile\"><\/span>Prednosti proizvoda<span class=\"ez-toc-section-end\"><\/span><\/h4>\n<p data-start=\"1285\" data-end=\"1383\">Diese Premium Nussmischung bietet zahlreiche ern\u00e4hrungsphysiologische und geschmackliche Vorteile:<\/p>\n<p data-start=\"1385\" data-end=\"1657\">\u2022 Kombination aus s\u00fc\u00dfem Honig und aromatischem Rosmarin<br data-start=\"1440\" data-end=\"1443\" \/>\u2022 Reich an gesunden unges\u00e4ttigten Fetts\u00e4uren<br data-start=\"1487\" data-end=\"1490\" \/>\u2022 Nat\u00fcrliche Quelle f\u00fcr Mineralstoffe und Vitamine<br data-start=\"1540\" data-end=\"1543\" \/>\u2022 Liefert langanhaltende Energie<br data-start=\"1575\" data-end=\"1578\" \/>\u2022 Knackige, frische und hochwertige Qualit\u00e4t<br data-start=\"1622\" data-end=\"1625\" \/>\u2022 Ohne k\u00fcnstliche Zusatzstoffe<\/p>\n<p data-start=\"1659\" data-end=\"1717\">Ideal f\u00fcr eine ausgewogene Ern\u00e4hrung und bewussten Genuss.<\/p>\n<hr data-start=\"1719\" data-end=\"1722\" \/>\n<h4 data-start=\"1724\" data-end=\"1753\"><span class=\"ez-toc-section\" id=\"Vielseitige_Verwendung\"><\/span>Vielseitige Verwendung<span class=\"ez-toc-section-end\"><\/span><\/h4>\n<p data-start=\"1755\" data-end=\"1826\">Die Nussmischung eignet sich hervorragend f\u00fcr verschiedene Anwendungen:<\/p>\n<p data-start=\"1828\" data-end=\"2067\">\u2022 Als Premium Snack f\u00fcr zwischendurch<br data-start=\"1865\" data-end=\"1868\" \/>\u2022 Ideal f\u00fcr G\u00e4ste, Abende und besondere Anl\u00e4sse<br data-start=\"1915\" data-end=\"1918\" \/>\u2022 Perfekt als Topping f\u00fcr Salate und Bowls<br data-start=\"1960\" data-end=\"1963\" \/>\u2022 Geeignet f\u00fcr Snackplatten und Feinkostkombinationen<br data-start=\"2016\" data-end=\"2019\" \/>\u2022 Hervorragend als Geschenk oder Gourmet-Snack<\/p>\n<p data-start=\"2069\" data-end=\"2151\">Durch ihre besondere Geschmacksnote ist sie vielseitig und einzigartig einsetzbar.<\/p>\n<hr data-start=\"2153\" data-end=\"2156\" \/>\n<h4 data-start=\"2158\" data-end=\"2185\"><span class=\"ez-toc-section\" id=\"Qualitat_und_Frische\"><\/span>Qualit\u00e4t und Frische<span class=\"ez-toc-section-end\"><\/span><\/h4>\n<p data-start=\"2187\" data-end=\"2395\">Die N\u00fcsse werden sorgf\u00e4ltig ausgew\u00e4hlt und schonend verarbeitet, um ihre nat\u00fcrlichen Eigenschaften zu bewahren. Die Verpackung sch\u00fctzt Aroma, Frische und Qualit\u00e4t optimal und sorgt f\u00fcr langanhaltenden Genuss.<\/p>\n<p data-start=\"2397\" data-end=\"2483\">Eine perfekte Wahl f\u00fcr alle, die hochwertige Snacks mit besonderem Geschmack sch\u00e4tzen.<\/p>\n<hr data-start=\"1683\" data-end=\"1686\" \/>\n<h4 data-start=\"413\" data-end=\"449\"><span class=\"ez-toc-section\" id=\"Weitere_Inspiration_entdecken\"><\/span>Weitere Inspiration entdecken<span class=\"ez-toc-section-end\"><\/span><\/h4>\n<p data-start=\"450\" data-end=\"582\">Du suchst weitere besondere Produkte? Entdecke zus\u00e4tzliche Highlights in unserem Sortiment oder st\u00f6bere in unseren Partnerprojekten:<\/p>\n<ul data-start=\"584\" data-end=\"920\">\n<li data-start=\"584\" data-end=\"656\"><a href=\"https:\/\/honigbee.com\/hr\/shop\/\">Weitere Naturprodukte bei Honigbee entdecken<\/a><\/li>\n<li data-start=\"657\" data-end=\"783\">\n<p data-start=\"659\" data-end=\"783\"><a href=\"https:\/\/matvana.com\/shop\/\" target=\"_blank\" rel=\"noopener\">Stilvolle Wohnideen bei Matvana ansehen<\/a><\/p>\n<\/li>\n<li data-start=\"784\" data-end=\"920\">\n<p data-start=\"786\" data-end=\"920\"><a href=\"https:\/\/saphirsmaragd.com\/shop\/\" target=\"_blank\" rel=\"noopener\">Edelsteine &amp; Schmuck bei Saphir &amp; Smaragd ansehen<\/a><\/p>\n<\/li>\n<\/ul>\n<hr data-start=\"1931\" data-end=\"1934\" \/>\n<p>Produktbilder dienen der Veranschaulichung. Verpackungsdesign kann abweichen.<\/p>","protected":false},"excerpt":{"rendered":"<p data-start=\"422\" data-end=\"595\"><em>500g Nussmischung Rosmarin und Honig \u2013 s\u00fc\u00df-w\u00fcrzige Premium Mischung aus hochwertigen N\u00fcssen, reich an gesunden Fetten und Mineralstoffen. Ideal als Snack oder Gourmet-Zutat.<\/em><\/p>","protected":false},"featured_media":42348,"comment_status":"open","ping_status":"closed","template":"","meta":{"_glsr_average":0,"_glsr_ranking":0,"_glsr_reviews":0},"product_brand":[],"product_cat":[1175],"product_tag":[],"class_list":{"0":"post-23520","1":"product","2":"type-product","3":"status-publish","4":"has-post-thumbnail","6":"product_cat-nussmischung","8":"first","9":"instock","10":"shipping-taxable","11":"purchasable","12":"product-type-simple","13":"add-to-wishlist-before_image"},"jetpack_sharing_enabled":true,"_links":{"self":[{"href":"https:\/\/honigbee.com\/hr\/wp-json\/wp\/v2\/product\/23520","targetHints":{"allow":["GET"]}}],"collection":[{"href":"https:\/\/honigbee.com\/hr\/wp-json\/wp\/v2\/product"}],"about":[{"href":"https:\/\/honigbee.com\/hr\/wp-json\/wp\/v2\/types\/product"}],"replies":[{"embeddable":true,"href":"https:\/\/honigbee.com\/hr\/wp-json\/wp\/v2\/comments?post=23520"}],"version-history":[{"count":4,"href":"https:\/\/honigbee.com\/hr\/wp-json\/wp\/v2\/product\/23520\/revisions"}],"predecessor-version":[{"id":42347,"href":"https:\/\/honigbee.com\/hr\/wp-json\/wp\/v2\/product\/23520\/revisions\/42347"}],"wp:featuredmedia":[{"embeddable":true,"href":"https:\/\/honigbee.com\/hr\/wp-json\/wp\/v2\/media\/42348"}],"wp:attachment":[{"href":"https:\/\/honigbee.com\/hr\/wp-json\/wp\/v2\/media?parent=23520"}],"wp:term":[{"taxonomy":"product_brand","embeddable":true,"href":"https:\/\/honigbee.com\/hr\/wp-json\/wp\/v2\/product_brand?post=23520"},{"taxonomy":"product_cat","embeddable":true,"href":"https:\/\/honigbee.com\/hr\/wp-json\/wp\/v2\/product_cat?post=23520"},{"taxonomy":"product_tag","embeddable":true,"href":"https:\/\/honigbee.com\/hr\/wp-json\/wp\/v2\/product_tag?post=23520"}],"curies":[{"name":"radni list","href":"https:\/\/api.w.org\/{rel}","templated":true}]}}