{"id":23575,"date":"2025-05-30T12:54:14","date_gmt":"2025-05-30T12:54:14","guid":{"rendered":"https:\/\/honigbee.com\/?post_type=product&#038;p=23575"},"modified":"2026-02-28T18:23:13","modified_gmt":"2026-02-28T18:23:13","slug":"1kg-party-mix-mit-erdnuesse-und-cashews","status":"publish","type":"product","link":"https:\/\/honigbee.com\/hr\/proizvod\/1kg-party-mix-mit-erdnuesse-und-cashews\/","title":{"rendered":"1 kg Party-Mix mit Erdn\u00fcssen und Cashews \u2013 Ger\u00f6stet und Gesalzen"},"content":{"rendered":"<div id=\"ez-toc-container\" class=\"ez-toc-v2_0_83 counter-hierarchy ez-toc-counter ez-toc-grey ez-toc-container-direction\">\n<div class=\"ez-toc-title-container\">\n<p class=\"ez-toc-title\" style=\"cursor:inherit\">Sadr\u017eaj<\/p>\n<span class=\"ez-toc-title-toggle\"><a href=\"#\" class=\"ez-toc-pull-right ez-toc-btn ez-toc-btn-xs ez-toc-btn-default ez-toc-toggle\" aria-label=\"Prika\u017ei\/uklju\u010di sadr\u017eaj\"><span class=\"ez-toc-js-icon-con\"><span class=\"\"><span class=\"eztoc-hide\" style=\"display:none;\">Uklju\u010di\/isklju\u010di<\/span><span class=\"ez-toc-icon-toggle-span\"><svg style=\"fill: #999;color:#999\" xmlns=\"http:\/\/www.w3.org\/2000\/svg\" class=\"list-377408\" width=\"20px\" height=\"20px\" viewbox=\"0 0 24 24\" fill=\"none\"><path d=\"M6 6H4v2h2V6zm14 0H8v2h12V6zM4 11h2v2H4v-2zm16 0H8v2h12v-2zM4 16h2v2H4v-2zm16 0H8v2h12v-2z\" fill=\"currentColor\"><\/path><\/svg><svg style=\"fill: #999;color:#999\" class=\"arrow-unsorted-368013\" xmlns=\"http:\/\/www.w3.org\/2000\/svg\" width=\"10px\" height=\"10px\" viewbox=\"0 0 24 24\" version=\"1.2\" baseprofile=\"tiny\"><path d=\"M18.2 9.3l-6.2-6.3-6.2 6.3c-.2.2-.3.4-.3.7s.1.5.3.7c.2.2.4.3.7.3h11c.3 0 .5-.1.7-.3.2-.2.3-.5.3-.7s-.1-.5-.3-.7zM5.8 14.7l6.2 6.3 6.2-6.3c.2-.2.3-.5.3-.7s-.1-.5-.3-.7c-.2-.2-.4-.3-.7-.3h-11c-.3 0-.5.1-.7.3-.2.2-.3.5-.3.7s.1.5.3.7z\"\/><\/svg><\/span><\/span><\/span><\/a><\/span><\/div>\n<nav><ul class='ez-toc-list ez-toc-list-level-1' ><li class='ez-toc-page-1 ez-toc-heading-level-4'><a class=\"ez-toc-link ez-toc-heading-1\" href=\"https:\/\/honigbee.com\/hr\/proizvod\/1kg-party-mix-mit-erdnuesse-und-cashews\/#1_kg_Party-Mix_mit_Erdnussen_und_Cashews_%E2%80%93_herzhaft_und_vielseitig\" >1 kg Party-Mix mit Erdn\u00fcssen und Cashews \u2013 herzhaft und vielseitig<\/a><\/li><li class='ez-toc-page-1 ez-toc-heading-level-4'><a class=\"ez-toc-link ez-toc-heading-2\" href=\"https:\/\/honigbee.com\/hr\/proizvod\/1kg-party-mix-mit-erdnuesse-und-cashews\/#Eigenschaften\" >Karakteristike<\/a><\/li><li class='ez-toc-page-1 ez-toc-heading-level-4'><a class=\"ez-toc-link ez-toc-heading-3\" href=\"https:\/\/honigbee.com\/hr\/proizvod\/1kg-party-mix-mit-erdnuesse-und-cashews\/#Verwendung\" >koristiti<\/a><\/li><li class='ez-toc-page-1 ez-toc-heading-level-4'><a class=\"ez-toc-link ez-toc-heading-4\" href=\"https:\/\/honigbee.com\/hr\/proizvod\/1kg-party-mix-mit-erdnuesse-und-cashews\/#Produktdetails\" >Detalji o proizvodu<\/a><\/li><li class='ez-toc-page-1 ez-toc-heading-level-4'><a class=\"ez-toc-link ez-toc-heading-5\" href=\"https:\/\/honigbee.com\/hr\/proizvod\/1kg-party-mix-mit-erdnuesse-und-cashews\/#Weitere_Inspiration_entdecken\" >Weitere Inspiration entdecken<\/a><\/li><\/ul><\/nav><\/div>\n<h4 data-start=\"409\" data-end=\"480\"><span class=\"ez-toc-section\" id=\"1_kg_Party-Mix_mit_Erdnussen_und_Cashews_%E2%80%93_herzhaft_und_vielseitig\"><\/span>1 kg Party-Mix mit Erdn\u00fcssen und Cashews \u2013 herzhaft und vielseitig<span class=\"ez-toc-section-end\"><\/span><\/h4>\n<p data-start=\"482\" data-end=\"683\">Dieser Party-Mix kombiniert ger\u00f6stete Erdn\u00fcsse und Cashews zu einem ausgewogenen, leicht gesalzenen Snack. Die Mischung \u00fcberzeugt durch eine angenehme Knusprigkeit und ein harmonisches, nussiges Aroma.<\/p>\n<p data-start=\"685\" data-end=\"790\">Die gro\u00dfz\u00fcgige 1 kg Packung eignet sich perfekt f\u00fcr Feiern, gesellige Abende oder als Vorrat f\u00fcr zuhause.<\/p>\n<hr data-start=\"792\" data-end=\"795\" \/>\n<h4 data-start=\"797\" data-end=\"815\"><span class=\"ez-toc-section\" id=\"Eigenschaften\"><\/span>Karakteristike<span class=\"ez-toc-section-end\"><\/span><\/h4>\n<p data-start=\"817\" data-end=\"963\">\u2022 Mischung aus ger\u00f6steten Erdn\u00fcssen und Cashews<br data-start=\"864\" data-end=\"867\" \/>\u2022 Leicht gesalzen<br data-start=\"884\" data-end=\"887\" \/>\u2022 Knusprige Textur<br data-start=\"905\" data-end=\"908\" \/>\u2022 Ideal zum Teilen<br data-start=\"926\" data-end=\"929\" \/>\u2022 Praktische 1 kg Vorratspackung<\/p>\n<hr data-start=\"965\" data-end=\"968\" \/>\n<h4 data-start=\"970\" data-end=\"985\"><span class=\"ez-toc-section\" id=\"Verwendung\"><\/span>koristiti<span class=\"ez-toc-section-end\"><\/span><\/h4>\n<p data-start=\"987\" data-end=\"1194\">Der Party-Mix eignet sich hervorragend als Snack f\u00fcr G\u00e4ste oder f\u00fcr unterwegs. Auch als Topping f\u00fcr Salate oder herzhafte Gerichte sorgt die Nussmischung f\u00fcr zus\u00e4tzlichen Geschmack und eine angenehme Textur.<\/p>\n<hr data-start=\"1196\" data-end=\"1199\" \/>\n<h4 data-start=\"1201\" data-end=\"1220\"><span class=\"ez-toc-section\" id=\"Produktdetails\"><\/span>Detalji o proizvodu<span class=\"ez-toc-section-end\"><\/span><\/h4>\n<p data-start=\"1222\" data-end=\"1350\">Sadr\u017eaj: 1 kg<br data-start=\"1234\" data-end=\"1237\" \/>Zutaten: Erdn\u00fcsse, Cashewkerne, Pflanzen\u00f6l, Salz<br data-start=\"1285\" data-end=\"1288\" \/>Kann Spuren von anderen Schalenfr\u00fcchten und Sesam enthalten.<\/p>\n<hr data-start=\"1683\" data-end=\"1686\" \/>\n<h4 data-start=\"413\" data-end=\"449\"><span class=\"ez-toc-section\" id=\"Weitere_Inspiration_entdecken\"><\/span>Weitere Inspiration entdecken<span class=\"ez-toc-section-end\"><\/span><\/h4>\n<p data-start=\"450\" data-end=\"582\">Du suchst weitere besondere Produkte? Entdecke zus\u00e4tzliche Highlights in unserem Sortiment oder st\u00f6bere in unseren Partnerprojekten:<\/p>\n<ul data-start=\"584\" data-end=\"920\">\n<li data-start=\"584\" data-end=\"656\"><a href=\"https:\/\/honigbee.com\/hr\/shop\/\">Weitere Naturprodukte bei Honigbee entdecken<\/a><\/li>\n<li data-start=\"657\" data-end=\"783\">\n<p data-start=\"659\" data-end=\"783\"><a href=\"https:\/\/matvana.com\/shop\/\" target=\"_blank\" rel=\"noopener\">Stilvolle Wohnideen bei Matvana ansehen<\/a><\/p>\n<\/li>\n<li data-start=\"784\" data-end=\"920\">\n<p data-start=\"786\" data-end=\"920\"><a href=\"https:\/\/saphirsmaragd.com\/shop\/\" target=\"_blank\" rel=\"noopener\">Edelsteine &amp; Schmuck bei Saphir &amp; Smaragd ansehen<\/a><\/p>\n<\/li>\n<\/ul>\n<hr data-start=\"1931\" data-end=\"1934\" \/>\n<p>Produktbilder dienen der Veranschaulichung. Verpackungsdesign kann abweichen.<\/p>\n<p data-start=\"786\" data-end=\"920\">","protected":false},"excerpt":{"rendered":"<p data-start=\"1384\" data-end=\"1514\"><em>1 kg Party-Mix mit Erdn\u00fcssen und Cashews \u2013 ger\u00f6stet und leicht gesalzen. Knuspriger Snack ideal f\u00fcr Feiern, G\u00e4ste oder den Vorrat.<\/em><\/p>","protected":false},"featured_media":42143,"comment_status":"open","ping_status":"closed","template":"","meta":{"_glsr_average":0,"_glsr_ranking":0,"_glsr_reviews":0},"product_brand":[],"product_cat":[635],"product_tag":[],"class_list":{"0":"post-23575","1":"product","2":"type-product","3":"status-publish","4":"has-post-thumbnail","6":"product_cat-cashewkerne","8":"first","9":"instock","10":"shipping-taxable","11":"purchasable","12":"product-type-simple","13":"add-to-wishlist-before_image"},"jetpack_sharing_enabled":true,"_links":{"self":[{"href":"https:\/\/honigbee.com\/hr\/wp-json\/wp\/v2\/product\/23575","targetHints":{"allow":["GET"]}}],"collection":[{"href":"https:\/\/honigbee.com\/hr\/wp-json\/wp\/v2\/product"}],"about":[{"href":"https:\/\/honigbee.com\/hr\/wp-json\/wp\/v2\/types\/product"}],"replies":[{"embeddable":true,"href":"https:\/\/honigbee.com\/hr\/wp-json\/wp\/v2\/comments?post=23575"}],"version-history":[{"count":4,"href":"https:\/\/honigbee.com\/hr\/wp-json\/wp\/v2\/product\/23575\/revisions"}],"predecessor-version":[{"id":43145,"href":"https:\/\/honigbee.com\/hr\/wp-json\/wp\/v2\/product\/23575\/revisions\/43145"}],"wp:featuredmedia":[{"embeddable":true,"href":"https:\/\/honigbee.com\/hr\/wp-json\/wp\/v2\/media\/42143"}],"wp:attachment":[{"href":"https:\/\/honigbee.com\/hr\/wp-json\/wp\/v2\/media?parent=23575"}],"wp:term":[{"taxonomy":"product_brand","embeddable":true,"href":"https:\/\/honigbee.com\/hr\/wp-json\/wp\/v2\/product_brand?post=23575"},{"taxonomy":"product_cat","embeddable":true,"href":"https:\/\/honigbee.com\/hr\/wp-json\/wp\/v2\/product_cat?post=23575"},{"taxonomy":"product_tag","embeddable":true,"href":"https:\/\/honigbee.com\/hr\/wp-json\/wp\/v2\/product_tag?post=23575"}],"curies":[{"name":"radni list","href":"https:\/\/api.w.org\/{rel}","templated":true}]}}