{"id":23701,"date":"2025-05-31T11:58:55","date_gmt":"2025-05-31T11:58:55","guid":{"rendered":"https:\/\/honigbee.com\/?post_type=product&#038;p=23701"},"modified":"2026-03-08T18:24:13","modified_gmt":"2026-03-08T18:24:13","slug":"500g-bio-braune-rosinen","status":"publish","type":"product","link":"https:\/\/honigbee.com\/hr\/proizvod\/500g-bio-braune-rosinen\/","title":{"rendered":"500g Bio Braune Rosinen \u2013 Nat\u00fcrlich getrocknete Rosinen aus Usbekistan"},"content":{"rendered":"<div id=\"ez-toc-container\" class=\"ez-toc-v2_0_83 counter-hierarchy ez-toc-counter ez-toc-grey ez-toc-container-direction\">\n<div class=\"ez-toc-title-container\">\n<p class=\"ez-toc-title\" style=\"cursor:inherit\">Sadr\u017eaj<\/p>\n<span class=\"ez-toc-title-toggle\"><a href=\"#\" class=\"ez-toc-pull-right ez-toc-btn ez-toc-btn-xs ez-toc-btn-default ez-toc-toggle\" aria-label=\"Prika\u017ei\/uklju\u010di sadr\u017eaj\"><span class=\"ez-toc-js-icon-con\"><span class=\"\"><span class=\"eztoc-hide\" style=\"display:none;\">Uklju\u010di\/isklju\u010di<\/span><span class=\"ez-toc-icon-toggle-span\"><svg style=\"fill: #999;color:#999\" xmlns=\"http:\/\/www.w3.org\/2000\/svg\" class=\"list-377408\" width=\"20px\" height=\"20px\" viewbox=\"0 0 24 24\" fill=\"none\"><path d=\"M6 6H4v2h2V6zm14 0H8v2h12V6zM4 11h2v2H4v-2zm16 0H8v2h12v-2zM4 16h2v2H4v-2zm16 0H8v2h12v-2z\" fill=\"currentColor\"><\/path><\/svg><svg style=\"fill: #999;color:#999\" class=\"arrow-unsorted-368013\" xmlns=\"http:\/\/www.w3.org\/2000\/svg\" width=\"10px\" height=\"10px\" viewbox=\"0 0 24 24\" version=\"1.2\" baseprofile=\"tiny\"><path d=\"M18.2 9.3l-6.2-6.3-6.2 6.3c-.2.2-.3.4-.3.7s.1.5.3.7c.2.2.4.3.7.3h11c.3 0 .5-.1.7-.3.2-.2.3-.5.3-.7s-.1-.5-.3-.7zM5.8 14.7l6.2 6.3 6.2-6.3c.2-.2.3-.5.3-.7s-.1-.5-.3-.7c-.2-.2-.4-.3-.7-.3h-11c-.3 0-.5.1-.7.3-.2.2-.3.5-.3.7s.1.5.3.7z\"\/><\/svg><\/span><\/span><\/span><\/a><\/span><\/div>\n<nav><ul class='ez-toc-list ez-toc-list-level-1' ><li class='ez-toc-page-1 ez-toc-heading-level-4'><a class=\"ez-toc-link ez-toc-heading-1\" href=\"https:\/\/honigbee.com\/hr\/proizvod\/500g-bio-braune-rosinen\/#Produktmerkmale\" >Zna\u010dajke proizvoda<\/a><\/li><li class='ez-toc-page-1 ez-toc-heading-level-4'><a class=\"ez-toc-link ez-toc-heading-2\" href=\"https:\/\/honigbee.com\/hr\/proizvod\/500g-bio-braune-rosinen\/#Geschmack_Konsistenz\" >Okus i konzistencija<\/a><\/li><li class='ez-toc-page-1 ez-toc-heading-level-4'><a class=\"ez-toc-link ez-toc-heading-3\" href=\"https:\/\/honigbee.com\/hr\/proizvod\/500g-bio-braune-rosinen\/#Verwendung\" >koristiti<\/a><\/li><li class='ez-toc-page-1 ez-toc-heading-level-4'><a class=\"ez-toc-link ez-toc-heading-4\" href=\"https:\/\/honigbee.com\/hr\/proizvod\/500g-bio-braune-rosinen\/#Nahrwerte_pro_100_g\" >Nutritivne vrijednosti (na 100 g)<\/a><\/li><li class='ez-toc-page-1 ez-toc-heading-level-4'><a class=\"ez-toc-link ez-toc-heading-5\" href=\"https:\/\/honigbee.com\/hr\/proizvod\/500g-bio-braune-rosinen\/#Produktdetails\" >Detalji o proizvodu<\/a><\/li><li class='ez-toc-page-1 ez-toc-heading-level-4'><a class=\"ez-toc-link ez-toc-heading-6\" href=\"https:\/\/honigbee.com\/hr\/proizvod\/500g-bio-braune-rosinen\/#Lagerung\" >skladi\u0161tenje<\/a><\/li><li class='ez-toc-page-1 ez-toc-heading-level-4'><a class=\"ez-toc-link ez-toc-heading-7\" href=\"https:\/\/honigbee.com\/hr\/proizvod\/500g-bio-braune-rosinen\/#Weitere_Inspiration_entdecken\" >Weitere Inspiration entdecken<\/a><\/li><\/ul><\/nav><\/div>\n<p data-start=\"732\" data-end=\"884\">The <strong data-start=\"736\" data-end=\"763\">500g Bio Braune Rosinen<\/strong> stammen aus \u00f6kologischem Anbau und werden schonend getrocknet. Dadurch bleibt das nat\u00fcrliche Aroma der Trauben erhalten.<\/p>\n<p data-start=\"886\" data-end=\"964\">Braune Rosinen eignen sich als Snack sowie als Zutat f\u00fcr verschiedene Rezepte.<\/p>\n<hr data-start=\"966\" data-end=\"969\" \/>\n<h4 data-start=\"971\" data-end=\"991\"><span class=\"ez-toc-section\" id=\"Produktmerkmale\"><\/span>Zna\u010dajke proizvoda<span class=\"ez-toc-section-end\"><\/span><\/h4>\n<p data-start=\"993\" data-end=\"1143\">500g Bio Braune Rosinen<br data-start=\"1016\" data-end=\"1019\" \/>Aus \u00f6kologischem Anbau<br data-start=\"1041\" data-end=\"1044\" \/>Nat\u00fcrlich getrocknet<br data-start=\"1064\" data-end=\"1067\" \/>Bez aditiva<br data-start=\"1084\" data-end=\"1087\" \/>Veganski i bez glutena<br data-start=\"1107\" data-end=\"1110\" \/>Wiederverschlie\u00dfbare Verpackung<\/p>\n<hr data-start=\"1145\" data-end=\"1148\" \/>\n<h4 data-start=\"1150\" data-end=\"1177\"><span class=\"ez-toc-section\" id=\"Geschmack_Konsistenz\"><\/span>Okus i konzistencija<span class=\"ez-toc-section-end\"><\/span><\/h4>\n<p data-start=\"1179\" data-end=\"1265\">Nat\u00fcrlich s\u00fc\u00dfes Traubenaroma<br data-start=\"1207\" data-end=\"1210\" \/>Weiche, leicht z\u00e4he Textur<br data-start=\"1236\" data-end=\"1239\" \/>Fruchtige Geschmacksnote<\/p>\n<hr data-start=\"1267\" data-end=\"1270\" \/>\n<h4 data-start=\"1272\" data-end=\"1287\"><span class=\"ez-toc-section\" id=\"Verwendung\"><\/span>koristiti<span class=\"ez-toc-section-end\"><\/span><\/h4>\n<p data-start=\"1289\" data-end=\"1337\">The <strong data-start=\"1293\" data-end=\"1320\">500g Bio Braune Rosinen<\/strong> prikladni su za:<\/p>\n<p data-start=\"1339\" data-end=\"1455\">\u2022 Snack f\u00fcr unterwegs<br data-start=\"1360\" data-end=\"1363\" \/>\u2022 M\u00fcsli oder Porridge<br data-start=\"1384\" data-end=\"1387\" \/>\u2022 Backrezepte<br data-start=\"1400\" data-end=\"1403\" \/>\u2022 Desserts<br data-start=\"1413\" data-end=\"1416\" \/>\u2022 Kombination mit N\u00fcssen oder Joghurt<\/p>\n<hr data-start=\"1457\" data-end=\"1460\" \/>\n<h4 data-start=\"1462\" data-end=\"1488\"><span class=\"ez-toc-section\" id=\"Nahrwerte_pro_100_g\"><\/span>Nutritivne vrijednosti (na 100 g)<span class=\"ez-toc-section-end\"><\/span><\/h4>\n<p data-start=\"1490\" data-end=\"1649\">Energie: 299 kcal \/ 1251 kJ<br data-start=\"1517\" data-end=\"1520\" \/>Fett: 0,5 g<br data-start=\"1531\" data-end=\"1534\" \/>davon ges\u00e4ttigte Fetts\u00e4uren: 0,28 g<br data-start=\"1569\" data-end=\"1572\" \/>Kohlenhydrate: 79,2 g<br data-start=\"1593\" data-end=\"1596\" \/>davon Zucker: 59,2 g<br data-start=\"1616\" data-end=\"1619\" \/>Proteini: 3,1 g<br data-start=\"1632\" data-end=\"1635\" \/>Sol: 0,03 g<\/p>\n<hr data-start=\"1651\" data-end=\"1654\" \/>\n<h4 data-start=\"1656\" data-end=\"1675\"><span class=\"ez-toc-section\" id=\"Produktdetails\"><\/span>Detalji o proizvodu<span class=\"ez-toc-section-end\"><\/span><\/h4>\n<p data-start=\"1677\" data-end=\"1833\">Produktname: 500g Bio Braune Rosinen<br data-start=\"1713\" data-end=\"1716\" \/>Sadr\u017eaj: 500 g<br data-start=\"1729\" data-end=\"1732\" \/>Herkunft: Usbekistan<br data-start=\"1752\" data-end=\"1755\" \/>Verarbeitung: Nat\u00fcrlich getrocknet<br data-start=\"1789\" data-end=\"1792\" \/>Zutaten: Rosinen aus \u00f6kologischem Anbau<\/p>\n<p data-start=\"1835\" data-end=\"1922\">Kann Spuren von Erdn\u00fcssen, Baumn\u00fcssen, Milch, Soja, Schwefeldioxid und Sesam enthalten.<\/p>\n<hr data-start=\"1924\" data-end=\"1927\" \/>\n<h4 data-start=\"1929\" data-end=\"1942\"><span class=\"ez-toc-section\" id=\"Lagerung\"><\/span>skladi\u0161tenje<span class=\"ez-toc-section-end\"><\/span><\/h4>\n<p data-start=\"1944\" data-end=\"2018\" data-is-last-node=\"\" data-is-only-node=\"\">\u010cuvati na hladnom i suhom mjestu, za\u0161ti\u0107eno od svjetlosti. Nakon otvaranja \u010dvrsto zatvoriti.<\/p>\n<hr data-start=\"1924\" data-end=\"1927\" \/>\n<h4 data-start=\"413\" data-end=\"449\"><span class=\"ez-toc-section\" id=\"Weitere_Inspiration_entdecken\"><\/span>Weitere Inspiration entdecken<span class=\"ez-toc-section-end\"><\/span><\/h4>\n<p data-start=\"450\" data-end=\"582\">Du suchst weitere besondere Produkte? Entdecke zus\u00e4tzliche Highlights in unserem Sortiment oder st\u00f6bere in unseren Partnerprojekten:<\/p>\n<ul data-start=\"584\" data-end=\"920\">\n<li data-start=\"584\" data-end=\"656\"><a href=\"https:\/\/honigbee.com\/hr\/shop\/\">Weitere Naturprodukte bei Honigbee entdecken<\/a><\/li>\n<li data-start=\"657\" data-end=\"783\">\n<p data-start=\"659\" data-end=\"783\"><a href=\"https:\/\/matvana.com\/shop\/\" target=\"_blank\" rel=\"noopener\">Stilvolle Wohnideen bei Matvana ansehen<\/a><\/p>\n<\/li>\n<li data-start=\"784\" data-end=\"920\">\n<p data-start=\"786\" data-end=\"920\"><a href=\"https:\/\/saphirsmaragd.com\/shop\/\" target=\"_blank\" rel=\"noopener\">Edelsteine &amp; Schmuck bei Saphir &amp; Smaragd ansehen<\/a><\/p>\n<\/li>\n<\/ul>\n<hr data-start=\"1931\" data-end=\"1934\" \/>\n<p>Produktbilder dienen der Veranschaulichung. Verpackungsdesign kann abweichen.<\/p>","protected":false},"excerpt":{"rendered":"<p data-start=\"528\" data-end=\"651\"><em>500g Bio braune Rosinen, nat\u00fcrlich getrocknet und ohne Zusatzstoffe. Ideal als Snack, f\u00fcr M\u00fcsli, Backrezepte oder Desserts.<\/em><\/p>","protected":false},"featured_media":43416,"comment_status":"open","ping_status":"closed","template":"","meta":{"_glsr_average":0,"_glsr_ranking":0,"_glsr_reviews":0},"product_brand":[],"product_cat":[679],"product_tag":[],"class_list":{"0":"post-23701","1":"product","2":"type-product","3":"status-publish","4":"has-post-thumbnail","6":"product_cat-getrocknete-rosinen","8":"first","9":"instock","10":"shipping-taxable","11":"purchasable","12":"product-type-simple","13":"add-to-wishlist-before_image"},"jetpack_sharing_enabled":true,"_links":{"self":[{"href":"https:\/\/honigbee.com\/hr\/wp-json\/wp\/v2\/product\/23701","targetHints":{"allow":["GET"]}}],"collection":[{"href":"https:\/\/honigbee.com\/hr\/wp-json\/wp\/v2\/product"}],"about":[{"href":"https:\/\/honigbee.com\/hr\/wp-json\/wp\/v2\/types\/product"}],"replies":[{"embeddable":true,"href":"https:\/\/honigbee.com\/hr\/wp-json\/wp\/v2\/comments?post=23701"}],"version-history":[{"count":3,"href":"https:\/\/honigbee.com\/hr\/wp-json\/wp\/v2\/product\/23701\/revisions"}],"predecessor-version":[{"id":43417,"href":"https:\/\/honigbee.com\/hr\/wp-json\/wp\/v2\/product\/23701\/revisions\/43417"}],"wp:featuredmedia":[{"embeddable":true,"href":"https:\/\/honigbee.com\/hr\/wp-json\/wp\/v2\/media\/43416"}],"wp:attachment":[{"href":"https:\/\/honigbee.com\/hr\/wp-json\/wp\/v2\/media?parent=23701"}],"wp:term":[{"taxonomy":"product_brand","embeddable":true,"href":"https:\/\/honigbee.com\/hr\/wp-json\/wp\/v2\/product_brand?post=23701"},{"taxonomy":"product_cat","embeddable":true,"href":"https:\/\/honigbee.com\/hr\/wp-json\/wp\/v2\/product_cat?post=23701"},{"taxonomy":"product_tag","embeddable":true,"href":"https:\/\/honigbee.com\/hr\/wp-json\/wp\/v2\/product_tag?post=23701"}],"curies":[{"name":"radni list","href":"https:\/\/api.w.org\/{rel}","templated":true}]}}