{"id":43954,"date":"2026-05-08T13:08:45","date_gmt":"2026-05-08T13:08:45","guid":{"rendered":"https:\/\/honigbee.com\/?post_type=product&#038;p=43954"},"modified":"2026-05-08T13:10:49","modified_gmt":"2026-05-08T13:10:49","slug":"grosse-chakra-kristallkerze-sieben-chakren-sojawachs-kerze-mit-kristallen-23h-o-ca-9-cm-0-5-kg","status":"publish","type":"product","link":"https:\/\/honigbee.com\/hr\/proizvod\/grosse-chakra-kristallkerze-sieben-chakren-sojawachs-kerze-mit-kristallen-23h-o-ca-9-cm-0-5-kg\/","title":{"rendered":"Gro\u00dfe Chakra Kristallkerze Sieben Chakren \u2013 Sojawachs Kerze mit Kristallen, 23h, \u00d8 ca. 9 cm, 0.5 kg"},"content":{"rendered":"<div id=\"ez-toc-container\" class=\"ez-toc-v2_0_83 counter-hierarchy ez-toc-counter ez-toc-grey ez-toc-container-direction\">\n<div class=\"ez-toc-title-container\">\n<p class=\"ez-toc-title\" style=\"cursor:inherit\">Sadr\u017eaj<\/p>\n<span class=\"ez-toc-title-toggle\"><a href=\"#\" class=\"ez-toc-pull-right ez-toc-btn ez-toc-btn-xs ez-toc-btn-default ez-toc-toggle\" aria-label=\"Prika\u017ei\/uklju\u010di sadr\u017eaj\"><span class=\"ez-toc-js-icon-con\"><span class=\"\"><span class=\"eztoc-hide\" style=\"display:none;\">Uklju\u010di\/isklju\u010di<\/span><span class=\"ez-toc-icon-toggle-span\"><svg style=\"fill: #999;color:#999\" xmlns=\"http:\/\/www.w3.org\/2000\/svg\" class=\"list-377408\" width=\"20px\" height=\"20px\" viewbox=\"0 0 24 24\" fill=\"none\"><path d=\"M6 6H4v2h2V6zm14 0H8v2h12V6zM4 11h2v2H4v-2zm16 0H8v2h12v-2zM4 16h2v2H4v-2zm16 0H8v2h12v-2z\" fill=\"currentColor\"><\/path><\/svg><svg style=\"fill: #999;color:#999\" class=\"arrow-unsorted-368013\" xmlns=\"http:\/\/www.w3.org\/2000\/svg\" width=\"10px\" height=\"10px\" viewbox=\"0 0 24 24\" version=\"1.2\" baseprofile=\"tiny\"><path d=\"M18.2 9.3l-6.2-6.3-6.2 6.3c-.2.2-.3.4-.3.7s.1.5.3.7c.2.2.4.3.7.3h11c.3 0 .5-.1.7-.3.2-.2.3-.5.3-.7s-.1-.5-.3-.7zM5.8 14.7l6.2 6.3 6.2-6.3c.2-.2.3-.5.3-.7s-.1-.5-.3-.7c-.2-.2-.4-.3-.7-.3h-11c-.3 0-.5.1-.7.3-.2.2-.3.5-.3.7s.1.5.3.7z\"\/><\/svg><\/span><\/span><\/span><\/a><\/span><\/div>\n<nav><ul class='ez-toc-list ez-toc-list-level-1' ><li class='ez-toc-page-1 ez-toc-heading-level-4'><a class=\"ez-toc-link ez-toc-heading-1\" href=\"https:\/\/honigbee.com\/hr\/proizvod\/grosse-chakra-kristallkerze-sieben-chakren-sojawachs-kerze-mit-kristallen-23h-o-ca-9-cm-0-5-kg\/#Stilvolle_Atmosphare_mit_der_grosen_Chakra_Kristallkerze_Sieben_Chakren\" >Stilvolle Atmosph\u00e4re mit der gro\u00dfen Chakra Kristallkerze Sieben Chakren<\/a><\/li><li class='ez-toc-page-1 ez-toc-heading-level-4'><a class=\"ez-toc-link ez-toc-heading-2\" href=\"https:\/\/honigbee.com\/hr\/proizvod\/grosse-chakra-kristallkerze-sieben-chakren-sojawachs-kerze-mit-kristallen-23h-o-ca-9-cm-0-5-kg\/#Naturliche_Materialien_lange_Brenndauer\" >Nat\u00fcrliche Materialien &amp; lange Brenndauer<\/a><\/li><li class='ez-toc-page-1 ez-toc-heading-level-4'><a class=\"ez-toc-link ez-toc-heading-3\" href=\"https:\/\/honigbee.com\/hr\/proizvod\/grosse-chakra-kristallkerze-sieben-chakren-sojawachs-kerze-mit-kristallen-23h-o-ca-9-cm-0-5-kg\/#Einzigartiges_Design_mit_7_echten_Kristallen\" >Einzigartiges Design mit 7 echten Kristallen<\/a><\/li><li class='ez-toc-page-1 ez-toc-heading-level-4'><a class=\"ez-toc-link ez-toc-heading-4\" href=\"https:\/\/honigbee.com\/hr\/proizvod\/grosse-chakra-kristallkerze-sieben-chakren-sojawachs-kerze-mit-kristallen-23h-o-ca-9-cm-0-5-kg\/#Fur_eine_harmonische_und_stilvolle_Umgebung\" >F\u00fcr eine harmonische und stilvolle Umgebung<\/a><\/li><li class='ez-toc-page-1 ez-toc-heading-level-4'><a class=\"ez-toc-link ez-toc-heading-5\" href=\"https:\/\/honigbee.com\/hr\/proizvod\/grosse-chakra-kristallkerze-sieben-chakren-sojawachs-kerze-mit-kristallen-23h-o-ca-9-cm-0-5-kg\/#Praktisch_wiederverwendbar\" >Praktisch &amp; wiederverwendbar<\/a><\/li><li class='ez-toc-page-1 ez-toc-heading-level-4'><a class=\"ez-toc-link ez-toc-heading-6\" href=\"https:\/\/honigbee.com\/hr\/proizvod\/grosse-chakra-kristallkerze-sieben-chakren-sojawachs-kerze-mit-kristallen-23h-o-ca-9-cm-0-5-kg\/#Produktdetails\" >Detalji o proizvodu<\/a><\/li><li class='ez-toc-page-1 ez-toc-heading-level-4'><a class=\"ez-toc-link ez-toc-heading-7\" href=\"https:\/\/honigbee.com\/hr\/proizvod\/grosse-chakra-kristallkerze-sieben-chakren-sojawachs-kerze-mit-kristallen-23h-o-ca-9-cm-0-5-kg\/#Weitere_Inspiration_entdecken\" >Weitere Inspiration entdecken<\/a><\/li><\/ul><\/nav><\/div>\n<h4 data-start=\"1018\" data-end=\"1096\"><span class=\"ez-toc-section\" id=\"Stilvolle_Atmosphare_mit_der_grosen_Chakra_Kristallkerze_Sieben_Chakren\"><\/span>Stilvolle Atmosph\u00e4re mit der gro\u00dfen Chakra Kristallkerze Sieben Chakren<span class=\"ez-toc-section-end\"><\/span><\/h4>\n<p data-start=\"1097\" data-end=\"1325\">Die gro\u00dfe Chakra Kristallkerze Sieben Chakren ist ein besonderes Highlight f\u00fcr Ihr Zuhause. Mit ihrer hochwertigen Verarbeitung und den sieben integrierten Kristallen vereint sie modernes Design mit einer ausdrucksstarken Optik.<\/p>\n<hr data-start=\"1327\" data-end=\"1330\" \/>\n<h4 data-start=\"1332\" data-end=\"1380\"><span class=\"ez-toc-section\" id=\"Naturliche_Materialien_lange_Brenndauer\"><\/span>Nat\u00fcrliche Materialien &amp; lange Brenndauer<span class=\"ez-toc-section-end\"><\/span><\/h4>\n<p data-start=\"1381\" data-end=\"1614\">Gefertigt aus hochwertigem Sojawachs sorgt die Kerze f\u00fcr ein sauberes und gleichm\u00e4\u00dfiges Abbrennen. Dank der l\u00e4ngeren Brenndauer von ca. 23 Stunden eignet sie sich ideal f\u00fcr entspannte Abende und eine dauerhafte, angenehme Atmosph\u00e4re.<\/p>\n<hr data-start=\"1616\" data-end=\"1619\" \/>\n<h4 data-start=\"1621\" data-end=\"1672\"><span class=\"ez-toc-section\" id=\"Einzigartiges_Design_mit_7_echten_Kristallen\"><\/span>Einzigartiges Design mit 7 echten Kristallen<span class=\"ez-toc-section-end\"><\/span><\/h4>\n<p data-start=\"1673\" data-end=\"1867\">Diese Kerze enth\u00e4lt sieben verschiedene Steine, die jeweils f\u00fcr ein Chakra stehen. Die Kombination aus Farben und nat\u00fcrlichen Strukturen macht jede Kerze zu einem einzigartigen Dekorationsst\u00fcck.<\/p>\n<hr data-start=\"1869\" data-end=\"1872\" \/>\n<h4 data-start=\"1874\" data-end=\"1924\"><span class=\"ez-toc-section\" id=\"Fur_eine_harmonische_und_stilvolle_Umgebung\"><\/span>F\u00fcr eine harmonische und stilvolle Umgebung<span class=\"ez-toc-section-end\"><\/span><\/h4>\n<p data-start=\"1925\" data-end=\"2025\">Der Duft \u201eMoon Beams\u201c sorgt f\u00fcr eine angenehme und ausgewogene Stimmung und eignet sich ideal f\u00fcr:<\/p>\n<ul data-start=\"2026\" data-end=\"2131\">\n<li data-section-id=\"v5zl54\" data-start=\"2026\" data-end=\"2056\">Entspannte Abende zu Hause<\/li>\n<li data-section-id=\"kzebkz\" data-start=\"2057\" data-end=\"2080\">Stilvolle Wohnr\u00e4ume<\/li>\n<li data-section-id=\"1fx39q0\" data-start=\"2081\" data-end=\"2113\">Besondere Dekorationsakzente<\/li>\n<li data-section-id=\"71y4r5\" data-start=\"2114\" data-end=\"2131\">Geschenkideen<\/li>\n<\/ul>\n<hr data-start=\"2133\" data-end=\"2136\" \/>\n<h4 data-start=\"2138\" data-end=\"2173\"><span class=\"ez-toc-section\" id=\"Praktisch_wiederverwendbar\"><\/span>Praktisch &amp; wiederverwendbar<span class=\"ez-toc-section-end\"><\/span><\/h4>\n<p data-start=\"2174\" data-end=\"2310\">Nach dem Abbrennen kann das Glas weiterverwendet werden. Die enthaltenen Kristalle lassen sich ebenfalls als dekorative Elemente nutzen.<\/p>\n<hr data-start=\"2312\" data-end=\"2315\" \/>\n<h4 data-start=\"2317\" data-end=\"2338\"><span class=\"ez-toc-section\" id=\"Produktdetails\"><\/span>Detalji o proizvodu<span class=\"ez-toc-section-end\"><\/span><\/h4>\n<p data-start=\"2339\" data-end=\"2595\">Material: Sojawachs, Duft, Glas<br data-start=\"2370\" data-end=\"2373\" \/>Steine: 7 verschiedene Kristalle (Chakra Set)<br data-start=\"2418\" data-end=\"2421\" \/>Brenndauer: ca. 23 Stunden<br data-start=\"2447\" data-end=\"2450\" \/>Ma\u00dfe: ca. \u00d8 9 cm\u00a0<br data-start=\"2487\" data-end=\"2490\" \/>Gewicht (Netto): ca. 0.5 kg<br data-start=\"2538\" data-end=\"2541\" \/>SKU: chkcc-08<br data-start=\"2554\" data-end=\"2557\" \/>EAN: 5056368333392<br data-start=\"2575\" data-end=\"2578\" \/>Podrijetlo: Kina<\/p>\n<hr data-start=\"2312\" data-end=\"2315\" \/>\n<h4 data-start=\"413\" data-end=\"449\"><span class=\"ez-toc-section\" id=\"Weitere_Inspiration_entdecken\"><\/span>Weitere Inspiration entdecken<span class=\"ez-toc-section-end\"><\/span><\/h4>\n<p data-start=\"450\" data-end=\"582\">Suchen Sie weitere besondere Produkte? Entdecken Sie zus\u00e4tzliche Highlights in unserem Sortiment oder besuchen Sie unsere Partnerprojekte:<\/p>\n<ul data-start=\"584\" data-end=\"920\">\n<li><a href=\"https:\/\/matvana.com\/shop\/\" target=\"_blank\" rel=\"noopener\">Stilvolle Wohn- &amp; Geschenkideen bei Matvana entdecken<\/a><\/li>\n<li data-start=\"657\" data-end=\"783\">\n<p data-start=\"659\" data-end=\"783\"><a href=\"https:\/\/honigbee.com\/hr\/shop\/\">Nat\u00fcrliche Produkte bei Honigbee ansehen<br \/>\n<\/a><\/p>\n<\/li>\n<li><a href=\"https:\/\/saphirsmaragd.com\/shop\/\" target=\"_blank\" rel=\"noopener\">Edelsteine &amp; Schmuckst\u00fccke bei Saphir &amp; Smaragd entdecken<\/a><\/li>\n<\/ul>","protected":false},"excerpt":{"rendered":"<p data-start=\"592\" data-end=\"745\"><em>Gro\u00dfe Chakra Kristallkerze Sieben Chakren aus Sojawachs mit 7 Edelsteinen. 23h Brenndauer f\u00fcr eine stilvolle und harmonische Atmosph\u00e4re in Ihrem Zuhause.<\/em><\/p>","protected":false},"featured_media":44026,"comment_status":"open","ping_status":"closed","template":"","meta":{"_glsr_average":0,"_glsr_ranking":0,"_glsr_reviews":0},"product_brand":[],"product_cat":[1534],"product_tag":[],"class_list":{"0":"post-43954","1":"product","2":"type-product","3":"status-publish","4":"has-post-thumbnail","6":"product_cat-chakra-kerzen","8":"first","9":"instock","10":"shipping-taxable","11":"purchasable","12":"product-type-simple","13":"add-to-wishlist-before_image"},"jetpack_sharing_enabled":true,"_links":{"self":[{"href":"https:\/\/honigbee.com\/hr\/wp-json\/wp\/v2\/product\/43954","targetHints":{"allow":["GET"]}}],"collection":[{"href":"https:\/\/honigbee.com\/hr\/wp-json\/wp\/v2\/product"}],"about":[{"href":"https:\/\/honigbee.com\/hr\/wp-json\/wp\/v2\/types\/product"}],"replies":[{"embeddable":true,"href":"https:\/\/honigbee.com\/hr\/wp-json\/wp\/v2\/comments?post=43954"}],"version-history":[{"count":1,"href":"https:\/\/honigbee.com\/hr\/wp-json\/wp\/v2\/product\/43954\/revisions"}],"predecessor-version":[{"id":44027,"href":"https:\/\/honigbee.com\/hr\/wp-json\/wp\/v2\/product\/43954\/revisions\/44027"}],"wp:featuredmedia":[{"embeddable":true,"href":"https:\/\/honigbee.com\/hr\/wp-json\/wp\/v2\/media\/44026"}],"wp:attachment":[{"href":"https:\/\/honigbee.com\/hr\/wp-json\/wp\/v2\/media?parent=43954"}],"wp:term":[{"taxonomy":"product_brand","embeddable":true,"href":"https:\/\/honigbee.com\/hr\/wp-json\/wp\/v2\/product_brand?post=43954"},{"taxonomy":"product_cat","embeddable":true,"href":"https:\/\/honigbee.com\/hr\/wp-json\/wp\/v2\/product_cat?post=43954"},{"taxonomy":"product_tag","embeddable":true,"href":"https:\/\/honigbee.com\/hr\/wp-json\/wp\/v2\/product_tag?post=43954"}],"curies":[{"name":"radni list","href":"https:\/\/api.w.org\/{rel}","templated":true}]}}