{"id":44203,"date":"2026-05-08T13:16:24","date_gmt":"2026-05-08T13:16:24","guid":{"rendered":"https:\/\/honigbee.com\/?post_type=product&#038;p=44203"},"modified":"2026-05-08T13:23:34","modified_gmt":"2026-05-08T13:23:34","slug":"kirchenkerze-klassische-stumpenkerze-fuer-deko-rituale-ca-20-std-brenndauer-0-27-kg-100x70-mm","status":"publish","type":"product","link":"https:\/\/honigbee.com\/hr\/proizvod\/kirchenkerze-klassische-stumpenkerze-fuer-deko-rituale-ca-20-std-brenndauer-0-27-kg-100x70-mm\/","title":{"rendered":"Kirchenkerze \u2013 Klassische Stumpenkerze f\u00fcr Deko &#038; Rituale, ca. 20 Std. Brenndauer, 0.27 kg, 100&#215;70 mm"},"content":{"rendered":"<div id=\"ez-toc-container\" class=\"ez-toc-v2_0_83 counter-hierarchy ez-toc-counter ez-toc-grey ez-toc-container-direction\">\n<div class=\"ez-toc-title-container\">\n<p class=\"ez-toc-title\" style=\"cursor:inherit\">Sadr\u017eaj<\/p>\n<span class=\"ez-toc-title-toggle\"><a href=\"#\" class=\"ez-toc-pull-right ez-toc-btn ez-toc-btn-xs ez-toc-btn-default ez-toc-toggle\" aria-label=\"Prika\u017ei\/uklju\u010di sadr\u017eaj\"><span class=\"ez-toc-js-icon-con\"><span class=\"\"><span class=\"eztoc-hide\" style=\"display:none;\">Uklju\u010di\/isklju\u010di<\/span><span class=\"ez-toc-icon-toggle-span\"><svg style=\"fill: #999;color:#999\" xmlns=\"http:\/\/www.w3.org\/2000\/svg\" class=\"list-377408\" width=\"20px\" height=\"20px\" viewbox=\"0 0 24 24\" fill=\"none\"><path d=\"M6 6H4v2h2V6zm14 0H8v2h12V6zM4 11h2v2H4v-2zm16 0H8v2h12v-2zM4 16h2v2H4v-2zm16 0H8v2h12v-2z\" fill=\"currentColor\"><\/path><\/svg><svg style=\"fill: #999;color:#999\" class=\"arrow-unsorted-368013\" xmlns=\"http:\/\/www.w3.org\/2000\/svg\" width=\"10px\" height=\"10px\" viewbox=\"0 0 24 24\" version=\"1.2\" baseprofile=\"tiny\"><path d=\"M18.2 9.3l-6.2-6.3-6.2 6.3c-.2.2-.3.4-.3.7s.1.5.3.7c.2.2.4.3.7.3h11c.3 0 .5-.1.7-.3.2-.2.3-.5.3-.7s-.1-.5-.3-.7zM5.8 14.7l6.2 6.3 6.2-6.3c.2-.2.3-.5.3-.7s-.1-.5-.3-.7c-.2-.2-.4-.3-.7-.3h-11c-.3 0-.5.1-.7.3-.2.2-.3.5-.3.7s.1.5.3.7z\"\/><\/svg><\/span><\/span><\/span><\/a><\/span><\/div>\n<nav><ul class='ez-toc-list ez-toc-list-level-1' ><li class='ez-toc-page-1 ez-toc-heading-level-4'><a class=\"ez-toc-link ez-toc-heading-1\" href=\"https:\/\/honigbee.com\/hr\/proizvod\/kirchenkerze-klassische-stumpenkerze-fuer-deko-rituale-ca-20-std-brenndauer-0-27-kg-100x70-mm\/#Kirchenkerze_100x70_fur_ruhige_und_spirituelle_Atmosphare\" >Kirchenkerze 100x70 f\u00fcr ruhige und spirituelle Atmosph\u00e4re<\/a><\/li><li class='ez-toc-page-1 ez-toc-heading-level-4'><a class=\"ez-toc-link ez-toc-heading-2\" href=\"https:\/\/honigbee.com\/hr\/proizvod\/kirchenkerze-klassische-stumpenkerze-fuer-deko-rituale-ca-20-std-brenndauer-0-27-kg-100x70-mm\/#Klassisches_Design_zuverlassige_Qualitat\" >Klassisches Design &amp; zuverl\u00e4ssige Qualit\u00e4t<\/a><\/li><li class='ez-toc-page-1 ez-toc-heading-level-4'><a class=\"ez-toc-link ez-toc-heading-3\" href=\"https:\/\/honigbee.com\/hr\/proizvod\/kirchenkerze-klassische-stumpenkerze-fuer-deko-rituale-ca-20-std-brenndauer-0-27-kg-100x70-mm\/#Vielseitig_einsetzbar\" >Svestran<\/a><\/li><li class='ez-toc-page-1 ez-toc-heading-level-4'><a class=\"ez-toc-link ez-toc-heading-4\" href=\"https:\/\/honigbee.com\/hr\/proizvod\/kirchenkerze-klassische-stumpenkerze-fuer-deko-rituale-ca-20-std-brenndauer-0-27-kg-100x70-mm\/#Zeitlos_dekorativ\" >Zeitlos &amp; dekorativ<\/a><\/li><li class='ez-toc-page-1 ez-toc-heading-level-4'><a class=\"ez-toc-link ez-toc-heading-5\" href=\"https:\/\/honigbee.com\/hr\/proizvod\/kirchenkerze-klassische-stumpenkerze-fuer-deko-rituale-ca-20-std-brenndauer-0-27-kg-100x70-mm\/#Produktdetails\" >Detalji o proizvodu<\/a><\/li><li class='ez-toc-page-1 ez-toc-heading-level-4'><a class=\"ez-toc-link ez-toc-heading-6\" href=\"https:\/\/honigbee.com\/hr\/proizvod\/kirchenkerze-klassische-stumpenkerze-fuer-deko-rituale-ca-20-std-brenndauer-0-27-kg-100x70-mm\/#Weitere_Inspiration_entdecken\" >Weitere Inspiration entdecken<\/a><\/li><\/ul><\/nav><\/div>\n<h4 data-start=\"427\" data-end=\"492\">Kirchenkerze 100&#215;70 f\u00fcr ruhige und spirituelle Atmosph\u00e4re<\/h4>\n<p data-start=\"493\" data-end=\"677\">Die Church Candle 100&#215;70 ist eine klassische Kerze, die f\u00fcr eine warme, ruhige und spirituelle Stimmung sorgt. Ideal f\u00fcr Kirchen, Meditation oder als stilvolles Dekoelement im Zuhause.<\/p>\n<hr data-start=\"679\" data-end=\"682\" \/>\n<h4 data-start=\"684\" data-end=\"733\"><span class=\"ez-toc-section\" id=\"Klassisches_Design_zuverlassige_Qualitat\"><\/span>Klassisches Design &amp; zuverl\u00e4ssige Qualit\u00e4t<span class=\"ez-toc-section-end\"><\/span><\/h4>\n<p data-start=\"734\" data-end=\"915\">Gefertigt aus hochwertigem Paraffin \u00fcberzeugt die Church Candle 100&#215;70 durch eine gleichm\u00e4\u00dfige Brenndauer und eine ruhige Flamme. Die schlichte Form macht sie vielseitig einsetzbar.<\/p>\n<hr data-start=\"917\" data-end=\"920\" \/>\n<h4 data-start=\"922\" data-end=\"950\"><span class=\"ez-toc-section\" id=\"Vielseitig_einsetzbar\"><\/span>Svestran<span class=\"ez-toc-section-end\"><\/span><\/h4>\n<p data-start=\"951\" data-end=\"1000\">Die Church Candle 100&#215;70 eignet sich perfekt f\u00fcr:<\/p>\n<ul data-start=\"1001\" data-end=\"1138\">\n<li data-section-id=\"15dew8n\" data-start=\"1001\" data-end=\"1026\">Kirchen &amp; Gebetsr\u00e4ume<\/li>\n<li data-section-id=\"1f7n4bn\" data-start=\"1027\" data-end=\"1055\">Meditation &amp; Entspannung<\/li>\n<li data-section-id=\"10wbpkc\" data-start=\"1056\" data-end=\"1093\">Rituale &amp; spirituelle Anwendungen<\/li>\n<li data-section-id=\"w33qqf\" data-start=\"1094\" data-end=\"1116\">Wohnraumdekoration<\/li>\n<li data-section-id=\"1ch5xu1\" data-start=\"1117\" data-end=\"1138\">besondere Anl\u00e4sse<\/li>\n<\/ul>\n<hr data-start=\"1140\" data-end=\"1143\" \/>\n<h4 data-start=\"1145\" data-end=\"1171\"><span class=\"ez-toc-section\" id=\"Zeitlos_dekorativ\"><\/span>Zeitlos &amp; dekorativ<span class=\"ez-toc-section-end\"><\/span><\/h4>\n<p data-start=\"1172\" data-end=\"1332\">Durch ihr klassisches Design passt die Church Candle 100&#215;70 in jede Umgebung \u2013 von traditionell bis modern \u2013 und schafft eine angenehme, beruhigende Atmosph\u00e4re.<\/p>\n<hr data-start=\"1334\" data-end=\"1337\" \/>\n<h4 data-start=\"1339\" data-end=\"1360\"><span class=\"ez-toc-section\" id=\"Produktdetails\"><\/span>Detalji o proizvodu<span class=\"ez-toc-section-end\"><\/span><\/h4>\n<p data-start=\"1361\" data-end=\"1571\">Material: Paraffin<br data-start=\"1379\" data-end=\"1382\" \/>Ma\u00dfe: 100 x 70 mm<br data-start=\"1399\" data-end=\"1402\" \/>Gewicht: ca. 0.125 kg<br data-start=\"1423\" data-end=\"1426\" \/>Verwendung: Kirchenkerze \/ Dekokerze \/ Meditation<br data-start=\"1475\" data-end=\"1478\" \/>Besonderheit: Gleichm\u00e4\u00dfige Brenndauer, klassische Form<br data-start=\"1532\" data-end=\"1535\" \/>Stil: Klassisch, Ruhig, Spirituell<\/p>\n<hr data-start=\"2147\" data-end=\"2150\" \/>\n<h4 data-start=\"413\" data-end=\"449\"><span class=\"ez-toc-section\" id=\"Weitere_Inspiration_entdecken\"><\/span>Weitere Inspiration entdecken<span class=\"ez-toc-section-end\"><\/span><\/h4>\n<p data-start=\"450\" data-end=\"582\">Suchen Sie weitere besondere Produkte? Entdecken Sie zus\u00e4tzliche Highlights in unserem Sortiment oder besuchen Sie unsere Partnerprojekte:<\/p>\n<ul data-start=\"584\" data-end=\"920\">\n<li><a href=\"https:\/\/matvana.com\/shop\/\" target=\"_blank\" rel=\"noopener\">Stilvolle Wohn- &amp; Geschenkideen bei Matvana entdecken<\/a><\/li>\n<li data-start=\"657\" data-end=\"783\">\n<p data-start=\"659\" data-end=\"783\"><a href=\"https:\/\/honigbee.com\/hr\/shop\/\">Nat\u00fcrliche Produkte bei Honigbee ansehen<br \/>\n<\/a><\/p>\n<\/li>\n<li><a href=\"https:\/\/saphirsmaragd.com\/shop\/\" target=\"_blank\" rel=\"noopener\">Edelsteine &amp; Schmuckst\u00fccke bei Saphir &amp; Smaragd entdecken<\/a><\/li>\n<\/ul>","protected":false},"excerpt":{"rendered":"<p data-start=\"351\" data-end=\"480\"><em>Kirchenkerze aus Paraffin f\u00fcr Deko, Meditation und Rituale. Klassische Stumpenkerze mit ruhiger Flamme und langer Brenndauer.<\/em><\/p>","protected":false},"featured_media":44432,"comment_status":"open","ping_status":"closed","template":"","meta":{"_glsr_average":0,"_glsr_ranking":0,"_glsr_reviews":0},"product_brand":[],"product_cat":[1541],"product_tag":[],"class_list":{"0":"post-44203","1":"product","2":"type-product","3":"status-publish","4":"has-post-thumbnail","6":"product_cat-stumpenkerzen","8":"first","9":"instock","10":"shipping-taxable","11":"purchasable","12":"product-type-simple","13":"add-to-wishlist-before_image"},"jetpack_sharing_enabled":true,"_links":{"self":[{"href":"https:\/\/honigbee.com\/hr\/wp-json\/wp\/v2\/product\/44203","targetHints":{"allow":["GET"]}}],"collection":[{"href":"https:\/\/honigbee.com\/hr\/wp-json\/wp\/v2\/product"}],"about":[{"href":"https:\/\/honigbee.com\/hr\/wp-json\/wp\/v2\/types\/product"}],"replies":[{"embeddable":true,"href":"https:\/\/honigbee.com\/hr\/wp-json\/wp\/v2\/comments?post=44203"}],"version-history":[{"count":1,"href":"https:\/\/honigbee.com\/hr\/wp-json\/wp\/v2\/product\/44203\/revisions"}],"predecessor-version":[{"id":44433,"href":"https:\/\/honigbee.com\/hr\/wp-json\/wp\/v2\/product\/44203\/revisions\/44433"}],"wp:featuredmedia":[{"embeddable":true,"href":"https:\/\/honigbee.com\/hr\/wp-json\/wp\/v2\/media\/44432"}],"wp:attachment":[{"href":"https:\/\/honigbee.com\/hr\/wp-json\/wp\/v2\/media?parent=44203"}],"wp:term":[{"taxonomy":"product_brand","embeddable":true,"href":"https:\/\/honigbee.com\/hr\/wp-json\/wp\/v2\/product_brand?post=44203"},{"taxonomy":"product_cat","embeddable":true,"href":"https:\/\/honigbee.com\/hr\/wp-json\/wp\/v2\/product_cat?post=44203"},{"taxonomy":"product_tag","embeddable":true,"href":"https:\/\/honigbee.com\/hr\/wp-json\/wp\/v2\/product_tag?post=44203"}],"curies":[{"name":"radni list","href":"https:\/\/api.w.org\/{rel}","templated":true}]}}