{"id":45406,"date":"2026-05-08T13:53:03","date_gmt":"2026-05-08T13:53:03","guid":{"rendered":"https:\/\/honigbee.com\/?post_type=product&#038;p=45406"},"modified":"2026-05-08T13:57:21","modified_gmt":"2026-05-08T13:57:21","slug":"stumpenkerzen-set-rot-50mm-4er-set-kerzen-verschiedene-hoehen-dekorative-deko-kerzen-ca-11-33h-brenndauer","status":"publish","type":"product","link":"https:\/\/honigbee.com\/hr\/proizvod\/stumpenkerzen-set-rot-50mm-4er-set-kerzen-verschiedene-hoehen-dekorative-deko-kerzen-ca-11-33h-brenndauer\/","title":{"rendered":"Stumpenkerzen Set Rot 50mm \u2013 4er Set Kerzen verschiedene H\u00f6hen dekorative Deko Kerzen ca. 11\u201333h Brenndauer"},"content":{"rendered":"<div id=\"ez-toc-container\" class=\"ez-toc-v2_0_83 counter-hierarchy ez-toc-counter ez-toc-grey ez-toc-container-direction\">\n<div class=\"ez-toc-title-container\">\n<p class=\"ez-toc-title\" style=\"cursor:inherit\">Sadr\u017eaj<\/p>\n<span class=\"ez-toc-title-toggle\"><a href=\"#\" class=\"ez-toc-pull-right ez-toc-btn ez-toc-btn-xs ez-toc-btn-default ez-toc-toggle\" aria-label=\"Prika\u017ei\/uklju\u010di sadr\u017eaj\"><span class=\"ez-toc-js-icon-con\"><span class=\"\"><span class=\"eztoc-hide\" style=\"display:none;\">Uklju\u010di\/isklju\u010di<\/span><span class=\"ez-toc-icon-toggle-span\"><svg style=\"fill: #999;color:#999\" xmlns=\"http:\/\/www.w3.org\/2000\/svg\" class=\"list-377408\" width=\"20px\" height=\"20px\" viewbox=\"0 0 24 24\" fill=\"none\"><path d=\"M6 6H4v2h2V6zm14 0H8v2h12V6zM4 11h2v2H4v-2zm16 0H8v2h12v-2zM4 16h2v2H4v-2zm16 0H8v2h12v-2z\" fill=\"currentColor\"><\/path><\/svg><svg style=\"fill: #999;color:#999\" class=\"arrow-unsorted-368013\" xmlns=\"http:\/\/www.w3.org\/2000\/svg\" width=\"10px\" height=\"10px\" viewbox=\"0 0 24 24\" version=\"1.2\" baseprofile=\"tiny\"><path d=\"M18.2 9.3l-6.2-6.3-6.2 6.3c-.2.2-.3.4-.3.7s.1.5.3.7c.2.2.4.3.7.3h11c.3 0 .5-.1.7-.3.2-.2.3-.5.3-.7s-.1-.5-.3-.7zM5.8 14.7l6.2 6.3 6.2-6.3c.2-.2.3-.5.3-.7s-.1-.5-.3-.7c-.2-.2-.4-.3-.7-.3h-11c-.3 0-.5.1-.7.3-.2.2-.3.5-.3.7s.1.5.3.7z\"\/><\/svg><\/span><\/span><\/span><\/a><\/span><\/div>\n<nav><ul class='ez-toc-list ez-toc-list-level-1' ><li class='ez-toc-page-1 ez-toc-heading-level-4'><a class=\"ez-toc-link ez-toc-heading-1\" href=\"https:\/\/honigbee.com\/hr\/proizvod\/stumpenkerzen-set-rot-50mm-4er-set-kerzen-verschiedene-hoehen-dekorative-deko-kerzen-ca-11-33h-brenndauer\/#Stumpenkerzen_Set_Rot_50mm_fur_warme_elegante_Atmosphare\" >Stumpenkerzen Set Rot 50mm f\u00fcr warme &amp; elegante Atmosph\u00e4re<\/a><\/li><li class='ez-toc-page-1 ez-toc-heading-level-4'><a class=\"ez-toc-link ez-toc-heading-2\" href=\"https:\/\/honigbee.com\/hr\/proizvod\/stumpenkerzen-set-rot-50mm-4er-set-kerzen-verschiedene-hoehen-dekorative-deko-kerzen-ca-11-33h-brenndauer\/#Modernes_Design_mit_abgestuften_Hohen\" >Modernes Design mit abgestuften H\u00f6hen<\/a><\/li><li class='ez-toc-page-1 ez-toc-heading-level-4'><a class=\"ez-toc-link ez-toc-heading-3\" href=\"https:\/\/honigbee.com\/hr\/proizvod\/stumpenkerzen-set-rot-50mm-4er-set-kerzen-verschiedene-hoehen-dekorative-deko-kerzen-ca-11-33h-brenndauer\/#4er_Set_fur_vielseitige_Dekoration\" >4er Set f\u00fcr vielseitige Dekoration<\/a><\/li><li class='ez-toc-page-1 ez-toc-heading-level-4'><a class=\"ez-toc-link ez-toc-heading-4\" href=\"https:\/\/honigbee.com\/hr\/proizvod\/stumpenkerzen-set-rot-50mm-4er-set-kerzen-verschiedene-hoehen-dekorative-deko-kerzen-ca-11-33h-brenndauer\/#Lange_Brenndauer_fur_gemutliche_Stunden\" >Lange Brenndauer f\u00fcr gem\u00fctliche Stunden<\/a><\/li><li class='ez-toc-page-1 ez-toc-heading-level-4'><a class=\"ez-toc-link ez-toc-heading-5\" href=\"https:\/\/honigbee.com\/hr\/proizvod\/stumpenkerzen-set-rot-50mm-4er-set-kerzen-verschiedene-hoehen-dekorative-deko-kerzen-ca-11-33h-brenndauer\/#Ideal_fur_besondere_Anlasse_Geschenke\" >Ideal f\u00fcr besondere Anl\u00e4sse &amp; Geschenke<\/a><\/li><li class='ez-toc-page-1 ez-toc-heading-level-4'><a class=\"ez-toc-link ez-toc-heading-6\" href=\"https:\/\/honigbee.com\/hr\/proizvod\/stumpenkerzen-set-rot-50mm-4er-set-kerzen-verschiedene-hoehen-dekorative-deko-kerzen-ca-11-33h-brenndauer\/#Produktdetails\" >Detalji o proizvodu<\/a><\/li><li class='ez-toc-page-1 ez-toc-heading-level-4'><a class=\"ez-toc-link ez-toc-heading-7\" href=\"https:\/\/honigbee.com\/hr\/proizvod\/stumpenkerzen-set-rot-50mm-4er-set-kerzen-verschiedene-hoehen-dekorative-deko-kerzen-ca-11-33h-brenndauer\/#Weitere_Inspiration_entdecken\" >Weitere Inspiration entdecken<\/a><\/li><\/ul><\/nav><\/div>\n<h4 data-start=\"666\" data-end=\"731\"><span class=\"ez-toc-section\" id=\"Stumpenkerzen_Set_Rot_50mm_fur_warme_elegante_Atmosphare\"><\/span>Stumpenkerzen Set Rot 50mm f\u00fcr warme &amp; elegante Atmosph\u00e4re<span class=\"ez-toc-section-end\"><\/span><\/h4>\n<p data-start=\"733\" data-end=\"871\">Das Stumpenkerzen Set Rot 50mm bringt mit seinen intensiven Farben und verschiedenen H\u00f6hen eine warme, stilvolle Stimmung in jeden Raum.<\/p>\n<hr data-start=\"873\" data-end=\"876\" \/>\n<h4 data-start=\"878\" data-end=\"922\"><span class=\"ez-toc-section\" id=\"Modernes_Design_mit_abgestuften_Hohen\"><\/span>Modernes Design mit abgestuften H\u00f6hen<span class=\"ez-toc-section-end\"><\/span><\/h4>\n<p data-start=\"924\" data-end=\"1053\">Die unterschiedlichen Gr\u00f6\u00dfen sorgen f\u00fcr ein harmonisches Gesamtbild und setzen dekorative Highlights auf Tischen oder Kommoden.<\/p>\n<hr data-start=\"1055\" data-end=\"1058\" \/>\n<h4 data-start=\"1060\" data-end=\"1101\"><span class=\"ez-toc-section\" id=\"4er_Set_fur_vielseitige_Dekoration\"><\/span>4er Set f\u00fcr vielseitige Dekoration<span class=\"ez-toc-section-end\"><\/span><\/h4>\n<p data-start=\"1103\" data-end=\"1221\">Perfekt kombinierbar oder einzeln platzierbar \u2013 dieses Set bietet maximale Flexibilit\u00e4t f\u00fcr Ihre Wohnraumgestaltung.<\/p>\n<hr data-start=\"1223\" data-end=\"1226\" \/>\n<h4 data-start=\"1228\" data-end=\"1274\"><span class=\"ez-toc-section\" id=\"Lange_Brenndauer_fur_gemutliche_Stunden\"><\/span>Lange Brenndauer f\u00fcr gem\u00fctliche Stunden<span class=\"ez-toc-section-end\"><\/span><\/h4>\n<p data-start=\"1276\" data-end=\"1378\">Dank der unterschiedlichen H\u00f6hen genie\u00dfen Sie eine variable Brenndauer f\u00fcr viele entspannte Momente.<\/p>\n<hr data-start=\"1380\" data-end=\"1383\" \/>\n<h4 data-start=\"1385\" data-end=\"1431\"><span class=\"ez-toc-section\" id=\"Ideal_fur_besondere_Anlasse_Geschenke\"><\/span>Ideal f\u00fcr besondere Anl\u00e4sse &amp; Geschenke<span class=\"ez-toc-section-end\"><\/span><\/h4>\n<p data-start=\"1433\" data-end=\"1545\">Die kr\u00e4ftige rote Farbe eignet sich perfekt f\u00fcr romantische Abende, Feiertage oder als stilvolle Geschenkidee.<\/p>\n<hr data-start=\"1547\" data-end=\"1550\" \/>\n<h4 data-start=\"1552\" data-end=\"1573\"><span class=\"ez-toc-section\" id=\"Produktdetails\"><\/span>Detalji o proizvodu<span class=\"ez-toc-section-end\"><\/span><\/h4>\n<p data-start=\"1575\" data-end=\"1832\"><strong data-start=\"1575\" data-end=\"1588\">Materijal:<\/strong> Paraffinwachs<br data-start=\"1602\" data-end=\"1605\" \/><strong data-start=\"1605\" data-end=\"1615\">Boja:<\/strong> Rot<br data-start=\"1619\" data-end=\"1622\" \/><strong data-start=\"1622\" data-end=\"1630\">Set:<\/strong> 4 St\u00fcck (verschiedene H\u00f6hen)<br data-start=\"1659\" data-end=\"1662\" \/><strong data-start=\"1662\" data-end=\"1678\">Durchmesser:<\/strong> ca. 50 mm<br data-start=\"1688\" data-end=\"1691\" \/><strong data-start=\"1691\" data-end=\"1701\">H\u00f6hen:<\/strong> ca. 7 cm \/ 9 cm \/ 11 cm \/ 13 cm<br data-start=\"1733\" data-end=\"1736\" \/><strong data-start=\"1736\" data-end=\"1751\">Brenndauer:<\/strong> ca. 11 \/ 16 \/ 22 \/ 33 Stunden<br data-start=\"1781\" data-end=\"1784\" \/><strong data-start=\"1784\" data-end=\"1796\">Te\u017eina:<\/strong> ca. 0.61 kg<br data-start=\"1808\" data-end=\"1811\" \/><strong data-start=\"1811\" data-end=\"1824\">Podrijetlo:<\/strong> Polen<\/p>\n<hr data-start=\"2147\" data-end=\"2150\" \/>\n<h4 data-start=\"413\" data-end=\"449\"><span class=\"ez-toc-section\" id=\"Weitere_Inspiration_entdecken\"><\/span>Weitere Inspiration entdecken<span class=\"ez-toc-section-end\"><\/span><\/h4>\n<p data-start=\"450\" data-end=\"582\">Suchen Sie weitere besondere Produkte? Entdecken Sie zus\u00e4tzliche Highlights in unserem Sortiment oder besuchen Sie unsere Partnerprojekte:<\/p>\n<ul data-start=\"584\" data-end=\"920\">\n<li><a href=\"https:\/\/matvana.com\/shop\/\" target=\"_blank\" rel=\"noopener\">Stilvolle Wohn- &amp; Geschenkideen bei Matvana entdecken<\/a><\/li>\n<li data-start=\"657\" data-end=\"783\">\n<p data-start=\"659\" data-end=\"783\"><a href=\"https:\/\/honigbee.com\/hr\/shop\/\">Nat\u00fcrliche Produkte bei Honigbee ansehen<br \/>\n<\/a><\/p>\n<\/li>\n<li><a href=\"https:\/\/saphirsmaragd.com\/shop\/\" target=\"_blank\" rel=\"noopener\">Edelsteine &amp; Schmuckst\u00fccke bei Saphir &amp; Smaragd entdecken<\/a><\/li>\n<\/ul>","protected":false},"excerpt":{"rendered":"<p data-start=\"369\" data-end=\"500\"><em>Stumpenkerzen Set Rot 50mm im 4er Set mit verschiedenen H\u00f6hen. Intensive rote Kerzen f\u00fcr stilvolle Dekoration und lange Brenndauer.<\/em><\/p>","protected":false},"featured_media":45522,"comment_status":"open","ping_status":"closed","template":"","meta":{"_glsr_average":0,"_glsr_ranking":0,"_glsr_reviews":0},"product_brand":[],"product_cat":[1543],"product_tag":[],"class_list":{"0":"post-45406","1":"product","2":"type-product","3":"status-publish","4":"has-post-thumbnail","6":"product_cat-deko-kerzen","8":"first","9":"instock","10":"shipping-taxable","11":"purchasable","12":"product-type-simple","13":"add-to-wishlist-before_image"},"jetpack_sharing_enabled":true,"_links":{"self":[{"href":"https:\/\/honigbee.com\/hr\/wp-json\/wp\/v2\/product\/45406","targetHints":{"allow":["GET"]}}],"collection":[{"href":"https:\/\/honigbee.com\/hr\/wp-json\/wp\/v2\/product"}],"about":[{"href":"https:\/\/honigbee.com\/hr\/wp-json\/wp\/v2\/types\/product"}],"replies":[{"embeddable":true,"href":"https:\/\/honigbee.com\/hr\/wp-json\/wp\/v2\/comments?post=45406"}],"version-history":[{"count":1,"href":"https:\/\/honigbee.com\/hr\/wp-json\/wp\/v2\/product\/45406\/revisions"}],"predecessor-version":[{"id":45523,"href":"https:\/\/honigbee.com\/hr\/wp-json\/wp\/v2\/product\/45406\/revisions\/45523"}],"wp:featuredmedia":[{"embeddable":true,"href":"https:\/\/honigbee.com\/hr\/wp-json\/wp\/v2\/media\/45522"}],"wp:attachment":[{"href":"https:\/\/honigbee.com\/hr\/wp-json\/wp\/v2\/media?parent=45406"}],"wp:term":[{"taxonomy":"product_brand","embeddable":true,"href":"https:\/\/honigbee.com\/hr\/wp-json\/wp\/v2\/product_brand?post=45406"},{"taxonomy":"product_cat","embeddable":true,"href":"https:\/\/honigbee.com\/hr\/wp-json\/wp\/v2\/product_cat?post=45406"},{"taxonomy":"product_tag","embeddable":true,"href":"https:\/\/honigbee.com\/hr\/wp-json\/wp\/v2\/product_tag?post=45406"}],"curies":[{"name":"radni list","href":"https:\/\/api.w.org\/{rel}","templated":true}]}}