{"id":9199,"date":"2024-10-19T14:13:04","date_gmt":"2024-10-19T14:13:04","guid":{"rendered":"https:\/\/honigbee.com\/?post_type=product&#038;p=9199"},"modified":"2026-03-11T21:36:13","modified_gmt":"2026-03-11T21:36:13","slug":"180-camu-camu-extrakt-kapseln","status":"publish","type":"product","link":"https:\/\/honigbee.com\/hr\/proizvod\/180-camu-camu-extrakt-kapseln\/","title":{"rendered":"180 Camu Camu Extrakt Kapseln \u2013 Vegane Kapseln mit 500 mg Fruchtextrakt"},"content":{"rendered":"<div id=\"ez-toc-container\" class=\"ez-toc-v2_0_83 counter-hierarchy ez-toc-counter ez-toc-grey ez-toc-container-direction\">\n<div class=\"ez-toc-title-container\">\n<p class=\"ez-toc-title\" style=\"cursor:inherit\">Sadr\u017eaj<\/p>\n<span class=\"ez-toc-title-toggle\"><a href=\"#\" class=\"ez-toc-pull-right ez-toc-btn ez-toc-btn-xs ez-toc-btn-default ez-toc-toggle\" aria-label=\"Prika\u017ei\/uklju\u010di sadr\u017eaj\"><span class=\"ez-toc-js-icon-con\"><span class=\"\"><span class=\"eztoc-hide\" style=\"display:none;\">Uklju\u010di\/isklju\u010di<\/span><span class=\"ez-toc-icon-toggle-span\"><svg style=\"fill: #999;color:#999\" xmlns=\"http:\/\/www.w3.org\/2000\/svg\" class=\"list-377408\" width=\"20px\" height=\"20px\" viewbox=\"0 0 24 24\" fill=\"none\"><path d=\"M6 6H4v2h2V6zm14 0H8v2h12V6zM4 11h2v2H4v-2zm16 0H8v2h12v-2zM4 16h2v2H4v-2zm16 0H8v2h12v-2z\" fill=\"currentColor\"><\/path><\/svg><svg style=\"fill: #999;color:#999\" class=\"arrow-unsorted-368013\" xmlns=\"http:\/\/www.w3.org\/2000\/svg\" width=\"10px\" height=\"10px\" viewbox=\"0 0 24 24\" version=\"1.2\" baseprofile=\"tiny\"><path d=\"M18.2 9.3l-6.2-6.3-6.2 6.3c-.2.2-.3.4-.3.7s.1.5.3.7c.2.2.4.3.7.3h11c.3 0 .5-.1.7-.3.2-.2.3-.5.3-.7s-.1-.5-.3-.7zM5.8 14.7l6.2 6.3 6.2-6.3c.2-.2.3-.5.3-.7s-.1-.5-.3-.7c-.2-.2-.4-.3-.7-.3h-11c-.3 0-.5.1-.7.3-.2.2-.3.5-.3.7s.1.5.3.7z\"\/><\/svg><\/span><\/span><\/span><\/a><\/span><\/div>\n<nav><ul class='ez-toc-list ez-toc-list-level-1' ><li class='ez-toc-page-1 ez-toc-heading-level-4'><a class=\"ez-toc-link ez-toc-heading-1\" href=\"https:\/\/honigbee.com\/hr\/proizvod\/180-camu-camu-extrakt-kapseln\/#Produktvorteile\" >Prednosti proizvoda<\/a><\/li><li class='ez-toc-page-1 ez-toc-heading-level-4'><a class=\"ez-toc-link ez-toc-heading-2\" href=\"https:\/\/honigbee.com\/hr\/proizvod\/180-camu-camu-extrakt-kapseln\/#Eigenschaften_der_Camu-Camu-Frucht\" >Eigenschaften der Camu-Camu-Frucht<\/a><\/li><li class='ez-toc-page-1 ez-toc-heading-level-4'><a class=\"ez-toc-link ez-toc-heading-3\" href=\"https:\/\/honigbee.com\/hr\/proizvod\/180-camu-camu-extrakt-kapseln\/#Anwendung\" >Primjena<\/a><\/li><li class='ez-toc-page-1 ez-toc-heading-level-4'><a class=\"ez-toc-link ez-toc-heading-4\" href=\"https:\/\/honigbee.com\/hr\/proizvod\/180-camu-camu-extrakt-kapseln\/#Produktdetails\" >Detalji o proizvodu<\/a><\/li><li class='ez-toc-page-1 ez-toc-heading-level-4'><a class=\"ez-toc-link ez-toc-heading-5\" href=\"https:\/\/honigbee.com\/hr\/proizvod\/180-camu-camu-extrakt-kapseln\/#Lagerung\" >skladi\u0161tenje<\/a><\/li><li class='ez-toc-page-1 ez-toc-heading-level-4'><a class=\"ez-toc-link ez-toc-heading-6\" href=\"https:\/\/honigbee.com\/hr\/proizvod\/180-camu-camu-extrakt-kapseln\/#Hinweis\" >Obavijest<\/a><\/li><li class='ez-toc-page-1 ez-toc-heading-level-4'><a class=\"ez-toc-link ez-toc-heading-7\" href=\"https:\/\/honigbee.com\/hr\/proizvod\/180-camu-camu-extrakt-kapseln\/#Weitere_Inspiration_entdecken\" >Weitere Inspiration entdecken<\/a><\/li><\/ul><\/nav><\/div>\n<p data-start=\"522\" data-end=\"742\">The <strong data-start=\"526\" data-end=\"555\">Camu Camu Extrakt Kapseln<\/strong> enthalten einen pflanzlichen Extrakt aus der Camu-Camu-Frucht (<em data-start=\"619\" data-end=\"636\">Myrciaria dubia<\/em>). Diese Frucht stammt urspr\u00fcnglich aus S\u00fcdamerika und wird h\u00e4ufig in Nahrungserg\u00e4nzungsmitteln verwendet.<\/p>\n<p data-start=\"744\" data-end=\"841\">Der Extrakt wird in Kapselform verarbeitet und eignet sich zur Erg\u00e4nzung der t\u00e4glichen Ern\u00e4hrung.<\/p>\n<hr data-start=\"843\" data-end=\"846\" \/>\n<h4 data-start=\"848\" data-end=\"868\"><span class=\"ez-toc-section\" id=\"Produktvorteile\"><\/span>Prednosti proizvoda<span class=\"ez-toc-section-end\"><\/span><\/h4>\n<p data-start=\"870\" data-end=\"1049\">\u2022 180 Camu Camu Extrakt Kapseln<br data-start=\"901\" data-end=\"904\" \/>\u2022 500 mg Camu Camu Extrakt pro Kapsel<br data-start=\"941\" data-end=\"944\" \/>\u2022 Pflanzlicher Fruchtextrakt<br data-start=\"972\" data-end=\"975\" \/>\u2022 Vegan, glutenfrei und laktosefrei<br data-start=\"1010\" data-end=\"1013\" \/>\u2022 Frei von unn\u00f6tigen Zusatzstoffen<\/p>\n<hr data-start=\"1051\" data-end=\"1054\" \/>\n<h4 data-start=\"1056\" data-end=\"1095\"><span class=\"ez-toc-section\" id=\"Eigenschaften_der_Camu-Camu-Frucht\"><\/span>Eigenschaften der Camu-Camu-Frucht<span class=\"ez-toc-section-end\"><\/span><\/h4>\n<p data-start=\"1097\" data-end=\"1230\">Camu Camu ist eine tropische Frucht aus S\u00fcdamerika. Der Extrakt wird aus der Frucht gewonnen und anschlie\u00dfend zu Kapseln verarbeitet.<\/p>\n<p data-start=\"1232\" data-end=\"1384\">Die Frucht enth\u00e4lt von Natur aus verschiedene pflanzliche Inhaltsstoffe und wird h\u00e4ufig als Bestandteil pflanzlicher Nahrungserg\u00e4nzungsmittel verwendet.<\/p>\n<hr data-start=\"1386\" data-end=\"1389\" \/>\n<h4 data-start=\"1391\" data-end=\"1405\"><span class=\"ez-toc-section\" id=\"Anwendung\"><\/span>Primjena<span class=\"ez-toc-section-end\"><\/span><\/h4>\n<p data-start=\"1407\" data-end=\"1514\">Preporu\u010deni unos:<br data-start=\"1425\" data-end=\"1428\" \/><strong data-start=\"1428\" data-end=\"1448\">1 Kapsel t\u00e4glich<\/strong> mit ausreichend Wasser einnehmen, vorzugsweise zu einer Mahlzeit.<\/p>\n<p data-start=\"1516\" data-end=\"1587\">Die empfohlene t\u00e4gliche Verzehrmenge sollte nicht \u00fcberschritten werden.<\/p>\n<hr data-start=\"1589\" data-end=\"1592\" \/>\n<h4 data-start=\"1594\" data-end=\"1613\"><span class=\"ez-toc-section\" id=\"Produktdetails\"><\/span>Detalji o proizvodu<span class=\"ez-toc-section-end\"><\/span><\/h4>\n<p data-start=\"1615\" data-end=\"1638\">Sadr\u017eaj: <strong data-start=\"1623\" data-end=\"1638\">180 kapsula<\/strong><\/p>\n<p data-start=\"1640\" data-end=\"1662\">Oblik: Veganske kapsule<\/p>\n<p data-start=\"1664\" data-end=\"1712\">Aktivni sastojak:<br data-start=\"1674\" data-end=\"1677\" \/>500 mg Camu Camu Extrakt pro Kapsel<\/p>\n<p data-start=\"1714\" data-end=\"1793\">Karakteristike:<br data-start=\"1728\" data-end=\"1731\" \/>Vegan, glutenfrei, laktosefrei und ohne unn\u00f6tige Zusatzstoffe.<\/p>\n<hr data-start=\"1795\" data-end=\"1798\" \/>\n<h4 data-start=\"1800\" data-end=\"1813\"><span class=\"ez-toc-section\" id=\"Lagerung\"><\/span>skladi\u0161tenje<span class=\"ez-toc-section-end\"><\/span><\/h4>\n<p data-start=\"1815\" data-end=\"1944\">\u010cuvati na hladnom i suhom mjestu, za\u0161ti\u0107eno od svjetlosti.<br data-start=\"1855\" data-end=\"1858\" \/>Nach dem \u00d6ffnen gut verschlie\u00dfen und au\u00dferhalb der Reichweite von Kindern aufbewahren.<\/p>\n<hr data-start=\"1946\" data-end=\"1949\" \/>\n<h4 data-start=\"1951\" data-end=\"1963\"><span class=\"ez-toc-section\" id=\"Hinweis\"><\/span>Obavijest<span class=\"ez-toc-section-end\"><\/span><\/h4>\n<p data-start=\"1965\" data-end=\"2117\" data-is-last-node=\"\" data-is-only-node=\"\">Nahrungserg\u00e4nzungsmittel sollten nicht als Ersatz f\u00fcr eine abwechslungsreiche und ausgewogene Ern\u00e4hrung sowie eine gesunde Lebensweise verwendet werden.<\/p>\n<hr data-start=\"1946\" data-end=\"1949\" \/>\n<h4 data-start=\"413\" data-end=\"449\"><span class=\"ez-toc-section\" id=\"Weitere_Inspiration_entdecken\"><\/span>Weitere Inspiration entdecken<span class=\"ez-toc-section-end\"><\/span><\/h4>\n<p data-start=\"450\" data-end=\"582\">Du suchst weitere besondere Produkte? Entdecke zus\u00e4tzliche Highlights in unserem Sortiment oder st\u00f6bere in unseren Partnerprojekten:<\/p>\n<ul data-start=\"584\" data-end=\"920\">\n<li data-start=\"584\" data-end=\"656\"><a href=\"https:\/\/honigbee.com\/hr\/shop\/\">Weitere Naturprodukte bei Honigbee entdecken<\/a><\/li>\n<li data-start=\"657\" data-end=\"783\">\n<p data-start=\"659\" data-end=\"783\"><a href=\"https:\/\/matvana.com\/shop\/\" target=\"_blank\" rel=\"noopener\">Stilvolle Wohnideen bei Matvana ansehen<\/a><\/p>\n<\/li>\n<li data-start=\"784\" data-end=\"920\">\n<p data-start=\"786\" data-end=\"920\"><a href=\"https:\/\/saphirsmaragd.com\/shop\/\" target=\"_blank\" rel=\"noopener\">Edelsteine &amp; Schmuck bei Saphir &amp; Smaragd ansehen<\/a><\/p>\n<\/li>\n<\/ul>\n<hr data-start=\"1931\" data-end=\"1934\" \/>\n<p>Produktbilder dienen der Veranschaulichung. Verpackungsdesign kann abweichen.<\/p>","protected":false},"excerpt":{"rendered":"<p data-start=\"304\" data-end=\"431\"><em>Camu Camu Extrakt Kapseln mit 500 mg Fruchtextrakt aus Camu Camu. 180 vegane Kapseln zur Erg\u00e4nzung der t\u00e4glichen Ern\u00e4hrung.<\/em><\/p>\n<p class=\"\" data-start=\"3526\" data-end=\"3597\">","protected":false},"featured_media":43666,"comment_status":"open","ping_status":"closed","template":"","meta":{"_glsr_average":0,"_glsr_ranking":0,"_glsr_reviews":0},"product_brand":[],"product_cat":[369],"product_tag":[],"class_list":{"0":"post-9199","1":"product","2":"type-product","3":"status-publish","4":"has-post-thumbnail","6":"product_cat-camu-camu","8":"first","9":"instock","10":"shipping-taxable","11":"purchasable","12":"product-type-simple","13":"add-to-wishlist-before_image"},"jetpack_sharing_enabled":true,"_links":{"self":[{"href":"https:\/\/honigbee.com\/hr\/wp-json\/wp\/v2\/product\/9199","targetHints":{"allow":["GET"]}}],"collection":[{"href":"https:\/\/honigbee.com\/hr\/wp-json\/wp\/v2\/product"}],"about":[{"href":"https:\/\/honigbee.com\/hr\/wp-json\/wp\/v2\/types\/product"}],"replies":[{"embeddable":true,"href":"https:\/\/honigbee.com\/hr\/wp-json\/wp\/v2\/comments?post=9199"}],"version-history":[{"count":3,"href":"https:\/\/honigbee.com\/hr\/wp-json\/wp\/v2\/product\/9199\/revisions"}],"predecessor-version":[{"id":43667,"href":"https:\/\/honigbee.com\/hr\/wp-json\/wp\/v2\/product\/9199\/revisions\/43667"}],"wp:featuredmedia":[{"embeddable":true,"href":"https:\/\/honigbee.com\/hr\/wp-json\/wp\/v2\/media\/43666"}],"wp:attachment":[{"href":"https:\/\/honigbee.com\/hr\/wp-json\/wp\/v2\/media?parent=9199"}],"wp:term":[{"taxonomy":"product_brand","embeddable":true,"href":"https:\/\/honigbee.com\/hr\/wp-json\/wp\/v2\/product_brand?post=9199"},{"taxonomy":"product_cat","embeddable":true,"href":"https:\/\/honigbee.com\/hr\/wp-json\/wp\/v2\/product_cat?post=9199"},{"taxonomy":"product_tag","embeddable":true,"href":"https:\/\/honigbee.com\/hr\/wp-json\/wp\/v2\/product_tag?post=9199"}],"curies":[{"name":"radni list","href":"https:\/\/api.w.org\/{rel}","templated":true}]}}