{"id":14249,"date":"2025-01-05T18:32:27","date_gmt":"2025-01-05T18:32:27","guid":{"rendered":"https:\/\/honigbee.com\/?post_type=product&#038;p=14249"},"modified":"2026-03-07T19:13:15","modified_gmt":"2026-03-07T19:13:15","slug":"1-kg-kalifornische-mandeln","status":"publish","type":"product","link":"https:\/\/honigbee.com\/hu\/termek\/1-kg-kalifornische-mandeln\/","title":{"rendered":"1 kg Kalifornische Mandeln \u2013 Roh, naturbelassen &#038; unger\u00f6stet \u2013 Ohne Schale"},"content":{"rendered":"<div id=\"ez-toc-container\" class=\"ez-toc-v2_0_83 counter-hierarchy ez-toc-counter ez-toc-grey ez-toc-container-direction\">\n<div class=\"ez-toc-title-container\">\n<p class=\"ez-toc-title\" style=\"cursor:inherit\">Tartalomjegyz\u00e9k<\/p>\n<span class=\"ez-toc-title-toggle\"><a href=\"#\" class=\"ez-toc-pull-right ez-toc-btn ez-toc-btn-xs ez-toc-btn-default ez-toc-toggle\" aria-label=\"Tartalomjegyz\u00e9k be-\/kikapcsol\u00e1sa\"><span class=\"ez-toc-js-icon-con\"><span class=\"\"><span class=\"eztoc-hide\" style=\"display:none;\">V\u00e1lt\u00e1s<\/span><span class=\"ez-toc-icon-toggle-span\"><svg style=\"fill: #999;color:#999\" xmlns=\"http:\/\/www.w3.org\/2000\/svg\" class=\"list-377408\" width=\"20px\" height=\"20px\" viewbox=\"0 0 24 24\" fill=\"none\"><path d=\"M6 6H4v2h2V6zm14 0H8v2h12V6zM4 11h2v2H4v-2zm16 0H8v2h12v-2zM4 16h2v2H4v-2zm16 0H8v2h12v-2z\" fill=\"currentColor\"><\/path><\/svg><svg style=\"fill: #999;color:#999\" class=\"arrow-unsorted-368013\" xmlns=\"http:\/\/www.w3.org\/2000\/svg\" width=\"10px\" height=\"10px\" viewbox=\"0 0 24 24\" version=\"1.2\" baseprofile=\"tiny\"><path d=\"M18.2 9.3l-6.2-6.3-6.2 6.3c-.2.2-.3.4-.3.7s.1.5.3.7c.2.2.4.3.7.3h11c.3 0 .5-.1.7-.3.2-.2.3-.5.3-.7s-.1-.5-.3-.7zM5.8 14.7l6.2 6.3 6.2-6.3c.2-.2.3-.5.3-.7s-.1-.5-.3-.7c-.2-.2-.4-.3-.7-.3h-11c-.3 0-.5.1-.7.3-.2.2-.3.5-.3.7s.1.5.3.7z\"\/><\/svg><\/span><\/span><\/span><\/a><\/span><\/div>\n<nav><ul class='ez-toc-list ez-toc-list-level-1' ><li class='ez-toc-page-1 ez-toc-heading-level-4'><a class=\"ez-toc-link ez-toc-heading-1\" href=\"https:\/\/honigbee.com\/hu\/termek\/1-kg-kalifornische-mandeln\/#1_kg_Kalifornische_Mandeln_%E2%80%93_Roh_naturbelassen\" >1 kg Kalifornische Mandeln \u2013 Roh &amp; naturbelassen<\/a><\/li><li class='ez-toc-page-1 ez-toc-heading-level-4'><a class=\"ez-toc-link ez-toc-heading-2\" href=\"https:\/\/honigbee.com\/hu\/termek\/1-kg-kalifornische-mandeln\/#Produktvorteile\" >Term\u00e9k el\u0151nyei<\/a><\/li><li class='ez-toc-page-1 ez-toc-heading-level-4'><a class=\"ez-toc-link ez-toc-heading-3\" href=\"https:\/\/honigbee.com\/hu\/termek\/1-kg-kalifornische-mandeln\/#Verwendung\" >haszn\u00e1lat<\/a><\/li><li class='ez-toc-page-1 ez-toc-heading-level-4'><a class=\"ez-toc-link ez-toc-heading-4\" href=\"https:\/\/honigbee.com\/hu\/termek\/1-kg-kalifornische-mandeln\/#Produktdetails\" >Term\u00e9kadatok<\/a><\/li><li class='ez-toc-page-1 ez-toc-heading-level-4'><a class=\"ez-toc-link ez-toc-heading-5\" href=\"https:\/\/honigbee.com\/hu\/termek\/1-kg-kalifornische-mandeln\/#Weitere_Inspiration_entdecken\" >Weitere Inspiration entdecken<\/a><\/li><\/ul><\/nav><\/div>\n<h4 data-start=\"381\" data-end=\"436\"><span class=\"ez-toc-section\" id=\"1_kg_Kalifornische_Mandeln_%E2%80%93_Roh_naturbelassen\"><\/span>1 kg Kalifornische Mandeln \u2013 Roh &amp; naturbelassen<span class=\"ez-toc-section-end\"><\/span><\/h4>\n<p data-start=\"438\" data-end=\"609\">Diese kalifornischen Mandeln werden roh, unger\u00f6stet und ohne Zus\u00e4tze angeboten. Sie sind naturbelassen, ungesalzen und ohne Schale \u2013 perfekt f\u00fcr eine bewusste Ern\u00e4hrung.<\/p>\n<p data-start=\"611\" data-end=\"730\">Mit ihrem mild-nussigen Geschmack und der knackigen Textur eignen sie sich sowohl f\u00fcr s\u00fc\u00dfe als auch herzhafte Gerichte.<\/p>\n<hr data-start=\"732\" data-end=\"735\" \/>\n<h4 data-start=\"737\" data-end=\"759\"><span class=\"ez-toc-section\" id=\"Produktvorteile\"><\/span>Term\u00e9k el\u0151nyei<span class=\"ez-toc-section-end\"><\/span><\/h4>\n<ul data-start=\"761\" data-end=\"891\">\n<li data-start=\"761\" data-end=\"778\">\n<p data-start=\"763\" data-end=\"778\">100 % Mandeln<\/p>\n<\/li>\n<li data-start=\"779\" data-end=\"801\">\n<p data-start=\"781\" data-end=\"801\">Roh und unger\u00f6stet<\/p>\n<\/li>\n<li data-start=\"802\" data-end=\"836\">\n<p data-start=\"804\" data-end=\"836\">Naturbelassen und ohne Zus\u00e4tze<\/p>\n<\/li>\n<li data-start=\"837\" data-end=\"851\">\n<p data-start=\"839\" data-end=\"851\">Ungesalzen<\/p>\n<\/li>\n<li data-start=\"852\" data-end=\"867\">\n<p data-start=\"854\" data-end=\"867\">Ohne Schale<\/p>\n<\/li>\n<li data-start=\"868\" data-end=\"891\">\n<p data-start=\"870\" data-end=\"891\">1 kg Vorratspackung<\/p>\n<\/li>\n<\/ul>\n<hr data-start=\"893\" data-end=\"896\" \/>\n<h4 data-start=\"898\" data-end=\"915\"><span class=\"ez-toc-section\" id=\"Verwendung\"><\/span>haszn\u00e1lat<span class=\"ez-toc-section-end\"><\/span><\/h4>\n<p data-start=\"917\" data-end=\"938\">Ideal geeignet f\u00fcr:<\/p>\n<ul data-start=\"940\" data-end=\"1050\">\n<li data-start=\"940\" data-end=\"961\">\n<p data-start=\"942\" data-end=\"961\">Kuchen und Geb\u00e4ck<\/p>\n<\/li>\n<li data-start=\"962\" data-end=\"992\">\n<p data-start=\"964\" data-end=\"992\">Mandelmilch oder Mandelmus<\/p>\n<\/li>\n<li data-start=\"993\" data-end=\"1013\">\n<p data-start=\"995\" data-end=\"1013\">M\u00fcslis und Bowls<\/p>\n<\/li>\n<li data-start=\"1014\" data-end=\"1024\">\n<p data-start=\"1016\" data-end=\"1024\">Salate<\/p>\n<\/li>\n<li data-start=\"1025\" data-end=\"1050\">\n<p data-start=\"1027\" data-end=\"1050\">Als nat\u00fcrlicher Snack<\/p>\n<\/li>\n<\/ul>\n<hr data-start=\"1052\" data-end=\"1055\" \/>\n<h4 data-start=\"1057\" data-end=\"1078\"><span class=\"ez-toc-section\" id=\"Produktdetails\"><\/span>Term\u00e9kadatok<span class=\"ez-toc-section-end\"><\/span><\/h4>\n<p data-start=\"1080\" data-end=\"1259\">Tartalom: 1 kg<br data-start=\"1092\" data-end=\"1095\" \/>Zutaten: 100 % Mandeln<br data-start=\"1117\" data-end=\"1120\" \/>Verarbeitung: Roh, naturbelassen, unger\u00f6stet<br data-start=\"1164\" data-end=\"1167\" \/>Qualit\u00e4t: Ohne Schale<br data-start=\"1188\" data-end=\"1191\" \/>Allergenhinweis: Kann Spuren von anderen Schalenfr\u00fcchten enthalten<\/p>\n<hr data-start=\"1052\" data-end=\"1055\" \/>\n<h4 data-start=\"413\" data-end=\"449\"><span class=\"ez-toc-section\" id=\"Weitere_Inspiration_entdecken\"><\/span>Weitere Inspiration entdecken<span class=\"ez-toc-section-end\"><\/span><\/h4>\n<p data-start=\"450\" data-end=\"582\">Du suchst weitere besondere Produkte? Entdecke zus\u00e4tzliche Highlights in unserem Sortiment oder st\u00f6bere in unseren Partnerprojekten:<\/p>\n<ul data-start=\"584\" data-end=\"920\">\n<li data-start=\"584\" data-end=\"656\"><a href=\"https:\/\/honigbee.com\/hu\/shop\/\">Weitere Naturprodukte bei Honigbee entdecken<\/a><\/li>\n<li data-start=\"657\" data-end=\"783\">\n<p data-start=\"659\" data-end=\"783\"><a href=\"https:\/\/matvana.com\/shop\/\" target=\"_blank\" rel=\"noopener\">Stilvolle Wohnideen bei Matvana ansehen<\/a><\/p>\n<\/li>\n<li data-start=\"784\" data-end=\"920\">\n<p data-start=\"786\" data-end=\"920\"><a href=\"https:\/\/saphirsmaragd.com\/shop\/\" target=\"_blank\" rel=\"noopener\">Edelsteine &amp; Schmuck bei Saphir &amp; Smaragd ansehen<\/a><\/p>\n<\/li>\n<\/ul>","protected":false},"excerpt":{"rendered":"<p data-start=\"191\" data-end=\"346\"><em>1 kg kalifornische Mandeln \u2013 roh, naturbelassen und unger\u00f6stet. Ohne Schale, ungesalzen und ohne Zus\u00e4tze. Ideal zum Backen, Kochen oder als gesunder Snack.<\/em><\/p>","protected":false},"featured_media":42193,"comment_status":"open","ping_status":"closed","template":"","meta":{"_glsr_average":0,"_glsr_ranking":0,"_glsr_reviews":0},"product_brand":[],"product_cat":[633],"product_tag":[],"class_list":{"0":"post-14249","1":"product","2":"type-product","3":"status-publish","4":"has-post-thumbnail","6":"product_cat-mandeln","8":"first","9":"instock","10":"shipping-taxable","11":"purchasable","12":"product-type-simple","13":"add-to-wishlist-before_image"},"jetpack_sharing_enabled":true,"_links":{"self":[{"href":"https:\/\/honigbee.com\/hu\/wp-json\/wp\/v2\/product\/14249","targetHints":{"allow":["GET"]}}],"collection":[{"href":"https:\/\/honigbee.com\/hu\/wp-json\/wp\/v2\/product"}],"about":[{"href":"https:\/\/honigbee.com\/hu\/wp-json\/wp\/v2\/types\/product"}],"replies":[{"embeddable":true,"href":"https:\/\/honigbee.com\/hu\/wp-json\/wp\/v2\/comments?post=14249"}],"version-history":[{"count":3,"href":"https:\/\/honigbee.com\/hu\/wp-json\/wp\/v2\/product\/14249\/revisions"}],"predecessor-version":[{"id":42194,"href":"https:\/\/honigbee.com\/hu\/wp-json\/wp\/v2\/product\/14249\/revisions\/42194"}],"wp:featuredmedia":[{"embeddable":true,"href":"https:\/\/honigbee.com\/hu\/wp-json\/wp\/v2\/media\/42193"}],"wp:attachment":[{"href":"https:\/\/honigbee.com\/hu\/wp-json\/wp\/v2\/media?parent=14249"}],"wp:term":[{"taxonomy":"product_brand","embeddable":true,"href":"https:\/\/honigbee.com\/hu\/wp-json\/wp\/v2\/product_brand?post=14249"},{"taxonomy":"product_cat","embeddable":true,"href":"https:\/\/honigbee.com\/hu\/wp-json\/wp\/v2\/product_cat?post=14249"},{"taxonomy":"product_tag","embeddable":true,"href":"https:\/\/honigbee.com\/hu\/wp-json\/wp\/v2\/product_tag?post=14249"}],"curies":[{"name":"munkaf\u00fczet","href":"https:\/\/api.w.org\/{rel}","templated":true}]}}