{"id":16076,"date":"2025-02-05T14:15:42","date_gmt":"2025-02-05T14:15:42","guid":{"rendered":"https:\/\/honigbee.com\/?post_type=product&#038;p=16076"},"modified":"2026-03-13T20:13:57","modified_gmt":"2026-03-13T20:13:57","slug":"400g-honig-mit-gelee-royale-4","status":"publish","type":"product","link":"https:\/\/honigbee.com\/hu\/termek\/400g-honig-mit-gelee-royale-4\/","title":{"rendered":"400g Honig mit Gel\u00e9e Royale 4 % \u2013 Roher Sidr-Honig mit Bio-Gel\u00e9e Royale"},"content":{"rendered":"<div id=\"ez-toc-container\" class=\"ez-toc-v2_0_83 counter-hierarchy ez-toc-counter ez-toc-grey ez-toc-container-direction\">\n<div class=\"ez-toc-title-container\">\n<p class=\"ez-toc-title\" style=\"cursor:inherit\">Tartalomjegyz\u00e9k<\/p>\n<span class=\"ez-toc-title-toggle\"><a href=\"#\" class=\"ez-toc-pull-right ez-toc-btn ez-toc-btn-xs ez-toc-btn-default ez-toc-toggle\" aria-label=\"Tartalomjegyz\u00e9k be-\/kikapcsol\u00e1sa\"><span class=\"ez-toc-js-icon-con\"><span class=\"\"><span class=\"eztoc-hide\" style=\"display:none;\">V\u00e1lt\u00e1s<\/span><span class=\"ez-toc-icon-toggle-span\"><svg style=\"fill: #999;color:#999\" xmlns=\"http:\/\/www.w3.org\/2000\/svg\" class=\"list-377408\" width=\"20px\" height=\"20px\" viewbox=\"0 0 24 24\" fill=\"none\"><path d=\"M6 6H4v2h2V6zm14 0H8v2h12V6zM4 11h2v2H4v-2zm16 0H8v2h12v-2zM4 16h2v2H4v-2zm16 0H8v2h12v-2z\" fill=\"currentColor\"><\/path><\/svg><svg style=\"fill: #999;color:#999\" class=\"arrow-unsorted-368013\" xmlns=\"http:\/\/www.w3.org\/2000\/svg\" width=\"10px\" height=\"10px\" viewbox=\"0 0 24 24\" version=\"1.2\" baseprofile=\"tiny\"><path d=\"M18.2 9.3l-6.2-6.3-6.2 6.3c-.2.2-.3.4-.3.7s.1.5.3.7c.2.2.4.3.7.3h11c.3 0 .5-.1.7-.3.2-.2.3-.5.3-.7s-.1-.5-.3-.7zM5.8 14.7l6.2 6.3 6.2-6.3c.2-.2.3-.5.3-.7s-.1-.5-.3-.7c-.2-.2-.4-.3-.7-.3h-11c-.3 0-.5.1-.7.3-.2.2-.3.5-.3.7s.1.5.3.7z\"\/><\/svg><\/span><\/span><\/span><\/a><\/span><\/div>\n<nav><ul class='ez-toc-list ez-toc-list-level-1' ><li class='ez-toc-page-1 ez-toc-heading-level-4'><a class=\"ez-toc-link ez-toc-heading-1\" href=\"https:\/\/honigbee.com\/hu\/termek\/400g-honig-mit-gelee-royale-4\/#Merkmale_Herkunft\" >Jellemz\u0151k \u00e9s eredet<\/a><\/li><li class='ez-toc-page-1 ez-toc-heading-level-4'><a class=\"ez-toc-link ez-toc-heading-2\" href=\"https:\/\/honigbee.com\/hu\/termek\/400g-honig-mit-gelee-royale-4\/#Besonderheiten\" >K\u00fcl\u00f6nleges jellemz\u0151k<\/a><\/li><li class='ez-toc-page-1 ez-toc-heading-level-4'><a class=\"ez-toc-link ez-toc-heading-3\" href=\"https:\/\/honigbee.com\/hu\/termek\/400g-honig-mit-gelee-royale-4\/#Tipp\" >Tipp<\/a><\/li><li class='ez-toc-page-1 ez-toc-heading-level-4'><a class=\"ez-toc-link ez-toc-heading-4\" href=\"https:\/\/honigbee.com\/hu\/termek\/400g-honig-mit-gelee-royale-4\/#Verwendungsmoglichkeiten\" >Lehets\u00e9ges felhaszn\u00e1l\u00e1sok<\/a><\/li><li class='ez-toc-page-1 ez-toc-heading-level-4'><a class=\"ez-toc-link ez-toc-heading-5\" href=\"https:\/\/honigbee.com\/hu\/termek\/400g-honig-mit-gelee-royale-4\/#Lagerung\" >t\u00e1rol\u00e1s<\/a><\/li><li class='ez-toc-page-1 ez-toc-heading-level-4'><a class=\"ez-toc-link ez-toc-heading-6\" href=\"https:\/\/honigbee.com\/hu\/termek\/400g-honig-mit-gelee-royale-4\/#Weitere_Inspiration_entdecken\" >Weitere Inspiration entdecken<\/a><\/li><\/ul><\/nav><\/div>\n<p data-start=\"410\" data-end=\"625\">A <strong data-start=\"414\" data-end=\"440\">Honig mit Gel\u00e9e Royale<\/strong> kombiniert rohen Sidr-Honig aus Griechenland mit 4 % biologisch gewonnenem Gel\u00e9e Royale. Diese besondere Honig-Fusion vereint zwei nat\u00fcrliche Bienenprodukte in einer cremigen Mischung.<\/p>\n<p data-start=\"627\" data-end=\"764\">Der Honig wird naturbelassen verarbeitet, nicht erhitzt und nicht gefiltert, wodurch seine urspr\u00fcnglichen Eigenschaften erhalten bleiben.<\/p>\n<hr data-start=\"766\" data-end=\"769\" \/>\n<h4 data-start=\"771\" data-end=\"795\"><span class=\"ez-toc-section\" id=\"Merkmale_Herkunft\"><\/span>Jellemz\u0151k \u00e9s eredet<span class=\"ez-toc-section-end\"><\/span><\/h4>\n<p data-start=\"797\" data-end=\"1039\">Zutaten: Roher Sidr-Honig, 4 % Bio-Gel\u00e9e Royale<br data-start=\"844\" data-end=\"847\" \/>Sz\u00e1rmaz\u00e1si hely: G\u00f6r\u00f6gorsz\u00e1g<br data-start=\"869\" data-end=\"872\" \/>Honigart: Sidr-Bl\u00fctenhonig<br data-start=\"898\" data-end=\"901\" \/>Geschmack: Mild mit leicht karamelliger Note<br data-start=\"945\" data-end=\"948\" \/>Konsistenz: Fein-cremig und streichf\u00e4hig<br data-start=\"988\" data-end=\"991\" \/>Behandlung: Roh, ungefiltert und nicht erhitzt<\/p>\n<hr data-start=\"1041\" data-end=\"1044\" \/>\n<h4 data-start=\"1046\" data-end=\"1065\"><span class=\"ez-toc-section\" id=\"Besonderheiten\"><\/span>K\u00fcl\u00f6nleges jellemz\u0151k<span class=\"ez-toc-section-end\"><\/span><\/h4>\n<p data-start=\"1067\" data-end=\"1266\">\u2022 Kombination aus rohem Sidr-Honig und Gel\u00e9e Royale<br data-start=\"1118\" data-end=\"1121\" \/>\u2022 Naturbelassene Verarbeitung ohne Zusatzstoffe<br data-start=\"1168\" data-end=\"1171\" \/>\u2022 Cremige Konsistenz und mildes Aroma<br data-start=\"1208\" data-end=\"1211\" \/>\u2022 Hergestellt aus zwei traditionellen Bienenprodukten<\/p>\n<hr data-start=\"1268\" data-end=\"1271\" \/>\n<h4 data-start=\"1273\" data-end=\"1282\"><span class=\"ez-toc-section\" id=\"Tipp\"><\/span>Tipp<span class=\"ez-toc-section-end\"><\/span><\/h4>\n<p data-start=\"1284\" data-end=\"1438\">Diese Honig-Fusion eignet sich besonders f\u00fcr verschiedene Anwendungen in der K\u00fcche und kann gut mit anderen naturbelassenen Honigsorten kombiniert werden.<\/p>\n<hr data-start=\"1440\" data-end=\"1443\" \/>\n<h4 data-start=\"1445\" data-end=\"1474\"><span class=\"ez-toc-section\" id=\"Verwendungsmoglichkeiten\"><\/span>Lehets\u00e9ges felhaszn\u00e1l\u00e1sok<span class=\"ez-toc-section-end\"><\/span><\/h4>\n<p data-start=\"1476\" data-end=\"1636\">\u2022 Pur direkt vom L\u00f6ffel genie\u00dfen<br data-start=\"1508\" data-end=\"1511\" \/>\u2022 In Tee, Joghurt oder Smoothies<br data-start=\"1543\" data-end=\"1546\" \/>\u2022 Als nat\u00fcrliche S\u00fc\u00dfe in verschiedenen Rezepten<br data-start=\"1593\" data-end=\"1596\" \/>\u2022 F\u00fcr Desserts oder Fr\u00fchst\u00fccksgerichte<\/p>\n<hr data-start=\"1638\" data-end=\"1641\" \/>\n<h4 data-start=\"1643\" data-end=\"1656\"><span class=\"ez-toc-section\" id=\"Lagerung\"><\/span>t\u00e1rol\u00e1s<span class=\"ez-toc-section-end\"><\/span><\/h4>\n<p data-start=\"1658\" data-end=\"1734\">H\u0171v\u00f6s, sz\u00e1raz, f\u00e9nyt\u0151l v\u00e9dett helyen t\u00e1roland\u00f3.<br data-start=\"1698\" data-end=\"1701\" \/>Nach dem \u00d6ffnen gut verschlie\u00dfen.<\/p>\n<hr data-start=\"1896\" data-end=\"1899\" \/>\n<h4 data-start=\"413\" data-end=\"449\"><span class=\"ez-toc-section\" id=\"Weitere_Inspiration_entdecken\"><\/span>Weitere Inspiration entdecken<span class=\"ez-toc-section-end\"><\/span><\/h4>\n<p data-start=\"450\" data-end=\"582\">Du suchst weitere besondere Produkte? Entdecke zus\u00e4tzliche Highlights in unserem Sortiment oder st\u00f6bere in unseren Partnerprojekten:<\/p>\n<ul data-start=\"584\" data-end=\"920\">\n<li data-start=\"584\" data-end=\"656\"><a href=\"https:\/\/honigbee.com\/hu\/shop\/\">Weitere Naturprodukte bei Honigbee entdecken<\/a><\/li>\n<li data-start=\"657\" data-end=\"783\">\n<p data-start=\"659\" data-end=\"783\"><a href=\"https:\/\/matvana.com\/shop\/\" target=\"_blank\" rel=\"noopener\">Stilvolle Wohnideen bei Matvana ansehen<\/a><\/p>\n<\/li>\n<li data-start=\"784\" data-end=\"920\">\n<p data-start=\"786\" data-end=\"920\"><a href=\"https:\/\/saphirsmaragd.com\/shop\/\" target=\"_blank\" rel=\"noopener\">Edelsteine &amp; Schmuck bei Saphir &amp; Smaragd ansehen<\/a><\/p>\n<\/li>\n<\/ul>\n<hr data-start=\"1931\" data-end=\"1934\" \/>\n<p>Produktbilder dienen der Veranschaulichung. Verpackungsdesign kann abweichen.<\/p>","protected":false},"excerpt":{"rendered":"<p data-start=\"152\" data-end=\"292\"><em>400g Honig mit Gel\u00e9e Royale aus rohem Sidr-Honig mit 4 % Bio-Gel\u00e9e Royale. Cremige Honig-Fusion aus Griechenland mit mild karamelliger Note.<\/em><\/p>","protected":false},"featured_media":43735,"comment_status":"open","ping_status":"closed","template":"","meta":{"_glsr_average":0,"_glsr_ranking":0,"_glsr_reviews":0},"product_brand":[],"product_cat":[772],"product_tag":[],"class_list":{"0":"post-16076","1":"product","2":"type-product","3":"status-publish","4":"has-post-thumbnail","6":"product_cat-honig-mit-gelee-royale","8":"first","9":"instock","10":"shipping-taxable","11":"purchasable","12":"product-type-simple","13":"add-to-wishlist-before_image"},"jetpack_sharing_enabled":true,"_links":{"self":[{"href":"https:\/\/honigbee.com\/hu\/wp-json\/wp\/v2\/product\/16076","targetHints":{"allow":["GET"]}}],"collection":[{"href":"https:\/\/honigbee.com\/hu\/wp-json\/wp\/v2\/product"}],"about":[{"href":"https:\/\/honigbee.com\/hu\/wp-json\/wp\/v2\/types\/product"}],"replies":[{"embeddable":true,"href":"https:\/\/honigbee.com\/hu\/wp-json\/wp\/v2\/comments?post=16076"}],"version-history":[{"count":4,"href":"https:\/\/honigbee.com\/hu\/wp-json\/wp\/v2\/product\/16076\/revisions"}],"predecessor-version":[{"id":43736,"href":"https:\/\/honigbee.com\/hu\/wp-json\/wp\/v2\/product\/16076\/revisions\/43736"}],"wp:featuredmedia":[{"embeddable":true,"href":"https:\/\/honigbee.com\/hu\/wp-json\/wp\/v2\/media\/43735"}],"wp:attachment":[{"href":"https:\/\/honigbee.com\/hu\/wp-json\/wp\/v2\/media?parent=16076"}],"wp:term":[{"taxonomy":"product_brand","embeddable":true,"href":"https:\/\/honigbee.com\/hu\/wp-json\/wp\/v2\/product_brand?post=16076"},{"taxonomy":"product_cat","embeddable":true,"href":"https:\/\/honigbee.com\/hu\/wp-json\/wp\/v2\/product_cat?post=16076"},{"taxonomy":"product_tag","embeddable":true,"href":"https:\/\/honigbee.com\/hu\/wp-json\/wp\/v2\/product_tag?post=16076"}],"curies":[{"name":"munkaf\u00fczet","href":"https:\/\/api.w.org\/{rel}","templated":true}]}}