{"id":23413,"date":"2025-05-29T13:28:44","date_gmt":"2025-05-29T13:28:44","guid":{"rendered":"https:\/\/honigbee.com\/?post_type=product&#038;p=23413"},"modified":"2026-03-09T18:06:59","modified_gmt":"2026-03-09T18:06:59","slug":"goldene-riesige-rosinen-1-kg","status":"publish","type":"product","link":"https:\/\/honigbee.com\/hu\/termek\/goldene-riesige-rosinen-1-kg\/","title":{"rendered":"1 kg Goldene Riesige Rosinen \u2013 Gro\u00dfe, getrocknete Fr\u00fcchte aus Chile"},"content":{"rendered":"<div id=\"ez-toc-container\" class=\"ez-toc-v2_0_83 counter-hierarchy ez-toc-counter ez-toc-grey ez-toc-container-direction\">\n<div class=\"ez-toc-title-container\">\n<p class=\"ez-toc-title\" style=\"cursor:inherit\">Table of Contents<\/p>\n<span class=\"ez-toc-title-toggle\"><a href=\"#\" class=\"ez-toc-pull-right ez-toc-btn ez-toc-btn-xs ez-toc-btn-default ez-toc-toggle\" aria-label=\"Toggle Table of Content\"><span class=\"ez-toc-js-icon-con\"><span class=\"\"><span class=\"eztoc-hide\" style=\"display:none;\">Toggle<\/span><span class=\"ez-toc-icon-toggle-span\"><svg style=\"fill: #999;color:#999\" xmlns=\"http:\/\/www.w3.org\/2000\/svg\" class=\"list-377408\" width=\"20px\" height=\"20px\" viewBox=\"0 0 24 24\" fill=\"none\"><path d=\"M6 6H4v2h2V6zm14 0H8v2h12V6zM4 11h2v2H4v-2zm16 0H8v2h12v-2zM4 16h2v2H4v-2zm16 0H8v2h12v-2z\" fill=\"currentColor\"><\/path><\/svg><svg style=\"fill: #999;color:#999\" class=\"arrow-unsorted-368013\" xmlns=\"http:\/\/www.w3.org\/2000\/svg\" width=\"10px\" height=\"10px\" viewBox=\"0 0 24 24\" version=\"1.2\" baseProfile=\"tiny\"><path d=\"M18.2 9.3l-6.2-6.3-6.2 6.3c-.2.2-.3.4-.3.7s.1.5.3.7c.2.2.4.3.7.3h11c.3 0 .5-.1.7-.3.2-.2.3-.5.3-.7s-.1-.5-.3-.7zM5.8 14.7l6.2 6.3 6.2-6.3c.2-.2.3-.5.3-.7s-.1-.5-.3-.7c-.2-.2-.4-.3-.7-.3h-11c-.3 0-.5.1-.7.3-.2.2-.3.5-.3.7s.1.5.3.7z\"\/><\/svg><\/span><\/span><\/span><\/a><\/span><\/div>\n<nav><ul class='ez-toc-list ez-toc-list-level-1 ' ><li class='ez-toc-page-1 ez-toc-heading-level-4'><a class=\"ez-toc-link ez-toc-heading-1\" href=\"https:\/\/honigbee.com\/hu\/termek\/goldene-riesige-rosinen-1-kg\/#Produktmerkmale\" >Produktmerkmale<\/a><\/li><li class='ez-toc-page-1 ez-toc-heading-level-4'><a class=\"ez-toc-link ez-toc-heading-2\" href=\"https:\/\/honigbee.com\/hu\/termek\/goldene-riesige-rosinen-1-kg\/#Geschmack_Konsistenz\" >Geschmack &amp; Konsistenz<\/a><\/li><li class='ez-toc-page-1 ez-toc-heading-level-4'><a class=\"ez-toc-link ez-toc-heading-3\" href=\"https:\/\/honigbee.com\/hu\/termek\/goldene-riesige-rosinen-1-kg\/#Verwendung\" >Verwendung<\/a><\/li><li class='ez-toc-page-1 ez-toc-heading-level-4'><a class=\"ez-toc-link ez-toc-heading-4\" href=\"https:\/\/honigbee.com\/hu\/termek\/goldene-riesige-rosinen-1-kg\/#Nahrwerte_pro_100_g\" >N\u00e4hrwerte (pro 100 g)<\/a><\/li><li class='ez-toc-page-1 ez-toc-heading-level-4'><a class=\"ez-toc-link ez-toc-heading-5\" href=\"https:\/\/honigbee.com\/hu\/termek\/goldene-riesige-rosinen-1-kg\/#Produktdetails\" >Produktdetails<\/a><\/li><li class='ez-toc-page-1 ez-toc-heading-level-4'><a class=\"ez-toc-link ez-toc-heading-6\" href=\"https:\/\/honigbee.com\/hu\/termek\/goldene-riesige-rosinen-1-kg\/#Allergene\" >Allergene<\/a><\/li><li class='ez-toc-page-1 ez-toc-heading-level-4'><a class=\"ez-toc-link ez-toc-heading-7\" href=\"https:\/\/honigbee.com\/hu\/termek\/goldene-riesige-rosinen-1-kg\/#Lagerung\" >Lagerung<\/a><\/li><li class='ez-toc-page-1 ez-toc-heading-level-4'><a class=\"ez-toc-link ez-toc-heading-8\" href=\"https:\/\/honigbee.com\/hu\/termek\/goldene-riesige-rosinen-1-kg\/#Weitere_Inspiration_entdecken\" >Weitere Inspiration entdecken<\/a><\/li><\/ul><\/nav><\/div>\n<div class=\"flex flex-col text-sm pb-25\">\n<article class=\"text-token-text-primary w-full focus:outline-none [--shadow-height:45px] has-data-writing-block:pointer-events-none has-data-writing-block:-mt-(--shadow-height) has-data-writing-block:pt-(--shadow-height) [&amp;:has([data-writing-block])&gt;*]:pointer-events-auto scroll-mt-[calc(var(--header-height)+min(200px,max(70px,20svh)))]\" dir=\"auto\" tabindex=\"-1\" data-turn-id=\"request-69a0b53c-ae9c-832e-8aed-cd8f865135d5-1\" data-testid=\"conversation-turn-244\" data-scroll-anchor=\"true\" data-turn=\"assistant\">\n<div class=\"text-base my-auto mx-auto pb-10 [--thread-content-margin:var(--thread-content-margin-xs,calc(var(--spacing)*4))] @w-sm\/main:[--thread-content-margin:var(--thread-content-margin-sm,calc(var(--spacing)*6))] @w-lg\/main:[--thread-content-margin:var(--thread-content-margin-lg,calc(var(--spacing)*16))] px-(--thread-content-margin)\">\n<div class=\"[--thread-content-max-width:40rem] @w-lg\/main:[--thread-content-max-width:48rem] mx-auto max-w-(--thread-content-max-width) flex-1 group\/turn-messages focus-visible:outline-hidden relative flex w-full min-w-0 flex-col agent-turn\" tabindex=\"-1\">\n<div class=\"flex max-w-full flex-col gap-4 grow\">\n<div class=\"min-h-8 text-message relative flex w-full flex-col items-end gap-2 text-start break-words whitespace-normal [.text-message+&amp;]:mt-1\" dir=\"auto\" data-message-author-role=\"assistant\" data-message-id=\"1da2c35d-2acb-4bb4-b49f-bb61fff5c206\" data-message-model-slug=\"gpt-5-3\">\n<div class=\"flex w-full flex-col gap-1 empty:hidden\">\n<div class=\"markdown prose dark:prose-invert w-full wrap-break-word light markdown-new-styling\">\n<p data-start=\"561\" data-end=\"711\">Die <strong data-start=\"565\" data-end=\"596\">1kg Goldene Riesige Rosinen<\/strong> bestehen aus gro\u00dfen, getrockneten Trauben. Durch die Trocknung entsteht ein intensiver, nat\u00fcrlich s\u00fc\u00dfer Geschmack.<\/p>\n<p data-start=\"713\" data-end=\"790\">Diese Rosinen eignen sich als Snack sowie als Zutat f\u00fcr verschiedene Rezepte.<\/p>\n<hr data-start=\"792\" data-end=\"795\" \/>\n<h4 data-start=\"797\" data-end=\"817\"><span class=\"ez-toc-section\" id=\"Produktmerkmale\"><\/span>Produktmerkmale<span class=\"ez-toc-section-end\"><\/span><\/h4>\n<p data-start=\"819\" data-end=\"971\">1kg Goldene Riesige Rosinen<br data-start=\"846\" data-end=\"849\" \/>Gro\u00dfe getrocknete Trauben<br data-start=\"874\" data-end=\"877\" \/>Herkunft: Chile<br data-start=\"892\" data-end=\"895\" \/>Vegan und glutenfrei<br data-start=\"915\" data-end=\"918\" \/>Ohne Zuckerzusatz<br data-start=\"935\" data-end=\"938\" \/>Wiederverschlie\u00dfbare Verpackung<\/p>\n<hr data-start=\"973\" data-end=\"976\" \/>\n<h4 data-start=\"978\" data-end=\"1005\"><span class=\"ez-toc-section\" id=\"Geschmack_Konsistenz\"><\/span>Geschmack &amp; Konsistenz<span class=\"ez-toc-section-end\"><\/span><\/h4>\n<p data-start=\"1007\" data-end=\"1089\">Nat\u00fcrlich s\u00fc\u00dfer Geschmack<br data-start=\"1032\" data-end=\"1035\" \/>Fruchtiges Traubenaroma<br data-start=\"1058\" data-end=\"1061\" \/>Weiche, leicht z\u00e4he Textur<\/p>\n<hr data-start=\"1091\" data-end=\"1094\" \/>\n<h4 data-start=\"1096\" data-end=\"1111\"><span class=\"ez-toc-section\" id=\"Verwendung\"><\/span>Verwendung<span class=\"ez-toc-section-end\"><\/span><\/h4>\n<p data-start=\"1113\" data-end=\"1165\">Die <strong data-start=\"1117\" data-end=\"1148\">1kg Goldene Riesige Rosinen<\/strong> eignen sich f\u00fcr:<\/p>\n<p data-start=\"1167\" data-end=\"1331\">\u2022 Snack f\u00fcr unterwegs<br data-start=\"1188\" data-end=\"1191\" \/>\u2022 M\u00fcsli oder Porridge<br data-start=\"1212\" data-end=\"1215\" \/>\u2022 Backrezepte wie Kuchen oder Kekse<br data-start=\"1250\" data-end=\"1253\" \/>\u2022 Reisgerichte oder Couscous<br data-start=\"1281\" data-end=\"1284\" \/>\u2022 Kombination mit N\u00fcssen oder Trockenfr\u00fcchten<\/p>\n<hr data-start=\"1333\" data-end=\"1336\" \/>\n<h4 data-start=\"1338\" data-end=\"1364\"><span class=\"ez-toc-section\" id=\"Nahrwerte_pro_100_g\"><\/span>N\u00e4hrwerte (pro 100 g)<span class=\"ez-toc-section-end\"><\/span><\/h4>\n<p data-start=\"1366\" data-end=\"1537\">Energie: 1252 kJ \/ 299 kcal<br data-start=\"1393\" data-end=\"1396\" \/>Fett: 0,46 g<br data-start=\"1408\" data-end=\"1411\" \/>davon ges\u00e4ttigte Fetts\u00e4uren: 0,06 g<br data-start=\"1446\" data-end=\"1449\" \/>Kohlenhydrate: 79,18 g<br data-start=\"1471\" data-end=\"1474\" \/>davon Zucker: 59,19 g<br data-start=\"1495\" data-end=\"1498\" \/>Eiwei\u00df: 3,07 g<br data-start=\"1512\" data-end=\"1515\" \/>Ballaststoffe: 3,7 g<\/p>\n<hr data-start=\"1539\" data-end=\"1542\" \/>\n<h4 data-start=\"1544\" data-end=\"1563\"><span class=\"ez-toc-section\" id=\"Produktdetails\"><\/span>Produktdetails<span class=\"ez-toc-section-end\"><\/span><\/h4>\n<p data-start=\"1565\" data-end=\"1704\">Produktname: 1kg Goldene Riesige Rosinen<br data-start=\"1605\" data-end=\"1608\" \/>Inhalt: 1000 g<br data-start=\"1622\" data-end=\"1625\" \/>Herkunft: Chile<br data-start=\"1640\" data-end=\"1643\" \/>Verarbeitung: Getrocknet<br data-start=\"1667\" data-end=\"1670\" \/>Zutaten: Rosinen, Sonnenblumen\u00f6l<\/p>\n<hr data-start=\"1706\" data-end=\"1709\" \/>\n<h4 data-start=\"1711\" data-end=\"1725\"><span class=\"ez-toc-section\" id=\"Allergene\"><\/span>Allergene<span class=\"ez-toc-section-end\"><\/span><\/h4>\n<p data-start=\"1727\" data-end=\"1819\">Kann Spuren von Erdn\u00fcssen, N\u00fcssen und Sesam enthalten.<br data-start=\"1781\" data-end=\"1784\" \/>Enth\u00e4lt Schwefeldioxid und Sulfite.<\/p>\n<hr data-start=\"1821\" data-end=\"1824\" \/>\n<h4 data-start=\"1826\" data-end=\"1839\"><span class=\"ez-toc-section\" id=\"Lagerung\"><\/span>Lagerung<span class=\"ez-toc-section-end\"><\/span><\/h4>\n<p data-start=\"1841\" data-end=\"1915\" data-is-last-node=\"\" data-is-only-node=\"\">Trocken, k\u00fchl und lichtgesch\u00fctzt lagern. Nach dem \u00d6ffnen gut verschlie\u00dfen.<\/p>\n<\/div>\n<\/div>\n<\/div>\n<\/div>\n<div class=\"z-0 flex min-h-[46px] justify-start\">\n<hr data-start=\"1821\" data-end=\"1824\" \/>\n<\/div>\n<div class=\"mt-3 w-full empty:hidden\">\n<div class=\"text-center\">\n<h4 data-start=\"413\" data-end=\"449\"><span class=\"ez-toc-section\" id=\"Weitere_Inspiration_entdecken\"><\/span>Weitere Inspiration entdecken<span class=\"ez-toc-section-end\"><\/span><\/h4>\n<p data-start=\"450\" data-end=\"582\">Du suchst weitere besondere Produkte? Entdecke zus\u00e4tzliche Highlights in unserem Sortiment oder st\u00f6bere in unseren Partnerprojekten:<\/p>\n<ul data-start=\"584\" data-end=\"920\">\n<li data-start=\"584\" data-end=\"656\"><a href=\"https:\/\/honigbee.com\/shop\/\">Weitere Naturprodukte bei Honigbee entdecken<\/a><\/li>\n<li data-start=\"657\" data-end=\"783\">\n<p data-start=\"659\" data-end=\"783\"><a href=\"https:\/\/matvana.com\/shop\/\" target=\"_blank\" rel=\"noopener\">Stilvolle Wohnideen bei Matvana ansehen<\/a><\/p>\n<\/li>\n<li data-start=\"784\" data-end=\"920\">\n<p data-start=\"786\" data-end=\"920\"><a href=\"https:\/\/saphirsmaragd.com\/shop\/\" target=\"_blank\" rel=\"noopener\">Edelsteine &amp; Schmuck bei Saphir &amp; Smaragd ansehen<\/a><\/p>\n<\/li>\n<\/ul>\n<hr data-start=\"1931\" data-end=\"1934\" \/>\n<p>Produktbilder dienen der Veranschaulichung. Verpackungsdesign kann abweichen.<\/p>\n<\/div>\n<\/div>\n<\/div>\n<\/div>\n<\/article>\n<\/div>\n","protected":false},"excerpt":{"rendered":"<p data-start=\"346\" data-end=\"485\"><em>1kg Goldene Riesige Rosinen aus Chile. Gro\u00dfe, s\u00fc\u00dfe getrocknete Trauben \u2013 ideal als Snack, f\u00fcr M\u00fcsli, Backrezepte und verschiedene Gerichte.<\/em><\/p>","protected":false},"featured_media":43480,"comment_status":"open","ping_status":"closed","template":"","meta":{"_glsr_average":0,"_glsr_ranking":0,"_glsr_reviews":0},"product_brand":[],"product_cat":[679],"product_tag":[],"class_list":{"0":"post-23413","1":"product","2":"type-product","3":"status-publish","4":"has-post-thumbnail","6":"product_cat-getrocknete-rosinen","8":"first","9":"instock","10":"shipping-taxable","11":"purchasable","12":"product-type-simple","13":"add-to-wishlist-before_image"},"jetpack_sharing_enabled":true,"_links":{"self":[{"href":"https:\/\/honigbee.com\/hu\/wp-json\/wp\/v2\/product\/23413","targetHints":{"allow":["GET"]}}],"collection":[{"href":"https:\/\/honigbee.com\/hu\/wp-json\/wp\/v2\/product"}],"about":[{"href":"https:\/\/honigbee.com\/hu\/wp-json\/wp\/v2\/types\/product"}],"replies":[{"embeddable":true,"href":"https:\/\/honigbee.com\/hu\/wp-json\/wp\/v2\/comments?post=23413"}],"version-history":[{"count":3,"href":"https:\/\/honigbee.com\/hu\/wp-json\/wp\/v2\/product\/23413\/revisions"}],"predecessor-version":[{"id":43481,"href":"https:\/\/honigbee.com\/hu\/wp-json\/wp\/v2\/product\/23413\/revisions\/43481"}],"wp:featuredmedia":[{"embeddable":true,"href":"https:\/\/honigbee.com\/hu\/wp-json\/wp\/v2\/media\/43480"}],"wp:attachment":[{"href":"https:\/\/honigbee.com\/hu\/wp-json\/wp\/v2\/media?parent=23413"}],"wp:term":[{"taxonomy":"product_brand","embeddable":true,"href":"https:\/\/honigbee.com\/hu\/wp-json\/wp\/v2\/product_brand?post=23413"},{"taxonomy":"product_cat","embeddable":true,"href":"https:\/\/honigbee.com\/hu\/wp-json\/wp\/v2\/product_cat?post=23413"},{"taxonomy":"product_tag","embeddable":true,"href":"https:\/\/honigbee.com\/hu\/wp-json\/wp\/v2\/product_tag?post=23413"}],"curies":[{"name":"munkaf\u00fczet","href":"https:\/\/api.w.org\/{rel}","templated":true}]}}