{"id":23417,"date":"2025-05-29T13:55:07","date_gmt":"2025-05-29T13:55:07","guid":{"rendered":"https:\/\/honigbee.com\/?post_type=product&#038;p=23417"},"modified":"2026-02-28T18:36:12","modified_gmt":"2026-02-28T18:36:12","slug":"mandelmehl-1-kg","status":"publish","type":"product","link":"https:\/\/honigbee.com\/hu\/termek\/mandelmehl-1-kg\/","title":{"rendered":"1 kg mandulaliszt \u2013 Glut\u00e9nmentes s\u00fct\u0151liszt h\u00e1mozott mandul\u00e1b\u00f3l \u2013 Bery Jones"},"content":{"rendered":"<div id=\"ez-toc-container\" class=\"ez-toc-v2_0_83 counter-hierarchy ez-toc-counter ez-toc-grey ez-toc-container-direction\">\n<div class=\"ez-toc-title-container\">\n<p class=\"ez-toc-title\" style=\"cursor:inherit\">Tartalomjegyz\u00e9k<\/p>\n<span class=\"ez-toc-title-toggle\"><a href=\"#\" class=\"ez-toc-pull-right ez-toc-btn ez-toc-btn-xs ez-toc-btn-default ez-toc-toggle\" aria-label=\"Tartalomjegyz\u00e9k be-\/kikapcsol\u00e1sa\"><span class=\"ez-toc-js-icon-con\"><span class=\"\"><span class=\"eztoc-hide\" style=\"display:none;\">V\u00e1lt\u00e1s<\/span><span class=\"ez-toc-icon-toggle-span\"><svg style=\"fill: #999;color:#999\" xmlns=\"http:\/\/www.w3.org\/2000\/svg\" class=\"list-377408\" width=\"20px\" height=\"20px\" viewbox=\"0 0 24 24\" fill=\"none\"><path d=\"M6 6H4v2h2V6zm14 0H8v2h12V6zM4 11h2v2H4v-2zm16 0H8v2h12v-2zM4 16h2v2H4v-2zm16 0H8v2h12v-2z\" fill=\"currentColor\"><\/path><\/svg><svg style=\"fill: #999;color:#999\" class=\"arrow-unsorted-368013\" xmlns=\"http:\/\/www.w3.org\/2000\/svg\" width=\"10px\" height=\"10px\" viewbox=\"0 0 24 24\" version=\"1.2\" baseprofile=\"tiny\"><path d=\"M18.2 9.3l-6.2-6.3-6.2 6.3c-.2.2-.3.4-.3.7s.1.5.3.7c.2.2.4.3.7.3h11c.3 0 .5-.1.7-.3.2-.2.3-.5.3-.7s-.1-.5-.3-.7zM5.8 14.7l6.2 6.3 6.2-6.3c.2-.2.3-.5.3-.7s-.1-.5-.3-.7c-.2-.2-.4-.3-.7-.3h-11c-.3 0-.5.1-.7.3-.2.2-.3.5-.3.7s.1.5.3.7z\"\/><\/svg><\/span><\/span><\/span><\/a><\/span><\/div>\n<nav><ul class='ez-toc-list ez-toc-list-level-1' ><li class='ez-toc-page-1 ez-toc-heading-level-4'><a class=\"ez-toc-link ez-toc-heading-1\" href=\"https:\/\/honigbee.com\/hu\/termek\/mandelmehl-1-kg\/#Produktmerkmale\" >Term\u00e9kjellemz\u0151k<\/a><\/li><li class='ez-toc-page-1 ez-toc-heading-level-4'><a class=\"ez-toc-link ez-toc-heading-2\" href=\"https:\/\/honigbee.com\/hu\/termek\/mandelmehl-1-kg\/#Verwendung\" >haszn\u00e1lat<\/a><\/li><li class='ez-toc-page-1 ez-toc-heading-level-4'><a class=\"ez-toc-link ez-toc-heading-3\" href=\"https:\/\/honigbee.com\/hu\/termek\/mandelmehl-1-kg\/#Nahrwerte_pro_100_g\" >T\u00e1p\u00e9rt\u00e9k (100 g-onk\u00e9nt)<\/a><\/li><li class='ez-toc-page-1 ez-toc-heading-level-4'><a class=\"ez-toc-link ez-toc-heading-4\" href=\"https:\/\/honigbee.com\/hu\/termek\/mandelmehl-1-kg\/#Zutaten\" >Hozz\u00e1val\u00f3k<\/a><\/li><li class='ez-toc-page-1 ez-toc-heading-level-4'><a class=\"ez-toc-link ez-toc-heading-5\" href=\"https:\/\/honigbee.com\/hu\/termek\/mandelmehl-1-kg\/#Allergene\" >Allerg\u00e9nek<\/a><\/li><li class='ez-toc-page-1 ez-toc-heading-level-4'><a class=\"ez-toc-link ez-toc-heading-6\" href=\"https:\/\/honigbee.com\/hu\/termek\/mandelmehl-1-kg\/#Lagerung\" >t\u00e1rol\u00e1s<\/a><\/li><li class='ez-toc-page-1 ez-toc-heading-level-4'><a class=\"ez-toc-link ez-toc-heading-7\" href=\"https:\/\/honigbee.com\/hu\/termek\/mandelmehl-1-kg\/#Weitere_Inspiration_entdecken\" >Weitere Inspiration entdecken<\/a><\/li><\/ul><\/nav><\/div>\n<p data-start=\"806\" data-end=\"998\">A <strong data-start=\"810\" data-end=\"828\">1kg Mandelmehl<\/strong> wird aus gesch\u00e4lten Mandeln fein vermahlen. Es zeichnet sich durch sein mild-nussiges Aroma und seine feine Textur aus und eignet sich hervorragend f\u00fcr s\u00fc\u00dfe Backrezepte.<\/p>\n<p data-start=\"1000\" data-end=\"1064\">Das Mehl ist von Natur aus glutenfrei und vielseitig einsetzbar.<\/p>\n<hr data-start=\"1066\" data-end=\"1069\" \/>\n<h4 data-start=\"1071\" data-end=\"1091\"><span class=\"ez-toc-section\" id=\"Produktmerkmale\"><\/span>Term\u00e9kjellemz\u0151k<span class=\"ez-toc-section-end\"><\/span><\/h4>\n<p data-start=\"1093\" data-end=\"1220\">Fein gemahlen<br data-start=\"1124\" data-end=\"1127\" \/>Aus gesch\u00e4lten Mandeln<br data-start=\"1149\" data-end=\"1152\" \/>Term\u00e9szetesen glut\u00e9nmentes<br data-start=\"1176\" data-end=\"1179\" \/>Veg\u00e1n<br data-start=\"1184\" data-end=\"1187\" \/>Wiederverschlie\u00dfbare Verpackung<\/p>\n<hr data-start=\"1222\" data-end=\"1225\" \/>\n<h4 data-start=\"1227\" data-end=\"1242\"><span class=\"ez-toc-section\" id=\"Verwendung\"><\/span>haszn\u00e1lat<span class=\"ez-toc-section-end\"><\/span><\/h4>\n<p data-start=\"1244\" data-end=\"1283\">A <strong data-start=\"1248\" data-end=\"1266\">1kg Mandelmehl<\/strong> eignet sich f\u00fcr:<\/p>\n<p data-start=\"1285\" data-end=\"1396\">\u2022 Kuchen und Muffins<br data-start=\"1305\" data-end=\"1308\" \/>\u2022 Tortenb\u00f6den<br data-start=\"1321\" data-end=\"1324\" \/>\u2022 Desserts<br data-start=\"1334\" data-end=\"1337\" \/>\u2022 Kekse und Geb\u00e4ck<br data-start=\"1355\" data-end=\"1358\" \/>\u2022 Zum Mischen mit anderen Mehlsorten<\/p>\n<p data-start=\"1398\" data-end=\"1481\">Hinweis: Mandelmehl enth\u00e4lt mehr Fett als Getreidemehl. Rezeptmengen ggf. anpassen.<\/p>\n<hr data-start=\"1483\" data-end=\"1486\" \/>\n<h4 data-start=\"1488\" data-end=\"1514\"><span class=\"ez-toc-section\" id=\"Nahrwerte_pro_100_g\"><\/span>T\u00e1p\u00e9rt\u00e9k (100 g-onk\u00e9nt)<span class=\"ez-toc-section-end\"><\/span><\/h4>\n<p data-start=\"1516\" data-end=\"1678\">Energia: 2593 kJ \/ 628 kcal<br data-start=\"1543\" data-end=\"1546\" \/>Fett: 56 g<br data-start=\"1556\" data-end=\"1559\" \/>ebb\u0151l tel\u00edtett zs\u00edrsavak: 4,5 g<br data-start=\"1593\" data-end=\"1596\" \/>Kohlenhydrate: 18,7 g<br data-start=\"1617\" data-end=\"1620\" \/>davon Zucker: 4,6 g<br data-start=\"1639\" data-end=\"1642\" \/>Feh\u00e9rje: 21 g<br data-start=\"1654\" data-end=\"1657\" \/>Rost: 12 g<\/p>\n<hr data-start=\"1680\" data-end=\"1683\" \/>\n<h4 data-start=\"1685\" data-end=\"1697\"><span class=\"ez-toc-section\" id=\"Zutaten\"><\/span>Hozz\u00e1val\u00f3k<span class=\"ez-toc-section-end\"><\/span><\/h4>\n<p data-start=\"1699\" data-end=\"1722\">H\u00e1mozott mandula<\/p>\n<hr data-start=\"1724\" data-end=\"1727\" \/>\n<h4 data-start=\"1729\" data-end=\"1743\"><span class=\"ez-toc-section\" id=\"Allergene\"><\/span>Allerg\u00e9nek<span class=\"ez-toc-section-end\"><\/span><\/h4>\n<p data-start=\"1745\" data-end=\"1826\">Enth\u00e4lt Mandeln.<br data-start=\"1761\" data-end=\"1764\" \/>Nyomokban f\u00f6ldimogyor\u00f3t, egy\u00e9b di\u00f3f\u00e9l\u00e9ket \u00e9s szez\u00e1mmagot tartalmazhat.<\/p>\n<hr data-start=\"1828\" data-end=\"1831\" \/>\n<h4 data-start=\"1833\" data-end=\"1846\"><span class=\"ez-toc-section\" id=\"Lagerung\"><\/span>t\u00e1rol\u00e1s<span class=\"ez-toc-section-end\"><\/span><\/h4>\n<p data-start=\"1848\" data-end=\"1915\">Trocken, k\u00fchl und vor direkter Sonneneinstrahlung gesch\u00fctzt lagern.<\/p>\n<hr data-start=\"1683\" data-end=\"1686\" \/>\n<h4 data-start=\"413\" data-end=\"449\"><span class=\"ez-toc-section\" id=\"Weitere_Inspiration_entdecken\"><\/span>Weitere Inspiration entdecken<span class=\"ez-toc-section-end\"><\/span><\/h4>\n<p data-start=\"450\" data-end=\"582\">Du suchst weitere besondere Produkte? Entdecke zus\u00e4tzliche Highlights in unserem Sortiment oder st\u00f6bere in unseren Partnerprojekten:<\/p>\n<ul data-start=\"584\" data-end=\"920\">\n<li data-start=\"584\" data-end=\"656\"><a href=\"https:\/\/honigbee.com\/hu\/shop\/\">Weitere Naturprodukte bei Honigbee entdecken<\/a><\/li>\n<li data-start=\"657\" data-end=\"783\">\n<p data-start=\"659\" data-end=\"783\"><a href=\"https:\/\/matvana.com\/shop\/\" target=\"_blank\" rel=\"noopener\">Stilvolle Wohnideen bei Matvana ansehen<\/a><\/p>\n<\/li>\n<li data-start=\"784\" data-end=\"920\">\n<p data-start=\"786\" data-end=\"920\"><a href=\"https:\/\/saphirsmaragd.com\/shop\/\" target=\"_blank\" rel=\"noopener\">Edelsteine &amp; Schmuck bei Saphir &amp; Smaragd ansehen<\/a><\/p>\n<\/li>\n<\/ul>\n<hr data-start=\"1931\" data-end=\"1934\" \/>\n<p>Produktbilder dienen der Veranschaulichung. Verpackungsdesign kann abweichen.<\/p>","protected":false},"excerpt":{"rendered":"<p data-start=\"626\" data-end=\"738\"><em>1kg Mandelmehl aus gesch\u00e4lten Mandeln. Glutenfrei, fein gemahlen und ideal f\u00fcr Kuchen, Desserts und Backrezepte.<\/em><\/p>","protected":false},"featured_media":43185,"comment_status":"open","ping_status":"closed","template":"","meta":{"_glsr_average":0,"_glsr_ranking":0,"_glsr_reviews":0},"product_brand":[],"product_cat":[668],"product_tag":[],"class_list":{"0":"post-23417","1":"product","2":"type-product","3":"status-publish","4":"has-post-thumbnail","6":"product_cat-mandelmehl","8":"first","9":"instock","10":"shipping-taxable","11":"purchasable","12":"product-type-simple","13":"add-to-wishlist-before_image"},"jetpack_sharing_enabled":true,"_links":{"self":[{"href":"https:\/\/honigbee.com\/hu\/wp-json\/wp\/v2\/product\/23417","targetHints":{"allow":["GET"]}}],"collection":[{"href":"https:\/\/honigbee.com\/hu\/wp-json\/wp\/v2\/product"}],"about":[{"href":"https:\/\/honigbee.com\/hu\/wp-json\/wp\/v2\/types\/product"}],"replies":[{"embeddable":true,"href":"https:\/\/honigbee.com\/hu\/wp-json\/wp\/v2\/comments?post=23417"}],"version-history":[{"count":3,"href":"https:\/\/honigbee.com\/hu\/wp-json\/wp\/v2\/product\/23417\/revisions"}],"predecessor-version":[{"id":43183,"href":"https:\/\/honigbee.com\/hu\/wp-json\/wp\/v2\/product\/23417\/revisions\/43183"}],"wp:featuredmedia":[{"embeddable":true,"href":"https:\/\/honigbee.com\/hu\/wp-json\/wp\/v2\/media\/43185"}],"wp:attachment":[{"href":"https:\/\/honigbee.com\/hu\/wp-json\/wp\/v2\/media?parent=23417"}],"wp:term":[{"taxonomy":"product_brand","embeddable":true,"href":"https:\/\/honigbee.com\/hu\/wp-json\/wp\/v2\/product_brand?post=23417"},{"taxonomy":"product_cat","embeddable":true,"href":"https:\/\/honigbee.com\/hu\/wp-json\/wp\/v2\/product_cat?post=23417"},{"taxonomy":"product_tag","embeddable":true,"href":"https:\/\/honigbee.com\/hu\/wp-json\/wp\/v2\/product_tag?post=23417"}],"curies":[{"name":"munkaf\u00fczet","href":"https:\/\/api.w.org\/{rel}","templated":true}]}}