{"id":23422,"date":"2025-05-29T14:09:41","date_gmt":"2025-05-29T14:09:41","guid":{"rendered":"https:\/\/honigbee.com\/?post_type=product&#038;p=23422"},"modified":"2026-02-28T18:43:57","modified_gmt":"2026-02-28T18:43:57","slug":"kokosnussmehl-1kg","status":"publish","type":"product","link":"https:\/\/honigbee.com\/hu\/termek\/kokosnussmehl-1kg\/","title":{"rendered":"1 kg Kokosnussmehl \u2013 Glutenfreies Mehl mit Exotischem Geschmack"},"content":{"rendered":"<div id=\"ez-toc-container\" class=\"ez-toc-v2_0_83 counter-hierarchy ez-toc-counter ez-toc-grey ez-toc-container-direction\">\n<div class=\"ez-toc-title-container\">\n<p class=\"ez-toc-title\" style=\"cursor:inherit\">Tartalomjegyz\u00e9k<\/p>\n<span class=\"ez-toc-title-toggle\"><a href=\"#\" class=\"ez-toc-pull-right ez-toc-btn ez-toc-btn-xs ez-toc-btn-default ez-toc-toggle\" aria-label=\"Tartalomjegyz\u00e9k be-\/kikapcsol\u00e1sa\"><span class=\"ez-toc-js-icon-con\"><span class=\"\"><span class=\"eztoc-hide\" style=\"display:none;\">V\u00e1lt\u00e1s<\/span><span class=\"ez-toc-icon-toggle-span\"><svg style=\"fill: #999;color:#999\" xmlns=\"http:\/\/www.w3.org\/2000\/svg\" class=\"list-377408\" width=\"20px\" height=\"20px\" viewbox=\"0 0 24 24\" fill=\"none\"><path d=\"M6 6H4v2h2V6zm14 0H8v2h12V6zM4 11h2v2H4v-2zm16 0H8v2h12v-2zM4 16h2v2H4v-2zm16 0H8v2h12v-2z\" fill=\"currentColor\"><\/path><\/svg><svg style=\"fill: #999;color:#999\" class=\"arrow-unsorted-368013\" xmlns=\"http:\/\/www.w3.org\/2000\/svg\" width=\"10px\" height=\"10px\" viewbox=\"0 0 24 24\" version=\"1.2\" baseprofile=\"tiny\"><path d=\"M18.2 9.3l-6.2-6.3-6.2 6.3c-.2.2-.3.4-.3.7s.1.5.3.7c.2.2.4.3.7.3h11c.3 0 .5-.1.7-.3.2-.2.3-.5.3-.7s-.1-.5-.3-.7zM5.8 14.7l6.2 6.3 6.2-6.3c.2-.2.3-.5.3-.7s-.1-.5-.3-.7c-.2-.2-.4-.3-.7-.3h-11c-.3 0-.5.1-.7.3-.2.2-.3.5-.3.7s.1.5.3.7z\"\/><\/svg><\/span><\/span><\/span><\/a><\/span><\/div>\n<nav><ul class='ez-toc-list ez-toc-list-level-1' ><li class='ez-toc-page-1 ez-toc-heading-level-4'><a class=\"ez-toc-link ez-toc-heading-1\" href=\"https:\/\/honigbee.com\/hu\/termek\/kokosnussmehl-1kg\/#Produktmerkmale\" >Term\u00e9kjellemz\u0151k<\/a><\/li><li class='ez-toc-page-1 ez-toc-heading-level-4'><a class=\"ez-toc-link ez-toc-heading-2\" href=\"https:\/\/honigbee.com\/hu\/termek\/kokosnussmehl-1kg\/#Verwendung\" >haszn\u00e1lat<\/a><\/li><li class='ez-toc-page-1 ez-toc-heading-level-4'><a class=\"ez-toc-link ez-toc-heading-3\" href=\"https:\/\/honigbee.com\/hu\/termek\/kokosnussmehl-1kg\/#Nahrwertangaben_pro_100_g\" >T\u00e1p\u00e9rt\u00e9k inform\u00e1ci\u00f3k (100 g-onk\u00e9nt)<\/a><\/li><li class='ez-toc-page-1 ez-toc-heading-level-4'><a class=\"ez-toc-link ez-toc-heading-4\" href=\"https:\/\/honigbee.com\/hu\/termek\/kokosnussmehl-1kg\/#Zutaten\" >Hozz\u00e1val\u00f3k<\/a><\/li><li class='ez-toc-page-1 ez-toc-heading-level-4'><a class=\"ez-toc-link ez-toc-heading-5\" href=\"https:\/\/honigbee.com\/hu\/termek\/kokosnussmehl-1kg\/#Lagerung\" >t\u00e1rol\u00e1s<\/a><\/li><li class='ez-toc-page-1 ez-toc-heading-level-4'><a class=\"ez-toc-link ez-toc-heading-6\" href=\"https:\/\/honigbee.com\/hu\/termek\/kokosnussmehl-1kg\/#Weitere_Inspiration_entdecken\" >Weitere Inspiration entdecken<\/a><\/li><\/ul><\/nav><\/div>\n<p data-start=\"692\" data-end=\"875\">A <strong data-start=\"696\" data-end=\"717\">1kg Kokosnussmehl<\/strong> wird aus frischem Kokosnussfruchtfleisch hergestellt und schonend verarbeitet. Es \u00fcberzeugt durch sein mildes, nat\u00fcrliches Kokosaroma und seine feine Textur.<\/p>\n<p data-start=\"877\" data-end=\"954\">Das Mehl ist von Natur aus glutenfrei und vielseitig in der K\u00fcche einsetzbar.<\/p>\n<hr data-start=\"956\" data-end=\"959\" \/>\n<h4 data-start=\"961\" data-end=\"981\"><span class=\"ez-toc-section\" id=\"Produktmerkmale\"><\/span>Term\u00e9kjellemz\u0151k<span class=\"ez-toc-section-end\"><\/span><\/h4>\n<p data-start=\"983\" data-end=\"1136\">1 kg Kokosnussmehl<br data-start=\"1001\" data-end=\"1004\" \/>Fein gemahlen<br data-start=\"1017\" data-end=\"1020\" \/>Term\u00e9szetesen glut\u00e9nmentes<br data-start=\"1044\" data-end=\"1047\" \/>Veg\u00e1n<br data-start=\"1052\" data-end=\"1055\" \/>Hozz\u00e1adott cukor n\u00e9lk\u00fcl<br data-start=\"1072\" data-end=\"1075\" \/>Tart\u00f3s\u00edt\u00f3szermentes<br data-start=\"1100\" data-end=\"1103\" \/>Wiederverschlie\u00dfbare Verpackung<\/p>\n<hr data-start=\"1138\" data-end=\"1141\" \/>\n<h4 data-start=\"1143\" data-end=\"1158\"><span class=\"ez-toc-section\" id=\"Verwendung\"><\/span>haszn\u00e1lat<span class=\"ez-toc-section-end\"><\/span><\/h4>\n<p data-start=\"1160\" data-end=\"1202\">A <strong data-start=\"1164\" data-end=\"1185\">1kg Kokosnussmehl<\/strong> eignet sich f\u00fcr:<\/p>\n<p data-start=\"1204\" data-end=\"1345\">\u2022 Kuchen, Muffins und Kekse<br data-start=\"1231\" data-end=\"1234\" \/>\u2022 Pfannkuchen und Waffeln<br data-start=\"1259\" data-end=\"1262\" \/>\u2022 Brotrezepte<br data-start=\"1275\" data-end=\"1278\" \/>\u2022 Smoothies oder Desserts<br data-start=\"1303\" data-end=\"1306\" \/>\u2022 Als Erg\u00e4nzung zu anderen Mehlsorten<\/p>\n<p data-start=\"1347\" data-end=\"1458\">Hinweis: Kokosnussmehl bindet mehr Fl\u00fcssigkeit als Getreidemehl. Die Fl\u00fcssigkeitsmenge im Rezept ggf. anpassen.<\/p>\n<hr data-start=\"1460\" data-end=\"1463\" \/>\n<h4 data-start=\"1465\" data-end=\"1497\"><span class=\"ez-toc-section\" id=\"Nahrwertangaben_pro_100_g\"><\/span>T\u00e1p\u00e9rt\u00e9k inform\u00e1ci\u00f3k (100 g-onk\u00e9nt)<span class=\"ez-toc-section-end\"><\/span><\/h4>\n<p data-start=\"1499\" data-end=\"1683\">Energia: 2761 kJ \/ 606 kcal<br data-start=\"1526\" data-end=\"1529\" \/>Fett: 64,5 g<br data-start=\"1541\" data-end=\"1544\" \/>davon ges\u00e4ttigte Fetts\u00e4uren: 57,2 g<br data-start=\"1579\" data-end=\"1582\" \/>Kohlenhydrate: 23,7 g<br data-start=\"1603\" data-end=\"1606\" \/>davon Zucker: 7,4 g<br data-start=\"1625\" data-end=\"1628\" \/>Feh\u00e9rje: 6,9 g<br data-start=\"1641\" data-end=\"1644\" \/>Rost: 14 g<br data-start=\"1663\" data-end=\"1666\" \/>N\u00e1trium: 0,98 g<\/p>\n<hr data-start=\"1685\" data-end=\"1688\" \/>\n<h4 data-start=\"1690\" data-end=\"1702\"><span class=\"ez-toc-section\" id=\"Zutaten\"><\/span>Hozz\u00e1val\u00f3k<span class=\"ez-toc-section-end\"><\/span><\/h4>\n<p data-start=\"1704\" data-end=\"1734\">100 % Kokosnussfruchtfleisch<\/p>\n<hr data-start=\"1736\" data-end=\"1739\" \/>\n<h4 data-start=\"1741\" data-end=\"1754\"><span class=\"ez-toc-section\" id=\"Lagerung\"><\/span>t\u00e1rol\u00e1s<span class=\"ez-toc-section-end\"><\/span><\/h4>\n<p data-start=\"1756\" data-end=\"1874\">Trocken lagern bei bis zu 18 \u00b0C und maximal 65 % relativer Luftfeuchtigkeit. Vor direkter Sonneneinstrahlung sch\u00fctzen.<\/p>\n<hr data-start=\"1683\" data-end=\"1686\" \/>\n<h4 data-start=\"413\" data-end=\"449\"><span class=\"ez-toc-section\" id=\"Weitere_Inspiration_entdecken\"><\/span>Weitere Inspiration entdecken<span class=\"ez-toc-section-end\"><\/span><\/h4>\n<p data-start=\"450\" data-end=\"582\">Du suchst weitere besondere Produkte? Entdecke zus\u00e4tzliche Highlights in unserem Sortiment oder st\u00f6bere in unseren Partnerprojekten:<\/p>\n<ul data-start=\"584\" data-end=\"920\">\n<li data-start=\"584\" data-end=\"656\"><a href=\"https:\/\/honigbee.com\/hu\/shop\/\">Weitere Naturprodukte bei Honigbee entdecken<\/a><\/li>\n<li data-start=\"657\" data-end=\"783\">\n<p data-start=\"659\" data-end=\"783\"><a href=\"https:\/\/matvana.com\/shop\/\" target=\"_blank\" rel=\"noopener\">Stilvolle Wohnideen bei Matvana ansehen<\/a><\/p>\n<\/li>\n<li data-start=\"784\" data-end=\"920\">\n<p data-start=\"786\" data-end=\"920\"><a href=\"https:\/\/saphirsmaragd.com\/shop\/\" target=\"_blank\" rel=\"noopener\">Edelsteine &amp; Schmuck bei Saphir &amp; Smaragd ansehen<\/a><\/p>\n<\/li>\n<\/ul>\n<hr data-start=\"1931\" data-end=\"1934\" \/>\n<p>Produktbilder dienen der Veranschaulichung. Verpackungsdesign kann abweichen.<\/p>","protected":false},"excerpt":{"rendered":"<p data-start=\"481\" data-end=\"620\"><em>1kg Kokosnussmehl fein gemahlen und glutenfrei. Hergestellt aus frischem Kokosnussfruchtfleisch, ideal zum Backen und f\u00fcr kreative Rezepte.<\/em><\/p>","protected":false},"featured_media":43181,"comment_status":"open","ping_status":"closed","template":"","meta":{"_glsr_average":0,"_glsr_ranking":0,"_glsr_reviews":0},"product_brand":[],"product_cat":[670],"product_tag":[],"class_list":{"0":"post-23422","1":"product","2":"type-product","3":"status-publish","4":"has-post-thumbnail","6":"product_cat-kokosmehl","8":"first","9":"instock","10":"shipping-taxable","11":"purchasable","12":"product-type-simple","13":"add-to-wishlist-before_image"},"jetpack_sharing_enabled":true,"_links":{"self":[{"href":"https:\/\/honigbee.com\/hu\/wp-json\/wp\/v2\/product\/23422","targetHints":{"allow":["GET"]}}],"collection":[{"href":"https:\/\/honigbee.com\/hu\/wp-json\/wp\/v2\/product"}],"about":[{"href":"https:\/\/honigbee.com\/hu\/wp-json\/wp\/v2\/types\/product"}],"replies":[{"embeddable":true,"href":"https:\/\/honigbee.com\/hu\/wp-json\/wp\/v2\/comments?post=23422"}],"version-history":[{"count":4,"href":"https:\/\/honigbee.com\/hu\/wp-json\/wp\/v2\/product\/23422\/revisions"}],"predecessor-version":[{"id":43217,"href":"https:\/\/honigbee.com\/hu\/wp-json\/wp\/v2\/product\/23422\/revisions\/43217"}],"wp:featuredmedia":[{"embeddable":true,"href":"https:\/\/honigbee.com\/hu\/wp-json\/wp\/v2\/media\/43181"}],"wp:attachment":[{"href":"https:\/\/honigbee.com\/hu\/wp-json\/wp\/v2\/media?parent=23422"}],"wp:term":[{"taxonomy":"product_brand","embeddable":true,"href":"https:\/\/honigbee.com\/hu\/wp-json\/wp\/v2\/product_brand?post=23422"},{"taxonomy":"product_cat","embeddable":true,"href":"https:\/\/honigbee.com\/hu\/wp-json\/wp\/v2\/product_cat?post=23422"},{"taxonomy":"product_tag","embeddable":true,"href":"https:\/\/honigbee.com\/hu\/wp-json\/wp\/v2\/product_tag?post=23422"}],"curies":[{"name":"munkaf\u00fczet","href":"https:\/\/api.w.org\/{rel}","templated":true}]}}