{"id":23477,"date":"2025-05-29T15:03:40","date_gmt":"2025-05-29T15:03:40","guid":{"rendered":"https:\/\/honigbee.com\/?post_type=product&#038;p=23477"},"modified":"2026-02-28T18:43:27","modified_gmt":"2026-02-28T18:43:27","slug":"pekannuesse-1kg","status":"publish","type":"product","link":"https:\/\/honigbee.com\/hu\/termek\/pekannuesse-1kg\/","title":{"rendered":"1 kg Pekann\u00fcsse \u2013 Premium Qualit\u00e4t mit butterigem Geschmack und hohem N\u00e4hrwert"},"content":{"rendered":"<div id=\"ez-toc-container\" class=\"ez-toc-v2_0_83 counter-hierarchy ez-toc-counter ez-toc-grey ez-toc-container-direction\">\n<div class=\"ez-toc-title-container\">\n<p class=\"ez-toc-title\" style=\"cursor:inherit\">Tartalomjegyz\u00e9k<\/p>\n<span class=\"ez-toc-title-toggle\"><a href=\"#\" class=\"ez-toc-pull-right ez-toc-btn ez-toc-btn-xs ez-toc-btn-default ez-toc-toggle\" aria-label=\"Tartalomjegyz\u00e9k be-\/kikapcsol\u00e1sa\"><span class=\"ez-toc-js-icon-con\"><span class=\"\"><span class=\"eztoc-hide\" style=\"display:none;\">V\u00e1lt\u00e1s<\/span><span class=\"ez-toc-icon-toggle-span\"><svg style=\"fill: #999;color:#999\" xmlns=\"http:\/\/www.w3.org\/2000\/svg\" class=\"list-377408\" width=\"20px\" height=\"20px\" viewbox=\"0 0 24 24\" fill=\"none\"><path d=\"M6 6H4v2h2V6zm14 0H8v2h12V6zM4 11h2v2H4v-2zm16 0H8v2h12v-2zM4 16h2v2H4v-2zm16 0H8v2h12v-2z\" fill=\"currentColor\"><\/path><\/svg><svg style=\"fill: #999;color:#999\" class=\"arrow-unsorted-368013\" xmlns=\"http:\/\/www.w3.org\/2000\/svg\" width=\"10px\" height=\"10px\" viewbox=\"0 0 24 24\" version=\"1.2\" baseprofile=\"tiny\"><path d=\"M18.2 9.3l-6.2-6.3-6.2 6.3c-.2.2-.3.4-.3.7s.1.5.3.7c.2.2.4.3.7.3h11c.3 0 .5-.1.7-.3.2-.2.3-.5.3-.7s-.1-.5-.3-.7zM5.8 14.7l6.2 6.3 6.2-6.3c.2-.2.3-.5.3-.7s-.1-.5-.3-.7c-.2-.2-.4-.3-.7-.3h-11c-.3 0-.5.1-.7.3-.2.2-.3.5-.3.7s.1.5.3.7z\"\/><\/svg><\/span><\/span><\/span><\/a><\/span><\/div>\n<nav><ul class='ez-toc-list ez-toc-list-level-1' ><li class='ez-toc-page-1 ez-toc-heading-level-4'><a class=\"ez-toc-link ez-toc-heading-1\" href=\"https:\/\/honigbee.com\/hu\/termek\/pekannuesse-1kg\/#Herkunft_Qualitat\" >Sz\u00e1rmaz\u00e1s \u00e9s min\u0151s\u00e9g<\/a><\/li><li class='ez-toc-page-1 ez-toc-heading-level-4'><a class=\"ez-toc-link ez-toc-heading-2\" href=\"https:\/\/honigbee.com\/hu\/termek\/pekannuesse-1kg\/#Geschmack_Textur\" >\u00cdz \u00e9s text\u00fara<\/a><\/li><li class='ez-toc-page-1 ez-toc-heading-level-4'><a class=\"ez-toc-link ez-toc-heading-3\" href=\"https:\/\/honigbee.com\/hu\/termek\/pekannuesse-1kg\/#Nahrwerte_Vorteile\" >N\u00e4hrwerte &amp; Vorteile<\/a><\/li><li class='ez-toc-page-1 ez-toc-heading-level-4'><a class=\"ez-toc-link ez-toc-heading-4\" href=\"https:\/\/honigbee.com\/hu\/termek\/pekannuesse-1kg\/#Vielseitige_Verwendung\" >Vielseitige Verwendung<\/a><\/li><li class='ez-toc-page-1 ez-toc-heading-level-4'><a class=\"ez-toc-link ez-toc-heading-5\" href=\"https:\/\/honigbee.com\/hu\/termek\/pekannuesse-1kg\/#Nahrwerte_pro_100g\" >N\u00e4hrwerte pro 100g<\/a><\/li><li class='ez-toc-page-1 ez-toc-heading-level-4'><a class=\"ez-toc-link ez-toc-heading-6\" href=\"https:\/\/honigbee.com\/hu\/termek\/pekannuesse-1kg\/#Lagerung_Frische\" >Lagerung &amp; Frische<\/a><\/li><li class='ez-toc-page-1 ez-toc-heading-level-4'><a class=\"ez-toc-link ez-toc-heading-7\" href=\"https:\/\/honigbee.com\/hu\/termek\/pekannuesse-1kg\/#Weitere_Inspiration_entdecken\" >Weitere Inspiration entdecken<\/a><\/li><\/ul><\/nav><\/div>\n<p data-start=\"769\" data-end=\"1089\">Pekann\u00fcsse 1kg sind ein hochwertiger Snack mit feinem, butterigem Geschmack und wertvollen N\u00e4hrstoffen. Durch sorgf\u00e4ltige Auswahl und schonende Verarbeitung bleiben Frische, Aroma und Qualit\u00e4t optimal erhalten. Diese Pekann\u00fcsse eignen sich ideal f\u00fcr gesundheitsbewusste Genie\u00dfer und vielseitige Anwendungen in der K\u00fcche.<\/p>\n<hr data-start=\"1091\" data-end=\"1094\" \/>\n<h4 data-start=\"1096\" data-end=\"1122\"><span class=\"ez-toc-section\" id=\"Herkunft_Qualitat\"><\/span>Sz\u00e1rmaz\u00e1s \u00e9s min\u0151s\u00e9g<span class=\"ez-toc-section-end\"><\/span><\/h4>\n<p data-start=\"1124\" data-end=\"1353\">Pekann\u00fcsse 1kg stammen aus ausgew\u00e4hlten Anbaugebieten mit optimalen klimatischen Bedingungen. Nach der Ernte werden die Pekann\u00fcsse sorgf\u00e4ltig verarbeitet, um ihre nat\u00fcrliche Qualit\u00e4t und ihren einzigartigen Geschmack zu bewahren.<\/p>\n<hr data-start=\"1355\" data-end=\"1358\" \/>\n<h4 data-start=\"1360\" data-end=\"1385\"><span class=\"ez-toc-section\" id=\"Geschmack_Textur\"><\/span>\u00cdz \u00e9s text\u00fara<span class=\"ez-toc-section-end\"><\/span><\/h4>\n<p data-start=\"1387\" data-end=\"1568\">Pekann\u00fcsse 1kg zeichnen sich durch ihren milden, leicht s\u00fc\u00dflichen und butterigen Geschmack aus. Ihre angenehme, knackige Textur macht sie zu einem besonders beliebten Premium-Snack.<\/p>\n<hr data-start=\"1570\" data-end=\"1573\" \/>\n<h4 data-start=\"1575\" data-end=\"1602\"><span class=\"ez-toc-section\" id=\"Nahrwerte_Vorteile\"><\/span>N\u00e4hrwerte &amp; Vorteile<span class=\"ez-toc-section-end\"><\/span><\/h4>\n<p data-start=\"1604\" data-end=\"1671\">Pekann\u00fcsse 1kg bieten zahlreiche ern\u00e4hrungsphysiologische Vorteile:<\/p>\n<ul data-start=\"1673\" data-end=\"1870\">\n<li data-start=\"1673\" data-end=\"1705\">\n<p data-start=\"1675\" data-end=\"1705\">Reich an gesunden Fetts\u00e4uren<\/p>\n<\/li>\n<li data-start=\"1706\" data-end=\"1749\">\n<p data-start=\"1708\" data-end=\"1749\">Nat\u00fcrliche Quelle pflanzlichen Eiwei\u00dfes<\/p>\n<\/li>\n<li data-start=\"1750\" data-end=\"1786\">\n<p data-start=\"1752\" data-end=\"1786\">Enthalten wichtige Mineralstoffe<\/p>\n<\/li>\n<li data-start=\"1787\" data-end=\"1830\">\n<p data-start=\"1789\" data-end=\"1830\">Unterst\u00fctzen eine ausgewogene Ern\u00e4hrung<\/p>\n<\/li>\n<li data-start=\"1831\" data-end=\"1870\">\n<p data-start=\"1833\" data-end=\"1870\">Ideal als gesunde Snack-Alternative<\/p>\n<\/li>\n<\/ul>\n<hr data-start=\"1872\" data-end=\"1875\" \/>\n<h4 data-start=\"1877\" data-end=\"1906\"><span class=\"ez-toc-section\" id=\"Vielseitige_Verwendung\"><\/span>Vielseitige Verwendung<span class=\"ez-toc-section-end\"><\/span><\/h4>\n<p data-start=\"1908\" data-end=\"1977\">Pekann\u00fcsse 1kg eignen sich hervorragend f\u00fcr verschiedene Anwendungen:<\/p>\n<ul data-start=\"1979\" data-end=\"2151\">\n<li data-start=\"1979\" data-end=\"2019\">\n<p data-start=\"1981\" data-end=\"2019\">Als gesunder Snack f\u00fcr zwischendurch<\/p>\n<\/li>\n<li data-start=\"2020\" data-end=\"2060\">\n<p data-start=\"2022\" data-end=\"2060\">Als Zutat f\u00fcr Backwaren und Desserts<\/p>\n<\/li>\n<li data-start=\"2061\" data-end=\"2103\">\n<p data-start=\"2063\" data-end=\"2103\">Zum Verfeinern von Salaten und Speisen<\/p>\n<\/li>\n<li data-start=\"2104\" data-end=\"2151\">\n<p data-start=\"2106\" data-end=\"2151\">F\u00fcr eine ausgewogene und bewusste Ern\u00e4hrung<\/p>\n<\/li>\n<\/ul>\n<hr data-start=\"2153\" data-end=\"2156\" \/>\n<h4 data-start=\"2158\" data-end=\"2183\"><span class=\"ez-toc-section\" id=\"Nahrwerte_pro_100g\"><\/span>N\u00e4hrwerte pro 100g<span class=\"ez-toc-section-end\"><\/span><\/h4>\n<ul data-start=\"2185\" data-end=\"2339\">\n<li data-start=\"2185\" data-end=\"2206\">\n<p data-start=\"2187\" data-end=\"2206\">Energie: 691 kcal<\/p>\n<\/li>\n<li data-start=\"2207\" data-end=\"2221\">\n<p data-start=\"2209\" data-end=\"2221\">Fett: 72 g<\/p>\n<\/li>\n<li data-start=\"2222\" data-end=\"2260\">\n<p data-start=\"2224\" data-end=\"2260\">davon ges\u00e4ttigte Fetts\u00e4uren: 6.2 g<\/p>\n<\/li>\n<li data-start=\"2261\" data-end=\"2284\">\n<p data-start=\"2263\" data-end=\"2284\">Sz\u00e9nhidr\u00e1t: 14 g<\/p>\n<\/li>\n<li data-start=\"2285\" data-end=\"2306\">\n<p data-start=\"2287\" data-end=\"2306\">davon Zucker: 4 g<\/p>\n<\/li>\n<li data-start=\"2307\" data-end=\"2322\">\n<p data-start=\"2309\" data-end=\"2322\">Eiwei\u00df: 9 g<\/p>\n<\/li>\n<li data-start=\"2323\" data-end=\"2339\">\n<p data-start=\"2325\" data-end=\"2339\">Salz: 0.01 g<\/p>\n<\/li>\n<\/ul>\n<hr data-start=\"2341\" data-end=\"2344\" \/>\n<h4 data-start=\"2346\" data-end=\"2371\"><span class=\"ez-toc-section\" id=\"Lagerung_Frische\"><\/span>Lagerung &amp; Frische<span class=\"ez-toc-section-end\"><\/span><\/h4>\n<p data-start=\"2373\" data-end=\"2492\">Lagern Sie Pekann\u00fcsse 1kg k\u00fchl, trocken und lichtgesch\u00fctzt, um Frische, Geschmack und Qualit\u00e4t langfristig zu erhalten.<\/p>\n<hr data-start=\"1683\" data-end=\"1686\" \/>\n<h4 data-start=\"413\" data-end=\"449\"><span class=\"ez-toc-section\" id=\"Weitere_Inspiration_entdecken\"><\/span>Weitere Inspiration entdecken<span class=\"ez-toc-section-end\"><\/span><\/h4>\n<p data-start=\"450\" data-end=\"582\">Du suchst weitere besondere Produkte? Entdecke zus\u00e4tzliche Highlights in unserem Sortiment oder st\u00f6bere in unseren Partnerprojekten:<\/p>\n<ul data-start=\"584\" data-end=\"920\">\n<li data-start=\"584\" data-end=\"656\"><a href=\"https:\/\/honigbee.com\/hu\/shop\/\">Weitere Naturprodukte bei Honigbee entdecken<\/a><\/li>\n<li data-start=\"657\" data-end=\"783\">\n<p data-start=\"659\" data-end=\"783\"><a href=\"https:\/\/matvana.com\/shop\/\" target=\"_blank\" rel=\"noopener\">Stilvolle Wohnideen bei Matvana ansehen<\/a><\/p>\n<\/li>\n<li data-start=\"784\" data-end=\"920\">\n<p data-start=\"786\" data-end=\"920\"><a href=\"https:\/\/saphirsmaragd.com\/shop\/\" target=\"_blank\" rel=\"noopener\">Edelsteine &amp; Schmuck bei Saphir &amp; Smaragd ansehen<\/a><\/p>\n<\/li>\n<\/ul>\n<hr data-start=\"1931\" data-end=\"1934\" \/>\n<p>Produktbilder dienen der Veranschaulichung. Verpackungsdesign kann abweichen.<\/p>","protected":false},"excerpt":{"rendered":"<p data-start=\"348\" data-end=\"507\"><em>Pekann\u00fcsse 1kg in Premium Qualit\u00e4t mit butterigem Geschmack und wertvollen N\u00e4hrstoffen. Ideal als gesunder Snack oder vielseitige Zutat f\u00fcr Ihre Ern\u00e4hrung.<\/em><\/p>","protected":false},"featured_media":42171,"comment_status":"open","ping_status":"closed","template":"","meta":{"_glsr_average":0,"_glsr_ranking":0,"_glsr_reviews":0},"product_brand":[],"product_cat":[636],"product_tag":[],"class_list":{"0":"post-23477","1":"product","2":"type-product","3":"status-publish","4":"has-post-thumbnail","6":"product_cat-pekannuesse","8":"first","9":"instock","10":"shipping-taxable","11":"purchasable","12":"product-type-simple","13":"add-to-wishlist-before_image"},"jetpack_sharing_enabled":true,"_links":{"self":[{"href":"https:\/\/honigbee.com\/hu\/wp-json\/wp\/v2\/product\/23477","targetHints":{"allow":["GET"]}}],"collection":[{"href":"https:\/\/honigbee.com\/hu\/wp-json\/wp\/v2\/product"}],"about":[{"href":"https:\/\/honigbee.com\/hu\/wp-json\/wp\/v2\/types\/product"}],"replies":[{"embeddable":true,"href":"https:\/\/honigbee.com\/hu\/wp-json\/wp\/v2\/comments?post=23477"}],"version-history":[{"count":5,"href":"https:\/\/honigbee.com\/hu\/wp-json\/wp\/v2\/product\/23477\/revisions"}],"predecessor-version":[{"id":43211,"href":"https:\/\/honigbee.com\/hu\/wp-json\/wp\/v2\/product\/23477\/revisions\/43211"}],"wp:featuredmedia":[{"embeddable":true,"href":"https:\/\/honigbee.com\/hu\/wp-json\/wp\/v2\/media\/42171"}],"wp:attachment":[{"href":"https:\/\/honigbee.com\/hu\/wp-json\/wp\/v2\/media?parent=23477"}],"wp:term":[{"taxonomy":"product_brand","embeddable":true,"href":"https:\/\/honigbee.com\/hu\/wp-json\/wp\/v2\/product_brand?post=23477"},{"taxonomy":"product_cat","embeddable":true,"href":"https:\/\/honigbee.com\/hu\/wp-json\/wp\/v2\/product_cat?post=23477"},{"taxonomy":"product_tag","embeddable":true,"href":"https:\/\/honigbee.com\/hu\/wp-json\/wp\/v2\/product_tag?post=23477"}],"curies":[{"name":"munkaf\u00fczet","href":"https:\/\/api.w.org\/{rel}","templated":true}]}}