{"id":23571,"date":"2025-05-30T12:52:22","date_gmt":"2025-05-30T12:52:22","guid":{"rendered":"https:\/\/honigbee.com\/?post_type=product&#038;p=23571"},"modified":"2026-02-28T18:23:22","modified_gmt":"2026-02-28T18:23:22","slug":"1kg-erdnuesse-mit-wasabi-und-mais","status":"publish","type":"product","link":"https:\/\/honigbee.com\/hu\/termek\/1kg-erdnuesse-mit-wasabi-und-mais\/","title":{"rendered":"1 kg Erdn\u00fcsse mit Wasabi und Mais \u2013 W\u00fcrzige Snackmischung"},"content":{"rendered":"<div id=\"ez-toc-container\" class=\"ez-toc-v2_0_83 counter-hierarchy ez-toc-counter ez-toc-grey ez-toc-container-direction\">\n<div class=\"ez-toc-title-container\">\n<p class=\"ez-toc-title\" style=\"cursor:inherit\">Tartalomjegyz\u00e9k<\/p>\n<span class=\"ez-toc-title-toggle\"><a href=\"#\" class=\"ez-toc-pull-right ez-toc-btn ez-toc-btn-xs ez-toc-btn-default ez-toc-toggle\" aria-label=\"Tartalomjegyz\u00e9k be-\/kikapcsol\u00e1sa\"><span class=\"ez-toc-js-icon-con\"><span class=\"\"><span class=\"eztoc-hide\" style=\"display:none;\">V\u00e1lt\u00e1s<\/span><span class=\"ez-toc-icon-toggle-span\"><svg style=\"fill: #999;color:#999\" xmlns=\"http:\/\/www.w3.org\/2000\/svg\" class=\"list-377408\" width=\"20px\" height=\"20px\" viewbox=\"0 0 24 24\" fill=\"none\"><path d=\"M6 6H4v2h2V6zm14 0H8v2h12V6zM4 11h2v2H4v-2zm16 0H8v2h12v-2zM4 16h2v2H4v-2zm16 0H8v2h12v-2z\" fill=\"currentColor\"><\/path><\/svg><svg style=\"fill: #999;color:#999\" class=\"arrow-unsorted-368013\" xmlns=\"http:\/\/www.w3.org\/2000\/svg\" width=\"10px\" height=\"10px\" viewbox=\"0 0 24 24\" version=\"1.2\" baseprofile=\"tiny\"><path d=\"M18.2 9.3l-6.2-6.3-6.2 6.3c-.2.2-.3.4-.3.7s.1.5.3.7c.2.2.4.3.7.3h11c.3 0 .5-.1.7-.3.2-.2.3-.5.3-.7s-.1-.5-.3-.7zM5.8 14.7l6.2 6.3 6.2-6.3c.2-.2.3-.5.3-.7s-.1-.5-.3-.7c-.2-.2-.4-.3-.7-.3h-11c-.3 0-.5.1-.7.3-.2.2-.3.5-.3.7s.1.5.3.7z\"\/><\/svg><\/span><\/span><\/span><\/a><\/span><\/div>\n<nav><ul class='ez-toc-list ez-toc-list-level-1' ><li class='ez-toc-page-1 ez-toc-heading-level-4'><a class=\"ez-toc-link ez-toc-heading-1\" href=\"https:\/\/honigbee.com\/hu\/termek\/1kg-erdnuesse-mit-wasabi-und-mais\/#1_kg_Erdnusse_mit_Wasabi_und_Mais_%E2%80%93_wurzig_und_knusprig\" >1 kg Erdn\u00fcsse mit Wasabi und Mais \u2013 w\u00fcrzig und knusprig<\/a><\/li><li class='ez-toc-page-1 ez-toc-heading-level-4'><a class=\"ez-toc-link ez-toc-heading-2\" href=\"https:\/\/honigbee.com\/hu\/termek\/1kg-erdnuesse-mit-wasabi-und-mais\/#Eigenschaften\" >Jellemz\u0151k<\/a><\/li><li class='ez-toc-page-1 ez-toc-heading-level-4'><a class=\"ez-toc-link ez-toc-heading-3\" href=\"https:\/\/honigbee.com\/hu\/termek\/1kg-erdnuesse-mit-wasabi-und-mais\/#Verwendung\" >haszn\u00e1lat<\/a><\/li><li class='ez-toc-page-1 ez-toc-heading-level-4'><a class=\"ez-toc-link ez-toc-heading-4\" href=\"https:\/\/honigbee.com\/hu\/termek\/1kg-erdnuesse-mit-wasabi-und-mais\/#Produktdetails\" >Term\u00e9kadatok<\/a><\/li><li class='ez-toc-page-1 ez-toc-heading-level-4'><a class=\"ez-toc-link ez-toc-heading-5\" href=\"https:\/\/honigbee.com\/hu\/termek\/1kg-erdnuesse-mit-wasabi-und-mais\/#Weitere_Inspiration_entdecken\" >Weitere Inspiration entdecken<\/a><\/li><\/ul><\/nav><\/div>\n<h4 data-start=\"409\" data-end=\"469\"><span class=\"ez-toc-section\" id=\"1_kg_Erdnusse_mit_Wasabi_und_Mais_%E2%80%93_wurzig_und_knusprig\"><\/span>1 kg Erdn\u00fcsse mit Wasabi und Mais \u2013 w\u00fcrzig und knusprig<span class=\"ez-toc-section-end\"><\/span><\/h4>\n<p data-start=\"471\" data-end=\"653\">Diese Snackmischung kombiniert knackige Erdn\u00fcsse mit w\u00fcrzigem Wasabi-\u00dcberzug und ger\u00f6stetem Mais. Die ausgewogene Mischung sorgt f\u00fcr eine angenehme Sch\u00e4rfe und eine knusprige Textur.<\/p>\n<p data-start=\"655\" data-end=\"760\">Die 1 kg Vorratspackung eignet sich ideal f\u00fcr Feiern, Filmabende oder als herzhafter Snack zwischendurch.<\/p>\n<hr data-start=\"762\" data-end=\"765\" \/>\n<h4 data-start=\"767\" data-end=\"785\"><span class=\"ez-toc-section\" id=\"Eigenschaften\"><\/span>Jellemz\u0151k<span class=\"ez-toc-section-end\"><\/span><\/h4>\n<p data-start=\"787\" data-end=\"969\">\u2022 Mischung aus Erdn\u00fcssen, Wasabi-\u00dcberzug und ger\u00f6stetem Mais<br data-start=\"847\" data-end=\"850\" \/>\u2022 Angenehme, w\u00fcrzige Sch\u00e4rfe<br data-start=\"878\" data-end=\"881\" \/>\u2022 Knusprige Konsistenz<br data-start=\"903\" data-end=\"906\" \/>\u2022 Ideal als Snack oder zum Teilen<br data-start=\"939\" data-end=\"942\" \/>\u2022 Praktische 1 kg Packung<\/p>\n<hr data-start=\"971\" data-end=\"974\" \/>\n<h4 data-start=\"976\" data-end=\"991\"><span class=\"ez-toc-section\" id=\"Verwendung\"><\/span>haszn\u00e1lat<span class=\"ez-toc-section-end\"><\/span><\/h4>\n<p data-start=\"993\" data-end=\"1188\">Die Mischung eignet sich hervorragend als Snack f\u00fcr gesellige Abende oder unterwegs. Auch als knusprige Erg\u00e4nzung zu Salaten oder Bowls sorgt sie f\u00fcr zus\u00e4tzlichen Geschmack und eine w\u00fcrzige Note.<\/p>\n<hr data-start=\"1190\" data-end=\"1193\" \/>\n<h4 data-start=\"1195\" data-end=\"1214\"><span class=\"ez-toc-section\" id=\"Produktdetails\"><\/span>Term\u00e9kadatok<span class=\"ez-toc-section-end\"><\/span><\/h4>\n<p data-start=\"1216\" data-end=\"1364\">Tartalom: 1 kg<br data-start=\"1228\" data-end=\"1231\" \/>Zutaten: Erdn\u00fcsse, Mais, Pflanzen\u00f6l, Salz, Gew\u00fcrzmischung mit Wasabi<br data-start=\"1299\" data-end=\"1302\" \/>Kann Spuren von anderen Schalenfr\u00fcchten und Sesam enthalten.<\/p>\n<hr data-start=\"1683\" data-end=\"1686\" \/>\n<h4 data-start=\"413\" data-end=\"449\"><span class=\"ez-toc-section\" id=\"Weitere_Inspiration_entdecken\"><\/span>Weitere Inspiration entdecken<span class=\"ez-toc-section-end\"><\/span><\/h4>\n<p data-start=\"450\" data-end=\"582\">Du suchst weitere besondere Produkte? Entdecke zus\u00e4tzliche Highlights in unserem Sortiment oder st\u00f6bere in unseren Partnerprojekten:<\/p>\n<ul data-start=\"584\" data-end=\"920\">\n<li data-start=\"584\" data-end=\"656\"><a href=\"https:\/\/honigbee.com\/hu\/shop\/\">Weitere Naturprodukte bei Honigbee entdecken<\/a><\/li>\n<li data-start=\"657\" data-end=\"783\">\n<p data-start=\"659\" data-end=\"783\"><a href=\"https:\/\/matvana.com\/shop\/\" target=\"_blank\" rel=\"noopener\">Stilvolle Wohnideen bei Matvana ansehen<\/a><\/p>\n<\/li>\n<li data-start=\"784\" data-end=\"920\">\n<p data-start=\"786\" data-end=\"920\"><a href=\"https:\/\/saphirsmaragd.com\/shop\/\" target=\"_blank\" rel=\"noopener\">Edelsteine &amp; Schmuck bei Saphir &amp; Smaragd ansehen<\/a><\/p>\n<\/li>\n<\/ul>\n<hr data-start=\"1931\" data-end=\"1934\" \/>\n<p>Produktbilder dienen der Veranschaulichung. Verpackungsdesign kann abweichen.<\/p>\n<p data-start=\"786\" data-end=\"920\">","protected":false},"excerpt":{"rendered":"<p data-start=\"1398\" data-end=\"1531\"><em>1 kg Erdn\u00fcsse mit Wasabi und Mais \u2013 knusprige, w\u00fcrzige Snackmischung mit angenehmer Sch\u00e4rfe. Ideal f\u00fcr Feiern, G\u00e4ste oder als Vorrat.<\/em><\/p>","protected":false},"featured_media":42147,"comment_status":"open","ping_status":"closed","template":"","meta":{"_glsr_average":0,"_glsr_ranking":0,"_glsr_reviews":0},"product_brand":[],"product_cat":[1176],"product_tag":[],"class_list":{"0":"post-23571","1":"product","2":"type-product","3":"status-publish","4":"has-post-thumbnail","6":"product_cat-erdnuesse","8":"first","9":"instock","10":"shipping-taxable","11":"purchasable","12":"product-type-simple","13":"add-to-wishlist-before_image"},"jetpack_sharing_enabled":true,"_links":{"self":[{"href":"https:\/\/honigbee.com\/hu\/wp-json\/wp\/v2\/product\/23571","targetHints":{"allow":["GET"]}}],"collection":[{"href":"https:\/\/honigbee.com\/hu\/wp-json\/wp\/v2\/product"}],"about":[{"href":"https:\/\/honigbee.com\/hu\/wp-json\/wp\/v2\/types\/product"}],"replies":[{"embeddable":true,"href":"https:\/\/honigbee.com\/hu\/wp-json\/wp\/v2\/comments?post=23571"}],"version-history":[{"count":4,"href":"https:\/\/honigbee.com\/hu\/wp-json\/wp\/v2\/product\/23571\/revisions"}],"predecessor-version":[{"id":43146,"href":"https:\/\/honigbee.com\/hu\/wp-json\/wp\/v2\/product\/23571\/revisions\/43146"}],"wp:featuredmedia":[{"embeddable":true,"href":"https:\/\/honigbee.com\/hu\/wp-json\/wp\/v2\/media\/42147"}],"wp:attachment":[{"href":"https:\/\/honigbee.com\/hu\/wp-json\/wp\/v2\/media?parent=23571"}],"wp:term":[{"taxonomy":"product_brand","embeddable":true,"href":"https:\/\/honigbee.com\/hu\/wp-json\/wp\/v2\/product_brand?post=23571"},{"taxonomy":"product_cat","embeddable":true,"href":"https:\/\/honigbee.com\/hu\/wp-json\/wp\/v2\/product_cat?post=23571"},{"taxonomy":"product_tag","embeddable":true,"href":"https:\/\/honigbee.com\/hu\/wp-json\/wp\/v2\/product_tag?post=23571"}],"curies":[{"name":"munkaf\u00fczet","href":"https:\/\/api.w.org\/{rel}","templated":true}]}}