{"id":2384,"date":"2024-08-19T11:58:11","date_gmt":"2024-08-19T11:58:11","guid":{"rendered":"https:\/\/honigbee.com\/?post_type=product&#038;p=2384"},"modified":"2026-03-13T18:56:48","modified_gmt":"2026-03-13T18:56:48","slug":"400g-ginseng-honig","status":"publish","type":"product","link":"https:\/\/honigbee.com\/hu\/termek\/400g-ginseng-honig\/","title":{"rendered":"400g Ginseng Honig \u2013 Roher Bl\u00fctenhonig mit Ginsengwurzelextrakt (Panax ginseng)"},"content":{"rendered":"<div id=\"ez-toc-container\" class=\"ez-toc-v2_0_83 counter-hierarchy ez-toc-counter ez-toc-grey ez-toc-container-direction\">\n<div class=\"ez-toc-title-container\">\n<p class=\"ez-toc-title\" style=\"cursor:inherit\">Tartalomjegyz\u00e9k<\/p>\n<span class=\"ez-toc-title-toggle\"><a href=\"#\" class=\"ez-toc-pull-right ez-toc-btn ez-toc-btn-xs ez-toc-btn-default ez-toc-toggle\" aria-label=\"Tartalomjegyz\u00e9k be-\/kikapcsol\u00e1sa\"><span class=\"ez-toc-js-icon-con\"><span class=\"\"><span class=\"eztoc-hide\" style=\"display:none;\">V\u00e1lt\u00e1s<\/span><span class=\"ez-toc-icon-toggle-span\"><svg style=\"fill: #999;color:#999\" xmlns=\"http:\/\/www.w3.org\/2000\/svg\" class=\"list-377408\" width=\"20px\" height=\"20px\" viewbox=\"0 0 24 24\" fill=\"none\"><path d=\"M6 6H4v2h2V6zm14 0H8v2h12V6zM4 11h2v2H4v-2zm16 0H8v2h12v-2zM4 16h2v2H4v-2zm16 0H8v2h12v-2z\" fill=\"currentColor\"><\/path><\/svg><svg style=\"fill: #999;color:#999\" class=\"arrow-unsorted-368013\" xmlns=\"http:\/\/www.w3.org\/2000\/svg\" width=\"10px\" height=\"10px\" viewbox=\"0 0 24 24\" version=\"1.2\" baseprofile=\"tiny\"><path d=\"M18.2 9.3l-6.2-6.3-6.2 6.3c-.2.2-.3.4-.3.7s.1.5.3.7c.2.2.4.3.7.3h11c.3 0 .5-.1.7-.3.2-.2.3-.5.3-.7s-.1-.5-.3-.7zM5.8 14.7l6.2 6.3 6.2-6.3c.2-.2.3-.5.3-.7s-.1-.5-.3-.7c-.2-.2-.4-.3-.7-.3h-11c-.3 0-.5.1-.7.3-.2.2-.3.5-.3.7s.1.5.3.7z\"\/><\/svg><\/span><\/span><\/span><\/a><\/span><\/div>\n<nav><ul class='ez-toc-list ez-toc-list-level-1' ><li class='ez-toc-page-1 ez-toc-heading-level-4'><a class=\"ez-toc-link ez-toc-heading-1\" href=\"https:\/\/honigbee.com\/hu\/termek\/400g-ginseng-honig\/#Merkmale_Herkunft\" >Jellemz\u0151k \u00e9s eredet<\/a><\/li><li class='ez-toc-page-1 ez-toc-heading-level-4'><a class=\"ez-toc-link ez-toc-heading-2\" href=\"https:\/\/honigbee.com\/hu\/termek\/400g-ginseng-honig\/#Besonderheiten\" >K\u00fcl\u00f6nleges jellemz\u0151k<\/a><\/li><li class='ez-toc-page-1 ez-toc-heading-level-4'><a class=\"ez-toc-link ez-toc-heading-3\" href=\"https:\/\/honigbee.com\/hu\/termek\/400g-ginseng-honig\/#Tipp\" >Tipp<\/a><\/li><li class='ez-toc-page-1 ez-toc-heading-level-4'><a class=\"ez-toc-link ez-toc-heading-4\" href=\"https:\/\/honigbee.com\/hu\/termek\/400g-ginseng-honig\/#Verwendungsmoglichkeiten\" >Lehets\u00e9ges felhaszn\u00e1l\u00e1sok<\/a><\/li><li class='ez-toc-page-1 ez-toc-heading-level-4'><a class=\"ez-toc-link ez-toc-heading-5\" href=\"https:\/\/honigbee.com\/hu\/termek\/400g-ginseng-honig\/#Lagerung\" >t\u00e1rol\u00e1s<\/a><\/li><li class='ez-toc-page-1 ez-toc-heading-level-4'><a class=\"ez-toc-link ez-toc-heading-6\" href=\"https:\/\/honigbee.com\/hu\/termek\/400g-ginseng-honig\/#Weitere_Inspiration_entdecken\" >Weitere Inspiration entdecken<\/a><\/li><\/ul><\/nav><\/div>\n<p data-start=\"431\" data-end=\"638\">A <strong data-start=\"435\" data-end=\"452\">Ginseng Honig<\/strong> kombiniert rohen Bl\u00fctenhonig mit hochwertigem Ginsengwurzelextrakt (Panax ginseng). Diese besondere Honig-Fusion verbindet nat\u00fcrliche S\u00fc\u00dfe mit einer feinen, leicht bitteren Kr\u00e4uternote.<\/p>\n<p data-start=\"640\" data-end=\"812\">Der Honig wird naturbelassen verarbeitet, nicht erhitzt und nicht filtriert. Seine cremige Konsistenz und das ausgewogene Geschmacksprofil machen ihn vielseitig einsetzbar.<\/p>\n<hr data-start=\"814\" data-end=\"817\" \/>\n<h4 data-start=\"819\" data-end=\"843\"><span class=\"ez-toc-section\" id=\"Merkmale_Herkunft\"><\/span>Jellemz\u0151k \u00e9s eredet<span class=\"ez-toc-section-end\"><\/span><\/h4>\n<p data-start=\"845\" data-end=\"1204\">Zutaten: Roher Bl\u00fctenhonig, Ginsengwurzelextrakt (Panax ginseng)<br data-start=\"909\" data-end=\"912\" \/>Herkunft Honig: Saisonabh\u00e4ngig (z. B. Griechenland, Osteuropa)<br data-start=\"974\" data-end=\"977\" \/>Herkunft Ginseng: Asien oder Europa (qualit\u00e4tsgepr\u00fcft)<br data-start=\"1031\" data-end=\"1034\" \/>Farbe: Bernsteinfarben<br data-start=\"1056\" data-end=\"1059\" \/>Geschmack: S\u00fc\u00df mit feiner Kr\u00e4uterbitterkeit<br data-start=\"1102\" data-end=\"1105\" \/>Konsistenz: Dickfl\u00fcssig, cremig und streichf\u00e4hig<br data-start=\"1153\" data-end=\"1156\" \/>Behandlung: Roh, ungefiltert und nicht erhitzt<\/p>\n<hr data-start=\"1206\" data-end=\"1209\" \/>\n<h4 data-start=\"1211\" data-end=\"1230\"><span class=\"ez-toc-section\" id=\"Besonderheiten\"><\/span>K\u00fcl\u00f6nleges jellemz\u0151k<span class=\"ez-toc-section-end\"><\/span><\/h4>\n<p data-start=\"1232\" data-end=\"1428\">\u2022 Naturbelassener Bl\u00fctenhonig mit Ginsengwurzelextrakt<br data-start=\"1286\" data-end=\"1289\" \/>\u2022 Harmonische Kombination aus S\u00fc\u00dfe und Kr\u00e4uternote<br data-start=\"1339\" data-end=\"1342\" \/>\u2022 Ohne Zusatzstoffe oder k\u00fcnstliche Aromen<br data-start=\"1384\" data-end=\"1387\" \/>\u2022 Roh verarbeitet und minimal behandelt<\/p>\n<hr data-start=\"1430\" data-end=\"1433\" \/>\n<h4 data-start=\"1435\" data-end=\"1444\"><span class=\"ez-toc-section\" id=\"Tipp\"><\/span>Tipp<span class=\"ez-toc-section-end\"><\/span><\/h4>\n<p data-start=\"1446\" data-end=\"1590\">Diese Honig-Fusion eignet sich f\u00fcr verschiedene Anwendungen in der K\u00fcche und l\u00e4sst sich gut mit anderen naturbelassenen Honigsorten kombinieren.<\/p>\n<hr data-start=\"1592\" data-end=\"1595\" \/>\n<h4 data-start=\"1597\" data-end=\"1626\"><span class=\"ez-toc-section\" id=\"Verwendungsmoglichkeiten\"><\/span>Lehets\u00e9ges felhaszn\u00e1l\u00e1sok<span class=\"ez-toc-section-end\"><\/span><\/h4>\n<p data-start=\"1628\" data-end=\"1799\">\u2022 Pur direkt vom L\u00f6ffel genie\u00dfen<br data-start=\"1660\" data-end=\"1663\" \/>\u2022 In Tee oder warmen Getr\u00e4nken (unter 40 \u00b0C)<br data-start=\"1707\" data-end=\"1710\" \/>\u2022 F\u00fcr Smoothies, M\u00fcsli oder Fr\u00fchst\u00fccksbowls<br data-start=\"1753\" data-end=\"1756\" \/>\u2022 Als Zutat f\u00fcr Desserts oder Backrezepte<\/p>\n<hr data-start=\"1801\" data-end=\"1804\" \/>\n<h4 data-start=\"1806\" data-end=\"1819\"><span class=\"ez-toc-section\" id=\"Lagerung\"><\/span>t\u00e1rol\u00e1s<span class=\"ez-toc-section-end\"><\/span><\/h4>\n<p data-start=\"1821\" data-end=\"1897\">H\u0171v\u00f6s, sz\u00e1raz, f\u00e9nyt\u0151l v\u00e9dett helyen t\u00e1roland\u00f3.<br data-start=\"1861\" data-end=\"1864\" \/>Nach dem \u00d6ffnen gut verschlie\u00dfen.<\/p>\n<hr data-start=\"1896\" data-end=\"1899\" \/>\n<h4 data-start=\"413\" data-end=\"449\"><span class=\"ez-toc-section\" id=\"Weitere_Inspiration_entdecken\"><\/span>Weitere Inspiration entdecken<span class=\"ez-toc-section-end\"><\/span><\/h4>\n<p data-start=\"450\" data-end=\"582\">Du suchst weitere besondere Produkte? Entdecke zus\u00e4tzliche Highlights in unserem Sortiment oder st\u00f6bere in unseren Partnerprojekten:<\/p>\n<ul data-start=\"584\" data-end=\"920\">\n<li data-start=\"584\" data-end=\"656\"><a href=\"https:\/\/honigbee.com\/hu\/shop\/\">Weitere Naturprodukte bei Honigbee entdecken<\/a><\/li>\n<li data-start=\"657\" data-end=\"783\">\n<p data-start=\"659\" data-end=\"783\"><a href=\"https:\/\/matvana.com\/shop\/\" target=\"_blank\" rel=\"noopener\">Stilvolle Wohnideen bei Matvana ansehen<\/a><\/p>\n<\/li>\n<li data-start=\"784\" data-end=\"920\">\n<p data-start=\"786\" data-end=\"920\"><a href=\"https:\/\/saphirsmaragd.com\/shop\/\" target=\"_blank\" rel=\"noopener\">Edelsteine &amp; Schmuck bei Saphir &amp; Smaragd ansehen<\/a><\/p>\n<\/li>\n<\/ul>\n<hr data-start=\"1931\" data-end=\"1934\" \/>\n<p>Produktbilder dienen der Veranschaulichung. Verpackungsdesign kann abweichen.<\/p>","protected":false},"excerpt":{"rendered":"<div class=\"flex max-w-full flex-col flex-grow\">\n<div class=\"min-h-[20px] text-message flex w-full flex-col items-end gap-2 whitespace-pre-wrap break-words [.text-message+&amp;]:mt-5 overflow-x-auto\" dir=\"auto\" data-message-author-role=\"assistant\" data-message-id=\"bf5d8710-8a3c-4cef-9513-1fef64631b05\">\n<div class=\"flex w-full flex-col gap-1 empty:hidden first:pt-[3px]\">\n<div class=\"markdown prose w-full break-words dark:prose-invert light\">\n<p data-start=\"151\" data-end=\"298\"><em>400g Ginseng Honig aus rohem Bl\u00fctenhonig mit Ginsengwurzelextrakt (Panax ginseng). Aromatische Honig-Fusion mit s\u00fc\u00dfer Note und feiner Kr\u00e4uterw\u00fcrze.<\/em><\/p>\n<p class=\"\" data-start=\"3630\" data-end=\"3693\">\n<\/div>\n<\/div>\n<\/div>\n<\/div>\n","protected":false},"featured_media":43707,"comment_status":"open","ping_status":"closed","template":"","meta":{"_glsr_average":0,"_glsr_ranking":0,"_glsr_reviews":0},"product_brand":[],"product_cat":[85],"product_tag":[],"class_list":{"0":"post-2384","1":"product","2":"type-product","3":"status-publish","4":"has-post-thumbnail","6":"product_cat-waldhonig","8":"first","9":"instock","10":"shipping-taxable","11":"purchasable","12":"product-type-simple","13":"add-to-wishlist-before_image"},"jetpack_sharing_enabled":true,"_links":{"self":[{"href":"https:\/\/honigbee.com\/hu\/wp-json\/wp\/v2\/product\/2384","targetHints":{"allow":["GET"]}}],"collection":[{"href":"https:\/\/honigbee.com\/hu\/wp-json\/wp\/v2\/product"}],"about":[{"href":"https:\/\/honigbee.com\/hu\/wp-json\/wp\/v2\/types\/product"}],"replies":[{"embeddable":true,"href":"https:\/\/honigbee.com\/hu\/wp-json\/wp\/v2\/comments?post=2384"}],"version-history":[{"count":5,"href":"https:\/\/honigbee.com\/hu\/wp-json\/wp\/v2\/product\/2384\/revisions"}],"predecessor-version":[{"id":43706,"href":"https:\/\/honigbee.com\/hu\/wp-json\/wp\/v2\/product\/2384\/revisions\/43706"}],"wp:featuredmedia":[{"embeddable":true,"href":"https:\/\/honigbee.com\/hu\/wp-json\/wp\/v2\/media\/43707"}],"wp:attachment":[{"href":"https:\/\/honigbee.com\/hu\/wp-json\/wp\/v2\/media?parent=2384"}],"wp:term":[{"taxonomy":"product_brand","embeddable":true,"href":"https:\/\/honigbee.com\/hu\/wp-json\/wp\/v2\/product_brand?post=2384"},{"taxonomy":"product_cat","embeddable":true,"href":"https:\/\/honigbee.com\/hu\/wp-json\/wp\/v2\/product_cat?post=2384"},{"taxonomy":"product_tag","embeddable":true,"href":"https:\/\/honigbee.com\/hu\/wp-json\/wp\/v2\/product_tag?post=2384"}],"curies":[{"name":"munkaf\u00fczet","href":"https:\/\/api.w.org\/{rel}","templated":true}]}}