{"id":2389,"date":"2024-08-19T11:58:11","date_gmt":"2024-08-19T11:58:11","guid":{"rendered":"https:\/\/honigbee.com\/?post_type=product&#038;p=2389"},"modified":"2026-03-13T19:11:29","modified_gmt":"2026-03-13T19:11:29","slug":"400g-bluetenhonig-south-yorkshire","status":"publish","type":"product","link":"https:\/\/honigbee.com\/hu\/termek\/400g-bluetenhonig-south-yorkshire\/","title":{"rendered":"400g Bl\u00fctenhonig South Yorkshire \u2013 Roher Honig aus regionaler Imkerei"},"content":{"rendered":"<div id=\"ez-toc-container\" class=\"ez-toc-v2_0_83 counter-hierarchy ez-toc-counter ez-toc-grey ez-toc-container-direction\">\n<div class=\"ez-toc-title-container\">\n<p class=\"ez-toc-title\" style=\"cursor:inherit\">Tartalomjegyz\u00e9k<\/p>\n<span class=\"ez-toc-title-toggle\"><a href=\"#\" class=\"ez-toc-pull-right ez-toc-btn ez-toc-btn-xs ez-toc-btn-default ez-toc-toggle\" aria-label=\"Tartalomjegyz\u00e9k be-\/kikapcsol\u00e1sa\"><span class=\"ez-toc-js-icon-con\"><span class=\"\"><span class=\"eztoc-hide\" style=\"display:none;\">V\u00e1lt\u00e1s<\/span><span class=\"ez-toc-icon-toggle-span\"><svg style=\"fill: #999;color:#999\" xmlns=\"http:\/\/www.w3.org\/2000\/svg\" class=\"list-377408\" width=\"20px\" height=\"20px\" viewbox=\"0 0 24 24\" fill=\"none\"><path d=\"M6 6H4v2h2V6zm14 0H8v2h12V6zM4 11h2v2H4v-2zm16 0H8v2h12v-2zM4 16h2v2H4v-2zm16 0H8v2h12v-2z\" fill=\"currentColor\"><\/path><\/svg><svg style=\"fill: #999;color:#999\" class=\"arrow-unsorted-368013\" xmlns=\"http:\/\/www.w3.org\/2000\/svg\" width=\"10px\" height=\"10px\" viewbox=\"0 0 24 24\" version=\"1.2\" baseprofile=\"tiny\"><path d=\"M18.2 9.3l-6.2-6.3-6.2 6.3c-.2.2-.3.4-.3.7s.1.5.3.7c.2.2.4.3.7.3h11c.3 0 .5-.1.7-.3.2-.2.3-.5.3-.7s-.1-.5-.3-.7zM5.8 14.7l6.2 6.3 6.2-6.3c.2-.2.3-.5.3-.7s-.1-.5-.3-.7c-.2-.2-.4-.3-.7-.3h-11c-.3 0-.5.1-.7.3-.2.2-.3.5-.3.7s.1.5.3.7z\"\/><\/svg><\/span><\/span><\/span><\/a><\/span><\/div>\n<nav><ul class='ez-toc-list ez-toc-list-level-1' ><li class='ez-toc-page-1 ez-toc-heading-level-4'><a class=\"ez-toc-link ez-toc-heading-1\" href=\"https:\/\/honigbee.com\/hu\/termek\/400g-bluetenhonig-south-yorkshire\/#Merkmale_Herkunft\" >Jellemz\u0151k \u00e9s eredet<\/a><\/li><li class='ez-toc-page-1 ez-toc-heading-level-4'><a class=\"ez-toc-link ez-toc-heading-2\" href=\"https:\/\/honigbee.com\/hu\/termek\/400g-bluetenhonig-south-yorkshire\/#Besonderheiten\" >K\u00fcl\u00f6nleges jellemz\u0151k<\/a><\/li><li class='ez-toc-page-1 ez-toc-heading-level-4'><a class=\"ez-toc-link ez-toc-heading-3\" href=\"https:\/\/honigbee.com\/hu\/termek\/400g-bluetenhonig-south-yorkshire\/#Tipp\" >Tipp<\/a><\/li><li class='ez-toc-page-1 ez-toc-heading-level-4'><a class=\"ez-toc-link ez-toc-heading-4\" href=\"https:\/\/honigbee.com\/hu\/termek\/400g-bluetenhonig-south-yorkshire\/#Verwendungsmoglichkeiten\" >Lehets\u00e9ges felhaszn\u00e1l\u00e1sok<\/a><\/li><li class='ez-toc-page-1 ez-toc-heading-level-4'><a class=\"ez-toc-link ez-toc-heading-5\" href=\"https:\/\/honigbee.com\/hu\/termek\/400g-bluetenhonig-south-yorkshire\/#Lagerung\" >t\u00e1rol\u00e1s<\/a><\/li><li class='ez-toc-page-1 ez-toc-heading-level-4'><a class=\"ez-toc-link ez-toc-heading-6\" href=\"https:\/\/honigbee.com\/hu\/termek\/400g-bluetenhonig-south-yorkshire\/#Weitere_Inspiration_entdecken\" >Weitere Inspiration entdecken<\/a><\/li><\/ul><\/nav><\/div>\n<p data-start=\"424\" data-end=\"687\">A <strong data-start=\"428\" data-end=\"453\">Honig South Yorkshire<\/strong> stammt aus Bienenv\u00f6lkern in der l\u00e4ndlichen Region South Yorkshire im Norden Englands. Dieser naturbelassene Bl\u00fctenhonig wird roh verarbeitet, nicht erhitzt und nicht gefiltert, sodass seine nat\u00fcrlichen Eigenschaften erhalten bleiben.<\/p>\n<p data-start=\"689\" data-end=\"812\">Seine cremige Konsistenz und das milde, blumige Aroma machen ihn zu einer vielseitigen Honigsorte f\u00fcr den t\u00e4glichen Genuss.<\/p>\n<hr data-start=\"814\" data-end=\"817\" \/>\n<h4 data-start=\"819\" data-end=\"843\"><span class=\"ez-toc-section\" id=\"Merkmale_Herkunft\"><\/span>Jellemz\u0151k \u00e9s eredet<span class=\"ez-toc-section-end\"><\/span><\/h4>\n<p data-start=\"845\" data-end=\"1105\">Zutaten: 100 % roher Bl\u00fctenhonig<br data-start=\"877\" data-end=\"880\" \/>Herkunft: South Yorkshire, Vereinigtes K\u00f6nigreich<br data-start=\"929\" data-end=\"932\" \/>Farbe: Hellgelb bis goldfarben<br data-start=\"962\" data-end=\"965\" \/>Geschmack: Mild, blumig und sanft s\u00fc\u00df<br data-start=\"1002\" data-end=\"1005\" \/>Konsistenz: Cremig, fein ger\u00fchrt und streichf\u00e4hig<br data-start=\"1054\" data-end=\"1057\" \/>Behandlung: Roh, ungefiltert und nicht erhitzt<\/p>\n<hr data-start=\"1107\" data-end=\"1110\" \/>\n<h4 data-start=\"1112\" data-end=\"1131\"><span class=\"ez-toc-section\" id=\"Besonderheiten\"><\/span>K\u00fcl\u00f6nleges jellemz\u0151k<span class=\"ez-toc-section-end\"><\/span><\/h4>\n<p data-start=\"1133\" data-end=\"1317\">\u2022 Regionaler Bl\u00fctenhonig aus englischer Imkerei<br data-start=\"1180\" data-end=\"1183\" \/>\u2022 Cremig ger\u00fchrt f\u00fcr gute Streichf\u00e4higkeit<br data-start=\"1225\" data-end=\"1228\" \/>\u2022 Ohne Zusatzstoffe und minimal verarbeitet<br data-start=\"1271\" data-end=\"1274\" \/>\u2022 Mildes Aroma f\u00fcr vielseitige Verwendung<\/p>\n<hr data-start=\"1319\" data-end=\"1322\" \/>\n<h4 data-start=\"1324\" data-end=\"1333\"><span class=\"ez-toc-section\" id=\"Tipp\"><\/span>Tipp<span class=\"ez-toc-section-end\"><\/span><\/h4>\n<p data-start=\"1335\" data-end=\"1502\">Dieser Honig eignet sich besonders f\u00fcr alle, die eine milde und blumige Honigsorte bevorzugen. Honige aus verschiedenen Regionen k\u00f6nnen geschmacklich leicht variieren.<\/p>\n<hr data-start=\"1504\" data-end=\"1507\" \/>\n<h4 data-start=\"1509\" data-end=\"1538\"><span class=\"ez-toc-section\" id=\"Verwendungsmoglichkeiten\"><\/span>Lehets\u00e9ges felhaszn\u00e1l\u00e1sok<span class=\"ez-toc-section-end\"><\/span><\/h4>\n<p data-start=\"1540\" data-end=\"1693\">\u2022 Als Aufstrich auf Brot, Toast oder Br\u00f6tchen<br data-start=\"1585\" data-end=\"1588\" \/>\u2022 In Tee, warmer Milch oder M\u00fcsli<br data-start=\"1621\" data-end=\"1624\" \/>\u2022 F\u00fcr Dressings, Geb\u00e4ck oder Desserts<br data-start=\"1661\" data-end=\"1664\" \/>\u2022 Als Zutat f\u00fcr Backrezepte<\/p>\n<hr data-start=\"1695\" data-end=\"1698\" \/>\n<h4 data-start=\"1700\" data-end=\"1713\"><span class=\"ez-toc-section\" id=\"Lagerung\"><\/span>t\u00e1rol\u00e1s<span class=\"ez-toc-section-end\"><\/span><\/h4>\n<p data-start=\"1715\" data-end=\"1791\">H\u0171v\u00f6s, sz\u00e1raz, f\u00e9nyt\u0151l v\u00e9dett helyen t\u00e1roland\u00f3.<br data-start=\"1755\" data-end=\"1758\" \/>Nach dem \u00d6ffnen gut verschlie\u00dfen.<\/p>\n<hr data-start=\"1896\" data-end=\"1899\" \/>\n<h4 data-start=\"413\" data-end=\"449\"><span class=\"ez-toc-section\" id=\"Weitere_Inspiration_entdecken\"><\/span>Weitere Inspiration entdecken<span class=\"ez-toc-section-end\"><\/span><\/h4>\n<p data-start=\"450\" data-end=\"582\">Du suchst weitere besondere Produkte? Entdecke zus\u00e4tzliche Highlights in unserem Sortiment oder st\u00f6bere in unseren Partnerprojekten:<\/p>\n<ul data-start=\"584\" data-end=\"920\">\n<li data-start=\"584\" data-end=\"656\"><a href=\"https:\/\/honigbee.com\/hu\/shop\/\">Weitere Naturprodukte bei Honigbee entdecken<\/a><\/li>\n<li data-start=\"657\" data-end=\"783\">\n<p data-start=\"659\" data-end=\"783\"><a href=\"https:\/\/matvana.com\/shop\/\" target=\"_blank\" rel=\"noopener\">Stilvolle Wohnideen bei Matvana ansehen<\/a><\/p>\n<\/li>\n<li data-start=\"784\" data-end=\"920\">\n<p data-start=\"786\" data-end=\"920\"><a href=\"https:\/\/saphirsmaragd.com\/shop\/\" target=\"_blank\" rel=\"noopener\">Edelsteine &amp; Schmuck bei Saphir &amp; Smaragd ansehen<\/a><\/p>\n<\/li>\n<\/ul>\n<hr data-start=\"1931\" data-end=\"1934\" \/>\n<p>Produktbilder dienen der Veranschaulichung. Verpackungsdesign kann abweichen.<\/p>","protected":false},"excerpt":{"rendered":"<p data-start=\"153\" data-end=\"305\"><em>400g Honig South Yorkshire aus regionaler Imkerei in England. Naturbelassener Bl\u00fctenhonig, roh und ungefiltert, mit milder S\u00fc\u00dfe und cremiger Konsistenz.<\/em><\/p>\n<p class=\"\" data-start=\"3332\" data-end=\"3400\">","protected":false},"featured_media":43712,"comment_status":"open","ping_status":"closed","template":"","meta":{"_glsr_average":0,"_glsr_ranking":0,"_glsr_reviews":0},"product_brand":[],"product_cat":[75],"product_tag":[],"class_list":{"0":"post-2389","1":"product","2":"type-product","3":"status-publish","4":"has-post-thumbnail","6":"product_cat-wildblumenhonig","8":"first","9":"instock","10":"shipping-taxable","11":"purchasable","12":"product-type-simple","13":"add-to-wishlist-before_image"},"jetpack_sharing_enabled":true,"_links":{"self":[{"href":"https:\/\/honigbee.com\/hu\/wp-json\/wp\/v2\/product\/2389","targetHints":{"allow":["GET"]}}],"collection":[{"href":"https:\/\/honigbee.com\/hu\/wp-json\/wp\/v2\/product"}],"about":[{"href":"https:\/\/honigbee.com\/hu\/wp-json\/wp\/v2\/types\/product"}],"replies":[{"embeddable":true,"href":"https:\/\/honigbee.com\/hu\/wp-json\/wp\/v2\/comments?post=2389"}],"version-history":[{"count":5,"href":"https:\/\/honigbee.com\/hu\/wp-json\/wp\/v2\/product\/2389\/revisions"}],"predecessor-version":[{"id":43713,"href":"https:\/\/honigbee.com\/hu\/wp-json\/wp\/v2\/product\/2389\/revisions\/43713"}],"wp:featuredmedia":[{"embeddable":true,"href":"https:\/\/honigbee.com\/hu\/wp-json\/wp\/v2\/media\/43712"}],"wp:attachment":[{"href":"https:\/\/honigbee.com\/hu\/wp-json\/wp\/v2\/media?parent=2389"}],"wp:term":[{"taxonomy":"product_brand","embeddable":true,"href":"https:\/\/honigbee.com\/hu\/wp-json\/wp\/v2\/product_brand?post=2389"},{"taxonomy":"product_cat","embeddable":true,"href":"https:\/\/honigbee.com\/hu\/wp-json\/wp\/v2\/product_cat?post=2389"},{"taxonomy":"product_tag","embeddable":true,"href":"https:\/\/honigbee.com\/hu\/wp-json\/wp\/v2\/product_tag?post=2389"}],"curies":[{"name":"munkaf\u00fczet","href":"https:\/\/api.w.org\/{rel}","templated":true}]}}