{"id":24978,"date":"2025-06-09T10:24:40","date_gmt":"2025-06-09T10:24:40","guid":{"rendered":"https:\/\/honigbee.com\/?post_type=product&#038;p=24978"},"modified":"2026-03-09T21:15:15","modified_gmt":"2026-03-09T21:15:15","slug":"vitamin-b5-kapseln-240","status":"publish","type":"product","link":"https:\/\/honigbee.com\/hu\/termek\/vitamin-b5-kapseln-240\/","title":{"rendered":"240 Kapseln Vitamin B5 Kapseln 500 mg Vegane Hochdosierte Pantothens\u00e4ure"},"content":{"rendered":"<div id=\"ez-toc-container\" class=\"ez-toc-v2_0_83 counter-hierarchy ez-toc-counter ez-toc-grey ez-toc-container-direction\">\n<div class=\"ez-toc-title-container\">\n<p class=\"ez-toc-title\" style=\"cursor:inherit\">Tartalomjegyz\u00e9k<\/p>\n<span class=\"ez-toc-title-toggle\"><a href=\"#\" class=\"ez-toc-pull-right ez-toc-btn ez-toc-btn-xs ez-toc-btn-default ez-toc-toggle\" aria-label=\"Tartalomjegyz\u00e9k be-\/kikapcsol\u00e1sa\"><span class=\"ez-toc-js-icon-con\"><span class=\"\"><span class=\"eztoc-hide\" style=\"display:none;\">V\u00e1lt\u00e1s<\/span><span class=\"ez-toc-icon-toggle-span\"><svg style=\"fill: #999;color:#999\" xmlns=\"http:\/\/www.w3.org\/2000\/svg\" class=\"list-377408\" width=\"20px\" height=\"20px\" viewbox=\"0 0 24 24\" fill=\"none\"><path d=\"M6 6H4v2h2V6zm14 0H8v2h12V6zM4 11h2v2H4v-2zm16 0H8v2h12v-2zM4 16h2v2H4v-2zm16 0H8v2h12v-2z\" fill=\"currentColor\"><\/path><\/svg><svg style=\"fill: #999;color:#999\" class=\"arrow-unsorted-368013\" xmlns=\"http:\/\/www.w3.org\/2000\/svg\" width=\"10px\" height=\"10px\" viewbox=\"0 0 24 24\" version=\"1.2\" baseprofile=\"tiny\"><path d=\"M18.2 9.3l-6.2-6.3-6.2 6.3c-.2.2-.3.4-.3.7s.1.5.3.7c.2.2.4.3.7.3h11c.3 0 .5-.1.7-.3.2-.2.3-.5.3-.7s-.1-.5-.3-.7zM5.8 14.7l6.2 6.3 6.2-6.3c.2-.2.3-.5.3-.7s-.1-.5-.3-.7c-.2-.2-.4-.3-.7-.3h-11c-.3 0-.5.1-.7.3-.2.2-.3.5-.3.7s.1.5.3.7z\"\/><\/svg><\/span><\/span><\/span><\/a><\/span><\/div>\n<nav><ul class='ez-toc-list ez-toc-list-level-1' ><li class='ez-toc-page-1 ez-toc-heading-level-4'><a class=\"ez-toc-link ez-toc-heading-1\" href=\"https:\/\/honigbee.com\/hu\/termek\/vitamin-b5-kapseln-240\/#Produktvorteile\" >Term\u00e9k el\u0151nyei<\/a><\/li><li class='ez-toc-page-1 ez-toc-heading-level-4'><a class=\"ez-toc-link ez-toc-heading-2\" href=\"https:\/\/honigbee.com\/hu\/termek\/vitamin-b5-kapseln-240\/#Anwendung\" >Alkalmaz\u00e1s<\/a><\/li><li class='ez-toc-page-1 ez-toc-heading-level-4'><a class=\"ez-toc-link ez-toc-heading-3\" href=\"https:\/\/honigbee.com\/hu\/termek\/vitamin-b5-kapseln-240\/#Eigenschaften_von_Vitamin_B5\" >Eigenschaften von Vitamin B5<\/a><\/li><li class='ez-toc-page-1 ez-toc-heading-level-4'><a class=\"ez-toc-link ez-toc-heading-4\" href=\"https:\/\/honigbee.com\/hu\/termek\/vitamin-b5-kapseln-240\/#Produktdetails\" >Term\u00e9kadatok<\/a><\/li><li class='ez-toc-page-1 ez-toc-heading-level-4'><a class=\"ez-toc-link ez-toc-heading-5\" href=\"https:\/\/honigbee.com\/hu\/termek\/vitamin-b5-kapseln-240\/#Lagerung\" >t\u00e1rol\u00e1s<\/a><\/li><li class='ez-toc-page-1 ez-toc-heading-level-4'><a class=\"ez-toc-link ez-toc-heading-6\" href=\"https:\/\/honigbee.com\/hu\/termek\/vitamin-b5-kapseln-240\/#Hinweis\" >\u00c9rtes\u00edt\u00e9s<\/a><\/li><li class='ez-toc-page-1 ez-toc-heading-level-4'><a class=\"ez-toc-link ez-toc-heading-7\" href=\"https:\/\/honigbee.com\/hu\/termek\/vitamin-b5-kapseln-240\/#Weitere_Inspiration_entdecken\" >Weitere Inspiration entdecken<\/a><\/li><\/ul><\/nav><\/div>\n<p data-start=\"660\" data-end=\"861\">A <strong data-start=\"664\" data-end=\"686\">Vitamin B5 Kapseln<\/strong> enthalten Pantothens\u00e4ure (Vitamin B5) in hochdosierter Form. Vitamin B5 geh\u00f6rt zur Gruppe der B-Vitamine und wird h\u00e4ufig zur Erg\u00e4nzung einer ausgewogenen Ern\u00e4hrung verwendet.<\/p>\n<p data-start=\"863\" data-end=\"1002\">Pantothens\u00e4ure tr\u00e4gt zu verschiedenen Funktionen im K\u00f6rper bei, darunter der normale Energiestoffwechsel und die normale geistige Leistung.<\/p>\n<hr data-start=\"1004\" data-end=\"1007\" \/>\n<h4 data-start=\"1009\" data-end=\"1029\"><span class=\"ez-toc-section\" id=\"Produktvorteile\"><\/span>Term\u00e9k el\u0151nyei<span class=\"ez-toc-section-end\"><\/span><\/h4>\n<p data-start=\"1031\" data-end=\"1222\">\u2022 240 vegane Vitamin B5 Kapseln<br data-start=\"1062\" data-end=\"1065\" \/>\u2022 500 mg Pantothens\u00e4ure pro Kapsel<br data-start=\"1099\" data-end=\"1102\" \/>\u2022 Hochdosierte Rezeptur<br data-start=\"1125\" data-end=\"1128\" \/>\u2022 Vegan und ohne unn\u00f6tige Zusatzstoffe<br data-start=\"1166\" data-end=\"1169\" \/>\u2022 Geeignet f\u00fcr die t\u00e4gliche Erg\u00e4nzung der Ern\u00e4hrung<\/p>\n<hr data-start=\"1224\" data-end=\"1227\" \/>\n<h4 data-start=\"1229\" data-end=\"1243\"><span class=\"ez-toc-section\" id=\"Anwendung\"><\/span>Alkalmaz\u00e1s<span class=\"ez-toc-section-end\"><\/span><\/h4>\n<p data-start=\"1245\" data-end=\"1388\">Die Kapseln k\u00f6nnen t\u00e4glich entsprechend der empfohlenen Verzehrmenge mit ausreichend Wasser eingenommen werden, vorzugsweise zu einer Mahlzeit.<\/p>\n<hr data-start=\"1390\" data-end=\"1393\" \/>\n<h4 data-start=\"1395\" data-end=\"1428\"><span class=\"ez-toc-section\" id=\"Eigenschaften_von_Vitamin_B5\"><\/span>Eigenschaften von Vitamin B5<span class=\"ez-toc-section-end\"><\/span><\/h4>\n<p data-start=\"1430\" data-end=\"1458\">Pantothens\u00e4ure tr\u00e4gt bei zu:<\/p>\n<p data-start=\"1460\" data-end=\"1627\">\u2022 normalem Energiestoffwechsel<br data-start=\"1490\" data-end=\"1493\" \/>\u2022 normaler geistiger Leistung<br data-start=\"1522\" data-end=\"1525\" \/>\u2022 normaler Synthese von Steroidhormonen und Vitamin D<br data-start=\"1578\" data-end=\"1581\" \/>\u2022 Verringerung von M\u00fcdigkeit und Ersch\u00f6pfung<\/p>\n<hr data-start=\"1629\" data-end=\"1632\" \/>\n<h4 data-start=\"1634\" data-end=\"1653\"><span class=\"ez-toc-section\" id=\"Produktdetails\"><\/span>Term\u00e9kadatok<span class=\"ez-toc-section-end\"><\/span><\/h4>\n<p data-start=\"1655\" data-end=\"1678\">Tartalom: <strong data-start=\"1663\" data-end=\"1678\">240 Kapseln<\/strong><\/p>\n<p data-start=\"1680\" data-end=\"1700\">Forma: Veg\u00e1n kapszul\u00e1k<\/p>\n<p data-start=\"1702\" data-end=\"1760\">Dosierung pro Kapsel:<br data-start=\"1723\" data-end=\"1726\" \/>500 mg Pantothens\u00e4ure (Vitamin B5)<\/p>\n<p data-start=\"1762\" data-end=\"1810\">Zutaten: Pantothens\u00e4ure, pflanzliche Kapselh\u00fclle<\/p>\n<p data-start=\"1812\" data-end=\"1849\">Vegan und ohne unn\u00f6tige Zusatzstoffe.<\/p>\n<hr data-start=\"1851\" data-end=\"1854\" \/>\n<h4 data-start=\"1856\" data-end=\"1869\"><span class=\"ez-toc-section\" id=\"Lagerung\"><\/span>t\u00e1rol\u00e1s<span class=\"ez-toc-section-end\"><\/span><\/h4>\n<p data-start=\"1871\" data-end=\"1963\">H\u0171v\u00f6s, sz\u00e1raz, f\u00e9nyt\u0151l v\u00e9dett helyen t\u00e1roland\u00f3.<br data-start=\"1911\" data-end=\"1914\" \/>Au\u00dferhalb der Reichweite von Kindern aufbewahren.<\/p>\n<hr data-start=\"1965\" data-end=\"1968\" \/>\n<h4 data-start=\"1970\" data-end=\"1982\"><span class=\"ez-toc-section\" id=\"Hinweis\"><\/span>\u00c9rtes\u00edt\u00e9s<span class=\"ez-toc-section-end\"><\/span><\/h4>\n<p data-start=\"1984\" data-end=\"2136\">Nahrungserg\u00e4nzungsmittel sollten nicht als Ersatz f\u00fcr eine abwechslungsreiche und ausgewogene Ern\u00e4hrung sowie eine gesunde Lebensweise verwendet werden.<\/p>\n<hr data-start=\"1683\" data-end=\"1686\" \/>\n<h4 data-start=\"413\" data-end=\"449\"><span class=\"ez-toc-section\" id=\"Weitere_Inspiration_entdecken\"><\/span>Weitere Inspiration entdecken<span class=\"ez-toc-section-end\"><\/span><\/h4>\n<p data-start=\"450\" data-end=\"582\">Du suchst weitere besondere Produkte? Entdecke zus\u00e4tzliche Highlights in unserem Sortiment oder st\u00f6bere in unseren Partnerprojekten:<\/p>\n<ul data-start=\"584\" data-end=\"920\">\n<li data-start=\"584\" data-end=\"656\"><a href=\"https:\/\/honigbee.com\/hu\/shop\/\">Weitere Naturprodukte bei Honigbee entdecken<\/a><\/li>\n<li data-start=\"657\" data-end=\"783\">\n<p data-start=\"659\" data-end=\"783\"><a href=\"https:\/\/matvana.com\/shop\/\" target=\"_blank\" rel=\"noopener\">Stilvolle Wohnideen bei Matvana ansehen<\/a><\/p>\n<\/li>\n<li data-start=\"784\" data-end=\"920\">\n<p data-start=\"786\" data-end=\"920\"><a href=\"https:\/\/saphirsmaragd.com\/shop\/\" target=\"_blank\" rel=\"noopener\">Edelsteine &amp; Schmuck bei Saphir &amp; Smaragd ansehen<\/a><\/p>\n<\/li>\n<\/ul>\n<hr data-start=\"1931\" data-end=\"1934\" \/>\n<p>Produktbilder dienen der Veranschaulichung. Verpackungsdesign kann abweichen.<\/p>","protected":false},"excerpt":{"rendered":"<p data-start=\"386\" data-end=\"561\"><em>Vitamin B5 Kapseln mit 500 mg Pantothens\u00e4ure pro Kapsel. 240 vegane Kapseln hochdosiert \u2013 ideal zur Erg\u00e4nzung des Energiestoffwechsels und der t\u00e4glichen Vitaminversorgung.<\/em><\/p>\n<p data-start=\"451\" data-end=\"485\">","protected":false},"featured_media":43585,"comment_status":"open","ping_status":"closed","template":"","meta":{"_glsr_average":0,"_glsr_ranking":0,"_glsr_reviews":0},"product_brand":[],"product_cat":[1017],"product_tag":[],"class_list":{"0":"post-24978","1":"product","2":"type-product","3":"status-publish","4":"has-post-thumbnail","6":"product_cat-vitamin-b5-pantothensaeure","8":"first","9":"instock","10":"shipping-taxable","11":"purchasable","12":"product-type-simple","13":"add-to-wishlist-before_image"},"jetpack_sharing_enabled":true,"_links":{"self":[{"href":"https:\/\/honigbee.com\/hu\/wp-json\/wp\/v2\/product\/24978","targetHints":{"allow":["GET"]}}],"collection":[{"href":"https:\/\/honigbee.com\/hu\/wp-json\/wp\/v2\/product"}],"about":[{"href":"https:\/\/honigbee.com\/hu\/wp-json\/wp\/v2\/types\/product"}],"replies":[{"embeddable":true,"href":"https:\/\/honigbee.com\/hu\/wp-json\/wp\/v2\/comments?post=24978"}],"version-history":[{"count":3,"href":"https:\/\/honigbee.com\/hu\/wp-json\/wp\/v2\/product\/24978\/revisions"}],"predecessor-version":[{"id":43586,"href":"https:\/\/honigbee.com\/hu\/wp-json\/wp\/v2\/product\/24978\/revisions\/43586"}],"wp:featuredmedia":[{"embeddable":true,"href":"https:\/\/honigbee.com\/hu\/wp-json\/wp\/v2\/media\/43585"}],"wp:attachment":[{"href":"https:\/\/honigbee.com\/hu\/wp-json\/wp\/v2\/media?parent=24978"}],"wp:term":[{"taxonomy":"product_brand","embeddable":true,"href":"https:\/\/honigbee.com\/hu\/wp-json\/wp\/v2\/product_brand?post=24978"},{"taxonomy":"product_cat","embeddable":true,"href":"https:\/\/honigbee.com\/hu\/wp-json\/wp\/v2\/product_cat?post=24978"},{"taxonomy":"product_tag","embeddable":true,"href":"https:\/\/honigbee.com\/hu\/wp-json\/wp\/v2\/product_tag?post=24978"}],"curies":[{"name":"munkaf\u00fczet","href":"https:\/\/api.w.org\/{rel}","templated":true}]}}