{"id":27330,"date":"2025-07-05T21:41:50","date_gmt":"2025-07-05T21:41:50","guid":{"rendered":"https:\/\/honigbee.com\/?post_type=product&#038;p=27330"},"modified":"2026-02-28T20:06:07","modified_gmt":"2026-02-28T20:06:07","slug":"schokoladen-panettone-modica-900g","status":"publish","type":"product","link":"https:\/\/honigbee.com\/hu\/termek\/schokoladen-panettone-modica-900g\/","title":{"rendered":"900g Schokoladen Panettone Modica \u2013 Italienischer Hefekuchen mit Modica-Schokolade"},"content":{"rendered":"<div id=\"ez-toc-container\" class=\"ez-toc-v2_0_83 counter-hierarchy ez-toc-counter ez-toc-grey ez-toc-container-direction\">\n<div class=\"ez-toc-title-container\">\n<p class=\"ez-toc-title\" style=\"cursor:inherit\">Tartalomjegyz\u00e9k<\/p>\n<span class=\"ez-toc-title-toggle\"><a href=\"#\" class=\"ez-toc-pull-right ez-toc-btn ez-toc-btn-xs ez-toc-btn-default ez-toc-toggle\" aria-label=\"Tartalomjegyz\u00e9k be-\/kikapcsol\u00e1sa\"><span class=\"ez-toc-js-icon-con\"><span class=\"\"><span class=\"eztoc-hide\" style=\"display:none;\">V\u00e1lt\u00e1s<\/span><span class=\"ez-toc-icon-toggle-span\"><svg style=\"fill: #999;color:#999\" xmlns=\"http:\/\/www.w3.org\/2000\/svg\" class=\"list-377408\" width=\"20px\" height=\"20px\" viewbox=\"0 0 24 24\" fill=\"none\"><path d=\"M6 6H4v2h2V6zm14 0H8v2h12V6zM4 11h2v2H4v-2zm16 0H8v2h12v-2zM4 16h2v2H4v-2zm16 0H8v2h12v-2z\" fill=\"currentColor\"><\/path><\/svg><svg style=\"fill: #999;color:#999\" class=\"arrow-unsorted-368013\" xmlns=\"http:\/\/www.w3.org\/2000\/svg\" width=\"10px\" height=\"10px\" viewbox=\"0 0 24 24\" version=\"1.2\" baseprofile=\"tiny\"><path d=\"M18.2 9.3l-6.2-6.3-6.2 6.3c-.2.2-.3.4-.3.7s.1.5.3.7c.2.2.4.3.7.3h11c.3 0 .5-.1.7-.3.2-.2.3-.5.3-.7s-.1-.5-.3-.7zM5.8 14.7l6.2 6.3 6.2-6.3c.2-.2.3-.5.3-.7s-.1-.5-.3-.7c-.2-.2-.4-.3-.7-.3h-11c-.3 0-.5.1-.7.3-.2.2-.3.5-.3.7s.1.5.3.7z\"\/><\/svg><\/span><\/span><\/span><\/a><\/span><\/div>\n<nav><ul class='ez-toc-list ez-toc-list-level-1' ><li class='ez-toc-page-1 ez-toc-heading-level-4'><a class=\"ez-toc-link ez-toc-heading-1\" href=\"https:\/\/honigbee.com\/hu\/termek\/schokoladen-panettone-modica-900g\/#Produktmerkmale\" >Term\u00e9kjellemz\u0151k<\/a><\/li><li class='ez-toc-page-1 ez-toc-heading-level-4'><a class=\"ez-toc-link ez-toc-heading-2\" href=\"https:\/\/honigbee.com\/hu\/termek\/schokoladen-panettone-modica-900g\/#Geschmack_Konsistenz\" >\u00cdz \u00e9s \u00e1llag<\/a><\/li><li class='ez-toc-page-1 ez-toc-heading-level-4'><a class=\"ez-toc-link ez-toc-heading-3\" href=\"https:\/\/honigbee.com\/hu\/termek\/schokoladen-panettone-modica-900g\/#Verwendung\" >haszn\u00e1lat<\/a><\/li><li class='ez-toc-page-1 ez-toc-heading-level-4'><a class=\"ez-toc-link ez-toc-heading-4\" href=\"https:\/\/honigbee.com\/hu\/termek\/schokoladen-panettone-modica-900g\/#Produktdetails\" >Term\u00e9kadatok<\/a><\/li><li class='ez-toc-page-1 ez-toc-heading-level-4'><a class=\"ez-toc-link ez-toc-heading-5\" href=\"https:\/\/honigbee.com\/hu\/termek\/schokoladen-panettone-modica-900g\/#Lagerung\" >t\u00e1rol\u00e1s<\/a><\/li><li class='ez-toc-page-1 ez-toc-heading-level-4'><a class=\"ez-toc-link ez-toc-heading-6\" href=\"https:\/\/honigbee.com\/hu\/termek\/schokoladen-panettone-modica-900g\/#Weitere_Inspiration_entdecken\" >Weitere Inspiration entdecken<\/a><\/li><\/ul><\/nav><\/div>\n<p data-start=\"849\" data-end=\"1090\">A <strong data-start=\"853\" data-end=\"890\">900g Schokoladen Panettone Modica<\/strong> ist ein italienischer Hefekuchen mit lockerer Teigstruktur. Der Teig ist mit Schokoladencreme gef\u00fcllt und mit 70 % dunkler Schokolade \u00fcberzogen. Die Oberfl\u00e4che ist mit Schokoladenst\u00fcckchen dekoriert.<\/p>\n<p data-start=\"1092\" data-end=\"1199\">Die Kombination aus weichem Hefeteig und intensiver Schokolade sorgt f\u00fcr ein ausgewogenes Geschmacksprofil.<\/p>\n<hr data-start=\"1201\" data-end=\"1204\" \/>\n<h4 data-start=\"1206\" data-end=\"1226\"><span class=\"ez-toc-section\" id=\"Produktmerkmale\"><\/span>Term\u00e9kjellemz\u0151k<span class=\"ez-toc-section-end\"><\/span><\/h4>\n<p data-start=\"1228\" data-end=\"1448\">900g Schokoladen Panettone Modica<br data-start=\"1261\" data-end=\"1264\" \/>Luftiger Hefeteig<br data-start=\"1281\" data-end=\"1284\" \/>Gef\u00fcllt mit Schokoladencreme<br data-start=\"1312\" data-end=\"1315\" \/>\u00dcberzogen mit 70 % dunkler Schokolade<br data-start=\"1352\" data-end=\"1355\" \/>Mit Schokoladenst\u00fcckchen dekoriert<br data-start=\"1389\" data-end=\"1392\" \/>Italienisches Traditionsgeb\u00e4ck<br data-start=\"1422\" data-end=\"1425\" \/>Dekorative Verpackung<\/p>\n<hr data-start=\"1450\" data-end=\"1453\" \/>\n<h4 data-start=\"1455\" data-end=\"1482\"><span class=\"ez-toc-section\" id=\"Geschmack_Konsistenz\"><\/span>\u00cdz \u00e9s \u00e1llag<span class=\"ez-toc-section-end\"><\/span><\/h4>\n<p data-start=\"1484\" data-end=\"1560\">Locker und weich<br data-start=\"1500\" data-end=\"1503\" \/>Intensive Kakaonote<br data-start=\"1522\" data-end=\"1525\" \/>Ausgewogene S\u00fc\u00dfe<br data-start=\"1541\" data-end=\"1544\" \/>Saftige Textur<\/p>\n<hr data-start=\"1562\" data-end=\"1565\" \/>\n<h4 data-start=\"1567\" data-end=\"1582\"><span class=\"ez-toc-section\" id=\"Verwendung\"><\/span>haszn\u00e1lat<span class=\"ez-toc-section-end\"><\/span><\/h4>\n<p data-start=\"1644\" data-end=\"1724\">\u2022 Weihnachtszeit<br data-start=\"1660\" data-end=\"1663\" \/>\u2022 Als Dessert<br data-start=\"1676\" data-end=\"1679\" \/>\u2022 Zum Kaffee oder Espresso<br data-start=\"1705\" data-end=\"1708\" \/>\u2022 Als Geschenk<\/p>\n<p data-start=\"1726\" data-end=\"1774\">Servierfertig \u2013 direkt anschneiden und genie\u00dfen.<\/p>\n<hr data-start=\"1776\" data-end=\"1779\" \/>\n<h4 data-start=\"1781\" data-end=\"1800\"><span class=\"ez-toc-section\" id=\"Produktdetails\"><\/span>Term\u00e9kadatok<span class=\"ez-toc-section-end\"><\/span><\/h4>\n<p data-start=\"1802\" data-end=\"2000\">Produktname: 900g Schokoladen Panettone Modica<br data-start=\"1848\" data-end=\"1851\" \/>Inhalt: 900 g<br data-start=\"1864\" data-end=\"1867\" \/>Geb\u00e4ckart: Hefekuchen<br data-start=\"1888\" data-end=\"1891\" \/>Bestandteile: Schokoladencreme, 70 % dunkle Schokolade<br data-start=\"1945\" data-end=\"1948\" \/>Sz\u00e1rmaz\u00e1si hely: Olaszorsz\u00e1g<br data-start=\"1965\" data-end=\"1968\" \/>Verpackung: Geschenkverpackung<\/p>\n<hr data-start=\"2002\" data-end=\"2005\" \/>\n<h4 data-start=\"2007\" data-end=\"2020\"><span class=\"ez-toc-section\" id=\"Lagerung\"><\/span>t\u00e1rol\u00e1s<span class=\"ez-toc-section-end\"><\/span><\/h4>\n<p data-start=\"2022\" data-end=\"2124\">Trocken, k\u00fchl und lichtgesch\u00fctzt lagern. Nach dem \u00d6ffnen luftdicht verschlie\u00dfen und zeitnah verzehren.<\/p>\n<hr data-start=\"1683\" data-end=\"1686\" \/>\n<h4 data-start=\"413\" data-end=\"449\"><span class=\"ez-toc-section\" id=\"Weitere_Inspiration_entdecken\"><\/span>Weitere Inspiration entdecken<span class=\"ez-toc-section-end\"><\/span><\/h4>\n<p data-start=\"450\" data-end=\"582\">Du suchst weitere besondere Produkte? Entdecke zus\u00e4tzliche Highlights in unserem Sortiment oder st\u00f6bere in unseren Partnerprojekten:<\/p>\n<ul data-start=\"584\" data-end=\"920\">\n<li data-start=\"584\" data-end=\"656\"><a href=\"https:\/\/honigbee.com\/hu\/shop\/\">Weitere Naturprodukte bei Honigbee entdecken<\/a><\/li>\n<li data-start=\"657\" data-end=\"783\">\n<p data-start=\"659\" data-end=\"783\"><a href=\"https:\/\/matvana.com\/shop\/\" target=\"_blank\" rel=\"noopener\">Stilvolle Wohnideen bei Matvana ansehen<\/a><\/p>\n<\/li>\n<li data-start=\"784\" data-end=\"920\">\n<p data-start=\"786\" data-end=\"920\"><a href=\"https:\/\/saphirsmaragd.com\/shop\/\" target=\"_blank\" rel=\"noopener\">Edelsteine &amp; Schmuck bei Saphir &amp; Smaragd ansehen<\/a><\/p>\n<\/li>\n<\/ul>\n<hr data-start=\"1931\" data-end=\"1934\" \/>\n<p>Produktbilder dienen der Veranschaulichung. Verpackungsdesign kann abweichen.<\/p>","protected":false},"excerpt":{"rendered":"<p data-start=\"598\" data-end=\"756\"><em>900g Schokoladen Panettone Modica mit Modica-Schokoladencreme und 70 % dunkler Schokolade. Italienischer Hefekuchen f\u00fcr Weihnachtszeit oder besondere Anl\u00e4sse.<\/em><\/p>","protected":false},"featured_media":43296,"comment_status":"open","ping_status":"closed","template":"","meta":{"_glsr_average":0,"_glsr_ranking":0,"_glsr_reviews":0},"product_brand":[],"product_cat":[1303],"product_tag":[],"class_list":{"0":"post-27330","1":"product","2":"type-product","3":"status-publish","4":"has-post-thumbnail","6":"product_cat-gebaeck-und-kuchen","8":"first","9":"instock","10":"featured","11":"shipping-taxable","12":"purchasable","13":"product-type-simple","14":"add-to-wishlist-before_image"},"jetpack_sharing_enabled":true,"_links":{"self":[{"href":"https:\/\/honigbee.com\/hu\/wp-json\/wp\/v2\/product\/27330","targetHints":{"allow":["GET"]}}],"collection":[{"href":"https:\/\/honigbee.com\/hu\/wp-json\/wp\/v2\/product"}],"about":[{"href":"https:\/\/honigbee.com\/hu\/wp-json\/wp\/v2\/types\/product"}],"replies":[{"embeddable":true,"href":"https:\/\/honigbee.com\/hu\/wp-json\/wp\/v2\/comments?post=27330"}],"version-history":[{"count":4,"href":"https:\/\/honigbee.com\/hu\/wp-json\/wp\/v2\/product\/27330\/revisions"}],"predecessor-version":[{"id":43297,"href":"https:\/\/honigbee.com\/hu\/wp-json\/wp\/v2\/product\/27330\/revisions\/43297"}],"wp:featuredmedia":[{"embeddable":true,"href":"https:\/\/honigbee.com\/hu\/wp-json\/wp\/v2\/media\/43296"}],"wp:attachment":[{"href":"https:\/\/honigbee.com\/hu\/wp-json\/wp\/v2\/media?parent=27330"}],"wp:term":[{"taxonomy":"product_brand","embeddable":true,"href":"https:\/\/honigbee.com\/hu\/wp-json\/wp\/v2\/product_brand?post=27330"},{"taxonomy":"product_cat","embeddable":true,"href":"https:\/\/honigbee.com\/hu\/wp-json\/wp\/v2\/product_cat?post=27330"},{"taxonomy":"product_tag","embeddable":true,"href":"https:\/\/honigbee.com\/hu\/wp-json\/wp\/v2\/product_tag?post=27330"}],"curies":[{"name":"munkaf\u00fczet","href":"https:\/\/api.w.org\/{rel}","templated":true}]}}