{"id":30316,"date":"2025-09-05T18:24:23","date_gmt":"2025-09-05T18:24:23","guid":{"rendered":"https:\/\/honigbee.com\/?post_type=product&#038;p=30316"},"modified":"2026-03-16T19:18:48","modified_gmt":"2026-03-16T19:18:48","slug":"500-g-jujubehonig-aus-algerien","status":"publish","type":"product","link":"https:\/\/honigbee.com\/hu\/termek\/500-g-jujubehonig-aus-algerien\/","title":{"rendered":"500 g alg\u00e9riai zsid\u00f3t\u00f6vism\u00e9z \u2013 finom, sidr-szer\u0171 m\u00e9z"},"content":{"rendered":"<div id=\"ez-toc-container\" class=\"ez-toc-v2_0_83 counter-hierarchy ez-toc-counter ez-toc-grey ez-toc-container-direction\">\n<div class=\"ez-toc-title-container\">\n<p class=\"ez-toc-title\" style=\"cursor:inherit\">Tartalomjegyz\u00e9k<\/p>\n<span class=\"ez-toc-title-toggle\"><a href=\"#\" class=\"ez-toc-pull-right ez-toc-btn ez-toc-btn-xs ez-toc-btn-default ez-toc-toggle\" aria-label=\"Tartalomjegyz\u00e9k be-\/kikapcsol\u00e1sa\"><span class=\"ez-toc-js-icon-con\"><span class=\"\"><span class=\"eztoc-hide\" style=\"display:none;\">V\u00e1lt\u00e1s<\/span><span class=\"ez-toc-icon-toggle-span\"><svg style=\"fill: #999;color:#999\" xmlns=\"http:\/\/www.w3.org\/2000\/svg\" class=\"list-377408\" width=\"20px\" height=\"20px\" viewbox=\"0 0 24 24\" fill=\"none\"><path d=\"M6 6H4v2h2V6zm14 0H8v2h12V6zM4 11h2v2H4v-2zm16 0H8v2h12v-2zM4 16h2v2H4v-2zm16 0H8v2h12v-2z\" fill=\"currentColor\"><\/path><\/svg><svg style=\"fill: #999;color:#999\" class=\"arrow-unsorted-368013\" xmlns=\"http:\/\/www.w3.org\/2000\/svg\" width=\"10px\" height=\"10px\" viewbox=\"0 0 24 24\" version=\"1.2\" baseprofile=\"tiny\"><path d=\"M18.2 9.3l-6.2-6.3-6.2 6.3c-.2.2-.3.4-.3.7s.1.5.3.7c.2.2.4.3.7.3h11c.3 0 .5-.1.7-.3.2-.2.3-.5.3-.7s-.1-.5-.3-.7zM5.8 14.7l6.2 6.3 6.2-6.3c.2-.2.3-.5.3-.7s-.1-.5-.3-.7c-.2-.2-.4-.3-.7-.3h-11c-.3 0-.5.1-.7.3-.2.2-.3.5-.3.7s.1.5.3.7z\"\/><\/svg><\/span><\/span><\/span><\/a><\/span><\/div>\n<nav><ul class='ez-toc-list ez-toc-list-level-1' ><li class='ez-toc-page-1 ez-toc-heading-level-4'><a class=\"ez-toc-link ez-toc-heading-1\" href=\"https:\/\/honigbee.com\/hu\/termek\/500-g-jujubehonig-aus-algerien\/#500_g_Jujubehonig_aus_Algerien_%E2%80%93_seltene_Delikatesse\" >500 g Jujubehonig aus Algerien \u2013 seltene Delikatesse<\/a><\/li><li class='ez-toc-page-1 ez-toc-heading-level-4'><a class=\"ez-toc-link ez-toc-heading-2\" href=\"https:\/\/honigbee.com\/hu\/termek\/500-g-jujubehonig-aus-algerien\/#Merkmale_Herkunft\" >Jellemz\u0151k \u00e9s eredet<\/a><\/li><li class='ez-toc-page-1 ez-toc-heading-level-4'><a class=\"ez-toc-link ez-toc-heading-3\" href=\"https:\/\/honigbee.com\/hu\/termek\/500-g-jujubehonig-aus-algerien\/#Besonderheiten\" >K\u00fcl\u00f6nleges jellemz\u0151k<\/a><\/li><li class='ez-toc-page-1 ez-toc-heading-level-4'><a class=\"ez-toc-link ez-toc-heading-4\" href=\"https:\/\/honigbee.com\/hu\/termek\/500-g-jujubehonig-aus-algerien\/#Weitere_Inspiration_entdecken\" >Weitere Inspiration entdecken<\/a><\/li><\/ul><\/nav><\/div>\n<h4 data-start=\"824\" data-end=\"883\"><span class=\"ez-toc-section\" id=\"500_g_Jujubehonig_aus_Algerien_%E2%80%93_seltene_Delikatesse\"><\/span>500 g Jujubehonig aus Algerien \u2013 seltene Delikatesse<span class=\"ez-toc-section-end\"><\/span><\/h4>\n<p data-start=\"884\" data-end=\"1132\">Dieser besondere Honig wird aus dem Nektar des Jujubenbaums in Algerien gewonnen. Mit seiner goldenen Farbe, seinem edlen Geschmack und seiner N\u00e4he zum ber\u00fchmten Sidr Honig aus dem Jemen ist er eine gefragte Rarit\u00e4t f\u00fcr Kenner und Honigliebhaber.<\/p>\n<hr data-start=\"1134\" data-end=\"1137\" \/>\n<h4 data-start=\"1139\" data-end=\"1168\"><span class=\"ez-toc-section\" id=\"Merkmale_Herkunft\"><\/span>Jellemz\u0151k \u00e9s eredet<span class=\"ez-toc-section-end\"><\/span><\/h4>\n<ul data-start=\"1169\" data-end=\"1405\">\n<li data-start=\"1169\" data-end=\"1210\">\n<p data-start=\"1171\" data-end=\"1210\">Produkt: Jujubehonig (Ziziphus-Honig)<\/p>\n<\/li>\n<li data-start=\"1211\" data-end=\"1233\">\n<p data-start=\"1213\" data-end=\"1233\">Herkunft: Algerien<\/p>\n<\/li>\n<li data-start=\"1234\" data-end=\"1269\">\n<p data-start=\"1236\" data-end=\"1269\">Baumart: Jujubenbaum (Ziziphus)<\/p>\n<\/li>\n<li data-start=\"1270\" data-end=\"1311\">\n<p data-start=\"1272\" data-end=\"1311\">Besonderheit: Edler Geschmack, selten<\/p>\n<\/li>\n<li data-start=\"1312\" data-end=\"1360\">\n<p data-start=\"1314\" data-end=\"1360\">Geschmack: Aromatisch, mild, leicht fruchtig<\/p>\n<\/li>\n<li data-start=\"1361\" data-end=\"1388\">\n<p data-start=\"1363\" data-end=\"1388\">Kiszerel\u00e9s: 500 g<\/p>\n<\/li>\n<\/ul>\n<hr data-start=\"1407\" data-end=\"1410\" \/>\n<h4 data-start=\"1412\" data-end=\"1436\"><span class=\"ez-toc-section\" id=\"Besonderheiten\"><\/span>K\u00fcl\u00f6nleges jellemz\u0151k<span class=\"ez-toc-section-end\"><\/span><\/h4>\n<p data-start=\"1437\" data-end=\"1713\">A <strong data-start=\"1441\" data-end=\"1475\">500 g Jujubehonig aus Algerien<\/strong> ist reich an wertvollen Inhaltsstoffen und wird seit Jahrhunderten in der traditionellen Ern\u00e4hrung gesch\u00e4tzt. Sein edler, fein-fruchtiger Geschmack erinnert an Sidr Honig und macht ihn zu einer besonderen Delikatesse f\u00fcr Feinschmecker.<\/p>\n<hr data-start=\"1683\" data-end=\"1686\" \/>\n<h4 data-start=\"413\" data-end=\"449\"><span class=\"ez-toc-section\" id=\"Weitere_Inspiration_entdecken\"><\/span>Weitere Inspiration entdecken<span class=\"ez-toc-section-end\"><\/span><\/h4>\n<p data-start=\"450\" data-end=\"582\">Du suchst weitere besondere Produkte? Entdecke zus\u00e4tzliche Highlights in unserem Sortiment oder st\u00f6bere in unseren Partnerprojekten:<\/p>\n<ul data-start=\"584\" data-end=\"920\">\n<li data-start=\"584\" data-end=\"656\"><a href=\"https:\/\/honigbee.com\/hu\/shop\/\">Weitere Naturprodukte bei Honigbee entdecken<\/a><\/li>\n<li data-start=\"657\" data-end=\"783\">\n<p data-start=\"659\" data-end=\"783\"><a href=\"https:\/\/matvana.com\/shop\/\" target=\"_blank\" rel=\"noopener\">Stilvolle Wohnideen bei Matvana ansehen<\/a><\/p>\n<\/li>\n<li data-start=\"784\" data-end=\"920\">\n<p data-start=\"786\" data-end=\"920\"><a href=\"https:\/\/saphirsmaragd.com\/shop\/\" target=\"_blank\" rel=\"noopener\">Edelsteine &amp; Schmuck bei Saphir &amp; Smaragd ansehen<\/a><\/p>\n<\/li>\n<\/ul>\n<hr data-start=\"1931\" data-end=\"1934\" \/>\n<p>Produktbilder dienen der Veranschaulichung. Verpackungsdesign kann abweichen.<\/p>","protected":false},"excerpt":{"rendered":"<p data-start=\"428\" data-end=\"700\"><em>Der 500 g Jujubehonig aus Algerien stammt aus den Bl\u00fcten des Jujubenbaums und erinnert geschmacklich an den ber\u00fchmten Sidr Honig aus dem Jemen. Eine seltene Delikatesse f\u00fcr Feinschmecker und ideal als Geschenk f\u00fcr Honigliebhaber.<\/em><\/p>\n<p data-start=\"876\" data-end=\"961\">","protected":false},"featured_media":43842,"comment_status":"open","ping_status":"closed","template":"","meta":{"_glsr_average":0,"_glsr_ranking":0,"_glsr_reviews":0},"product_brand":[],"product_cat":[1410],"product_tag":[],"class_list":{"0":"post-30316","1":"product","2":"type-product","3":"status-publish","4":"has-post-thumbnail","6":"product_cat-jujubehonig","8":"first","9":"instock","10":"shipping-taxable","11":"purchasable","12":"product-type-simple","13":"add-to-wishlist-before_image"},"jetpack_sharing_enabled":true,"_links":{"self":[{"href":"https:\/\/honigbee.com\/hu\/wp-json\/wp\/v2\/product\/30316","targetHints":{"allow":["GET"]}}],"collection":[{"href":"https:\/\/honigbee.com\/hu\/wp-json\/wp\/v2\/product"}],"about":[{"href":"https:\/\/honigbee.com\/hu\/wp-json\/wp\/v2\/types\/product"}],"replies":[{"embeddable":true,"href":"https:\/\/honigbee.com\/hu\/wp-json\/wp\/v2\/comments?post=30316"}],"version-history":[{"count":4,"href":"https:\/\/honigbee.com\/hu\/wp-json\/wp\/v2\/product\/30316\/revisions"}],"predecessor-version":[{"id":43843,"href":"https:\/\/honigbee.com\/hu\/wp-json\/wp\/v2\/product\/30316\/revisions\/43843"}],"wp:featuredmedia":[{"embeddable":true,"href":"https:\/\/honigbee.com\/hu\/wp-json\/wp\/v2\/media\/43842"}],"wp:attachment":[{"href":"https:\/\/honigbee.com\/hu\/wp-json\/wp\/v2\/media?parent=30316"}],"wp:term":[{"taxonomy":"product_brand","embeddable":true,"href":"https:\/\/honigbee.com\/hu\/wp-json\/wp\/v2\/product_brand?post=30316"},{"taxonomy":"product_cat","embeddable":true,"href":"https:\/\/honigbee.com\/hu\/wp-json\/wp\/v2\/product_cat?post=30316"},{"taxonomy":"product_tag","embeddable":true,"href":"https:\/\/honigbee.com\/hu\/wp-json\/wp\/v2\/product_tag?post=30316"}],"curies":[{"name":"munkaf\u00fczet","href":"https:\/\/api.w.org\/{rel}","templated":true}]}}