{"id":30375,"date":"2025-09-07T10:01:32","date_gmt":"2025-09-07T10:01:32","guid":{"rendered":"https:\/\/honigbee.com\/?post_type=product&#038;p=30375"},"modified":"2026-03-16T19:13:29","modified_gmt":"2026-03-16T19:13:29","slug":"sidr-honig-aus-dem-punjab-250g","status":"publish","type":"product","link":"https:\/\/honigbee.com\/hu\/termek\/sidr-honig-aus-dem-punjab-250g\/","title":{"rendered":"250 g Sidr m\u00e9z Pandzs\u00e1bb\u00f3l \u2013 Illatos zsid\u00f3t\u00f6vism\u00e9z Pakiszt\u00e1nb\u00f3l"},"content":{"rendered":"<div id=\"ez-toc-container\" class=\"ez-toc-v2_0_83 counter-hierarchy ez-toc-counter ez-toc-grey ez-toc-container-direction\">\n<div class=\"ez-toc-title-container\">\n<p class=\"ez-toc-title\" style=\"cursor:inherit\">Tartalomjegyz\u00e9k<\/p>\n<span class=\"ez-toc-title-toggle\"><a href=\"#\" class=\"ez-toc-pull-right ez-toc-btn ez-toc-btn-xs ez-toc-btn-default ez-toc-toggle\" aria-label=\"Tartalomjegyz\u00e9k be-\/kikapcsol\u00e1sa\"><span class=\"ez-toc-js-icon-con\"><span class=\"\"><span class=\"eztoc-hide\" style=\"display:none;\">V\u00e1lt\u00e1s<\/span><span class=\"ez-toc-icon-toggle-span\"><svg style=\"fill: #999;color:#999\" xmlns=\"http:\/\/www.w3.org\/2000\/svg\" class=\"list-377408\" width=\"20px\" height=\"20px\" viewbox=\"0 0 24 24\" fill=\"none\"><path d=\"M6 6H4v2h2V6zm14 0H8v2h12V6zM4 11h2v2H4v-2zm16 0H8v2h12v-2zM4 16h2v2H4v-2zm16 0H8v2h12v-2z\" fill=\"currentColor\"><\/path><\/svg><svg style=\"fill: #999;color:#999\" class=\"arrow-unsorted-368013\" xmlns=\"http:\/\/www.w3.org\/2000\/svg\" width=\"10px\" height=\"10px\" viewbox=\"0 0 24 24\" version=\"1.2\" baseprofile=\"tiny\"><path d=\"M18.2 9.3l-6.2-6.3-6.2 6.3c-.2.2-.3.4-.3.7s.1.5.3.7c.2.2.4.3.7.3h11c.3 0 .5-.1.7-.3.2-.2.3-.5.3-.7s-.1-.5-.3-.7zM5.8 14.7l6.2 6.3 6.2-6.3c.2-.2.3-.5.3-.7s-.1-.5-.3-.7c-.2-.2-.4-.3-.7-.3h-11c-.3 0-.5.1-.7.3-.2.2-.3.5-.3.7s.1.5.3.7z\"\/><\/svg><\/span><\/span><\/span><\/a><\/span><\/div>\n<nav><ul class='ez-toc-list ez-toc-list-level-1' ><li class='ez-toc-page-1 ez-toc-heading-level-4'><a class=\"ez-toc-link ez-toc-heading-1\" href=\"https:\/\/honigbee.com\/hu\/termek\/sidr-honig-aus-dem-punjab-250g\/#250_g_Sidr_Honig_aus_dem_Punjab_%E2%80%93_reichhaltig_und_wohltuend\" >250 g pandzs\u00e1bi sidr m\u00e9z \u2013 gazdag \u00e9s nyugtat\u00f3<\/a><\/li><li class='ez-toc-page-1 ez-toc-heading-level-4'><a class=\"ez-toc-link ez-toc-heading-2\" href=\"https:\/\/honigbee.com\/hu\/termek\/sidr-honig-aus-dem-punjab-250g\/#Merkmale_Herkunft\" >Jellemz\u0151k \u00e9s eredet<\/a><\/li><li class='ez-toc-page-1 ez-toc-heading-level-4'><a class=\"ez-toc-link ez-toc-heading-3\" href=\"https:\/\/honigbee.com\/hu\/termek\/sidr-honig-aus-dem-punjab-250g\/#Besonderheiten\" >K\u00fcl\u00f6nleges jellemz\u0151k<\/a><\/li><li class='ez-toc-page-1 ez-toc-heading-level-4'><a class=\"ez-toc-link ez-toc-heading-4\" href=\"https:\/\/honigbee.com\/hu\/termek\/sidr-honig-aus-dem-punjab-250g\/#Weitere_Inspiration_entdecken\" >Weitere Inspiration entdecken<\/a><\/li><\/ul><\/nav><\/div>\n<h4 data-start=\"857\" data-end=\"923\"><span class=\"ez-toc-section\" id=\"250_g_Sidr_Honig_aus_dem_Punjab_%E2%80%93_reichhaltig_und_wohltuend\"><\/span>250 g pandzs\u00e1bi sidr m\u00e9z \u2013 gazdag \u00e9s nyugtat\u00f3<span class=\"ez-toc-section-end\"><\/span><\/h4>\n<p data-start=\"924\" data-end=\"1200\">Ezt a m\u00e9zet Pakiszt\u00e1n Pandzs\u00e1b r\u00e9gi\u00f3j\u00e1ban sz\u00fcretelik, \u00e9s a szidrfa (Ziziphus) vir\u00e1gaib\u00f3l sz\u00e1rmazik. Gazdag arom\u00e1j\u00e1r\u00f3l, arany sz\u00edn\u00e9r\u0151l \u00e9s nagy tisztas\u00e1g\u00e1r\u00f3l ismert. A szidr m\u00e9zet \u00e9vsz\u00e1zadok \u00f3ta nagyra \u00e9rt\u00e9kelik a hagyom\u00e1nyos orvosl\u00e1sban.<\/p>\n<hr data-start=\"1202\" data-end=\"1205\" \/>\n<h4 data-start=\"1207\" data-end=\"1233\"><span class=\"ez-toc-section\" id=\"Merkmale_Herkunft\"><\/span>Jellemz\u0151k \u00e9s eredet<span class=\"ez-toc-section-end\"><\/span><\/h4>\n<ul data-start=\"1234\" data-end=\"1479\">\n<li data-start=\"1234\" data-end=\"1271\">\n<p data-start=\"1236\" data-end=\"1271\">Term\u00e9k: Sidr m\u00e9z (jujuba m\u00e9z)<\/p>\n<\/li>\n<li data-start=\"1272\" data-end=\"1309\">\n<p data-start=\"1274\" data-end=\"1309\">Sz\u00e1rmaz\u00e1si hely: Pakiszt\u00e1n, Pandzs\u00e1b r\u00e9gi\u00f3<\/p>\n<\/li>\n<li data-start=\"1310\" data-end=\"1343\">\n<p data-start=\"1312\" data-end=\"1343\">Fafaj: Szidrfa (Ziziphus)<\/p>\n<\/li>\n<li data-start=\"1344\" data-end=\"1386\">\n<p data-start=\"1346\" data-end=\"1386\">K\u00fcl\u00f6nleges tulajdons\u00e1g: Hagyom\u00e1nyos gy\u00f3gym\u00e9z<\/p>\n<\/li>\n<li data-start=\"1387\" data-end=\"1434\">\n<p data-start=\"1389\" data-end=\"1434\">\u00cdz: Arom\u00e1s, \u00e9des, gazdag<\/p>\n<\/li>\n<li data-start=\"1435\" data-end=\"1462\">\n<p data-start=\"1437\" data-end=\"1462\">Kiszerel\u00e9s: 250 g<\/p>\n<\/li>\n<\/ul>\n<hr data-start=\"1481\" data-end=\"1484\" \/>\n<h4 data-start=\"1486\" data-end=\"1507\"><span class=\"ez-toc-section\" id=\"Besonderheiten\"><\/span>K\u00fcl\u00f6nleges jellemz\u0151k<span class=\"ez-toc-section-end\"><\/span><\/h4>\n<p data-start=\"1508\" data-end=\"1779\">A <strong data-start=\"1512\" data-end=\"1547\">250 g pandzs\u00e1bi sidr m\u00e9z<\/strong> \u00c1sv\u00e1nyi anyagokban, vasban \u00e9s vitaminokban gazdag. Hagyom\u00e1nyosan term\u00e9szetes gy\u00f3gym\u00f3dk\u00e9nt haszn\u00e1lj\u00e1k az immunrendszer er\u0151s\u00edt\u00e9s\u00e9re, az em\u00e9szt\u00e9s el\u0151seg\u00edt\u00e9s\u00e9re \u00e9s az energia biztos\u00edt\u00e1s\u00e1ra. K\u00fcl\u00f6nleges m\u00e9z az \u00ednyenceknek \u00e9s az eg\u00e9szs\u00e9gtudatosaknak.<\/p>\n<hr data-start=\"1781\" data-end=\"1784\" \/>\n<h4 data-start=\"413\" data-end=\"449\"><span class=\"ez-toc-section\" id=\"Weitere_Inspiration_entdecken\"><\/span>Weitere Inspiration entdecken<span class=\"ez-toc-section-end\"><\/span><\/h4>\n<p data-start=\"450\" data-end=\"582\">Du suchst weitere besondere Produkte? Entdecke zus\u00e4tzliche Highlights in unserem Sortiment oder st\u00f6bere in unseren Partnerprojekten:<\/p>\n<ul data-start=\"584\" data-end=\"920\">\n<li data-start=\"584\" data-end=\"656\"><a href=\"https:\/\/honigbee.com\/hu\/shop\/\">Weitere Naturprodukte bei Honigbee entdecken<\/a><\/li>\n<li data-start=\"657\" data-end=\"783\">\n<p data-start=\"659\" data-end=\"783\"><a href=\"https:\/\/matvana.com\/shop\/\" target=\"_blank\" rel=\"noopener\">Stilvolle Wohnideen bei Matvana ansehen<\/a><\/p>\n<\/li>\n<li data-start=\"784\" data-end=\"920\">\n<p data-start=\"786\" data-end=\"920\"><a href=\"https:\/\/saphirsmaragd.com\/shop\/\" target=\"_blank\" rel=\"noopener\">Edelsteine &amp; Schmuck bei Saphir &amp; Smaragd ansehen<\/a><\/p>\n<\/li>\n<\/ul>\n<hr data-start=\"1931\" data-end=\"1934\" \/>\n<p>Produktbilder dienen der Veranschaulichung. Verpackungsdesign kann abweichen.<\/p>","protected":false},"excerpt":{"rendered":"<p data-start=\"477\" data-end=\"737\"><em>A 250 g-os pandzs\u00e1bi sidr m\u00e9z Pakiszt\u00e1nb\u00f3l sz\u00e1rmazik, \u00e9s a sidrfa nekt\u00e1rj\u00e1b\u00f3l vonj\u00e1k ki. Leny\u0171g\u00f6z\u0151 arom\u00e1j\u00e1val \u00e9s magas t\u00e1panyagtartalm\u00e1val leny\u0171g\u00f6z\u0151, \u00e9s hagyom\u00e1nyos gy\u00f3gym\u00e9znek sz\u00e1m\u00edt.<\/em><\/p>\n<p data-start=\"739\" data-end=\"826\">","protected":false},"featured_media":43838,"comment_status":"open","ping_status":"closed","template":"","meta":{"_glsr_average":0,"_glsr_ranking":0,"_glsr_reviews":0},"product_brand":[],"product_cat":[69],"product_tag":[],"class_list":{"0":"post-30375","1":"product","2":"type-product","3":"status-publish","4":"has-post-thumbnail","6":"product_cat-sidr-honig","8":"first","9":"instock","10":"shipping-taxable","11":"purchasable","12":"product-type-simple","13":"add-to-wishlist-before_image"},"jetpack_sharing_enabled":true,"_links":{"self":[{"href":"https:\/\/honigbee.com\/hu\/wp-json\/wp\/v2\/product\/30375","targetHints":{"allow":["GET"]}}],"collection":[{"href":"https:\/\/honigbee.com\/hu\/wp-json\/wp\/v2\/product"}],"about":[{"href":"https:\/\/honigbee.com\/hu\/wp-json\/wp\/v2\/types\/product"}],"replies":[{"embeddable":true,"href":"https:\/\/honigbee.com\/hu\/wp-json\/wp\/v2\/comments?post=30375"}],"version-history":[{"count":3,"href":"https:\/\/honigbee.com\/hu\/wp-json\/wp\/v2\/product\/30375\/revisions"}],"predecessor-version":[{"id":43839,"href":"https:\/\/honigbee.com\/hu\/wp-json\/wp\/v2\/product\/30375\/revisions\/43839"}],"wp:featuredmedia":[{"embeddable":true,"href":"https:\/\/honigbee.com\/hu\/wp-json\/wp\/v2\/media\/43838"}],"wp:attachment":[{"href":"https:\/\/honigbee.com\/hu\/wp-json\/wp\/v2\/media?parent=30375"}],"wp:term":[{"taxonomy":"product_brand","embeddable":true,"href":"https:\/\/honigbee.com\/hu\/wp-json\/wp\/v2\/product_brand?post=30375"},{"taxonomy":"product_cat","embeddable":true,"href":"https:\/\/honigbee.com\/hu\/wp-json\/wp\/v2\/product_cat?post=30375"},{"taxonomy":"product_tag","embeddable":true,"href":"https:\/\/honigbee.com\/hu\/wp-json\/wp\/v2\/product_tag?post=30375"}],"curies":[{"name":"munkaf\u00fczet","href":"https:\/\/api.w.org\/{rel}","templated":true}]}}