{"id":14196,"date":"2025-01-05T18:30:01","date_gmt":"2025-01-05T18:30:01","guid":{"rendered":"https:\/\/honigbee.com\/?post_type=product&#038;p=14196"},"modified":"2026-03-07T19:13:19","modified_gmt":"2026-03-07T19:13:19","slug":"1-kg-bio-paranuesse","status":"publish","type":"product","link":"https:\/\/honigbee.com\/it\/prodotto\/1-kg-bio-paranuesse\/","title":{"rendered":"1 kg Bio Paran\u00fcsse \u2013 Naturbelassen, roh &#038; ungesalzen aus Wildsammlung"},"content":{"rendered":"<div id=\"ez-toc-container\" class=\"ez-toc-v2_0_83 counter-hierarchy ez-toc-counter ez-toc-grey ez-toc-container-direction\">\n<div class=\"ez-toc-title-container\">\n<p class=\"ez-toc-title\" style=\"cursor:inherit\">Sommario<\/p>\n<span class=\"ez-toc-title-toggle\"><a href=\"#\" class=\"ez-toc-pull-right ez-toc-btn ez-toc-btn-xs ez-toc-btn-default ez-toc-toggle\" aria-label=\"Attiva\/disattiva la tabella dei contenuti\"><span class=\"ez-toc-js-icon-con\"><span class=\"\"><span class=\"eztoc-hide\" style=\"display:none;\">Attiva\/disattiva<\/span><span class=\"ez-toc-icon-toggle-span\"><svg style=\"fill: #999;color:#999\" xmlns=\"http:\/\/www.w3.org\/2000\/svg\" class=\"list-377408\" width=\"20px\" height=\"20px\" viewbox=\"0 0 24 24\" fill=\"none\"><path d=\"M6 6H4v2h2V6zm14 0H8v2h12V6zM4 11h2v2H4v-2zm16 0H8v2h12v-2zM4 16h2v2H4v-2zm16 0H8v2h12v-2z\" fill=\"currentColor\"><\/path><\/svg><svg style=\"fill: #999;color:#999\" class=\"arrow-unsorted-368013\" xmlns=\"http:\/\/www.w3.org\/2000\/svg\" width=\"10px\" height=\"10px\" viewbox=\"0 0 24 24\" version=\"1.2\" baseprofile=\"tiny\"><path d=\"M18.2 9.3l-6.2-6.3-6.2 6.3c-.2.2-.3.4-.3.7s.1.5.3.7c.2.2.4.3.7.3h11c.3 0 .5-.1.7-.3.2-.2.3-.5.3-.7s-.1-.5-.3-.7zM5.8 14.7l6.2 6.3 6.2-6.3c.2-.2.3-.5.3-.7s-.1-.5-.3-.7c-.2-.2-.4-.3-.7-.3h-11c-.3 0-.5.1-.7.3-.2.2-.3.5-.3.7s.1.5.3.7z\"\/><\/svg><\/span><\/span><\/span><\/a><\/span><\/div>\n<nav><ul class='ez-toc-list ez-toc-list-level-1' ><li class='ez-toc-page-1 ez-toc-heading-level-4'><a class=\"ez-toc-link ez-toc-heading-1\" href=\"https:\/\/honigbee.com\/it\/prodotto\/1-kg-bio-paranuesse\/#1_kg_Bio_-Paranusse_%E2%80%93_Naturbelassene_Qualitat_aus_Wildsammlung\" >1 kg Bio -Paran\u00fcsse \u2013 Naturbelassene Qualit\u00e4t aus Wildsammlung<\/a><\/li><li class='ez-toc-page-1 ez-toc-heading-level-4'><a class=\"ez-toc-link ez-toc-heading-2\" href=\"https:\/\/honigbee.com\/it\/prodotto\/1-kg-bio-paranuesse\/#Produktvorteile\" >Vantaggi del prodotto<\/a><\/li><li class='ez-toc-page-1 ez-toc-heading-level-4'><a class=\"ez-toc-link ez-toc-heading-3\" href=\"https:\/\/honigbee.com\/it\/prodotto\/1-kg-bio-paranuesse\/#Verwendung\" >utilizzo<\/a><\/li><li class='ez-toc-page-1 ez-toc-heading-level-4'><a class=\"ez-toc-link ez-toc-heading-4\" href=\"https:\/\/honigbee.com\/it\/prodotto\/1-kg-bio-paranuesse\/#Produktdetails\" >Dettagli del prodotto<\/a><\/li><li class='ez-toc-page-1 ez-toc-heading-level-4'><a class=\"ez-toc-link ez-toc-heading-5\" href=\"https:\/\/honigbee.com\/it\/prodotto\/1-kg-bio-paranuesse\/#Weitere_Inspiration_entdecken\" >Weitere Inspiration entdecken<\/a><\/li><\/ul><\/nav><\/div>\n<h4 data-start=\"417\" data-end=\"483\"><span class=\"ez-toc-section\" id=\"1_kg_Bio_-Paranusse_%E2%80%93_Naturbelassene_Qualitat_aus_Wildsammlung\"><\/span>1 kg Bio -Paran\u00fcsse \u2013 Naturbelassene Qualit\u00e4t aus Wildsammlung<span class=\"ez-toc-section-end\"><\/span><\/h4>\n<p data-start=\"485\" data-end=\"644\">Diese Bio Paran\u00fcsse stammen aus nachhaltiger Wildsammlung und werden sorgf\u00e4ltig handverlesen. Sie sind roh, unger\u00f6stet und ungesalzen \u2013 ganz ohne Zusatzstoffe.<\/p>\n<p data-start=\"646\" data-end=\"808\">Mit ihrem mild-nussigen, leicht cremigen Geschmack eignen sich Paran\u00fcsse ideal als nat\u00fcrlicher Snack oder als hochwertige Zutat in s\u00fc\u00dfen und herzhaften Gerichten.<\/p>\n<hr data-start=\"810\" data-end=\"813\" \/>\n<h4 data-start=\"815\" data-end=\"835\"><span class=\"ez-toc-section\" id=\"Produktvorteile\"><\/span>Vantaggi del prodotto<span class=\"ez-toc-section-end\"><\/span><\/h4>\n<ul data-start=\"837\" data-end=\"1037\">\n<li data-start=\"837\" data-end=\"860\">\n<p data-start=\"839\" data-end=\"860\">100 % Bio-Paran\u00fcsse<\/p>\n<\/li>\n<li data-start=\"861\" data-end=\"898\">\n<p data-start=\"863\" data-end=\"898\">Naturbelassen, roh und unger\u00f6stet<\/p>\n<\/li>\n<li data-start=\"899\" data-end=\"930\">\n<p data-start=\"901\" data-end=\"930\">Ungesalzen und ohne Zus\u00e4tze<\/p>\n<\/li>\n<li data-start=\"931\" data-end=\"964\">\n<p data-start=\"933\" data-end=\"964\">Aus nachhaltiger Wildsammlung<\/p>\n<\/li>\n<li data-start=\"965\" data-end=\"1003\">\n<p data-start=\"967\" data-end=\"1003\">Reich an Selen und gesunden Fetten<\/p>\n<\/li>\n<li data-start=\"1004\" data-end=\"1037\">\n<p data-start=\"1006\" data-end=\"1037\">Ideal f\u00fcr Vorratspackung (1 kg)<\/p>\n<\/li>\n<\/ul>\n<hr data-start=\"1039\" data-end=\"1042\" \/>\n<h4 data-start=\"1044\" data-end=\"1059\"><span class=\"ez-toc-section\" id=\"Verwendung\"><\/span>utilizzo<span class=\"ez-toc-section-end\"><\/span><\/h4>\n<p data-start=\"1061\" data-end=\"1104\">Die Paran\u00fcsse eignen sich hervorragend f\u00fcr:<\/p>\n<ul data-start=\"1106\" data-end=\"1256\">\n<li data-start=\"1106\" data-end=\"1129\">\n<p data-start=\"1108\" data-end=\"1129\">M\u00fcsli und Fr\u00fchst\u00fcck<\/p>\n<\/li>\n<li data-start=\"1130\" data-end=\"1156\">\n<p data-start=\"1132\" data-end=\"1156\">Backwaren und Desserts<\/p>\n<\/li>\n<li data-start=\"1157\" data-end=\"1190\">\n<p data-start=\"1159\" data-end=\"1190\">Salate oder herzhafte Speisen<\/p>\n<\/li>\n<li data-start=\"1191\" data-end=\"1224\">\n<p data-start=\"1193\" data-end=\"1224\">Selbstgemachte Nussmischungen<\/p>\n<\/li>\n<li data-start=\"1225\" data-end=\"1256\">\n<p data-start=\"1227\" data-end=\"1256\">Als Snack f\u00fcr zwischendurch<\/p>\n<\/li>\n<\/ul>\n<hr data-start=\"1258\" data-end=\"1261\" \/>\n<h4 data-start=\"1263\" data-end=\"1282\"><span class=\"ez-toc-section\" id=\"Produktdetails\"><\/span>Dettagli del prodotto<span class=\"ez-toc-section-end\"><\/span><\/h4>\n<p data-start=\"1284\" data-end=\"1424\">Contenuto: 1 kg<br data-start=\"1296\" data-end=\"1299\" \/>Zutaten: 100 % Bio Paran\u00fcsse<br data-start=\"1327\" data-end=\"1330\" \/>Qualit\u00e4t: Roh, naturbelassen, ungesalzen<br data-start=\"1370\" data-end=\"1373\" \/>Kann Spuren von anderen Schalenfr\u00fcchten enthalten<\/p>\n<hr data-start=\"1258\" data-end=\"1261\" \/>\n<h4 data-start=\"413\" data-end=\"449\"><span class=\"ez-toc-section\" id=\"Weitere_Inspiration_entdecken\"><\/span>Weitere Inspiration entdecken<span class=\"ez-toc-section-end\"><\/span><\/h4>\n<p data-start=\"450\" data-end=\"582\">Du suchst weitere besondere Produkte? Entdecke zus\u00e4tzliche Highlights in unserem Sortiment oder st\u00f6bere in unseren Partnerprojekten:<\/p>\n<ul data-start=\"584\" data-end=\"920\">\n<li data-start=\"584\" data-end=\"656\"><a href=\"https:\/\/honigbee.com\/it\/shop\/\">Weitere Naturprodukte bei Honigbee entdecken<\/a><\/li>\n<li data-start=\"657\" data-end=\"783\">\n<p data-start=\"659\" data-end=\"783\"><a href=\"https:\/\/matvana.com\/shop\/\" target=\"_blank\" rel=\"noopener\">Stilvolle Wohnideen bei Matvana ansehen<\/a><\/p>\n<\/li>\n<li data-start=\"784\" data-end=\"920\">\n<p data-start=\"786\" data-end=\"920\"><a href=\"https:\/\/saphirsmaragd.com\/shop\/\" target=\"_blank\" rel=\"noopener\">Edelsteine &amp; Schmuck bei Saphir &amp; Smaragd ansehen<\/a><\/p>\n<\/li>\n<\/ul>","protected":false},"excerpt":{"rendered":"<p data-start=\"239\" data-end=\"384\"><em>1 kg Bio Paran\u00fcsse aus Wildsammlung. Naturbelassen, roh und ungesalzen. Handverlesen und ohne Zus\u00e4tze \u2013 ideal zum Snacken, Backen oder f\u00fcr M\u00fcsli.<\/em><\/p>","protected":false},"featured_media":42176,"comment_status":"open","ping_status":"closed","template":"","meta":{"_glsr_average":0,"_glsr_ranking":0,"_glsr_reviews":0},"product_brand":[],"product_cat":[638],"product_tag":[],"class_list":{"0":"post-14196","1":"product","2":"type-product","3":"status-publish","4":"has-post-thumbnail","6":"product_cat-paranuesse","8":"first","9":"instock","10":"shipping-taxable","11":"purchasable","12":"product-type-simple","13":"add-to-wishlist-before_image"},"jetpack_sharing_enabled":true,"_links":{"self":[{"href":"https:\/\/honigbee.com\/it\/wp-json\/wp\/v2\/product\/14196","targetHints":{"allow":["GET"]}}],"collection":[{"href":"https:\/\/honigbee.com\/it\/wp-json\/wp\/v2\/product"}],"about":[{"href":"https:\/\/honigbee.com\/it\/wp-json\/wp\/v2\/types\/product"}],"replies":[{"embeddable":true,"href":"https:\/\/honigbee.com\/it\/wp-json\/wp\/v2\/comments?post=14196"}],"version-history":[{"count":3,"href":"https:\/\/honigbee.com\/it\/wp-json\/wp\/v2\/product\/14196\/revisions"}],"predecessor-version":[{"id":42178,"href":"https:\/\/honigbee.com\/it\/wp-json\/wp\/v2\/product\/14196\/revisions\/42178"}],"wp:featuredmedia":[{"embeddable":true,"href":"https:\/\/honigbee.com\/it\/wp-json\/wp\/v2\/media\/42176"}],"wp:attachment":[{"href":"https:\/\/honigbee.com\/it\/wp-json\/wp\/v2\/media?parent=14196"}],"wp:term":[{"taxonomy":"product_brand","embeddable":true,"href":"https:\/\/honigbee.com\/it\/wp-json\/wp\/v2\/product_brand?post=14196"},{"taxonomy":"product_cat","embeddable":true,"href":"https:\/\/honigbee.com\/it\/wp-json\/wp\/v2\/product_cat?post=14196"},{"taxonomy":"product_tag","embeddable":true,"href":"https:\/\/honigbee.com\/it\/wp-json\/wp\/v2\/product_tag?post=14196"}],"curies":[{"name":"parola chiave","href":"https:\/\/api.w.org\/{rel}","templated":true}]}}