{"id":23447,"date":"2025-05-29T14:36:48","date_gmt":"2025-05-29T14:36:48","guid":{"rendered":"https:\/\/honigbee.com\/?post_type=product&#038;p=23447"},"modified":"2026-02-28T18:29:43","modified_gmt":"2026-02-28T18:29:43","slug":"macadamia-nuesse-500g","status":"publish","type":"product","link":"https:\/\/honigbee.com\/it\/prodotto\/macadamia-nuesse-500g\/","title":{"rendered":"500g Macadamia-N\u00fcsse \u2013 Premium Qualit\u00e4t, Buttriger Geschmack &#038; Vielseitiger Genuss"},"content":{"rendered":"<div id=\"ez-toc-container\" class=\"ez-toc-v2_0_83 counter-hierarchy ez-toc-counter ez-toc-grey ez-toc-container-direction\">\n<div class=\"ez-toc-title-container\">\n<p class=\"ez-toc-title\" style=\"cursor:inherit\">Sommario<\/p>\n<span class=\"ez-toc-title-toggle\"><a href=\"#\" class=\"ez-toc-pull-right ez-toc-btn ez-toc-btn-xs ez-toc-btn-default ez-toc-toggle\" aria-label=\"Attiva\/disattiva la tabella dei contenuti\"><span class=\"ez-toc-js-icon-con\"><span class=\"\"><span class=\"eztoc-hide\" style=\"display:none;\">Attiva\/disattiva<\/span><span class=\"ez-toc-icon-toggle-span\"><svg style=\"fill: #999;color:#999\" xmlns=\"http:\/\/www.w3.org\/2000\/svg\" class=\"list-377408\" width=\"20px\" height=\"20px\" viewbox=\"0 0 24 24\" fill=\"none\"><path d=\"M6 6H4v2h2V6zm14 0H8v2h12V6zM4 11h2v2H4v-2zm16 0H8v2h12v-2zM4 16h2v2H4v-2zm16 0H8v2h12v-2z\" fill=\"currentColor\"><\/path><\/svg><svg style=\"fill: #999;color:#999\" class=\"arrow-unsorted-368013\" xmlns=\"http:\/\/www.w3.org\/2000\/svg\" width=\"10px\" height=\"10px\" viewbox=\"0 0 24 24\" version=\"1.2\" baseprofile=\"tiny\"><path d=\"M18.2 9.3l-6.2-6.3-6.2 6.3c-.2.2-.3.4-.3.7s.1.5.3.7c.2.2.4.3.7.3h11c.3 0 .5-.1.7-.3.2-.2.3-.5.3-.7s-.1-.5-.3-.7zM5.8 14.7l6.2 6.3 6.2-6.3c.2-.2.3-.5.3-.7s-.1-.5-.3-.7c-.2-.2-.4-.3-.7-.3h-11c-.3 0-.5.1-.7.3-.2.2-.3.5-.3.7s.1.5.3.7z\"\/><\/svg><\/span><\/span><\/span><\/a><\/span><\/div>\n<nav><ul class='ez-toc-list ez-toc-list-level-1' ><li class='ez-toc-page-1 ez-toc-heading-level-4'><a class=\"ez-toc-link ez-toc-heading-1\" href=\"https:\/\/honigbee.com\/it\/prodotto\/macadamia-nuesse-500g\/#Macadamia-Nusse_500g_%E2%80%93_Edler_Geschmack_und_naturliche_Qualitat\" >Macadamia-N\u00fcsse 500g \u2013 Edler Geschmack und nat\u00fcrliche Qualit\u00e4t<\/a><\/li><li class='ez-toc-page-1 ez-toc-heading-level-4'><a class=\"ez-toc-link ez-toc-heading-2\" href=\"https:\/\/honigbee.com\/it\/prodotto\/macadamia-nuesse-500g\/#Vorteile_von_Macadamia-Nusse_500g\" >Vorteile von Macadamia-N\u00fcsse 500g<\/a><\/li><li class='ez-toc-page-1 ez-toc-heading-level-4'><a class=\"ez-toc-link ez-toc-heading-3\" href=\"https:\/\/honigbee.com\/it\/prodotto\/macadamia-nuesse-500g\/#Vielseitige_Verwendung\" >Vielseitige Verwendung<\/a><\/li><li class='ez-toc-page-1 ez-toc-heading-level-4'><a class=\"ez-toc-link ez-toc-heading-4\" href=\"https:\/\/honigbee.com\/it\/prodotto\/macadamia-nuesse-500g\/#Qualitat_und_Frische\" >Qualit\u00e4t und Frische<\/a><\/li><li class='ez-toc-page-1 ez-toc-heading-level-4'><a class=\"ez-toc-link ez-toc-heading-5\" href=\"https:\/\/honigbee.com\/it\/prodotto\/macadamia-nuesse-500g\/#Weitere_Inspiration_entdecken\" >Weitere Inspiration entdecken<\/a><\/li><\/ul><\/nav><\/div>\n<h4 data-start=\"706\" data-end=\"775\"><span class=\"ez-toc-section\" id=\"Macadamia-Nusse_500g_%E2%80%93_Edler_Geschmack_und_naturliche_Qualitat\"><\/span>Macadamia-N\u00fcsse 500g \u2013 Edler Geschmack und nat\u00fcrliche Qualit\u00e4t<span class=\"ez-toc-section-end\"><\/span><\/h4>\n<p data-start=\"776\" data-end=\"1083\">Macadamia-N\u00fcsse 500g geh\u00f6ren zu den hochwertigsten und beliebtesten Nusssorten weltweit. Ihr feiner, buttriger Geschmack und ihre zarte Textur machen sie zu einem echten Genuss f\u00fcr jeden Anlass. Macadamia-N\u00fcsse 500g eignen sich perfekt als Snack, f\u00fcr Desserts oder zur Verfeinerung verschiedenster Gerichte.<\/p>\n<p data-start=\"1085\" data-end=\"1195\">Durch ihre nat\u00fcrliche Qualit\u00e4t und sorgf\u00e4ltige Verarbeitung bleiben Geschmack und N\u00e4hrstoffe optimal erhalten.<\/p>\n<hr data-start=\"1197\" data-end=\"1200\" \/>\n<h4 data-start=\"1202\" data-end=\"1242\"><span class=\"ez-toc-section\" id=\"Vorteile_von_Macadamia-Nusse_500g\"><\/span>Vorteile von Macadamia-N\u00fcsse 500g<span class=\"ez-toc-section-end\"><\/span><\/h4>\n<ul data-start=\"1244\" data-end=\"1529\">\n<li data-start=\"1244\" data-end=\"1285\">\n<p data-start=\"1246\" data-end=\"1285\">Besonders feiner, buttriger Geschmack<\/p>\n<\/li>\n<li data-start=\"1286\" data-end=\"1332\">\n<p data-start=\"1288\" data-end=\"1332\">Reich an gesunden unges\u00e4ttigten Fetts\u00e4uren<\/p>\n<\/li>\n<li data-start=\"1333\" data-end=\"1385\">\n<p data-start=\"1335\" data-end=\"1385\">Nat\u00fcrliche Quelle f\u00fcr Vitamine und Mineralstoffe<\/p>\n<\/li>\n<li data-start=\"1386\" data-end=\"1418\">\n<p data-start=\"1388\" data-end=\"1418\">Hochwertige Premium Qualit\u00e4t<\/p>\n<\/li>\n<li data-start=\"1419\" data-end=\"1471\">\n<p data-start=\"1421\" data-end=\"1471\">Ideal f\u00fcr gesunde Ern\u00e4hrung und bewussten Genuss<\/p>\n<\/li>\n<li data-start=\"1472\" data-end=\"1529\">\n<p data-start=\"1474\" data-end=\"1529\">Wiederverschlie\u00dfbare und umweltfreundliche Verpackung<\/p>\n<\/li>\n<\/ul>\n<hr data-start=\"1531\" data-end=\"1534\" \/>\n<h4 data-start=\"1536\" data-end=\"1565\"><span class=\"ez-toc-section\" id=\"Vielseitige_Verwendung\"><\/span>Vielseitige Verwendung<span class=\"ez-toc-section-end\"><\/span><\/h4>\n<p data-start=\"1567\" data-end=\"1629\">Macadamia-N\u00fcsse 500g sind vielseitig einsetzbar und ideal f\u00fcr:<\/p>\n<ul data-start=\"1631\" data-end=\"1833\">\n<li data-start=\"1631\" data-end=\"1667\">\n<p data-start=\"1633\" data-end=\"1667\">Gesunde Snacks f\u00fcr zwischendurch<\/p>\n<\/li>\n<li data-start=\"1668\" data-end=\"1702\">\n<p data-start=\"1670\" data-end=\"1702\">Desserts, Kuchen und Backwaren<\/p>\n<\/li>\n<li data-start=\"1703\" data-end=\"1733\">\n<p data-start=\"1705\" data-end=\"1733\">M\u00fcsli, Bowls und Fr\u00fchst\u00fcck<\/p>\n<\/li>\n<li data-start=\"1734\" data-end=\"1785\">\n<p data-start=\"1736\" data-end=\"1785\">Verfeinerung von s\u00fc\u00dfen und herzhaften Gerichten<\/p>\n<\/li>\n<li data-start=\"1786\" data-end=\"1833\">\n<p data-start=\"1788\" data-end=\"1833\">Gourmet-Rezepte und besondere Genussmomente<\/p>\n<\/li>\n<\/ul>\n<hr data-start=\"1835\" data-end=\"1838\" \/>\n<h4 data-start=\"1840\" data-end=\"1867\"><span class=\"ez-toc-section\" id=\"Qualitat_und_Frische\"><\/span>Qualit\u00e4t und Frische<span class=\"ez-toc-section-end\"><\/span><\/h4>\n<p data-start=\"1869\" data-end=\"2108\">Unsere Macadamia-N\u00fcsse 500g werden sorgf\u00e4ltig ausgew\u00e4hlt und schonend verarbeitet, um ihre nat\u00fcrliche Frische und ihren einzigartigen Geschmack zu bewahren. Die hochwertige Verpackung sch\u00fctzt die N\u00fcsse und sorgt f\u00fcr eine lange Haltbarkeit.<\/p>\n<hr data-start=\"1683\" data-end=\"1686\" \/>\n<h4 data-start=\"413\" data-end=\"449\"><span class=\"ez-toc-section\" id=\"Weitere_Inspiration_entdecken\"><\/span>Weitere Inspiration entdecken<span class=\"ez-toc-section-end\"><\/span><\/h4>\n<p data-start=\"450\" data-end=\"582\">Du suchst weitere besondere Produkte? Entdecke zus\u00e4tzliche Highlights in unserem Sortiment oder st\u00f6bere in unseren Partnerprojekten:<\/p>\n<ul data-start=\"584\" data-end=\"920\">\n<li data-start=\"584\" data-end=\"656\"><a href=\"https:\/\/honigbee.com\/it\/shop\/\">Weitere Naturprodukte bei Honigbee entdecken<\/a><\/li>\n<li data-start=\"657\" data-end=\"783\">\n<p data-start=\"659\" data-end=\"783\"><a href=\"https:\/\/matvana.com\/shop\/\" target=\"_blank\" rel=\"noopener\">Stilvolle Wohnideen bei Matvana ansehen<\/a><\/p>\n<\/li>\n<li data-start=\"784\" data-end=\"920\">\n<p data-start=\"786\" data-end=\"920\"><a href=\"https:\/\/saphirsmaragd.com\/shop\/\" target=\"_blank\" rel=\"noopener\">Edelsteine &amp; Schmuck bei Saphir &amp; Smaragd ansehen<\/a><\/p>\n<\/li>\n<\/ul>\n<hr data-start=\"1931\" data-end=\"1934\" \/>\n<p>Produktbilder dienen der Veranschaulichung. Verpackungsdesign kann abweichen.<\/p>","protected":false},"excerpt":{"rendered":"<p data-start=\"403\" data-end=\"559\"><em>Macadamia-N\u00fcsse 500g \u00fcberzeugen durch ihren feinen, buttrigen Geschmack und ihre hochwertige Qualit\u00e4t. Ideal als Snack, f\u00fcr Desserts oder gesunde Ern\u00e4hrung.<\/em><\/p>","protected":false},"featured_media":42628,"comment_status":"open","ping_status":"closed","template":"","meta":{"_glsr_average":0,"_glsr_ranking":0,"_glsr_reviews":0},"product_brand":[],"product_cat":[640],"product_tag":[],"class_list":{"0":"post-23447","1":"product","2":"type-product","3":"status-publish","4":"has-post-thumbnail","6":"product_cat-macadamianuesse","8":"first","9":"instock","10":"shipping-taxable","11":"purchasable","12":"product-type-simple","13":"add-to-wishlist-before_image"},"jetpack_sharing_enabled":true,"_links":{"self":[{"href":"https:\/\/honigbee.com\/it\/wp-json\/wp\/v2\/product\/23447","targetHints":{"allow":["GET"]}}],"collection":[{"href":"https:\/\/honigbee.com\/it\/wp-json\/wp\/v2\/product"}],"about":[{"href":"https:\/\/honigbee.com\/it\/wp-json\/wp\/v2\/types\/product"}],"replies":[{"embeddable":true,"href":"https:\/\/honigbee.com\/it\/wp-json\/wp\/v2\/comments?post=23447"}],"version-history":[{"count":4,"href":"https:\/\/honigbee.com\/it\/wp-json\/wp\/v2\/product\/23447\/revisions"}],"predecessor-version":[{"id":43173,"href":"https:\/\/honigbee.com\/it\/wp-json\/wp\/v2\/product\/23447\/revisions\/43173"}],"wp:featuredmedia":[{"embeddable":true,"href":"https:\/\/honigbee.com\/it\/wp-json\/wp\/v2\/media\/42628"}],"wp:attachment":[{"href":"https:\/\/honigbee.com\/it\/wp-json\/wp\/v2\/media?parent=23447"}],"wp:term":[{"taxonomy":"product_brand","embeddable":true,"href":"https:\/\/honigbee.com\/it\/wp-json\/wp\/v2\/product_brand?post=23447"},{"taxonomy":"product_cat","embeddable":true,"href":"https:\/\/honigbee.com\/it\/wp-json\/wp\/v2\/product_cat?post=23447"},{"taxonomy":"product_tag","embeddable":true,"href":"https:\/\/honigbee.com\/it\/wp-json\/wp\/v2\/product_tag?post=23447"}],"curies":[{"name":"parola chiave","href":"https:\/\/api.w.org\/{rel}","templated":true}]}}