{"id":23567,"date":"2025-05-30T12:50:26","date_gmt":"2025-05-30T12:50:26","guid":{"rendered":"https:\/\/honigbee.com\/?post_type=product&#038;p=23567"},"modified":"2026-03-09T17:56:17","modified_gmt":"2026-03-09T17:56:17","slug":"kokosraspeln-1kg","status":"publish","type":"product","link":"https:\/\/honigbee.com\/it\/prodotto\/kokosraspeln-1kg\/","title":{"rendered":"1 kg di cocco disidratato \u2013 naturale, ricco di calcio, vegano"},"content":{"rendered":"<div id=\"ez-toc-container\" class=\"ez-toc-v2_0_83 counter-hierarchy ez-toc-counter ez-toc-grey ez-toc-container-direction\">\n<div class=\"ez-toc-title-container\">\n<p class=\"ez-toc-title\" style=\"cursor:inherit\">Sommario<\/p>\n<span class=\"ez-toc-title-toggle\"><a href=\"#\" class=\"ez-toc-pull-right ez-toc-btn ez-toc-btn-xs ez-toc-btn-default ez-toc-toggle\" aria-label=\"Attiva\/disattiva la tabella dei contenuti\"><span class=\"ez-toc-js-icon-con\"><span class=\"\"><span class=\"eztoc-hide\" style=\"display:none;\">Attiva\/disattiva<\/span><span class=\"ez-toc-icon-toggle-span\"><svg style=\"fill: #999;color:#999\" xmlns=\"http:\/\/www.w3.org\/2000\/svg\" class=\"list-377408\" width=\"20px\" height=\"20px\" viewbox=\"0 0 24 24\" fill=\"none\"><path d=\"M6 6H4v2h2V6zm14 0H8v2h12V6zM4 11h2v2H4v-2zm16 0H8v2h12v-2zM4 16h2v2H4v-2zm16 0H8v2h12v-2z\" fill=\"currentColor\"><\/path><\/svg><svg style=\"fill: #999;color:#999\" class=\"arrow-unsorted-368013\" xmlns=\"http:\/\/www.w3.org\/2000\/svg\" width=\"10px\" height=\"10px\" viewbox=\"0 0 24 24\" version=\"1.2\" baseprofile=\"tiny\"><path d=\"M18.2 9.3l-6.2-6.3-6.2 6.3c-.2.2-.3.4-.3.7s.1.5.3.7c.2.2.4.3.7.3h11c.3 0 .5-.1.7-.3.2-.2.3-.5.3-.7s-.1-.5-.3-.7zM5.8 14.7l6.2 6.3 6.2-6.3c.2-.2.3-.5.3-.7s-.1-.5-.3-.7c-.2-.2-.4-.3-.7-.3h-11c-.3 0-.5.1-.7.3-.2.2-.3.5-.3.7s.1.5.3.7z\"\/><\/svg><\/span><\/span><\/span><\/a><\/span><\/div>\n<nav><ul class='ez-toc-list ez-toc-list-level-1' ><li class='ez-toc-page-1 ez-toc-heading-level-4'><a class=\"ez-toc-link ez-toc-heading-1\" href=\"https:\/\/honigbee.com\/it\/prodotto\/kokosraspeln-1kg\/#Produktmerkmale\" >Caratteristiche del prodotto<\/a><\/li><li class='ez-toc-page-1 ez-toc-heading-level-4'><a class=\"ez-toc-link ez-toc-heading-2\" href=\"https:\/\/honigbee.com\/it\/prodotto\/kokosraspeln-1kg\/#Geschmack_Konsistenz\" >Gusto e consistenza<\/a><\/li><li class='ez-toc-page-1 ez-toc-heading-level-4'><a class=\"ez-toc-link ez-toc-heading-3\" href=\"https:\/\/honigbee.com\/it\/prodotto\/kokosraspeln-1kg\/#Verwendung\" >utilizzo<\/a><\/li><li class='ez-toc-page-1 ez-toc-heading-level-4'><a class=\"ez-toc-link ez-toc-heading-4\" href=\"https:\/\/honigbee.com\/it\/prodotto\/kokosraspeln-1kg\/#Nahrwerte_pro_100_g\" >Valori nutrizionali (per 100 g)<\/a><\/li><li class='ez-toc-page-1 ez-toc-heading-level-4'><a class=\"ez-toc-link ez-toc-heading-5\" href=\"https:\/\/honigbee.com\/it\/prodotto\/kokosraspeln-1kg\/#Produktdetails\" >Dettagli del prodotto<\/a><\/li><li class='ez-toc-page-1 ez-toc-heading-level-4'><a class=\"ez-toc-link ez-toc-heading-6\" href=\"https:\/\/honigbee.com\/it\/prodotto\/kokosraspeln-1kg\/#Lagerung\" >magazzinaggio<\/a><\/li><li class='ez-toc-page-1 ez-toc-heading-level-4'><a class=\"ez-toc-link ez-toc-heading-7\" href=\"https:\/\/honigbee.com\/it\/prodotto\/kokosraspeln-1kg\/#Weitere_Inspiration_entdecken\" >Weitere Inspiration entdecken<\/a><\/li><\/ul><\/nav><\/div>\n<p data-start=\"537\" data-end=\"699\">IL <strong data-start=\"541\" data-end=\"561\">1kg Kokosraspeln<\/strong> bestehen aus fein geraspeltem Fruchtfleisch der Kokosnuss, das schonend getrocknet wird. Dadurch bleibt das typische Kokosaroma erhalten.<\/p>\n<hr data-start=\"794\" data-end=\"797\" \/>\n<h4 data-start=\"799\" data-end=\"819\"><span class=\"ez-toc-section\" id=\"Produktmerkmale\"><\/span>Caratteristiche del prodotto<span class=\"ez-toc-section-end\"><\/span><\/h4>\n<p data-start=\"821\" data-end=\"1008\">1kg Kokosraspeln<br data-start=\"837\" data-end=\"840\" \/>Fein geraspelte getrocknete Kokosnuss<br data-start=\"877\" data-end=\"880\" \/>Herkunft: Sri Lanka<br data-start=\"899\" data-end=\"902\" \/>Vegano e senza glutine<br data-start=\"922\" data-end=\"925\" \/>Ohne Zuckerzusatz und ohne Konservierungsstoffe<br data-start=\"972\" data-end=\"975\" \/>Wiederverschlie\u00dfbare Verpackung<\/p>\n<hr data-start=\"1010\" data-end=\"1013\" \/>\n<h4 data-start=\"1015\" data-end=\"1042\"><span class=\"ez-toc-section\" id=\"Geschmack_Konsistenz\"><\/span>Gusto e consistenza<span class=\"ez-toc-section-end\"><\/span><\/h4>\n<p data-start=\"1044\" data-end=\"1128\">Typisches Kokosaroma<br data-start=\"1064\" data-end=\"1067\" \/>Leicht s\u00fc\u00dflicher Geschmack<br data-start=\"1093\" data-end=\"1096\" \/>Feine, trockene Raspelstruktur<\/p>\n<hr data-start=\"1130\" data-end=\"1133\" \/>\n<h4 data-start=\"1135\" data-end=\"1150\"><span class=\"ez-toc-section\" id=\"Verwendung\"><\/span>utilizzo<span class=\"ez-toc-section-end\"><\/span><\/h4>\n<p data-start=\"1195\" data-end=\"1359\">\u2022 Backrezepte wie Kuchen, Kekse und Muffins<br data-start=\"1238\" data-end=\"1241\" \/>\u2022 M\u00fcsli oder Porridge<br data-start=\"1262\" data-end=\"1265\" \/>\u2022 Desserts und S\u00fc\u00dfspeisen<br data-start=\"1290\" data-end=\"1293\" \/>\u2022 Smoothie-Bowls<br data-start=\"1309\" data-end=\"1312\" \/>\u2022 Kombination mit N\u00fcssen oder Trockenfr\u00fcchten<\/p>\n<hr data-start=\"1361\" data-end=\"1364\" \/>\n<h4 data-start=\"1366\" data-end=\"1392\"><span class=\"ez-toc-section\" id=\"Nahrwerte_pro_100_g\"><\/span>Valori nutrizionali (per 100 g)<span class=\"ez-toc-section-end\"><\/span><\/h4>\n<p data-start=\"1394\" data-end=\"1550\">Energie: 606 kcal<br data-start=\"1411\" data-end=\"1414\" \/>Fett: 64,5 g<br data-start=\"1426\" data-end=\"1429\" \/>davon ges\u00e4ttigte Fetts\u00e4uren: 57,2 g<br data-start=\"1464\" data-end=\"1467\" \/>Kohlenhydrate: 23,7 g<br data-start=\"1488\" data-end=\"1491\" \/>davon Zucker: 7,4 g<br data-start=\"1510\" data-end=\"1513\" \/>Eiwei\u00df: 6,9 g<br data-start=\"1526\" data-end=\"1529\" \/>Ballaststoffe: 14 g<\/p>\n<hr data-start=\"1552\" data-end=\"1555\" \/>\n<h4 data-start=\"1557\" data-end=\"1576\"><span class=\"ez-toc-section\" id=\"Produktdetails\"><\/span>Dettagli del prodotto<span class=\"ez-toc-section-end\"><\/span><\/h4>\n<p data-start=\"1578\" data-end=\"1696\">Contenuto: 1000 g<br data-start=\"1624\" data-end=\"1627\" \/>Herkunft: Sri Lanka<br data-start=\"1646\" data-end=\"1649\" \/>Verarbeitung: Getrocknet<br data-start=\"1673\" data-end=\"1676\" \/>Zutaten: Kokosnuss<\/p>\n<hr data-start=\"1698\" data-end=\"1701\" \/>\n<h4 data-start=\"1703\" data-end=\"1716\"><span class=\"ez-toc-section\" id=\"Lagerung\"><\/span>magazzinaggio<span class=\"ez-toc-section-end\"><\/span><\/h4>\n<p data-start=\"1718\" data-end=\"1792\" data-is-last-node=\"\" data-is-only-node=\"\">Trocken, k\u00fchl und lichtgesch\u00fctzt lagern. Nach dem \u00d6ffnen gut verschlie\u00dfen.<\/p>\n<hr data-start=\"1552\" data-end=\"1555\" \/>\n<h4 data-start=\"413\" data-end=\"449\"><span class=\"ez-toc-section\" id=\"Weitere_Inspiration_entdecken\"><\/span>Weitere Inspiration entdecken<span class=\"ez-toc-section-end\"><\/span><\/h4>\n<p data-start=\"450\" data-end=\"582\">Du suchst weitere besondere Produkte? Entdecke zus\u00e4tzliche Highlights in unserem Sortiment oder st\u00f6bere in unseren Partnerprojekten:<\/p>\n<ul data-start=\"584\" data-end=\"920\">\n<li data-start=\"584\" data-end=\"656\"><a href=\"https:\/\/honigbee.com\/it\/shop\/\">Weitere Naturprodukte bei Honigbee entdecken<\/a><\/li>\n<li data-start=\"657\" data-end=\"783\">\n<p data-start=\"659\" data-end=\"783\"><a href=\"https:\/\/matvana.com\/shop\/\" target=\"_blank\" rel=\"noopener\">Stilvolle Wohnideen bei Matvana ansehen<\/a><\/p>\n<\/li>\n<li data-start=\"784\" data-end=\"920\">\n<p data-start=\"786\" data-end=\"920\"><a href=\"https:\/\/saphirsmaragd.com\/shop\/\" target=\"_blank\" rel=\"noopener\">Edelsteine &amp; Schmuck bei Saphir &amp; Smaragd ansehen<\/a><\/p>\n<\/li>\n<\/ul>\n<hr data-start=\"1931\" data-end=\"1934\" \/>\n<p>Produktbilder dienen der Veranschaulichung. Verpackungsdesign kann abweichen.<\/p>","protected":false},"excerpt":{"rendered":"<p data-start=\"345\" data-end=\"472\"><em>1kg Kokosraspeln aus Sri Lanka. Fein geraspelte getrocknete Kokosnuss, ideal zum Backen, f\u00fcr M\u00fcsli, Desserts und viele Rezepte.<\/em><\/p>","protected":false},"featured_media":43471,"comment_status":"open","ping_status":"closed","template":"","meta":{"_glsr_average":0,"_glsr_ranking":0,"_glsr_reviews":0},"product_brand":[],"product_cat":[695],"product_tag":[],"class_list":{"0":"post-23567","1":"product","2":"type-product","3":"status-publish","4":"has-post-thumbnail","6":"product_cat-getrocknete-kokosnuss","8":"first","9":"instock","10":"shipping-taxable","11":"purchasable","12":"product-type-simple","13":"add-to-wishlist-before_image"},"jetpack_sharing_enabled":true,"_links":{"self":[{"href":"https:\/\/honigbee.com\/it\/wp-json\/wp\/v2\/product\/23567","targetHints":{"allow":["GET"]}}],"collection":[{"href":"https:\/\/honigbee.com\/it\/wp-json\/wp\/v2\/product"}],"about":[{"href":"https:\/\/honigbee.com\/it\/wp-json\/wp\/v2\/types\/product"}],"replies":[{"embeddable":true,"href":"https:\/\/honigbee.com\/it\/wp-json\/wp\/v2\/comments?post=23567"}],"version-history":[{"count":3,"href":"https:\/\/honigbee.com\/it\/wp-json\/wp\/v2\/product\/23567\/revisions"}],"predecessor-version":[{"id":43472,"href":"https:\/\/honigbee.com\/it\/wp-json\/wp\/v2\/product\/23567\/revisions\/43472"}],"wp:featuredmedia":[{"embeddable":true,"href":"https:\/\/honigbee.com\/it\/wp-json\/wp\/v2\/media\/43471"}],"wp:attachment":[{"href":"https:\/\/honigbee.com\/it\/wp-json\/wp\/v2\/media?parent=23567"}],"wp:term":[{"taxonomy":"product_brand","embeddable":true,"href":"https:\/\/honigbee.com\/it\/wp-json\/wp\/v2\/product_brand?post=23567"},{"taxonomy":"product_cat","embeddable":true,"href":"https:\/\/honigbee.com\/it\/wp-json\/wp\/v2\/product_cat?post=23567"},{"taxonomy":"product_tag","embeddable":true,"href":"https:\/\/honigbee.com\/it\/wp-json\/wp\/v2\/product_tag?post=23567"}],"curies":[{"name":"parola chiave","href":"https:\/\/api.w.org\/{rel}","templated":true}]}}