{"id":26746,"date":"2025-06-27T08:03:43","date_gmt":"2025-06-27T08:03:43","guid":{"rendered":"https:\/\/honigbee.com\/?post_type=product&#038;p=26746"},"modified":"2026-03-09T20:54:50","modified_gmt":"2026-03-09T20:54:50","slug":"acerola-kapseln-180-hochdosiert-vegan","status":"publish","type":"product","link":"https:\/\/honigbee.com\/it\/prodotto\/acerola-kapseln-180-hochdosiert-vegan\/","title":{"rendered":"180 Acerola Kapseln mit nat\u00fcrlichem Vitamin C aus Acerola-Extrak"},"content":{"rendered":"<div id=\"ez-toc-container\" class=\"ez-toc-v2_0_83 counter-hierarchy ez-toc-counter ez-toc-grey ez-toc-container-direction\">\n<div class=\"ez-toc-title-container\">\n<p class=\"ez-toc-title\" style=\"cursor:inherit\">Sommario<\/p>\n<span class=\"ez-toc-title-toggle\"><a href=\"#\" class=\"ez-toc-pull-right ez-toc-btn ez-toc-btn-xs ez-toc-btn-default ez-toc-toggle\" aria-label=\"Attiva\/disattiva la tabella dei contenuti\"><span class=\"ez-toc-js-icon-con\"><span class=\"\"><span class=\"eztoc-hide\" style=\"display:none;\">Attiva\/disattiva<\/span><span class=\"ez-toc-icon-toggle-span\"><svg style=\"fill: #999;color:#999\" xmlns=\"http:\/\/www.w3.org\/2000\/svg\" class=\"list-377408\" width=\"20px\" height=\"20px\" viewbox=\"0 0 24 24\" fill=\"none\"><path d=\"M6 6H4v2h2V6zm14 0H8v2h12V6zM4 11h2v2H4v-2zm16 0H8v2h12v-2zM4 16h2v2H4v-2zm16 0H8v2h12v-2z\" fill=\"currentColor\"><\/path><\/svg><svg style=\"fill: #999;color:#999\" class=\"arrow-unsorted-368013\" xmlns=\"http:\/\/www.w3.org\/2000\/svg\" width=\"10px\" height=\"10px\" viewbox=\"0 0 24 24\" version=\"1.2\" baseprofile=\"tiny\"><path d=\"M18.2 9.3l-6.2-6.3-6.2 6.3c-.2.2-.3.4-.3.7s.1.5.3.7c.2.2.4.3.7.3h11c.3 0 .5-.1.7-.3.2-.2.3-.5.3-.7s-.1-.5-.3-.7zM5.8 14.7l6.2 6.3 6.2-6.3c.2-.2.3-.5.3-.7s-.1-.5-.3-.7c-.2-.2-.4-.3-.7-.3h-11c-.3 0-.5.1-.7.3-.2.2-.3.5-.3.7s.1.5.3.7z\"\/><\/svg><\/span><\/span><\/span><\/a><\/span><\/div>\n<nav><ul class='ez-toc-list ez-toc-list-level-1' ><ul class='ez-toc-list-level-4' ><li class='ez-toc-heading-level-4'><a class=\"ez-toc-link ez-toc-heading-1\" href=\"https:\/\/honigbee.com\/it\/prodotto\/acerola-kapseln-180-hochdosiert-vegan\/#Produktvorteile_auf_einen_Blick\" >Vantaggi del prodotto in sintesi<\/a><\/li><li class='ez-toc-page-1 ez-toc-heading-level-4'><a class=\"ez-toc-link ez-toc-heading-2\" href=\"https:\/\/honigbee.com\/it\/prodotto\/acerola-kapseln-180-hochdosiert-vegan\/#Einnahme_Dosierung\" >Assunzione e dosaggio<\/a><\/li><li class='ez-toc-page-1 ez-toc-heading-level-4'><a class=\"ez-toc-link ez-toc-heading-3\" href=\"https:\/\/honigbee.com\/it\/prodotto\/acerola-kapseln-180-hochdosiert-vegan\/#Eigenschaften_von_Vitamin_C\" >Eigenschaften von Vitamin C<\/a><\/li><\/ul><\/li><li class='ez-toc-page-1 ez-toc-heading-level-3'><a class=\"ez-toc-link ez-toc-heading-4\" href=\"https:\/\/honigbee.com\/it\/prodotto\/acerola-kapseln-180-hochdosiert-vegan\/#Produktdetails\" >Dettagli del prodotto<\/a><\/li><li class='ez-toc-page-1 ez-toc-heading-level-3'><a class=\"ez-toc-link ez-toc-heading-5\" href=\"https:\/\/honigbee.com\/it\/prodotto\/acerola-kapseln-180-hochdosiert-vegan\/#Lagerung\" >magazzinaggio<\/a><ul class='ez-toc-list-level-4' ><li class='ez-toc-heading-level-4'><a class=\"ez-toc-link ez-toc-heading-6\" href=\"https:\/\/honigbee.com\/it\/prodotto\/acerola-kapseln-180-hochdosiert-vegan\/#Weitere_Inspiration_entdecken\" >Weitere Inspiration entdecken<\/a><\/li><\/ul><\/li><\/ul><\/nav><\/div>\n<p data-start=\"416\" data-end=\"758\">IL <strong data-start=\"420\" data-end=\"439\">Acerola Kapseln<\/strong> liefern pro Kapsel 660 mg Acerola-Extrakt, davon 165 mg nat\u00fcrliches Vitamin C. Das Extrakt stammt aus der Acerolakirsche (<em data-start=\"562\" data-end=\"580\">Malpighia glabra<\/em>), die f\u00fcr ihren au\u00dfergew\u00f6hnlich hohen Vitamin-C-Gehalt bekannt ist. Vitamin C tr\u00e4gt zu einer normalen Funktion des Immunsystems bei und sch\u00fctzt die Zellen vor oxidativem Stress.<\/p>\n<hr data-start=\"760\" data-end=\"763\" \/>\n<h4 data-section-id=\"nwpd9n\" data-start=\"765\" data-end=\"800\"><span class=\"ez-toc-section\" id=\"Produktvorteile_auf_einen_Blick\"><\/span>Vantaggi del prodotto in sintesi<span class=\"ez-toc-section-end\"><\/span><\/h4>\n<p data-start=\"802\" data-end=\"1092\">\u2022 Hochdosiertes Vitamin C aus nat\u00fcrlichem Acerola-Extrakt<br data-start=\"859\" data-end=\"862\" \/>\u2022 660 mg Acerola-Extrakt pro Kapsel<br data-start=\"897\" data-end=\"900\" \/>\u2022 165 mg nat\u00fcrliches Vitamin C je Kapsel<br data-start=\"940\" data-end=\"943\" \/>\u2022 180 vegane Kapseln \u2013 Vorrat f\u00fcr mehrere Monate<br data-start=\"991\" data-end=\"994\" \/>\u2022 Ohne Zusatzstoffe, Trennmittel oder Konservierungsstoffe<br data-start=\"1052\" data-end=\"1055\" \/>\u2022 Vegan, glutenfrei und laktosefrei<\/p>\n<hr data-start=\"1094\" data-end=\"1097\" \/>\n<h4 data-section-id=\"cmvrsn\" data-start=\"1099\" data-end=\"1123\"><span class=\"ez-toc-section\" id=\"Einnahme_Dosierung\"><\/span>Assunzione e dosaggio<span class=\"ez-toc-section-end\"><\/span><\/h4>\n<p data-start=\"1125\" data-end=\"1200\"><strong data-start=\"1125\" data-end=\"1147\">Dose giornaliera raccomandata:<\/strong><br data-start=\"1147\" data-end=\"1150\" \/>T\u00e4glich 1 Kapsel mit ausreichend Wasser einnehmen.<\/p>\n<p data-start=\"1202\" data-end=\"1264\"><strong data-start=\"1202\" data-end=\"1216\">Tempo:<\/strong><br data-start=\"1216\" data-end=\"1219\" \/>Idealerweise morgens oder vor einer Mahlzeit.<\/p>\n<hr data-start=\"1266\" data-end=\"1269\" \/>\n<h4 data-section-id=\"zba236\" data-start=\"1271\" data-end=\"1302\"><span class=\"ez-toc-section\" id=\"Eigenschaften_von_Vitamin_C\"><\/span>Eigenschaften von Vitamin C<span class=\"ez-toc-section-end\"><\/span><\/h4>\n<p data-start=\"1304\" data-end=\"1327\">Vitamin C tr\u00e4gt bei zu:<\/p>\n<p data-start=\"1329\" data-end=\"1520\">\u2022 Normaler Funktion des Immunsystems<br data-start=\"1365\" data-end=\"1368\" \/>\u2022 Schutz der Zellen vor oxidativem Stress<br data-start=\"1409\" data-end=\"1412\" \/>\u2022 Normaler Kollagenbildung f\u00fcr Haut, Knorpel und Blutgef\u00e4\u00dfe<br data-start=\"1471\" data-end=\"1474\" \/>\u2022 Verringerung von M\u00fcdigkeit und Ersch\u00f6pfung<\/p>\n<p data-start=\"1522\" data-end=\"1625\">Weitere Informationen zu Vitamin C und Ern\u00e4hrung finden Sie beim Bundeszentrum f\u00fcr Ern\u00e4hrung (bzfe.de).<\/p>\n<hr data-start=\"1828\" data-end=\"1831\" \/>\n<h3 data-section-id=\"13mqotj\" data-start=\"1833\" data-end=\"1851\"><span class=\"ez-toc-section\" id=\"Produktdetails\"><\/span>Dettagli del prodotto<span class=\"ez-toc-section-end\"><\/span><\/h3>\n<p data-start=\"1853\" data-end=\"1890\">Contenuto: 180 capsule<br data-start=\"1872\" data-end=\"1875\" \/>Form: Kapseln<\/p>\n<p data-start=\"1892\" data-end=\"1943\">Zutaten: Acerola-Extrakt, pflanzliche Kapselh\u00fclle<\/p>\n<p data-start=\"1945\" data-end=\"1985\">Vegan, glutenfrei und ohne Zuckerzusatz.<\/p>\n<hr data-start=\"1987\" data-end=\"1990\" \/>\n<h3 data-section-id=\"ci5c5j\" data-start=\"1992\" data-end=\"2004\"><span class=\"ez-toc-section\" id=\"Lagerung\"><\/span>magazzinaggio<span class=\"ez-toc-section-end\"><\/span><\/h3>\n<p data-start=\"2006\" data-end=\"2046\">Conservare in un luogo asciutto e fresco, al riparo dalla luce.<\/p>\n<hr data-start=\"1683\" data-end=\"1686\" \/>\n<h4 data-start=\"413\" data-end=\"449\"><span class=\"ez-toc-section\" id=\"Weitere_Inspiration_entdecken\"><\/span>Weitere Inspiration entdecken<span class=\"ez-toc-section-end\"><\/span><\/h4>\n<p data-start=\"450\" data-end=\"582\">Du suchst weitere besondere Produkte? Entdecke zus\u00e4tzliche Highlights in unserem Sortiment oder st\u00f6bere in unseren Partnerprojekten:<\/p>\n<ul data-start=\"584\" data-end=\"920\">\n<li data-start=\"584\" data-end=\"656\"><a href=\"https:\/\/honigbee.com\/it\/shop\/\">Weitere Naturprodukte bei Honigbee entdecken<\/a><\/li>\n<li data-start=\"657\" data-end=\"783\">\n<p data-start=\"659\" data-end=\"783\"><a href=\"https:\/\/matvana.com\/shop\/\" target=\"_blank\" rel=\"noopener\">Stilvolle Wohnideen bei Matvana ansehen<\/a><\/p>\n<\/li>\n<li data-start=\"784\" data-end=\"920\">\n<p data-start=\"786\" data-end=\"920\"><a href=\"https:\/\/saphirsmaragd.com\/shop\/\" target=\"_blank\" rel=\"noopener\">Edelsteine &amp; Schmuck bei Saphir &amp; Smaragd ansehen<\/a><\/p>\n<\/li>\n<\/ul>\n<hr data-start=\"1931\" data-end=\"1934\" \/>\n<p>Produktbilder dienen der Veranschaulichung. Verpackungsdesign kann abweichen.<\/p>","protected":false},"excerpt":{"rendered":"<p>Acerola kapseln \u2013 180 vegane Kapseln mit 660\u202fmg Acerola-Extrakt &amp; 165\u202fmg nat\u00fcrlichem Vitamin\u202fC \u2013 hochdosiert, ohne Zus\u00e4tze.<\/p>","protected":false},"featured_media":43567,"comment_status":"open","ping_status":"closed","template":"","meta":{"_glsr_average":0,"_glsr_ranking":0,"_glsr_reviews":0},"product_brand":[],"product_cat":[363],"product_tag":[],"class_list":{"0":"post-26746","1":"product","2":"type-product","3":"status-publish","4":"has-post-thumbnail","6":"product_cat-acerola","8":"first","9":"instock","10":"shipping-taxable","11":"purchasable","12":"product-type-simple","13":"add-to-wishlist-before_image"},"jetpack_sharing_enabled":true,"_links":{"self":[{"href":"https:\/\/honigbee.com\/it\/wp-json\/wp\/v2\/product\/26746","targetHints":{"allow":["GET"]}}],"collection":[{"href":"https:\/\/honigbee.com\/it\/wp-json\/wp\/v2\/product"}],"about":[{"href":"https:\/\/honigbee.com\/it\/wp-json\/wp\/v2\/types\/product"}],"replies":[{"embeddable":true,"href":"https:\/\/honigbee.com\/it\/wp-json\/wp\/v2\/comments?post=26746"}],"version-history":[{"count":3,"href":"https:\/\/honigbee.com\/it\/wp-json\/wp\/v2\/product\/26746\/revisions"}],"predecessor-version":[{"id":43566,"href":"https:\/\/honigbee.com\/it\/wp-json\/wp\/v2\/product\/26746\/revisions\/43566"}],"wp:featuredmedia":[{"embeddable":true,"href":"https:\/\/honigbee.com\/it\/wp-json\/wp\/v2\/media\/43567"}],"wp:attachment":[{"href":"https:\/\/honigbee.com\/it\/wp-json\/wp\/v2\/media?parent=26746"}],"wp:term":[{"taxonomy":"product_brand","embeddable":true,"href":"https:\/\/honigbee.com\/it\/wp-json\/wp\/v2\/product_brand?post=26746"},{"taxonomy":"product_cat","embeddable":true,"href":"https:\/\/honigbee.com\/it\/wp-json\/wp\/v2\/product_cat?post=26746"},{"taxonomy":"product_tag","embeddable":true,"href":"https:\/\/honigbee.com\/it\/wp-json\/wp\/v2\/product_tag?post=26746"}],"curies":[{"name":"parola chiave","href":"https:\/\/api.w.org\/{rel}","templated":true}]}}