{"id":27463,"date":"2025-07-06T14:36:30","date_gmt":"2025-07-06T14:36:30","guid":{"rendered":"https:\/\/honigbee.com\/?post_type=product&#038;p=27463"},"modified":"2026-02-28T20:14:42","modified_gmt":"2026-02-28T20:14:42","slug":"colomba-mandarine-750g","status":"publish","type":"product","link":"https:\/\/honigbee.com\/it\/prodotto\/colomba-mandarine-750g\/","title":{"rendered":"750g Colomba Mandarine mit Ciaculli-Mandarinencreme &#038; wei\u00dfer Schokolade"},"content":{"rendered":"<div id=\"ez-toc-container\" class=\"ez-toc-v2_0_83 counter-hierarchy ez-toc-counter ez-toc-grey ez-toc-container-direction\">\n<div class=\"ez-toc-title-container\">\n<p class=\"ez-toc-title\" style=\"cursor:inherit\">Sommario<\/p>\n<span class=\"ez-toc-title-toggle\"><a href=\"#\" class=\"ez-toc-pull-right ez-toc-btn ez-toc-btn-xs ez-toc-btn-default ez-toc-toggle\" aria-label=\"Attiva\/disattiva la tabella dei contenuti\"><span class=\"ez-toc-js-icon-con\"><span class=\"\"><span class=\"eztoc-hide\" style=\"display:none;\">Attiva\/disattiva<\/span><span class=\"ez-toc-icon-toggle-span\"><svg style=\"fill: #999;color:#999\" xmlns=\"http:\/\/www.w3.org\/2000\/svg\" class=\"list-377408\" width=\"20px\" height=\"20px\" viewbox=\"0 0 24 24\" fill=\"none\"><path d=\"M6 6H4v2h2V6zm14 0H8v2h12V6zM4 11h2v2H4v-2zm16 0H8v2h12v-2zM4 16h2v2H4v-2zm16 0H8v2h12v-2z\" fill=\"currentColor\"><\/path><\/svg><svg style=\"fill: #999;color:#999\" class=\"arrow-unsorted-368013\" xmlns=\"http:\/\/www.w3.org\/2000\/svg\" width=\"10px\" height=\"10px\" viewbox=\"0 0 24 24\" version=\"1.2\" baseprofile=\"tiny\"><path d=\"M18.2 9.3l-6.2-6.3-6.2 6.3c-.2.2-.3.4-.3.7s.1.5.3.7c.2.2.4.3.7.3h11c.3 0 .5-.1.7-.3.2-.2.3-.5.3-.7s-.1-.5-.3-.7zM5.8 14.7l6.2 6.3 6.2-6.3c.2-.2.3-.5.3-.7s-.1-.5-.3-.7c-.2-.2-.4-.3-.7-.3h-11c-.3 0-.5.1-.7.3-.2.2-.3.5-.3.7s.1.5.3.7z\"\/><\/svg><\/span><\/span><\/span><\/a><\/span><\/div>\n<nav><ul class='ez-toc-list ez-toc-list-level-1' ><li class='ez-toc-page-1 ez-toc-heading-level-4'><a class=\"ez-toc-link ez-toc-heading-1\" href=\"https:\/\/honigbee.com\/it\/prodotto\/colomba-mandarine-750g\/#Produktmerkmale\" >Caratteristiche del prodotto<\/a><\/li><li class='ez-toc-page-1 ez-toc-heading-level-4'><a class=\"ez-toc-link ez-toc-heading-2\" href=\"https:\/\/honigbee.com\/it\/prodotto\/colomba-mandarine-750g\/#Geschmack_Konsistenz\" >Gusto e consistenza<\/a><\/li><li class='ez-toc-page-1 ez-toc-heading-level-4'><a class=\"ez-toc-link ez-toc-heading-3\" href=\"https:\/\/honigbee.com\/it\/prodotto\/colomba-mandarine-750g\/#Verwendung\" >utilizzo<\/a><\/li><li class='ez-toc-page-1 ez-toc-heading-level-4'><a class=\"ez-toc-link ez-toc-heading-4\" href=\"https:\/\/honigbee.com\/it\/prodotto\/colomba-mandarine-750g\/#Produktdetails\" >Dettagli del prodotto<\/a><\/li><li class='ez-toc-page-1 ez-toc-heading-level-4'><a class=\"ez-toc-link ez-toc-heading-5\" href=\"https:\/\/honigbee.com\/it\/prodotto\/colomba-mandarine-750g\/#Lagerung\" >magazzinaggio<\/a><\/li><li class='ez-toc-page-1 ez-toc-heading-level-4'><a class=\"ez-toc-link ez-toc-heading-6\" href=\"https:\/\/honigbee.com\/it\/prodotto\/colomba-mandarine-750g\/#Weitere_Inspiration_entdecken\" >Weitere Inspiration entdecken<\/a><\/li><\/ul><\/nav><\/div>\n<p data-start=\"814\" data-end=\"1016\">IL <strong data-start=\"818\" data-end=\"844\">Colomba-Mandarine 750g<\/strong> ist ein traditionelles italienisches Ostergeb\u00e4ck in Taubenform. Der luftige Hefeteig wird mit Mandarinencreme gef\u00fcllt und mit einer Glasur aus wei\u00dfer Schokolade \u00fcberzogen.<\/p>\n<p data-start=\"1018\" data-end=\"1142\">Die Kombination aus mildem Teig, fruchtiger F\u00fcllung und s\u00fc\u00dfer Schokoladenglasur sorgt f\u00fcr ein ausgewogenes Geschmacksprofil.<\/p>\n<hr data-start=\"1144\" data-end=\"1147\" \/>\n<h4 data-start=\"1149\" data-end=\"1169\"><span class=\"ez-toc-section\" id=\"Produktmerkmale\"><\/span>Caratteristiche del prodotto<span class=\"ez-toc-section-end\"><\/span><\/h4>\n<p data-start=\"1171\" data-end=\"1383\">Colomba Mandarine 750g<br data-start=\"1193\" data-end=\"1196\" \/>Hefeteig mit nat\u00fcrlicher G\u00e4rung<br data-start=\"1227\" data-end=\"1230\" \/>Gef\u00fcllt mit Mandarinencreme<br data-start=\"1257\" data-end=\"1260\" \/>Ricoperto di glassa al cioccolato bianco<br data-start=\"1298\" data-end=\"1301\" \/>In dekorativer Geschenkverpackung<br data-start=\"1334\" data-end=\"1337\" \/>Hergestellt nach italienischer Backtradition<\/p>\n<hr data-start=\"1385\" data-end=\"1388\" \/>\n<h4 data-start=\"1390\" data-end=\"1417\"><span class=\"ez-toc-section\" id=\"Geschmack_Konsistenz\"><\/span>Gusto e consistenza<span class=\"ez-toc-section-end\"><\/span><\/h4>\n<p data-start=\"1419\" data-end=\"1537\">Luftiger, weicher Hefeteig<br data-start=\"1445\" data-end=\"1448\" \/>Fruchtige Mandarinencreme<br data-start=\"1473\" data-end=\"1476\" \/>Milde S\u00fc\u00dfe durch wei\u00dfe Schokolade<br data-start=\"1509\" data-end=\"1512\" \/>Saftige, cremige Textur<\/p>\n<hr data-start=\"1539\" data-end=\"1542\" \/>\n<h4 data-start=\"1544\" data-end=\"1559\"><span class=\"ez-toc-section\" id=\"Verwendung\"><\/span>utilizzo<span class=\"ez-toc-section-end\"><\/span><\/h4>\n<p data-start=\"1561\" data-end=\"1608\">IL <strong data-start=\"1565\" data-end=\"1591\">Colomba Mandarine 750g<\/strong> eignet sich f\u00fcr:<\/p>\n<p data-start=\"1610\" data-end=\"1685\">\u2022 Osterfeiertage<br data-start=\"1626\" data-end=\"1629\" \/>\u2022 Als Dessert<br data-start=\"1642\" data-end=\"1645\" \/>\u2022 Zum Kaffee oder Tee<br data-start=\"1666\" data-end=\"1669\" \/>\u2022 Als Geschenk<\/p>\n<p data-start=\"1687\" data-end=\"1736\">Servierfertig \u2013 kann direkt angeschnitten werden.<\/p>\n<hr data-start=\"1738\" data-end=\"1741\" \/>\n<h4 data-start=\"1743\" data-end=\"1762\"><span class=\"ez-toc-section\" id=\"Produktdetails\"><\/span>Dettagli del prodotto<span class=\"ez-toc-section-end\"><\/span><\/h4>\n<p data-start=\"1764\" data-end=\"1949\">Produktname: Colomba Mandarine 750g<br data-start=\"1799\" data-end=\"1802\" \/>Inhalt: 750 g<br data-start=\"1815\" data-end=\"1818\" \/>Geb\u00e4ckform: Taubenform<br data-start=\"1840\" data-end=\"1843\" \/>F\u00fcllung: Mandarinencreme<br data-start=\"1867\" data-end=\"1870\" \/>Glasur: Wei\u00dfe Schokolade<br data-start=\"1894\" data-end=\"1897\" \/>Origine: Italia<br data-start=\"1914\" data-end=\"1917\" \/>Verpackung: Geschenkverpackung<\/p>\n<hr data-start=\"1951\" data-end=\"1954\" \/>\n<h4 data-start=\"1956\" data-end=\"1969\"><span class=\"ez-toc-section\" id=\"Lagerung\"><\/span>magazzinaggio<span class=\"ez-toc-section-end\"><\/span><\/h4>\n<p data-start=\"1971\" data-end=\"2073\">Trocken, k\u00fchl und lichtgesch\u00fctzt lagern. Nach dem \u00d6ffnen luftdicht verschlie\u00dfen und zeitnah verzehren.<\/p>\n<hr data-start=\"1683\" data-end=\"1686\" \/>\n<h4 data-start=\"413\" data-end=\"449\"><span class=\"ez-toc-section\" id=\"Weitere_Inspiration_entdecken\"><\/span>Weitere Inspiration entdecken<span class=\"ez-toc-section-end\"><\/span><\/h4>\n<p data-start=\"450\" data-end=\"582\">Du suchst weitere besondere Produkte? Entdecke zus\u00e4tzliche Highlights in unserem Sortiment oder st\u00f6bere in unseren Partnerprojekten:<\/p>\n<ul data-start=\"584\" data-end=\"920\">\n<li data-start=\"584\" data-end=\"656\"><a href=\"https:\/\/honigbee.com\/it\/shop\/\">Weitere Naturprodukte bei Honigbee entdecken<\/a><\/li>\n<li data-start=\"657\" data-end=\"783\">\n<p data-start=\"659\" data-end=\"783\"><a href=\"https:\/\/matvana.com\/shop\/\" target=\"_blank\" rel=\"noopener\">Stilvolle Wohnideen bei Matvana ansehen<\/a><\/p>\n<\/li>\n<li data-start=\"784\" data-end=\"920\">\n<p data-start=\"786\" data-end=\"920\"><a href=\"https:\/\/saphirsmaragd.com\/shop\/\" target=\"_blank\" rel=\"noopener\">Edelsteine &amp; Schmuck bei Saphir &amp; Smaragd ansehen<\/a><\/p>\n<\/li>\n<\/ul>\n<hr data-start=\"1931\" data-end=\"1934\" \/>\n<p>Produktbilder dienen der Veranschaulichung. Verpackungsdesign kann abweichen.<\/p>","protected":false},"excerpt":{"rendered":"<p><em>Colomba al mandarino da 750 g, farcita con crema di Ciaculli e ricoperta di cioccolato bianco. Incartata a mano e fruttata.<\/em><\/p>","protected":false},"featured_media":43308,"comment_status":"open","ping_status":"closed","template":"","meta":{"_glsr_average":0,"_glsr_ranking":0,"_glsr_reviews":0},"product_brand":[],"product_cat":[1303],"product_tag":[],"class_list":{"0":"post-27463","1":"product","2":"type-product","3":"status-publish","4":"has-post-thumbnail","6":"product_cat-gebaeck-und-kuchen","8":"first","9":"instock","10":"featured","11":"shipping-taxable","12":"purchasable","13":"product-type-simple","14":"add-to-wishlist-before_image"},"jetpack_sharing_enabled":true,"_links":{"self":[{"href":"https:\/\/honigbee.com\/it\/wp-json\/wp\/v2\/product\/27463","targetHints":{"allow":["GET"]}}],"collection":[{"href":"https:\/\/honigbee.com\/it\/wp-json\/wp\/v2\/product"}],"about":[{"href":"https:\/\/honigbee.com\/it\/wp-json\/wp\/v2\/types\/product"}],"replies":[{"embeddable":true,"href":"https:\/\/honigbee.com\/it\/wp-json\/wp\/v2\/comments?post=27463"}],"version-history":[{"count":4,"href":"https:\/\/honigbee.com\/it\/wp-json\/wp\/v2\/product\/27463\/revisions"}],"predecessor-version":[{"id":43265,"href":"https:\/\/honigbee.com\/it\/wp-json\/wp\/v2\/product\/27463\/revisions\/43265"}],"wp:featuredmedia":[{"embeddable":true,"href":"https:\/\/honigbee.com\/it\/wp-json\/wp\/v2\/media\/43308"}],"wp:attachment":[{"href":"https:\/\/honigbee.com\/it\/wp-json\/wp\/v2\/media?parent=27463"}],"wp:term":[{"taxonomy":"product_brand","embeddable":true,"href":"https:\/\/honigbee.com\/it\/wp-json\/wp\/v2\/product_brand?post=27463"},{"taxonomy":"product_cat","embeddable":true,"href":"https:\/\/honigbee.com\/it\/wp-json\/wp\/v2\/product_cat?post=27463"},{"taxonomy":"product_tag","embeddable":true,"href":"https:\/\/honigbee.com\/it\/wp-json\/wp\/v2\/product_tag?post=27463"}],"curies":[{"name":"parola chiave","href":"https:\/\/api.w.org\/{rel}","templated":true}]}}