{"id":2798,"date":"2024-08-21T09:45:56","date_gmt":"2024-08-21T09:45:56","guid":{"rendered":"https:\/\/honigbee.com\/?post_type=product&#038;p=2798"},"modified":"2026-03-13T19:20:32","modified_gmt":"2026-03-13T19:20:32","slug":"400g-schwarzkuemmel-honig","status":"publish","type":"product","link":"https:\/\/honigbee.com\/it\/prodotto\/400g-schwarzkuemmel-honig\/","title":{"rendered":"400g Schwarzk\u00fcmmel Honig \u2013 Roher Sidr-Honig mit Schwarzk\u00fcmmelsamen (Nigella sativa)"},"content":{"rendered":"<div id=\"ez-toc-container\" class=\"ez-toc-v2_0_83 counter-hierarchy ez-toc-counter ez-toc-grey ez-toc-container-direction\">\n<div class=\"ez-toc-title-container\">\n<p class=\"ez-toc-title\" style=\"cursor:inherit\">Sommario<\/p>\n<span class=\"ez-toc-title-toggle\"><a href=\"#\" class=\"ez-toc-pull-right ez-toc-btn ez-toc-btn-xs ez-toc-btn-default ez-toc-toggle\" aria-label=\"Attiva\/disattiva la tabella dei contenuti\"><span class=\"ez-toc-js-icon-con\"><span class=\"\"><span class=\"eztoc-hide\" style=\"display:none;\">Attiva\/disattiva<\/span><span class=\"ez-toc-icon-toggle-span\"><svg style=\"fill: #999;color:#999\" xmlns=\"http:\/\/www.w3.org\/2000\/svg\" class=\"list-377408\" width=\"20px\" height=\"20px\" viewbox=\"0 0 24 24\" fill=\"none\"><path d=\"M6 6H4v2h2V6zm14 0H8v2h12V6zM4 11h2v2H4v-2zm16 0H8v2h12v-2zM4 16h2v2H4v-2zm16 0H8v2h12v-2z\" fill=\"currentColor\"><\/path><\/svg><svg style=\"fill: #999;color:#999\" class=\"arrow-unsorted-368013\" xmlns=\"http:\/\/www.w3.org\/2000\/svg\" width=\"10px\" height=\"10px\" viewbox=\"0 0 24 24\" version=\"1.2\" baseprofile=\"tiny\"><path d=\"M18.2 9.3l-6.2-6.3-6.2 6.3c-.2.2-.3.4-.3.7s.1.5.3.7c.2.2.4.3.7.3h11c.3 0 .5-.1.7-.3.2-.2.3-.5.3-.7s-.1-.5-.3-.7zM5.8 14.7l6.2 6.3 6.2-6.3c.2-.2.3-.5.3-.7s-.1-.5-.3-.7c-.2-.2-.4-.3-.7-.3h-11c-.3 0-.5.1-.7.3-.2.2-.3.5-.3.7s.1.5.3.7z\"\/><\/svg><\/span><\/span><\/span><\/a><\/span><\/div>\n<nav><ul class='ez-toc-list ez-toc-list-level-1' ><li class='ez-toc-page-1 ez-toc-heading-level-4'><a class=\"ez-toc-link ez-toc-heading-1\" href=\"https:\/\/honigbee.com\/it\/prodotto\/400g-schwarzkuemmel-honig\/#Merkmale_Herkunft\" >Caratteristiche e origine<\/a><\/li><li class='ez-toc-page-1 ez-toc-heading-level-4'><a class=\"ez-toc-link ez-toc-heading-2\" href=\"https:\/\/honigbee.com\/it\/prodotto\/400g-schwarzkuemmel-honig\/#Besonderheiten\" >Caratteristiche speciali<\/a><\/li><li class='ez-toc-page-1 ez-toc-heading-level-4'><a class=\"ez-toc-link ez-toc-heading-3\" href=\"https:\/\/honigbee.com\/it\/prodotto\/400g-schwarzkuemmel-honig\/#Tipp\" >Mancia<\/a><\/li><li class='ez-toc-page-1 ez-toc-heading-level-4'><a class=\"ez-toc-link ez-toc-heading-4\" href=\"https:\/\/honigbee.com\/it\/prodotto\/400g-schwarzkuemmel-honig\/#Verwendungsmoglichkeiten\" >Possibili usi<\/a><\/li><li class='ez-toc-page-1 ez-toc-heading-level-4'><a class=\"ez-toc-link ez-toc-heading-5\" href=\"https:\/\/honigbee.com\/it\/prodotto\/400g-schwarzkuemmel-honig\/#Lagerung\" >magazzinaggio<\/a><\/li><li class='ez-toc-page-1 ez-toc-heading-level-4'><a class=\"ez-toc-link ez-toc-heading-6\" href=\"https:\/\/honigbee.com\/it\/prodotto\/400g-schwarzkuemmel-honig\/#Weitere_Inspiration_entdecken\" >Weitere Inspiration entdecken<\/a><\/li><\/ul><\/nav><\/div>\n<p data-start=\"452\" data-end=\"666\">IL <strong data-start=\"456\" data-end=\"479\">Schwarzk\u00fcmmel Honig<\/strong> kombiniert rohen Sidr-Honig aus Griechenland mit zerkleinerten Schwarzk\u00fcmmelsamen (Nigella sativa). Diese Honig-Fusion verbindet nat\u00fcrliche S\u00fc\u00dfe mit einer w\u00fcrzigen, leicht bitteren Note.<\/p>\n<p data-start=\"668\" data-end=\"804\">Der Honig wird naturbelassen verarbeitet, nicht erhitzt und nicht filtriert, sodass seine urspr\u00fcnglichen Eigenschaften erhalten bleiben.<\/p>\n<hr data-start=\"806\" data-end=\"809\" \/>\n<h4 data-start=\"811\" data-end=\"835\"><span class=\"ez-toc-section\" id=\"Merkmale_Herkunft\"><\/span>Caratteristiche e origine<span class=\"ez-toc-section-end\"><\/span><\/h4>\n<p data-start=\"837\" data-end=\"1218\">Zutaten: Roher Sidr-Honig, zerkleinerte Schwarzk\u00fcmmelsamen (Nigella sativa)<br data-start=\"912\" data-end=\"915\" \/>Herkunft Honig: Griechenland<br data-start=\"943\" data-end=\"946\" \/>Herkunft Schwarzk\u00fcmmel: Je nach Charge (z. B. \u00c4gypten oder T\u00fcrkei)<br data-start=\"1012\" data-end=\"1015\" \/>Farbe: Goldbraun bis dunkel, je nach Mischung<br data-start=\"1060\" data-end=\"1063\" \/>Geschmack: W\u00fcrzig mit leicht bitterer Note und s\u00fc\u00dfem Grundton<br data-start=\"1124\" data-end=\"1127\" \/>Konsistenz: Cremig-z\u00e4h und leicht k\u00f6rnig<br data-start=\"1167\" data-end=\"1170\" \/>Behandlung: Roh, nicht erhitzt und ungefiltert<\/p>\n<hr data-start=\"1220\" data-end=\"1223\" \/>\n<h4 data-start=\"1225\" data-end=\"1244\"><span class=\"ez-toc-section\" id=\"Besonderheiten\"><\/span>Caratteristiche speciali<span class=\"ez-toc-section-end\"><\/span><\/h4>\n<p data-start=\"1246\" data-end=\"1462\">\u2022 Kombination aus rohem Sidr-Honig und Schwarzk\u00fcmmelsamen<br data-start=\"1303\" data-end=\"1306\" \/>\u2022 Naturbelassene Mischung aus zwei traditionellen Zutaten<br data-start=\"1363\" data-end=\"1366\" \/>\u2022 Ohne Zusatzstoffe oder k\u00fcnstliche Aromen<br data-start=\"1408\" data-end=\"1411\" \/>\u2022 Intensives und vielschichtiges Geschmacksprofil<\/p>\n<hr data-start=\"1464\" data-end=\"1467\" \/>\n<h4 data-start=\"1469\" data-end=\"1478\"><span class=\"ez-toc-section\" id=\"Tipp\"><\/span>Mancia<span class=\"ez-toc-section-end\"><\/span><\/h4>\n<p data-start=\"1480\" data-end=\"1620\">Diese Honig-Fusion eignet sich f\u00fcr verschiedene Anwendungen in der K\u00fcche und kann mit anderen naturbelassenen Honigsorten kombiniert werden.<\/p>\n<hr data-start=\"1622\" data-end=\"1625\" \/>\n<h4 data-start=\"1627\" data-end=\"1656\"><span class=\"ez-toc-section\" id=\"Verwendungsmoglichkeiten\"><\/span>Possibili usi<span class=\"ez-toc-section-end\"><\/span><\/h4>\n<p data-start=\"1658\" data-end=\"1829\">\u2022 Pur direkt vom L\u00f6ffel genie\u00dfen<br data-start=\"1690\" data-end=\"1693\" \/>\u2022 In warmem Wasser, Tee oder Milch (unter 40 \u00b0C)<br data-start=\"1741\" data-end=\"1744\" \/>\u2022 Als Zutat f\u00fcr Bowls, Joghurt oder Dips<br data-start=\"1784\" data-end=\"1787\" \/>\u2022 F\u00fcr kreative Rezepte mit w\u00fcrziger Note<\/p>\n<hr data-start=\"1831\" data-end=\"1834\" \/>\n<h4 data-start=\"1836\" data-end=\"1849\"><span class=\"ez-toc-section\" id=\"Lagerung\"><\/span>magazzinaggio<span class=\"ez-toc-section-end\"><\/span><\/h4>\n<p data-start=\"1851\" data-end=\"1927\">Conservare in un luogo fresco e asciutto, al riparo dalla luce.<br data-start=\"1891\" data-end=\"1894\" \/>Nach dem \u00d6ffnen gut verschlie\u00dfen.<\/p>\n<hr data-start=\"1896\" data-end=\"1899\" \/>\n<h4 data-start=\"413\" data-end=\"449\"><span class=\"ez-toc-section\" id=\"Weitere_Inspiration_entdecken\"><\/span>Weitere Inspiration entdecken<span class=\"ez-toc-section-end\"><\/span><\/h4>\n<p data-start=\"450\" data-end=\"582\">Du suchst weitere besondere Produkte? Entdecke zus\u00e4tzliche Highlights in unserem Sortiment oder st\u00f6bere in unseren Partnerprojekten:<\/p>\n<ul data-start=\"584\" data-end=\"920\">\n<li data-start=\"584\" data-end=\"656\"><a href=\"https:\/\/honigbee.com\/it\/shop\/\">Weitere Naturprodukte bei Honigbee entdecken<\/a><\/li>\n<li data-start=\"657\" data-end=\"783\">\n<p data-start=\"659\" data-end=\"783\"><a href=\"https:\/\/matvana.com\/shop\/\" target=\"_blank\" rel=\"noopener\">Stilvolle Wohnideen bei Matvana ansehen<\/a><\/p>\n<\/li>\n<li data-start=\"784\" data-end=\"920\">\n<p data-start=\"786\" data-end=\"920\"><a href=\"https:\/\/saphirsmaragd.com\/shop\/\" target=\"_blank\" rel=\"noopener\">Edelsteine &amp; Schmuck bei Saphir &amp; Smaragd ansehen<\/a><\/p>\n<\/li>\n<\/ul>\n<hr data-start=\"1931\" data-end=\"1934\" \/>\n<p>Produktbilder dienen der Veranschaulichung. Verpackungsdesign kann abweichen.<\/p>","protected":false},"excerpt":{"rendered":"<p data-start=\"161\" data-end=\"309\"><em>400g Schwarzk\u00fcmmel Honig aus rohem Sidr-Honig mit zerkleinerten Schwarzk\u00fcmmelsamen (Nigella sativa). Naturbelassene Honig-Fusion mit w\u00fcrzigem Aroma.<\/em><\/p>\n<h4><\/h4>","protected":false},"featured_media":43714,"comment_status":"open","ping_status":"closed","template":"","meta":{"_glsr_average":0,"_glsr_ranking":0,"_glsr_reviews":0},"product_brand":[],"product_cat":[125],"product_tag":[],"class_list":{"0":"post-2798","1":"product","2":"type-product","3":"status-publish","4":"has-post-thumbnail","6":"product_cat-sommerbluetenhonig","8":"first","9":"instock","10":"shipping-taxable","11":"purchasable","12":"product-type-simple","13":"add-to-wishlist-before_image"},"jetpack_sharing_enabled":true,"_links":{"self":[{"href":"https:\/\/honigbee.com\/it\/wp-json\/wp\/v2\/product\/2798","targetHints":{"allow":["GET"]}}],"collection":[{"href":"https:\/\/honigbee.com\/it\/wp-json\/wp\/v2\/product"}],"about":[{"href":"https:\/\/honigbee.com\/it\/wp-json\/wp\/v2\/types\/product"}],"replies":[{"embeddable":true,"href":"https:\/\/honigbee.com\/it\/wp-json\/wp\/v2\/comments?post=2798"}],"version-history":[{"count":6,"href":"https:\/\/honigbee.com\/it\/wp-json\/wp\/v2\/product\/2798\/revisions"}],"predecessor-version":[{"id":43715,"href":"https:\/\/honigbee.com\/it\/wp-json\/wp\/v2\/product\/2798\/revisions\/43715"}],"wp:featuredmedia":[{"embeddable":true,"href":"https:\/\/honigbee.com\/it\/wp-json\/wp\/v2\/media\/43714"}],"wp:attachment":[{"href":"https:\/\/honigbee.com\/it\/wp-json\/wp\/v2\/media?parent=2798"}],"wp:term":[{"taxonomy":"product_brand","embeddable":true,"href":"https:\/\/honigbee.com\/it\/wp-json\/wp\/v2\/product_brand?post=2798"},{"taxonomy":"product_cat","embeddable":true,"href":"https:\/\/honigbee.com\/it\/wp-json\/wp\/v2\/product_cat?post=2798"},{"taxonomy":"product_tag","embeddable":true,"href":"https:\/\/honigbee.com\/it\/wp-json\/wp\/v2\/product_tag?post=2798"}],"curies":[{"name":"parola chiave","href":"https:\/\/api.w.org\/{rel}","templated":true}]}}