{"id":44187,"date":"2026-05-08T13:15:48","date_gmt":"2026-05-08T13:15:48","guid":{"rendered":"https:\/\/honigbee.com\/?post_type=product&#038;p=44187"},"modified":"2026-05-08T13:23:12","modified_gmt":"2026-05-08T13:23:12","slug":"stabkerzen-schwarz-set-elegante-dinnerkerzen-aus-paraffinwachs-fuer-tischdeko-events-21x2-cm","status":"publish","type":"product","link":"https:\/\/honigbee.com\/it\/prodotto\/stabkerzen-schwarz-set-elegante-dinnerkerzen-aus-paraffinwachs-fuer-tischdeko-events-21x2-cm\/","title":{"rendered":"Stabkerzen Schwarz Set \u2013 Elegante Dinnerkerzen aus Paraffinwachs f\u00fcr Tischdeko &#038; Events 21&#215;2 cm"},"content":{"rendered":"<div id=\"ez-toc-container\" class=\"ez-toc-v2_0_83 counter-hierarchy ez-toc-counter ez-toc-grey ez-toc-container-direction\">\n<div class=\"ez-toc-title-container\">\n<p class=\"ez-toc-title\" style=\"cursor:inherit\">Sommario<\/p>\n<span class=\"ez-toc-title-toggle\"><a href=\"#\" class=\"ez-toc-pull-right ez-toc-btn ez-toc-btn-xs ez-toc-btn-default ez-toc-toggle\" aria-label=\"Attiva\/disattiva la tabella dei contenuti\"><span class=\"ez-toc-js-icon-con\"><span class=\"\"><span class=\"eztoc-hide\" style=\"display:none;\">Attiva\/disattiva<\/span><span class=\"ez-toc-icon-toggle-span\"><svg style=\"fill: #999;color:#999\" xmlns=\"http:\/\/www.w3.org\/2000\/svg\" class=\"list-377408\" width=\"20px\" height=\"20px\" viewbox=\"0 0 24 24\" fill=\"none\"><path d=\"M6 6H4v2h2V6zm14 0H8v2h12V6zM4 11h2v2H4v-2zm16 0H8v2h12v-2zM4 16h2v2H4v-2zm16 0H8v2h12v-2z\" fill=\"currentColor\"><\/path><\/svg><svg style=\"fill: #999;color:#999\" class=\"arrow-unsorted-368013\" xmlns=\"http:\/\/www.w3.org\/2000\/svg\" width=\"10px\" height=\"10px\" viewbox=\"0 0 24 24\" version=\"1.2\" baseprofile=\"tiny\"><path d=\"M18.2 9.3l-6.2-6.3-6.2 6.3c-.2.2-.3.4-.3.7s.1.5.3.7c.2.2.4.3.7.3h11c.3 0 .5-.1.7-.3.2-.2.3-.5.3-.7s-.1-.5-.3-.7zM5.8 14.7l6.2 6.3 6.2-6.3c.2-.2.3-.5.3-.7s-.1-.5-.3-.7c-.2-.2-.4-.3-.7-.3h-11c-.3 0-.5.1-.7.3-.2.2-.3.5-.3.7s.1.5.3.7z\"\/><\/svg><\/span><\/span><\/span><\/a><\/span><\/div>\n<nav><ul class='ez-toc-list ez-toc-list-level-1' ><li class='ez-toc-page-1 ez-toc-heading-level-4'><a class=\"ez-toc-link ez-toc-heading-1\" href=\"https:\/\/honigbee.com\/it\/prodotto\/stabkerzen-schwarz-set-elegante-dinnerkerzen-aus-paraffinwachs-fuer-tischdeko-events-21x2-cm\/#Stabkerzen_Schwarz_Set_fur_stilvolle_Tischdekoration\" >Stabkerzen Schwarz Set f\u00fcr stilvolle Tischdekoration<\/a><\/li><li class='ez-toc-page-1 ez-toc-heading-level-4'><a class=\"ez-toc-link ez-toc-heading-2\" href=\"https:\/\/honigbee.com\/it\/prodotto\/stabkerzen-schwarz-set-elegante-dinnerkerzen-aus-paraffinwachs-fuer-tischdeko-events-21x2-cm\/#Hochwertiges_Material_ruhige_Flamme\" >Hochwertiges Material &amp; ruhige Flamme<\/a><\/li><li class='ez-toc-page-1 ez-toc-heading-level-4'><a class=\"ez-toc-link ez-toc-heading-3\" href=\"https:\/\/honigbee.com\/it\/prodotto\/stabkerzen-schwarz-set-elegante-dinnerkerzen-aus-paraffinwachs-fuer-tischdeko-events-21x2-cm\/#Vielseitig_einsetzbar\" >Versatile<\/a><\/li><li class='ez-toc-page-1 ez-toc-heading-level-4'><a class=\"ez-toc-link ez-toc-heading-4\" href=\"https:\/\/honigbee.com\/it\/prodotto\/stabkerzen-schwarz-set-elegante-dinnerkerzen-aus-paraffinwachs-fuer-tischdeko-events-21x2-cm\/#Zeitloses_Design_fur_jedes_Zuhause\" >Zeitloses Design f\u00fcr jedes Zuhause<\/a><\/li><li class='ez-toc-page-1 ez-toc-heading-level-4'><a class=\"ez-toc-link ez-toc-heading-5\" href=\"https:\/\/honigbee.com\/it\/prodotto\/stabkerzen-schwarz-set-elegante-dinnerkerzen-aus-paraffinwachs-fuer-tischdeko-events-21x2-cm\/#Produktdetails\" >Dettagli del prodotto<\/a><\/li><li class='ez-toc-page-1 ez-toc-heading-level-4'><a class=\"ez-toc-link ez-toc-heading-6\" href=\"https:\/\/honigbee.com\/it\/prodotto\/stabkerzen-schwarz-set-elegante-dinnerkerzen-aus-paraffinwachs-fuer-tischdeko-events-21x2-cm\/#Weitere_Inspiration_entdecken\" >Weitere Inspiration entdecken<\/a><\/li><\/ul><\/nav><\/div>\n<h4 data-start=\"790\" data-end=\"845\"><span class=\"ez-toc-section\" id=\"Stabkerzen_Schwarz_Set_fur_stilvolle_Tischdekoration\"><\/span>Stabkerzen Schwarz Set f\u00fcr stilvolle Tischdekoration<span class=\"ez-toc-section-end\"><\/span><\/h4>\n<p data-start=\"846\" data-end=\"1078\">Die Stabkerzen Schwarz sind die perfekte Wahl f\u00fcr eine elegante und moderne Tischgestaltung. Ob f\u00fcr Dinner-Abende, Hochzeiten oder besondere Events \u2013 diese Kerzen sorgen f\u00fcr eine stilvolle Atmosph\u00e4re und ein harmonisches Gesamtbild.<\/p>\n<hr data-start=\"1080\" data-end=\"1083\" \/>\n<h4 data-start=\"1085\" data-end=\"1129\"><span class=\"ez-toc-section\" id=\"Hochwertiges_Material_ruhige_Flamme\"><\/span>Hochwertiges Material &amp; ruhige Flamme<span class=\"ez-toc-section-end\"><\/span><\/h4>\n<p data-start=\"1130\" data-end=\"1339\">Gefertigt aus Paraffinwachs bieten die Kerzen eine gleichm\u00e4\u00dfige Brenndauer und eine saubere Flamme. Die intensive schwarze Farbe wirkt edel und l\u00e4sst sich ideal mit verschiedenen Dekorationsstilen kombinieren.<\/p>\n<hr data-start=\"1341\" data-end=\"1344\" \/>\n<h4 data-start=\"1346\" data-end=\"1374\"><span class=\"ez-toc-section\" id=\"Vielseitig_einsetzbar\"><\/span>Versatile<span class=\"ez-toc-section-end\"><\/span><\/h4>\n<p data-start=\"1375\" data-end=\"1422\">Die Stabkerzen Schwarz eignen sich perfekt f\u00fcr:<\/p>\n<ul data-start=\"1423\" data-end=\"1509\">\n<li data-section-id=\"8ai25p\" data-start=\"1423\" data-end=\"1436\">Esstische<\/li>\n<li data-section-id=\"xb40uu\" data-start=\"1437\" data-end=\"1452\">Restaurants<\/li>\n<li data-section-id=\"1tgop7x\" data-start=\"1453\" data-end=\"1467\">Hochzeiten<\/li>\n<li data-section-id=\"1v4u6v6\" data-start=\"1468\" data-end=\"1487\">Events &amp; Feiern<\/li>\n<li data-section-id=\"odqd47\" data-start=\"1488\" data-end=\"1509\">moderne Wohnr\u00e4ume<\/li>\n<\/ul>\n<hr data-start=\"1511\" data-end=\"1514\" \/>\n<h4 data-start=\"1516\" data-end=\"1557\"><span class=\"ez-toc-section\" id=\"Zeitloses_Design_fur_jedes_Zuhause\"><\/span>Zeitloses Design f\u00fcr jedes Zuhause<span class=\"ez-toc-section-end\"><\/span><\/h4>\n<p data-start=\"1558\" data-end=\"1713\">Durch ihr minimalistisches Design passen diese Dinnerkerzen sowohl in moderne als auch klassische Einrichtungen und setzen stilvolle Akzente in jedem Raum.<\/p>\n<hr data-start=\"1715\" data-end=\"1718\" \/>\n<h4 data-start=\"1720\" data-end=\"1741\"><span class=\"ez-toc-section\" id=\"Produktdetails\"><\/span>Dettagli del prodotto<span class=\"ez-toc-section-end\"><\/span><\/h4>\n<p data-start=\"1742\" data-end=\"1963\">Material: Paraffinwachs<br data-start=\"1765\" data-end=\"1768\" \/>Ma\u00dfe: 21 x 2 cm<br data-start=\"1783\" data-end=\"1786\" \/>Gewicht: ca. 0.29 kg<br data-start=\"1806\" data-end=\"1809\" \/>Verwendung: Stabkerzen \/ Dinnerkerzen \/ Tischdekoration<br data-start=\"1864\" data-end=\"1867\" \/>Besonderheit: Gleichm\u00e4\u00dfige Brenndauer, intensive Farbe<br data-start=\"1921\" data-end=\"1924\" \/>Stil: Modern, Elegant, Minimalistisch<\/p>\n<hr data-start=\"2147\" data-end=\"2150\" \/>\n<h4 data-start=\"413\" data-end=\"449\"><span class=\"ez-toc-section\" id=\"Weitere_Inspiration_entdecken\"><\/span>Weitere Inspiration entdecken<span class=\"ez-toc-section-end\"><\/span><\/h4>\n<p data-start=\"450\" data-end=\"582\">Suchen Sie weitere besondere Produkte? Entdecken Sie zus\u00e4tzliche Highlights in unserem Sortiment oder besuchen Sie unsere Partnerprojekte:<\/p>\n<ul data-start=\"584\" data-end=\"920\">\n<li><a href=\"https:\/\/matvana.com\/shop\/\" target=\"_blank\" rel=\"noopener\">Stilvolle Wohn- &amp; Geschenkideen bei Matvana entdecken<\/a><\/li>\n<li data-start=\"657\" data-end=\"783\">\n<p data-start=\"659\" data-end=\"783\"><a href=\"https:\/\/honigbee.com\/it\/shop\/\">Nat\u00fcrliche Produkte bei Honigbee ansehen<br \/>\n<\/a><\/p>\n<\/li>\n<li><a href=\"https:\/\/saphirsmaragd.com\/shop\/\" target=\"_blank\" rel=\"noopener\">Edelsteine &amp; Schmuckst\u00fccke bei Saphir &amp; Smaragd entdecken<\/a><\/li>\n<\/ul>","protected":false},"excerpt":{"rendered":"<p data-start=\"226\" data-end=\"354\"><em>Stabkerzen Schwarz\u00a0 Set aus Paraffinwachs. Elegante Dinnerkerzen f\u00fcr moderne Tischdekoration, Events und stilvolle Abende.<\/em><\/p>","protected":false},"featured_media":44417,"comment_status":"open","ping_status":"closed","template":"","meta":{"_glsr_average":0,"_glsr_ranking":0,"_glsr_reviews":0},"product_brand":[],"product_cat":[1539],"product_tag":[],"class_list":{"0":"post-44187","1":"product","2":"type-product","3":"status-publish","4":"has-post-thumbnail","6":"product_cat-teelichter","8":"first","9":"instock","10":"shipping-taxable","11":"purchasable","12":"product-type-simple","13":"add-to-wishlist-before_image"},"jetpack_sharing_enabled":true,"_links":{"self":[{"href":"https:\/\/honigbee.com\/it\/wp-json\/wp\/v2\/product\/44187","targetHints":{"allow":["GET"]}}],"collection":[{"href":"https:\/\/honigbee.com\/it\/wp-json\/wp\/v2\/product"}],"about":[{"href":"https:\/\/honigbee.com\/it\/wp-json\/wp\/v2\/types\/product"}],"replies":[{"embeddable":true,"href":"https:\/\/honigbee.com\/it\/wp-json\/wp\/v2\/comments?post=44187"}],"version-history":[{"count":1,"href":"https:\/\/honigbee.com\/it\/wp-json\/wp\/v2\/product\/44187\/revisions"}],"predecessor-version":[{"id":44418,"href":"https:\/\/honigbee.com\/it\/wp-json\/wp\/v2\/product\/44187\/revisions\/44418"}],"wp:featuredmedia":[{"embeddable":true,"href":"https:\/\/honigbee.com\/it\/wp-json\/wp\/v2\/media\/44417"}],"wp:attachment":[{"href":"https:\/\/honigbee.com\/it\/wp-json\/wp\/v2\/media?parent=44187"}],"wp:term":[{"taxonomy":"product_brand","embeddable":true,"href":"https:\/\/honigbee.com\/it\/wp-json\/wp\/v2\/product_brand?post=44187"},{"taxonomy":"product_cat","embeddable":true,"href":"https:\/\/honigbee.com\/it\/wp-json\/wp\/v2\/product_cat?post=44187"},{"taxonomy":"product_tag","embeddable":true,"href":"https:\/\/honigbee.com\/it\/wp-json\/wp\/v2\/product_tag?post=44187"}],"curies":[{"name":"parola chiave","href":"https:\/\/api.w.org\/{rel}","templated":true}]}}