{"id":45284,"date":"2026-05-08T13:48:48","date_gmt":"2026-05-08T13:48:48","guid":{"rendered":"https:\/\/honigbee.com\/?post_type=product&#038;p=45284"},"modified":"2026-05-08T13:54:27","modified_gmt":"2026-05-08T13:54:27","slug":"duftkerze-glas-fell-berry-sojawachs-kerze-im-glas-220-ml-fruchtiger-beerenduft-lange-brenndauer","status":"publish","type":"product","link":"https:\/\/honigbee.com\/it\/prodotto\/duftkerze-glas-fell-berry-sojawachs-kerze-im-glas-220-ml-fruchtiger-beerenduft-lange-brenndauer\/","title":{"rendered":"Duftkerze Glas Fell Berry \u2013 Sojawachs Kerze im Glas 220 ml, fruchtiger Beerenduft, lange Brenndauer"},"content":{"rendered":"<div id=\"ez-toc-container\" class=\"ez-toc-v2_0_83 counter-hierarchy ez-toc-counter ez-toc-grey ez-toc-container-direction\">\n<div class=\"ez-toc-title-container\">\n<p class=\"ez-toc-title\" style=\"cursor:inherit\">Sommario<\/p>\n<span class=\"ez-toc-title-toggle\"><a href=\"#\" class=\"ez-toc-pull-right ez-toc-btn ez-toc-btn-xs ez-toc-btn-default ez-toc-toggle\" aria-label=\"Attiva\/disattiva la tabella dei contenuti\"><span class=\"ez-toc-js-icon-con\"><span class=\"\"><span class=\"eztoc-hide\" style=\"display:none;\">Attiva\/disattiva<\/span><span class=\"ez-toc-icon-toggle-span\"><svg style=\"fill: #999;color:#999\" xmlns=\"http:\/\/www.w3.org\/2000\/svg\" class=\"list-377408\" width=\"20px\" height=\"20px\" viewbox=\"0 0 24 24\" fill=\"none\"><path d=\"M6 6H4v2h2V6zm14 0H8v2h12V6zM4 11h2v2H4v-2zm16 0H8v2h12v-2zM4 16h2v2H4v-2zm16 0H8v2h12v-2z\" fill=\"currentColor\"><\/path><\/svg><svg style=\"fill: #999;color:#999\" class=\"arrow-unsorted-368013\" xmlns=\"http:\/\/www.w3.org\/2000\/svg\" width=\"10px\" height=\"10px\" viewbox=\"0 0 24 24\" version=\"1.2\" baseprofile=\"tiny\"><path d=\"M18.2 9.3l-6.2-6.3-6.2 6.3c-.2.2-.3.4-.3.7s.1.5.3.7c.2.2.4.3.7.3h11c.3 0 .5-.1.7-.3.2-.2.3-.5.3-.7s-.1-.5-.3-.7zM5.8 14.7l6.2 6.3 6.2-6.3c.2-.2.3-.5.3-.7s-.1-.5-.3-.7c-.2-.2-.4-.3-.7-.3h-11c-.3 0-.5.1-.7.3-.2.2-.3.5-.3.7s.1.5.3.7z\"\/><\/svg><\/span><\/span><\/span><\/a><\/span><\/div>\n<nav><ul class='ez-toc-list ez-toc-list-level-1' ><li class='ez-toc-page-1 ez-toc-heading-level-4'><a class=\"ez-toc-link ez-toc-heading-1\" href=\"https:\/\/honigbee.com\/it\/prodotto\/duftkerze-glas-fell-berry-sojawachs-kerze-im-glas-220-ml-fruchtiger-beerenduft-lange-brenndauer\/#Duftkerze_Glas_Fell_Berry_fur_fruchtige_Wohlfuhlmomente\" >Duftkerze Glas Fell Berry f\u00fcr fruchtige Wohlf\u00fchlmomente<\/a><\/li><li class='ez-toc-page-1 ez-toc-heading-level-4'><a class=\"ez-toc-link ez-toc-heading-2\" href=\"https:\/\/honigbee.com\/it\/prodotto\/duftkerze-glas-fell-berry-sojawachs-kerze-im-glas-220-ml-fruchtiger-beerenduft-lange-brenndauer\/#Nachhaltiges_Sojawachs_fur_sauberes_Abbrennen\" >Nachhaltiges Sojawachs f\u00fcr sauberes Abbrennen<\/a><\/li><li class='ez-toc-page-1 ez-toc-heading-level-4'><a class=\"ez-toc-link ez-toc-heading-3\" href=\"https:\/\/honigbee.com\/it\/prodotto\/duftkerze-glas-fell-berry-sojawachs-kerze-im-glas-220-ml-fruchtiger-beerenduft-lange-brenndauer\/#Stilvolles_Glasdesign_zum_Wiederverwenden\" >Stilvolles Glasdesign zum Wiederverwenden<\/a><\/li><li class='ez-toc-page-1 ez-toc-heading-level-4'><a class=\"ez-toc-link ez-toc-heading-4\" href=\"https:\/\/honigbee.com\/it\/prodotto\/duftkerze-glas-fell-berry-sojawachs-kerze-im-glas-220-ml-fruchtiger-beerenduft-lange-brenndauer\/#Fruchtige_Duftkomposition\" >Fruchtige Duftkomposition<\/a><\/li><li class='ez-toc-page-1 ez-toc-heading-level-4'><a class=\"ez-toc-link ez-toc-heading-5\" href=\"https:\/\/honigbee.com\/it\/prodotto\/duftkerze-glas-fell-berry-sojawachs-kerze-im-glas-220-ml-fruchtiger-beerenduft-lange-brenndauer\/#Ideal_als_Geschenk_oder_fur_Ihr_Zuhause\" >Ideal als Geschenk oder f\u00fcr Ihr Zuhause<\/a><\/li><li class='ez-toc-page-1 ez-toc-heading-level-4'><a class=\"ez-toc-link ez-toc-heading-6\" href=\"https:\/\/honigbee.com\/it\/prodotto\/duftkerze-glas-fell-berry-sojawachs-kerze-im-glas-220-ml-fruchtiger-beerenduft-lange-brenndauer\/#Produktdetails\" >Dettagli del prodotto<\/a><\/li><li class='ez-toc-page-1 ez-toc-heading-level-4'><a class=\"ez-toc-link ez-toc-heading-7\" href=\"https:\/\/honigbee.com\/it\/prodotto\/duftkerze-glas-fell-berry-sojawachs-kerze-im-glas-220-ml-fruchtiger-beerenduft-lange-brenndauer\/#Weitere_Inspiration_entdecken\" >Weitere Inspiration entdecken<\/a><\/li><\/ul><\/nav><\/div>\n<h4 data-start=\"648\" data-end=\"712\"><span class=\"ez-toc-section\" id=\"Duftkerze_Glas_Fell_Berry_fur_fruchtige_Wohlfuhlmomente\"><\/span><span role=\"text\"><strong data-start=\"653\" data-end=\"712\">Duftkerze Glas Fell Berry f\u00fcr fruchtige Wohlf\u00fchlmomente<\/strong><\/span><span class=\"ez-toc-section-end\"><\/span><\/h4>\n<p data-start=\"713\" data-end=\"834\">Die Duftkerze Glas Fell Berry bringt mit ihrem intensiven Beerenduft eine warme und einladende Atmosph\u00e4re in Ihr Zuhause.<\/p>\n<hr data-start=\"836\" data-end=\"839\" \/>\n<h4 data-start=\"841\" data-end=\"895\"><span class=\"ez-toc-section\" id=\"Nachhaltiges_Sojawachs_fur_sauberes_Abbrennen\"><\/span><span role=\"text\"><strong data-start=\"846\" data-end=\"895\">Nachhaltiges Sojawachs f\u00fcr sauberes Abbrennen<\/strong><\/span><span class=\"ez-toc-section-end\"><\/span><\/h4>\n<p data-start=\"896\" data-end=\"1061\">Diese Kerze besteht aus hochwertigem Sojawachs und ist eine umweltfreundliche Alternative zu herk\u00f6mmlichen Kerzen. Sie brennt gleichm\u00e4\u00dfig, l\u00e4nger und nahezu ru\u00dffrei.<\/p>\n<hr data-start=\"1063\" data-end=\"1066\" \/>\n<h4 data-start=\"1068\" data-end=\"1118\"><span class=\"ez-toc-section\" id=\"Stilvolles_Glasdesign_zum_Wiederverwenden\"><\/span><span role=\"text\"><strong data-start=\"1073\" data-end=\"1118\">Stilvolles Glasdesign zum Wiederverwenden<\/strong><\/span><span class=\"ez-toc-section-end\"><\/span><\/h4>\n<p data-start=\"1119\" data-end=\"1236\">Das dekorative Glasgef\u00e4\u00df sorgt f\u00fcr eine elegante Optik und kann nach dem Abbrennen vielseitig weiterverwendet werden.<\/p>\n<hr data-start=\"1238\" data-end=\"1241\" \/>\n<h4 data-start=\"1243\" data-end=\"1277\"><span class=\"ez-toc-section\" id=\"Fruchtige_Duftkomposition\"><\/span><span role=\"text\"><strong data-start=\"1248\" data-end=\"1277\">Fruchtige Duftkomposition<\/strong><\/span><span class=\"ez-toc-section-end\"><\/span><\/h4>\n<p data-start=\"1278\" data-end=\"1348\">Die Duftstruktur \u00fcberzeugt mit einer intensiven und frischen Mischung:<\/p>\n<p data-start=\"1350\" data-end=\"1478\">Kopfnote: Apfel, Brombeere, Schwarze Johannisbeere, Himbeere, Erdbeere<br data-start=\"1420\" data-end=\"1423\" \/>Herznote: Kr\u00e4uter, Minze<br data-start=\"1447\" data-end=\"1450\" \/>Basisnote: Fruchtige Noten<\/p>\n<hr data-start=\"1480\" data-end=\"1483\" \/>\n<h4 data-start=\"1485\" data-end=\"1533\"><span class=\"ez-toc-section\" id=\"Ideal_als_Geschenk_oder_fur_Ihr_Zuhause\"><\/span><span role=\"text\"><strong data-start=\"1490\" data-end=\"1533\">Ideal als Geschenk oder f\u00fcr Ihr Zuhause<\/strong><\/span><span class=\"ez-toc-section-end\"><\/span><\/h4>\n<p data-start=\"1534\" data-end=\"1621\">Perfekt f\u00fcr entspannte Abende, als dekoratives Element oder als stilvolle Geschenkidee.<\/p>\n<hr data-start=\"1623\" data-end=\"1626\" \/>\n<h4 data-start=\"1628\" data-end=\"1651\"><span class=\"ez-toc-section\" id=\"Produktdetails\"><\/span><span role=\"text\"><strong data-start=\"1633\" data-end=\"1651\">Dettagli del prodotto<\/strong><\/span><span class=\"ez-toc-section-end\"><\/span><\/h4>\n<p data-start=\"1652\" data-end=\"1819\">Material: Sojawachs<br data-start=\"1671\" data-end=\"1674\" \/>Beh\u00e4lter: Glas<br data-start=\"1688\" data-end=\"1691\" \/>Duft: Fell Berry<br data-start=\"1707\" data-end=\"1710\" \/>F\u00fcllmenge: ca. 220 ml<br data-start=\"1731\" data-end=\"1734\" \/>Brenndauer: ca. 30\u201335 Stunden<br data-start=\"1763\" data-end=\"1766\" \/>Farbe: Wei\u00df<br data-start=\"1777\" data-end=\"1780\" \/>Gewicht: ca. 0.5 kg<br data-start=\"1799\" data-end=\"1802\" \/>Origine: Cina<\/p>\n<hr data-start=\"2147\" data-end=\"2150\" \/>\n<h4 data-start=\"413\" data-end=\"449\"><span class=\"ez-toc-section\" id=\"Weitere_Inspiration_entdecken\"><\/span>Weitere Inspiration entdecken<span class=\"ez-toc-section-end\"><\/span><\/h4>\n<p data-start=\"450\" data-end=\"582\">Suchen Sie weitere besondere Produkte? Entdecken Sie zus\u00e4tzliche Highlights in unserem Sortiment oder besuchen Sie unsere Partnerprojekte:<\/p>\n<ul data-start=\"584\" data-end=\"920\">\n<li><a href=\"https:\/\/matvana.com\/shop\/\" target=\"_blank\" rel=\"noopener\">Stilvolle Wohn- &amp; Geschenkideen bei Matvana entdecken<\/a><\/li>\n<li data-start=\"657\" data-end=\"783\">\n<p data-start=\"659\" data-end=\"783\"><a href=\"https:\/\/honigbee.com\/it\/shop\/\">Nat\u00fcrliche Produkte bei Honigbee ansehen<br \/>\n<\/a><\/p>\n<\/li>\n<li><a href=\"https:\/\/saphirsmaragd.com\/shop\/\" target=\"_blank\" rel=\"noopener\">Edelsteine &amp; Schmuckst\u00fccke bei Saphir &amp; Smaragd entdecken<\/a><\/li>\n<\/ul>","protected":false},"excerpt":{"rendered":"<p data-start=\"332\" data-end=\"490\"><em>Duftkerze Glas Fell Berry aus Sojawachs im eleganten Glas. Fruchtiger Duft, lange Brenndauer und nachhaltige Qualit\u00e4t \u2013 perfekt f\u00fcr Zuhause oder als Geschenk.<\/em><\/p>","protected":false},"featured_media":45445,"comment_status":"open","ping_status":"closed","template":"","meta":{"_glsr_average":0,"_glsr_ranking":0,"_glsr_reviews":0},"product_brand":[],"product_cat":[1535],"product_tag":[],"class_list":{"0":"post-45284","1":"product","2":"type-product","3":"status-publish","4":"has-post-thumbnail","6":"product_cat-duftkerzen","8":"first","9":"instock","10":"shipping-taxable","11":"purchasable","12":"product-type-simple","13":"add-to-wishlist-before_image"},"jetpack_sharing_enabled":true,"_links":{"self":[{"href":"https:\/\/honigbee.com\/it\/wp-json\/wp\/v2\/product\/45284","targetHints":{"allow":["GET"]}}],"collection":[{"href":"https:\/\/honigbee.com\/it\/wp-json\/wp\/v2\/product"}],"about":[{"href":"https:\/\/honigbee.com\/it\/wp-json\/wp\/v2\/types\/product"}],"replies":[{"embeddable":true,"href":"https:\/\/honigbee.com\/it\/wp-json\/wp\/v2\/comments?post=45284"}],"version-history":[{"count":1,"href":"https:\/\/honigbee.com\/it\/wp-json\/wp\/v2\/product\/45284\/revisions"}],"predecessor-version":[{"id":45446,"href":"https:\/\/honigbee.com\/it\/wp-json\/wp\/v2\/product\/45284\/revisions\/45446"}],"wp:featuredmedia":[{"embeddable":true,"href":"https:\/\/honigbee.com\/it\/wp-json\/wp\/v2\/media\/45445"}],"wp:attachment":[{"href":"https:\/\/honigbee.com\/it\/wp-json\/wp\/v2\/media?parent=45284"}],"wp:term":[{"taxonomy":"product_brand","embeddable":true,"href":"https:\/\/honigbee.com\/it\/wp-json\/wp\/v2\/product_brand?post=45284"},{"taxonomy":"product_cat","embeddable":true,"href":"https:\/\/honigbee.com\/it\/wp-json\/wp\/v2\/product_cat?post=45284"},{"taxonomy":"product_tag","embeddable":true,"href":"https:\/\/honigbee.com\/it\/wp-json\/wp\/v2\/product_tag?post=45284"}],"curies":[{"name":"parola chiave","href":"https:\/\/api.w.org\/{rel}","templated":true}]}}