{"id":14140,"date":"2025-01-05T18:27:49","date_gmt":"2025-01-05T18:27:49","guid":{"rendered":"https:\/\/honigbee.com\/?post_type=product&#038;p=14140"},"modified":"2026-03-07T19:13:17","modified_gmt":"2026-03-07T19:13:17","slug":"1-kg-bio-walnusskerne-bruch","status":"publish","type":"product","link":"https:\/\/honigbee.com\/lt\/produktas\/1-kg-bio-walnusskerne-bruch\/","title":{"rendered":"1 kg Bio Walnusskerne Bruch \u2013 Roh, naturbelassen &#038; ohne Schale \u2013 Unger\u00f6stet"},"content":{"rendered":"<div id=\"ez-toc-container\" class=\"ez-toc-v2_0_83 counter-hierarchy ez-toc-counter ez-toc-grey ez-toc-container-direction\">\n<div class=\"ez-toc-title-container\">\n<p class=\"ez-toc-title\" style=\"cursor:inherit\">Turinys<\/p>\n<span class=\"ez-toc-title-toggle\"><a href=\"#\" class=\"ez-toc-pull-right ez-toc-btn ez-toc-btn-xs ez-toc-btn-default ez-toc-toggle\" aria-label=\"Perjungti turin\u012f\"><span class=\"ez-toc-js-icon-con\"><span class=\"\"><span class=\"eztoc-hide\" style=\"display:none;\">Perjungti<\/span><span class=\"ez-toc-icon-toggle-span\"><svg style=\"fill: #999;color:#999\" xmlns=\"http:\/\/www.w3.org\/2000\/svg\" class=\"list-377408\" width=\"20px\" height=\"20px\" viewbox=\"0 0 24 24\" fill=\"none\"><path d=\"M6 6H4v2h2V6zm14 0H8v2h12V6zM4 11h2v2H4v-2zm16 0H8v2h12v-2zM4 16h2v2H4v-2zm16 0H8v2h12v-2z\" fill=\"currentColor\"><\/path><\/svg><svg style=\"fill: #999;color:#999\" class=\"arrow-unsorted-368013\" xmlns=\"http:\/\/www.w3.org\/2000\/svg\" width=\"10px\" height=\"10px\" viewbox=\"0 0 24 24\" version=\"1.2\" baseprofile=\"tiny\"><path d=\"M18.2 9.3l-6.2-6.3-6.2 6.3c-.2.2-.3.4-.3.7s.1.5.3.7c.2.2.4.3.7.3h11c.3 0 .5-.1.7-.3.2-.2.3-.5.3-.7s-.1-.5-.3-.7zM5.8 14.7l6.2 6.3 6.2-6.3c.2-.2.3-.5.3-.7s-.1-.5-.3-.7c-.2-.2-.4-.3-.7-.3h-11c-.3 0-.5.1-.7.3-.2.2-.3.5-.3.7s.1.5.3.7z\"\/><\/svg><\/span><\/span><\/span><\/a><\/span><\/div>\n<nav><ul class='ez-toc-list ez-toc-list-level-1' ><li class='ez-toc-page-1 ez-toc-heading-level-4'><a class=\"ez-toc-link ez-toc-heading-1\" href=\"https:\/\/honigbee.com\/lt\/produktas\/1-kg-bio-walnusskerne-bruch\/#Bio_Walnusskerne_Bruch_%E2%80%93_1_kg_%E2%80%93_Roh_naturbelassen\" >Bio Walnusskerne Bruch \u2013 1 kg \u2013 Roh &amp; naturbelassen<\/a><\/li><li class='ez-toc-page-1 ez-toc-heading-level-4'><a class=\"ez-toc-link ez-toc-heading-2\" href=\"https:\/\/honigbee.com\/lt\/produktas\/1-kg-bio-walnusskerne-bruch\/#Produktvorteile\" >Produkto privalumai<\/a><\/li><li class='ez-toc-page-1 ez-toc-heading-level-4'><a class=\"ez-toc-link ez-toc-heading-3\" href=\"https:\/\/honigbee.com\/lt\/produktas\/1-kg-bio-walnusskerne-bruch\/#Verwendung\" >naudoti<\/a><\/li><li class='ez-toc-page-1 ez-toc-heading-level-4'><a class=\"ez-toc-link ez-toc-heading-4\" href=\"https:\/\/honigbee.com\/lt\/produktas\/1-kg-bio-walnusskerne-bruch\/#Produktdetails\" >Produkto informacija<\/a><\/li><li class='ez-toc-page-1 ez-toc-heading-level-4'><a class=\"ez-toc-link ez-toc-heading-5\" href=\"https:\/\/honigbee.com\/lt\/produktas\/1-kg-bio-walnusskerne-bruch\/#Weitere_Inspiration_entdecken\" >Weitere Inspiration entdecken<\/a><\/li><\/ul><\/nav><\/div>\n<h4 data-start=\"373\" data-end=\"431\"><span class=\"ez-toc-section\" id=\"Bio_Walnusskerne_Bruch_%E2%80%93_1_kg_%E2%80%93_Roh_naturbelassen\"><\/span>Bio Walnusskerne Bruch \u2013 1 kg \u2013 Roh &amp; naturbelassen<span class=\"ez-toc-section-end\"><\/span><\/h4>\n<p data-start=\"433\" data-end=\"578\">Diese Bio Walnusskerne als Bruch werden roh, unger\u00f6stet und ohne Schale angeboten. Sie sind naturbelassen und frei von Salz oder Zusatzstoffen.<\/p>\n<p data-start=\"580\" data-end=\"688\">Der milde, angenehm nussige Geschmack macht sie zu einer vielseitigen Zutat f\u00fcr s\u00fc\u00dfe und herzhafte Gerichte.<\/p>\n<hr data-start=\"690\" data-end=\"693\" \/>\n<h4 data-start=\"695\" data-end=\"717\"><span class=\"ez-toc-section\" id=\"Produktvorteile\"><\/span>Produkto privalumai<span class=\"ez-toc-section-end\"><\/span><\/h4>\n<ul data-start=\"719\" data-end=\"866\">\n<li data-start=\"719\" data-end=\"753\">\n<p data-start=\"721\" data-end=\"753\">100 % Bio Walnusskerne (Bruch)<\/p>\n<\/li>\n<li data-start=\"754\" data-end=\"776\">\n<p data-start=\"756\" data-end=\"776\">Roh und unger\u00f6stet<\/p>\n<\/li>\n<li data-start=\"777\" data-end=\"811\">\n<p data-start=\"779\" data-end=\"811\">Naturbelassen und ohne Zus\u00e4tze<\/p>\n<\/li>\n<li data-start=\"812\" data-end=\"827\">\n<p data-start=\"814\" data-end=\"827\">Ohne Schale<\/p>\n<\/li>\n<li data-start=\"828\" data-end=\"842\">\n<p data-start=\"830\" data-end=\"842\">Ungesalzen<\/p>\n<\/li>\n<li data-start=\"843\" data-end=\"866\">\n<p data-start=\"845\" data-end=\"866\">1 kg Vorratspackung<\/p>\n<\/li>\n<\/ul>\n<hr data-start=\"868\" data-end=\"871\" \/>\n<h4 data-start=\"873\" data-end=\"890\"><span class=\"ez-toc-section\" id=\"Verwendung\"><\/span>naudoti<span class=\"ez-toc-section-end\"><\/span><\/h4>\n<p data-start=\"892\" data-end=\"929\">Walnussbruch eignet sich ideal f\u00fcr:<\/p>\n<ul data-start=\"931\" data-end=\"1068\">\n<li data-start=\"931\" data-end=\"958\">\n<p data-start=\"933\" data-end=\"958\">Kuchen, Brot und Geb\u00e4ck<\/p>\n<\/li>\n<li data-start=\"959\" data-end=\"979\">\n<p data-start=\"961\" data-end=\"979\">M\u00fcslis und Bowls<\/p>\n<\/li>\n<li data-start=\"980\" data-end=\"1012\">\n<p data-start=\"982\" data-end=\"1012\">Salate und herzhafte Speisen<\/p>\n<\/li>\n<li data-start=\"1013\" data-end=\"1042\">\n<p data-start=\"1015\" data-end=\"1042\">Pesto oder Nussmischungen<\/p>\n<\/li>\n<li data-start=\"1043\" data-end=\"1068\">\n<p data-start=\"1045\" data-end=\"1068\">Als nat\u00fcrlicher Snack<\/p>\n<\/li>\n<\/ul>\n<hr data-start=\"1070\" data-end=\"1073\" \/>\n<h4 data-start=\"1075\" data-end=\"1096\"><span class=\"ez-toc-section\" id=\"Produktdetails\"><\/span>Produkto informacija<span class=\"ez-toc-section-end\"><\/span><\/h4>\n<p data-start=\"1098\" data-end=\"1286\">Turinys: 1 kg<br data-start=\"1110\" data-end=\"1113\" \/>Zutaten: 100 % Bio Walnusskerne<br data-start=\"1144\" data-end=\"1147\" \/>Qualit\u00e4t: Roh, naturbelassen, unger\u00f6stet<br data-start=\"1187\" data-end=\"1190\" \/>Verarbeitung: Ohne Schale<br data-start=\"1215\" data-end=\"1218\" \/>Allergenhinweis: Kann Spuren von anderen Schalenfr\u00fcchten enthalten<\/p>\n<hr data-start=\"1070\" data-end=\"1073\" \/>\n<h4 data-start=\"413\" data-end=\"449\"><span class=\"ez-toc-section\" id=\"Weitere_Inspiration_entdecken\"><\/span>Weitere Inspiration entdecken<span class=\"ez-toc-section-end\"><\/span><\/h4>\n<p data-start=\"450\" data-end=\"582\">Du suchst weitere besondere Produkte? Entdecke zus\u00e4tzliche Highlights in unserem Sortiment oder st\u00f6bere in unseren Partnerprojekten:<\/p>\n<ul data-start=\"584\" data-end=\"920\">\n<li data-start=\"584\" data-end=\"656\"><a href=\"https:\/\/honigbee.com\/lt\/shop\/\">Weitere Naturprodukte bei Honigbee entdecken<\/a><\/li>\n<li data-start=\"657\" data-end=\"783\">\n<p data-start=\"659\" data-end=\"783\"><a href=\"https:\/\/matvana.com\/shop\/\" target=\"_blank\" rel=\"noopener\">Stilvolle Wohnideen bei Matvana ansehen<\/a><\/p>\n<\/li>\n<li data-start=\"784\" data-end=\"920\">\n<p data-start=\"786\" data-end=\"920\"><a href=\"https:\/\/saphirsmaragd.com\/shop\/\" target=\"_blank\" rel=\"noopener\">Edelsteine &amp; Schmuck bei Saphir &amp; Smaragd ansehen<\/a><\/p>\n<\/li>\n<\/ul>","protected":false},"excerpt":{"rendered":"<p data-start=\"194\" data-end=\"338\"><em>1 kg Bio Walnusskerne Bruch \u2013 roh, naturbelassen und ohne Schale. Unger\u00f6stet und ohne Zus\u00e4tze. Ideal zum Backen, Kochen oder als gesunder Snack.<\/em><\/p>","protected":false},"featured_media":42188,"comment_status":"open","ping_status":"closed","template":"","meta":{"_glsr_average":0,"_glsr_ranking":0,"_glsr_reviews":0},"product_brand":[],"product_cat":[634],"product_tag":[],"class_list":{"0":"post-14140","1":"product","2":"type-product","3":"status-publish","4":"has-post-thumbnail","6":"product_cat-walnuesse","8":"first","9":"instock","10":"shipping-taxable","11":"purchasable","12":"product-type-simple","13":"add-to-wishlist-before_image"},"jetpack_sharing_enabled":true,"_links":{"self":[{"href":"https:\/\/honigbee.com\/lt\/wp-json\/wp\/v2\/product\/14140","targetHints":{"allow":["GET"]}}],"collection":[{"href":"https:\/\/honigbee.com\/lt\/wp-json\/wp\/v2\/product"}],"about":[{"href":"https:\/\/honigbee.com\/lt\/wp-json\/wp\/v2\/types\/product"}],"replies":[{"embeddable":true,"href":"https:\/\/honigbee.com\/lt\/wp-json\/wp\/v2\/comments?post=14140"}],"version-history":[{"count":3,"href":"https:\/\/honigbee.com\/lt\/wp-json\/wp\/v2\/product\/14140\/revisions"}],"predecessor-version":[{"id":42190,"href":"https:\/\/honigbee.com\/lt\/wp-json\/wp\/v2\/product\/14140\/revisions\/42190"}],"wp:featuredmedia":[{"embeddable":true,"href":"https:\/\/honigbee.com\/lt\/wp-json\/wp\/v2\/media\/42188"}],"wp:attachment":[{"href":"https:\/\/honigbee.com\/lt\/wp-json\/wp\/v2\/media?parent=14140"}],"wp:term":[{"taxonomy":"product_brand","embeddable":true,"href":"https:\/\/honigbee.com\/lt\/wp-json\/wp\/v2\/product_brand?post=14140"},{"taxonomy":"product_cat","embeddable":true,"href":"https:\/\/honigbee.com\/lt\/wp-json\/wp\/v2\/product_cat?post=14140"},{"taxonomy":"product_tag","embeddable":true,"href":"https:\/\/honigbee.com\/lt\/wp-json\/wp\/v2\/product_tag?post=14140"}],"curies":[{"name":"wp","href":"https:\/\/api.w.org\/{rel}","templated":true}]}}