{"id":14221,"date":"2025-01-05T18:31:01","date_gmt":"2025-01-05T18:31:01","guid":{"rendered":"https:\/\/honigbee.com\/?post_type=product&#038;p=14221"},"modified":"2026-03-07T19:13:14","modified_gmt":"2026-03-07T19:13:14","slug":"500-g-pistazienkerne","status":"publish","type":"product","link":"https:\/\/honigbee.com\/lt\/produktas\/500-g-pistazienkerne\/","title":{"rendered":"500 g Pistazienkerne \u2013 Roh, gesch\u00e4lt &#038; naturbelassen \u2013 100 % ohne Zus\u00e4tze"},"content":{"rendered":"<div id=\"ez-toc-container\" class=\"ez-toc-v2_0_83 counter-hierarchy ez-toc-counter ez-toc-grey ez-toc-container-direction\">\n<div class=\"ez-toc-title-container\">\n<p class=\"ez-toc-title\" style=\"cursor:inherit\">Turinys<\/p>\n<span class=\"ez-toc-title-toggle\"><a href=\"#\" class=\"ez-toc-pull-right ez-toc-btn ez-toc-btn-xs ez-toc-btn-default ez-toc-toggle\" aria-label=\"Perjungti turin\u012f\"><span class=\"ez-toc-js-icon-con\"><span class=\"\"><span class=\"eztoc-hide\" style=\"display:none;\">Perjungti<\/span><span class=\"ez-toc-icon-toggle-span\"><svg style=\"fill: #999;color:#999\" xmlns=\"http:\/\/www.w3.org\/2000\/svg\" class=\"list-377408\" width=\"20px\" height=\"20px\" viewbox=\"0 0 24 24\" fill=\"none\"><path d=\"M6 6H4v2h2V6zm14 0H8v2h12V6zM4 11h2v2H4v-2zm16 0H8v2h12v-2zM4 16h2v2H4v-2zm16 0H8v2h12v-2z\" fill=\"currentColor\"><\/path><\/svg><svg style=\"fill: #999;color:#999\" class=\"arrow-unsorted-368013\" xmlns=\"http:\/\/www.w3.org\/2000\/svg\" width=\"10px\" height=\"10px\" viewbox=\"0 0 24 24\" version=\"1.2\" baseprofile=\"tiny\"><path d=\"M18.2 9.3l-6.2-6.3-6.2 6.3c-.2.2-.3.4-.3.7s.1.5.3.7c.2.2.4.3.7.3h11c.3 0 .5-.1.7-.3.2-.2.3-.5.3-.7s-.1-.5-.3-.7zM5.8 14.7l6.2 6.3 6.2-6.3c.2-.2.3-.5.3-.7s-.1-.5-.3-.7c-.2-.2-.4-.3-.7-.3h-11c-.3 0-.5.1-.7.3-.2.2-.3.5-.3.7s.1.5.3.7z\"\/><\/svg><\/span><\/span><\/span><\/a><\/span><\/div>\n<nav><ul class='ez-toc-list ez-toc-list-level-1' ><li class='ez-toc-page-1 ez-toc-heading-level-4'><a class=\"ez-toc-link ez-toc-heading-1\" href=\"https:\/\/honigbee.com\/lt\/produktas\/500-g-pistazienkerne\/#Vorteile_der_Pistazien_kerne\" >Vorteile der Pistazien kerne<\/a><\/li><li class='ez-toc-page-1 ez-toc-heading-level-4'><a class=\"ez-toc-link ez-toc-heading-2\" href=\"https:\/\/honigbee.com\/lt\/produktas\/500-g-pistazienkerne\/#Verwendungsmoglichkeiten\" >Galimi panaudojimo b\u016bdai<\/a><\/li><li class='ez-toc-page-1 ez-toc-heading-level-4'><a class=\"ez-toc-link ez-toc-heading-3\" href=\"https:\/\/honigbee.com\/lt\/produktas\/500-g-pistazienkerne\/#Produktdetails\" >Produkto informacija<\/a><\/li><li class='ez-toc-page-1 ez-toc-heading-level-4'><a class=\"ez-toc-link ez-toc-heading-4\" href=\"https:\/\/honigbee.com\/lt\/produktas\/500-g-pistazienkerne\/#Weitere_Inspiration_entdecken\" >Weitere Inspiration entdecken<\/a><\/li><\/ul><\/nav><\/div>\n<p data-start=\"512\" data-end=\"705\">Diese rohen Pistazienkerne \u00fcberzeugen durch ihre nat\u00fcrliche Qualit\u00e4t und ihr mild-nussiges Aroma. Sie sind unger\u00f6stet, ungesalzen und frei von Zusatzstoffen \u2013 ideal f\u00fcr eine bewusste Ern\u00e4hrung.<\/p>\n<p data-start=\"707\" data-end=\"925\">Die gesch\u00e4lten Pistazienkerne sind sofort einsatzbereit und vielseitig verwendbar. Ob als Snack, im M\u00fcsli, in Desserts oder zum Verfeinern herzhafter Gerichte \u2013 sie sorgen f\u00fcr Geschmack, Farbe und wertvolle N\u00e4hrstoffe.<\/p>\n<hr data-start=\"927\" data-end=\"930\" \/>\n<h4 data-start=\"932\" data-end=\"970\"><span class=\"ez-toc-section\" id=\"Vorteile_der_Pistazien_kerne\"><\/span>Vorteile der Pistazien kerne<span class=\"ez-toc-section-end\"><\/span><\/h4>\n<ul data-start=\"972\" data-end=\"1219\">\n<li data-start=\"972\" data-end=\"1011\">\n<p data-start=\"974\" data-end=\"1011\">100 % naturbelassene Pistazienkerne<\/p>\n<\/li>\n<li data-start=\"1012\" data-end=\"1045\">\n<p data-start=\"1014\" data-end=\"1045\">Roh, unger\u00f6stet und ohne Salz<\/p>\n<\/li>\n<li data-start=\"1046\" data-end=\"1080\">\n<p data-start=\"1048\" data-end=\"1080\">Gesch\u00e4lt und direkt verwendbar<\/p>\n<\/li>\n<li data-start=\"1081\" data-end=\"1132\">\n<p data-start=\"1083\" data-end=\"1132\">Reich an pflanzlichem Eiwei\u00df und Ballaststoffen<\/p>\n<\/li>\n<li data-start=\"1133\" data-end=\"1178\">\n<p data-start=\"1135\" data-end=\"1178\">Enthalten gesunde unges\u00e4ttigte Fetts\u00e4uren<\/p>\n<\/li>\n<li data-start=\"1179\" data-end=\"1219\">\n<p data-start=\"1181\" data-end=\"1219\">Ideal f\u00fcr s\u00fc\u00dfe und herzhafte Rezepte<\/p>\n<\/li>\n<\/ul>\n<hr data-start=\"1221\" data-end=\"1224\" \/>\n<h4 data-start=\"1226\" data-end=\"1255\"><span class=\"ez-toc-section\" id=\"Verwendungsmoglichkeiten\"><\/span>Galimi panaudojimo b\u016bdai<span class=\"ez-toc-section-end\"><\/span><\/h4>\n<p data-start=\"1257\" data-end=\"1302\">Die Pistazien kerne eignen sich besonders f\u00fcr:<\/p>\n<ul data-start=\"1304\" data-end=\"1478\">\n<li data-start=\"1304\" data-end=\"1335\">\n<p data-start=\"1306\" data-end=\"1335\">Kuchen, Geb\u00e4ck und Desserts<\/p>\n<\/li>\n<li data-start=\"1336\" data-end=\"1373\">\n<p data-start=\"1338\" data-end=\"1373\">M\u00fcsli, Joghurt und Smoothie-Bowls<\/p>\n<\/li>\n<li data-start=\"1374\" data-end=\"1416\">\n<p data-start=\"1376\" data-end=\"1416\">Orientalische und mediterrane Gerichte<\/p>\n<\/li>\n<li data-start=\"1417\" data-end=\"1444\">\n<p data-start=\"1419\" data-end=\"1444\">Salate oder als Topping<\/p>\n<\/li>\n<li data-start=\"1445\" data-end=\"1478\">\n<p data-start=\"1447\" data-end=\"1478\">Selbstgemachte Pistaziencreme<\/p>\n<\/li>\n<\/ul>\n<hr data-start=\"1480\" data-end=\"1483\" \/>\n<h4 data-start=\"1485\" data-end=\"1504\"><span class=\"ez-toc-section\" id=\"Produktdetails\"><\/span>Produkto informacija<span class=\"ez-toc-section-end\"><\/span><\/h4>\n<p data-start=\"1506\" data-end=\"1638\">Turinys: 500 g<br data-start=\"1519\" data-end=\"1522\" \/>Zutaten: 100 % Pistazien kerne<br data-start=\"1551\" data-end=\"1554\" \/>Be pried\u0173<br data-start=\"1571\" data-end=\"1574\" \/>Kann Spuren von anderen Schalenfr\u00fcchten und Erdn\u00fcssen enthalten.<\/p>\n<hr data-start=\"1480\" data-end=\"1483\" \/>\n<h4 data-start=\"413\" data-end=\"449\"><span class=\"ez-toc-section\" id=\"Weitere_Inspiration_entdecken\"><\/span>Weitere Inspiration entdecken<span class=\"ez-toc-section-end\"><\/span><\/h4>\n<p data-start=\"450\" data-end=\"582\">Du suchst weitere besondere Produkte? Entdecke zus\u00e4tzliche Highlights in unserem Sortiment oder st\u00f6bere in unseren Partnerprojekten:<\/p>\n<ul data-start=\"584\" data-end=\"920\">\n<li data-start=\"584\" data-end=\"656\"><a href=\"https:\/\/honigbee.com\/lt\/shop\/\">Weitere Naturprodukte bei Honigbee entdecken<\/a><\/li>\n<li data-start=\"657\" data-end=\"783\">\n<p data-start=\"659\" data-end=\"783\"><a href=\"https:\/\/matvana.com\/shop\/\" target=\"_blank\" rel=\"noopener\">Stilvolle Wohnideen bei Matvana ansehen<\/a><\/p>\n<\/li>\n<li data-start=\"784\" data-end=\"920\">\n<p data-start=\"786\" data-end=\"920\"><a href=\"https:\/\/saphirsmaragd.com\/shop\/\" target=\"_blank\" rel=\"noopener\">Edelsteine &amp; Schmuck bei Saphir &amp; Smaragd ansehen<\/a><\/p>\n<\/li>\n<\/ul>","protected":false},"excerpt":{"rendered":"<p data-start=\"267\" data-end=\"418\"><em>500 g Pistazienkerne in naturbelassener Qualit\u00e4t. Unger\u00f6stet, ungesalzen und vielseitig verwendbar f\u00fcr Backen, Kochen oder als Snack.<\/em><\/p>\n<p>&nbsp;<\/p>","protected":false},"featured_media":42167,"comment_status":"open","ping_status":"closed","template":"","meta":{"_glsr_average":0,"_glsr_ranking":0,"_glsr_reviews":0},"product_brand":[],"product_cat":[639],"product_tag":[],"class_list":{"0":"post-14221","1":"product","2":"type-product","3":"status-publish","4":"has-post-thumbnail","6":"product_cat-pistazien","8":"first","9":"instock","10":"shipping-taxable","11":"purchasable","12":"product-type-simple","13":"add-to-wishlist-before_image"},"jetpack_sharing_enabled":true,"_links":{"self":[{"href":"https:\/\/honigbee.com\/lt\/wp-json\/wp\/v2\/product\/14221","targetHints":{"allow":["GET"]}}],"collection":[{"href":"https:\/\/honigbee.com\/lt\/wp-json\/wp\/v2\/product"}],"about":[{"href":"https:\/\/honigbee.com\/lt\/wp-json\/wp\/v2\/types\/product"}],"replies":[{"embeddable":true,"href":"https:\/\/honigbee.com\/lt\/wp-json\/wp\/v2\/comments?post=14221"}],"version-history":[{"count":3,"href":"https:\/\/honigbee.com\/lt\/wp-json\/wp\/v2\/product\/14221\/revisions"}],"predecessor-version":[{"id":42168,"href":"https:\/\/honigbee.com\/lt\/wp-json\/wp\/v2\/product\/14221\/revisions\/42168"}],"wp:featuredmedia":[{"embeddable":true,"href":"https:\/\/honigbee.com\/lt\/wp-json\/wp\/v2\/media\/42167"}],"wp:attachment":[{"href":"https:\/\/honigbee.com\/lt\/wp-json\/wp\/v2\/media?parent=14221"}],"wp:term":[{"taxonomy":"product_brand","embeddable":true,"href":"https:\/\/honigbee.com\/lt\/wp-json\/wp\/v2\/product_brand?post=14221"},{"taxonomy":"product_cat","embeddable":true,"href":"https:\/\/honigbee.com\/lt\/wp-json\/wp\/v2\/product_cat?post=14221"},{"taxonomy":"product_tag","embeddable":true,"href":"https:\/\/honigbee.com\/lt\/wp-json\/wp\/v2\/product_tag?post=14221"}],"curies":[{"name":"wp","href":"https:\/\/api.w.org\/{rel}","templated":true}]}}