{"id":16107,"date":"2025-02-05T14:16:07","date_gmt":"2025-02-05T14:16:07","guid":{"rendered":"https:\/\/honigbee.com\/?post_type=product&#038;p=16107"},"modified":"2026-03-14T15:47:21","modified_gmt":"2026-03-14T15:47:21","slug":"500g-ulmo-regenwaldhonig","status":"publish","type":"product","link":"https:\/\/honigbee.com\/lt\/produktas\/500g-ulmo-regenwaldhonig\/","title":{"rendered":"500 g \u201eUlmo\u201c atogr\u0105\u017e\u0173 mi\u0161k\u0173 medaus \u2013 nat\u016bralaus medaus su APF 200+ i\u0161 \u010cil\u0117s"},"content":{"rendered":"<div id=\"ez-toc-container\" class=\"ez-toc-v2_0_83 counter-hierarchy ez-toc-counter ez-toc-grey ez-toc-container-direction\">\n<div class=\"ez-toc-title-container\">\n<p class=\"ez-toc-title\" style=\"cursor:inherit\">Turinys<\/p>\n<span class=\"ez-toc-title-toggle\"><a href=\"#\" class=\"ez-toc-pull-right ez-toc-btn ez-toc-btn-xs ez-toc-btn-default ez-toc-toggle\" aria-label=\"Perjungti turin\u012f\"><span class=\"ez-toc-js-icon-con\"><span class=\"\"><span class=\"eztoc-hide\" style=\"display:none;\">Perjungti<\/span><span class=\"ez-toc-icon-toggle-span\"><svg style=\"fill: #999;color:#999\" xmlns=\"http:\/\/www.w3.org\/2000\/svg\" class=\"list-377408\" width=\"20px\" height=\"20px\" viewbox=\"0 0 24 24\" fill=\"none\"><path d=\"M6 6H4v2h2V6zm14 0H8v2h12V6zM4 11h2v2H4v-2zm16 0H8v2h12v-2zM4 16h2v2H4v-2zm16 0H8v2h12v-2z\" fill=\"currentColor\"><\/path><\/svg><svg style=\"fill: #999;color:#999\" class=\"arrow-unsorted-368013\" xmlns=\"http:\/\/www.w3.org\/2000\/svg\" width=\"10px\" height=\"10px\" viewbox=\"0 0 24 24\" version=\"1.2\" baseprofile=\"tiny\"><path d=\"M18.2 9.3l-6.2-6.3-6.2 6.3c-.2.2-.3.4-.3.7s.1.5.3.7c.2.2.4.3.7.3h11c.3 0 .5-.1.7-.3.2-.2.3-.5.3-.7s-.1-.5-.3-.7zM5.8 14.7l6.2 6.3 6.2-6.3c.2-.2.3-.5.3-.7s-.1-.5-.3-.7c-.2-.2-.4-.3-.7-.3h-11c-.3 0-.5.1-.7.3-.2.2-.3.5-.3.7s.1.5.3.7z\"\/><\/svg><\/span><\/span><\/span><\/a><\/span><\/div>\n<nav><ul class='ez-toc-list ez-toc-list-level-1' ><li class='ez-toc-page-1 ez-toc-heading-level-4'><a class=\"ez-toc-link ez-toc-heading-1\" href=\"https:\/\/honigbee.com\/lt\/produktas\/500g-ulmo-regenwaldhonig\/#Ulmo_Regenwaldhonig_500%E2%80%AFg_%E2%80%93_Kraftvoller_Rohhonig_mit_APF_200_aus_Patagonien\" >Ulmo Regenwaldhonig 500\u202fg \u2013 Kraftvoller Rohhonig mit APF 200+ aus Patagonien<\/a><\/li><li class='ez-toc-page-1 ez-toc-heading-level-4'><a class=\"ez-toc-link ez-toc-heading-2\" href=\"https:\/\/honigbee.com\/lt\/produktas\/500g-ulmo-regenwaldhonig\/#Merkmale_Herkunft\" >Charakteristikos ir kilm\u0117<\/a><\/li><li class='ez-toc-page-1 ez-toc-heading-level-4'><a class=\"ez-toc-link ez-toc-heading-3\" href=\"https:\/\/honigbee.com\/lt\/produktas\/500g-ulmo-regenwaldhonig\/#Besonderheiten\" >Specialios savyb\u0117s<\/a><\/li><li class='ez-toc-page-1 ez-toc-heading-level-4'><a class=\"ez-toc-link ez-toc-heading-4\" href=\"https:\/\/honigbee.com\/lt\/produktas\/500g-ulmo-regenwaldhonig\/#Weitere_Inspiration_entdecken\" >Weitere Inspiration entdecken<\/a><\/li><\/ul><\/nav><\/div>\n<h4 data-start=\"748\" data-end=\"837\"><span class=\"ez-toc-section\" id=\"Ulmo_Regenwaldhonig_500%E2%80%AFg_%E2%80%93_Kraftvoller_Rohhonig_mit_APF_200_aus_Patagonien\"><\/span>Ulmo Regenwaldhonig 500\u202fg \u2013 Kraftvoller Rohhonig mit APF 200+ aus Patagonien<span class=\"ez-toc-section-end\"><\/span><\/h4>\n<p data-start=\"839\" data-end=\"1148\">Dieser Honig stammt aus den dichten Regenw\u00e4ldern der chilenischen Chilo\u00e9-Insel. Der Nektar der Ulmo-Bl\u00fcten (Eucryphia cordifolia) verleiht ihm eine cremige Konsistenz, florale S\u00fc\u00dfe und eine au\u00dfergew\u00f6hnlich hohe Bioaktivit\u00e4t von APF 200+. Eine rare Spezialit\u00e4t f\u00fcr Gesundheit, Geschmack und bewusste Ern\u00e4hrung.<\/p>\n<hr data-start=\"1150\" data-end=\"1153\" \/>\n<h4 data-start=\"1155\" data-end=\"1179\"><span class=\"ez-toc-section\" id=\"Merkmale_Herkunft\"><\/span>Charakteristikos ir kilm\u0117<span class=\"ez-toc-section-end\"><\/span><\/h4>\n<p data-start=\"1181\" data-end=\"1436\">Produktname: Balqees Ulmo Regenwaldhonig<br data-start=\"1221\" data-end=\"1224\" \/>Turinys: 500 g<br data-start=\"1237\" data-end=\"1240\" \/>Aktivit\u00e4tsfaktor: APF 200+<br data-start=\"1266\" data-end=\"1269\" \/>Herkunft: Chilo\u00e9-Insel, Patagonien, Chile<br data-start=\"1310\" data-end=\"1313\" \/>Farbe: Hellgolden bis Bernstein<br data-start=\"1344\" data-end=\"1347\" \/>Konsistencija: Kremin\u0117<br data-start=\"1365\" data-end=\"1368\" \/>Verarbeitung: Roh, ungefiltert, nicht pasteurisiert<\/p>\n<hr data-start=\"1438\" data-end=\"1441\" \/>\n<h4 data-start=\"1443\" data-end=\"1462\"><span class=\"ez-toc-section\" id=\"Besonderheiten\"><\/span>Specialios savyb\u0117s<span class=\"ez-toc-section-end\"><\/span><\/h4>\n<ul data-start=\"1464\" data-end=\"1827\">\n<li data-start=\"1464\" data-end=\"1544\">\n<p data-start=\"1466\" data-end=\"1544\">100\u202f% roh &amp; naturbelassen \u2013 ohne Zusatzstoffe oder industrielle Verarbeitung<\/p>\n<\/li>\n<li data-start=\"1545\" data-end=\"1626\">\n<p data-start=\"1547\" data-end=\"1626\">Hoher APF-Wert (200+) \u2013 wissenschaftlich best\u00e4tigte antibakterielle Aktivit\u00e4t<\/p>\n<\/li>\n<li data-start=\"1627\" data-end=\"1681\">\n<p data-start=\"1629\" data-end=\"1681\">Florales, fruchtiges Aroma \u2013 mit feiner Zitrusnote<\/p>\n<\/li>\n<li data-start=\"1682\" data-end=\"1750\">\n<p data-start=\"1684\" data-end=\"1750\">Nachhaltige Wildsammlung \u2013 im Einklang mit Natur &amp; Biodiversit\u00e4t<\/p>\n<\/li>\n<li data-start=\"1751\" data-end=\"1827\">\n<p data-start=\"1753\" data-end=\"1827\">Vielseitig einsetzbar \u2013 in K\u00fcche, Pflege oder als t\u00e4gliche Energiequelle<\/p>\n<\/li>\n<\/ul>\n<hr data-start=\"1829\" data-end=\"1832\" \/>\n<h4 data-start=\"413\" data-end=\"449\"><span class=\"ez-toc-section\" id=\"Weitere_Inspiration_entdecken\"><\/span>Weitere Inspiration entdecken<span class=\"ez-toc-section-end\"><\/span><\/h4>\n<p data-start=\"450\" data-end=\"582\">Du suchst weitere besondere Produkte? Entdecke zus\u00e4tzliche Highlights in unserem Sortiment oder st\u00f6bere in unseren Partnerprojekten:<\/p>\n<ul data-start=\"584\" data-end=\"920\">\n<li data-start=\"584\" data-end=\"656\"><a href=\"https:\/\/honigbee.com\/lt\/shop\/\">Weitere Naturprodukte bei Honigbee entdecken<\/a><\/li>\n<li data-start=\"657\" data-end=\"783\">\n<p data-start=\"659\" data-end=\"783\"><a href=\"https:\/\/matvana.com\/shop\/\" target=\"_blank\" rel=\"noopener\">Stilvolle Wohnideen bei Matvana ansehen<\/a><\/p>\n<\/li>\n<li data-start=\"784\" data-end=\"920\">\n<p data-start=\"786\" data-end=\"920\"><a href=\"https:\/\/saphirsmaragd.com\/shop\/\" target=\"_blank\" rel=\"noopener\">Edelsteine &amp; Schmuck bei Saphir &amp; Smaragd ansehen<\/a><\/p>\n<\/li>\n<\/ul>\n<hr data-start=\"1931\" data-end=\"1934\" \/>\n<p>Produktbilder dienen der Veranschaulichung. Verpackungsdesign kann abweichen.<\/p>","protected":false},"excerpt":{"rendered":"<p class=\"\" data-start=\"5820\" data-end=\"6025\"><em>Ulmo Regenwaldhonig \u2013 500g 100% nat\u00fcrlicher Rohhonig aus den Regenw\u00e4ldern Patagoniens. APF 200+ Aktivit\u00e4t f\u00fcr Immunst\u00e4rkung, Wundheilung und Verdauung. Jetzt entdecken &amp; nat\u00fcrlich st\u00e4rken!<\/em><\/p>","protected":false},"featured_media":43762,"comment_status":"open","ping_status":"closed","template":"","meta":{"_glsr_average":0,"_glsr_ranking":0,"_glsr_reviews":0},"product_brand":[],"product_cat":[1174],"product_tag":[],"class_list":{"0":"post-16107","1":"product","2":"type-product","3":"status-publish","4":"has-post-thumbnail","6":"product_cat-ulmo-honig","8":"first","9":"instock","10":"shipping-taxable","11":"purchasable","12":"product-type-simple","13":"add-to-wishlist-before_image"},"jetpack_sharing_enabled":true,"_links":{"self":[{"href":"https:\/\/honigbee.com\/lt\/wp-json\/wp\/v2\/product\/16107","targetHints":{"allow":["GET"]}}],"collection":[{"href":"https:\/\/honigbee.com\/lt\/wp-json\/wp\/v2\/product"}],"about":[{"href":"https:\/\/honigbee.com\/lt\/wp-json\/wp\/v2\/types\/product"}],"replies":[{"embeddable":true,"href":"https:\/\/honigbee.com\/lt\/wp-json\/wp\/v2\/comments?post=16107"}],"version-history":[{"count":5,"href":"https:\/\/honigbee.com\/lt\/wp-json\/wp\/v2\/product\/16107\/revisions"}],"predecessor-version":[{"id":43763,"href":"https:\/\/honigbee.com\/lt\/wp-json\/wp\/v2\/product\/16107\/revisions\/43763"}],"wp:featuredmedia":[{"embeddable":true,"href":"https:\/\/honigbee.com\/lt\/wp-json\/wp\/v2\/media\/43762"}],"wp:attachment":[{"href":"https:\/\/honigbee.com\/lt\/wp-json\/wp\/v2\/media?parent=16107"}],"wp:term":[{"taxonomy":"product_brand","embeddable":true,"href":"https:\/\/honigbee.com\/lt\/wp-json\/wp\/v2\/product_brand?post=16107"},{"taxonomy":"product_cat","embeddable":true,"href":"https:\/\/honigbee.com\/lt\/wp-json\/wp\/v2\/product_cat?post=16107"},{"taxonomy":"product_tag","embeddable":true,"href":"https:\/\/honigbee.com\/lt\/wp-json\/wp\/v2\/product_tag?post=16107"}],"curies":[{"name":"wp","href":"https:\/\/api.w.org\/{rel}","templated":true}]}}