{"id":23394,"date":"2025-05-29T13:00:03","date_gmt":"2025-05-29T13:00:03","guid":{"rendered":"https:\/\/honigbee.com\/?post_type=product&#038;p=23394"},"modified":"2026-03-09T18:16:03","modified_gmt":"2026-03-09T18:16:03","slug":"bananenscheiben-750-g","status":"publish","type":"product","link":"https:\/\/honigbee.com\/lt\/produktas\/bananenscheiben-750-g\/","title":{"rendered":"1kg Bananenscheiben \u2013 Knusprige Getrocknete Bananen aus den Philippinen"},"content":{"rendered":"<div id=\"ez-toc-container\" class=\"ez-toc-v2_0_83 counter-hierarchy ez-toc-counter ez-toc-grey ez-toc-container-direction\">\n<div class=\"ez-toc-title-container\">\n<p class=\"ez-toc-title\" style=\"cursor:inherit\">Turinys<\/p>\n<span class=\"ez-toc-title-toggle\"><a href=\"#\" class=\"ez-toc-pull-right ez-toc-btn ez-toc-btn-xs ez-toc-btn-default ez-toc-toggle\" aria-label=\"Perjungti turin\u012f\"><span class=\"ez-toc-js-icon-con\"><span class=\"\"><span class=\"eztoc-hide\" style=\"display:none;\">Perjungti<\/span><span class=\"ez-toc-icon-toggle-span\"><svg style=\"fill: #999;color:#999\" xmlns=\"http:\/\/www.w3.org\/2000\/svg\" class=\"list-377408\" width=\"20px\" height=\"20px\" viewbox=\"0 0 24 24\" fill=\"none\"><path d=\"M6 6H4v2h2V6zm14 0H8v2h12V6zM4 11h2v2H4v-2zm16 0H8v2h12v-2zM4 16h2v2H4v-2zm16 0H8v2h12v-2z\" fill=\"currentColor\"><\/path><\/svg><svg style=\"fill: #999;color:#999\" class=\"arrow-unsorted-368013\" xmlns=\"http:\/\/www.w3.org\/2000\/svg\" width=\"10px\" height=\"10px\" viewbox=\"0 0 24 24\" version=\"1.2\" baseprofile=\"tiny\"><path d=\"M18.2 9.3l-6.2-6.3-6.2 6.3c-.2.2-.3.4-.3.7s.1.5.3.7c.2.2.4.3.7.3h11c.3 0 .5-.1.7-.3.2-.2.3-.5.3-.7s-.1-.5-.3-.7zM5.8 14.7l6.2 6.3 6.2-6.3c.2-.2.3-.5.3-.7s-.1-.5-.3-.7c-.2-.2-.4-.3-.7-.3h-11c-.3 0-.5.1-.7.3-.2.2-.3.5-.3.7s.1.5.3.7z\"\/><\/svg><\/span><\/span><\/span><\/a><\/span><\/div>\n<nav><ul class='ez-toc-list ez-toc-list-level-1' ><li class='ez-toc-page-1 ez-toc-heading-level-4'><a class=\"ez-toc-link ez-toc-heading-1\" href=\"https:\/\/honigbee.com\/lt\/produktas\/bananenscheiben-750-g\/#Produktmerkmale\" >Produkto savyb\u0117s<\/a><\/li><li class='ez-toc-page-1 ez-toc-heading-level-4'><a class=\"ez-toc-link ez-toc-heading-2\" href=\"https:\/\/honigbee.com\/lt\/produktas\/bananenscheiben-750-g\/#Geschmack_Konsistenz\" >Skonis ir konsistencija<\/a><\/li><li class='ez-toc-page-1 ez-toc-heading-level-4'><a class=\"ez-toc-link ez-toc-heading-3\" href=\"https:\/\/honigbee.com\/lt\/produktas\/bananenscheiben-750-g\/#Verwendung\" >naudoti<\/a><\/li><li class='ez-toc-page-1 ez-toc-heading-level-4'><a class=\"ez-toc-link ez-toc-heading-4\" href=\"https:\/\/honigbee.com\/lt\/produktas\/bananenscheiben-750-g\/#Nahrwerte_pro_100_g\" >Maistin\u0117 vert\u0117 (100 g)<\/a><\/li><li class='ez-toc-page-1 ez-toc-heading-level-4'><a class=\"ez-toc-link ez-toc-heading-5\" href=\"https:\/\/honigbee.com\/lt\/produktas\/bananenscheiben-750-g\/#Produktdetails\" >Produkto informacija<\/a><\/li><li class='ez-toc-page-1 ez-toc-heading-level-4'><a class=\"ez-toc-link ez-toc-heading-6\" href=\"https:\/\/honigbee.com\/lt\/produktas\/bananenscheiben-750-g\/#Allergene\" >Alergenai<\/a><\/li><li class='ez-toc-page-1 ez-toc-heading-level-4'><a class=\"ez-toc-link ez-toc-heading-7\" href=\"https:\/\/honigbee.com\/lt\/produktas\/bananenscheiben-750-g\/#Lagerung\" >saugykla<\/a><\/li><li class='ez-toc-page-1 ez-toc-heading-level-4'><a class=\"ez-toc-link ez-toc-heading-8\" href=\"https:\/\/honigbee.com\/lt\/produktas\/bananenscheiben-750-g\/#Weitere_Inspiration_entdecken\" >Weitere Inspiration entdecken<\/a><\/li><\/ul><\/nav><\/div>\n<p data-start=\"542\" data-end=\"720\">The <strong data-start=\"546\" data-end=\"569\">1kg Bananenscheiben<\/strong> bestehen aus geschnittenen Bananen, die verarbeitet und knusprig getrocknet werden. Dadurch entsteht ein s\u00fc\u00dfer Geschmack und eine knackige Konsistenz.<\/p>\n<hr data-start=\"803\" data-end=\"806\" \/>\n<h4 data-start=\"808\" data-end=\"828\"><span class=\"ez-toc-section\" id=\"Produktmerkmale\"><\/span>Produkto savyb\u0117s<span class=\"ez-toc-section-end\"><\/span><\/h4>\n<p data-start=\"830\" data-end=\"964\">Knusprige getrocknete Bananen<br data-start=\"881\" data-end=\"884\" \/>Herkunft: Philippinen<br data-start=\"905\" data-end=\"908\" \/>Vegani\u0161kas ir be glitimo<br data-start=\"928\" data-end=\"931\" \/>Wiederverschlie\u00dfbare Verpackung<\/p>\n<hr data-start=\"966\" data-end=\"969\" \/>\n<h4 data-start=\"971\" data-end=\"998\"><span class=\"ez-toc-section\" id=\"Geschmack_Konsistenz\"><\/span>Skonis ir konsistencija<span class=\"ez-toc-section-end\"><\/span><\/h4>\n<p data-start=\"1000\" data-end=\"1073\">S\u00fc\u00dfer Bananengeschmack<br data-start=\"1022\" data-end=\"1025\" \/>Knusprige Textur<br data-start=\"1041\" data-end=\"1044\" \/>Leicht karamellisierte Note<\/p>\n<hr data-start=\"1075\" data-end=\"1078\" \/>\n<h4 data-start=\"1080\" data-end=\"1095\"><span class=\"ez-toc-section\" id=\"Verwendung\"><\/span>naudoti<span class=\"ez-toc-section-end\"><\/span><\/h4>\n<p data-start=\"1143\" data-end=\"1289\">\u2022 Snack f\u00fcr unterwegs<br data-start=\"1164\" data-end=\"1167\" \/>\u2022 M\u00fcsli oder Fr\u00fchst\u00fccksflocken<br data-start=\"1197\" data-end=\"1200\" \/>\u2022 Joghurt oder Desserts<br data-start=\"1223\" data-end=\"1226\" \/>\u2022 Backrezepte<br data-start=\"1239\" data-end=\"1242\" \/>\u2022 Kombination mit N\u00fcssen oder Trockenfr\u00fcchten<\/p>\n<hr data-start=\"1291\" data-end=\"1294\" \/>\n<h4 data-start=\"1296\" data-end=\"1322\"><span class=\"ez-toc-section\" id=\"Nahrwerte_pro_100_g\"><\/span>Maistin\u0117 vert\u0117 (100 g)<span class=\"ez-toc-section-end\"><\/span><\/h4>\n<p data-start=\"1324\" data-end=\"1476\">Energie: 2168 kJ \/ 520 kcal<br data-start=\"1351\" data-end=\"1354\" \/>Fett: 30 g<br data-start=\"1364\" data-end=\"1367\" \/>davon ges\u00e4ttigte Fetts\u00e4uren: 27 g<br data-start=\"1400\" data-end=\"1403\" \/>Kohlenhydrate: 66 g<br data-start=\"1422\" data-end=\"1425\" \/>davon Zucker: 14 g<br data-start=\"1443\" data-end=\"1446\" \/>Eiwei\u00df: 2 g<br data-start=\"1457\" data-end=\"1460\" \/>Salz: 0,0125 g<\/p>\n<hr data-start=\"1478\" data-end=\"1481\" \/>\n<h4 data-start=\"1483\" data-end=\"1502\"><span class=\"ez-toc-section\" id=\"Produktdetails\"><\/span>Produkto informacija<span class=\"ez-toc-section-end\"><\/span><\/h4>\n<p data-start=\"1504\" data-end=\"1667\">Turinys: 1000 g<br data-start=\"1553\" data-end=\"1556\" \/>Herkunft: Philippinen<br data-start=\"1577\" data-end=\"1580\" \/>Verarbeitung: Getrocknet<br data-start=\"1604\" data-end=\"1607\" \/>Zutaten: Bananen, Kokosnuss\u00f6l, Zucker, Honig, Bananenaroma<\/p>\n<hr data-start=\"1669\" data-end=\"1672\" \/>\n<h4 data-start=\"1674\" data-end=\"1688\"><span class=\"ez-toc-section\" id=\"Allergene\"><\/span>Alergenai<span class=\"ez-toc-section-end\"><\/span><\/h4>\n<p data-start=\"1690\" data-end=\"1744\">Gali b\u016bti \u017eem\u0117s rie\u0161ut\u0173, rie\u0161ut\u0173 ir sezamo p\u0117dsak\u0173.<\/p>\n<hr data-start=\"1746\" data-end=\"1749\" \/>\n<h4 data-start=\"1751\" data-end=\"1764\"><span class=\"ez-toc-section\" id=\"Lagerung\"><\/span>saugykla<span class=\"ez-toc-section-end\"><\/span><\/h4>\n<p data-start=\"1766\" data-end=\"1840\" data-is-last-node=\"\" data-is-only-node=\"\">Laikyti v\u0117sioje, sausoje, nuo \u0161viesos apsaugotoje vietoje. Atidarius sandariai u\u017edarykite.<\/p>\n<hr data-start=\"1746\" data-end=\"1749\" \/>\n<h4 data-start=\"413\" data-end=\"449\"><span class=\"ez-toc-section\" id=\"Weitere_Inspiration_entdecken\"><\/span>Weitere Inspiration entdecken<span class=\"ez-toc-section-end\"><\/span><\/h4>\n<p data-start=\"450\" data-end=\"582\">Du suchst weitere besondere Produkte? Entdecke zus\u00e4tzliche Highlights in unserem Sortiment oder st\u00f6bere in unseren Partnerprojekten:<\/p>\n<ul data-start=\"584\" data-end=\"920\">\n<li data-start=\"584\" data-end=\"656\"><a href=\"https:\/\/honigbee.com\/lt\/shop\/\">Weitere Naturprodukte bei Honigbee entdecken<\/a><\/li>\n<li data-start=\"657\" data-end=\"783\">\n<p data-start=\"659\" data-end=\"783\"><a href=\"https:\/\/matvana.com\/shop\/\" target=\"_blank\" rel=\"noopener\">Stilvolle Wohnideen bei Matvana ansehen<\/a><\/p>\n<\/li>\n<li data-start=\"784\" data-end=\"920\">\n<p data-start=\"786\" data-end=\"920\"><a href=\"https:\/\/saphirsmaragd.com\/shop\/\" target=\"_blank\" rel=\"noopener\">Edelsteine &amp; Schmuck bei Saphir &amp; Smaragd ansehen<\/a><\/p>\n<\/li>\n<\/ul>\n<hr data-start=\"1931\" data-end=\"1934\" \/>\n<p>Produktbilder dienen der Veranschaulichung. Verpackungsdesign kann abweichen.<\/p>\n<p data-start=\"1766\" data-end=\"1840\" data-is-last-node=\"\" data-is-only-node=\"\">","protected":false},"excerpt":{"rendered":"<p data-start=\"336\" data-end=\"460\"><em>1kg Bananenscheiben aus den Philippinen. Knusprige getrocknete Bananen \u2013 ideal als Snack, f\u00fcr M\u00fcsli, Desserts und Fr\u00fchst\u00fcck.<\/em><\/p>","protected":false},"featured_media":43489,"comment_status":"open","ping_status":"closed","template":"","meta":{"_glsr_average":0,"_glsr_ranking":0,"_glsr_reviews":0},"product_brand":[],"product_cat":[683],"product_tag":[],"class_list":{"0":"post-23394","1":"product","2":"type-product","3":"status-publish","4":"has-post-thumbnail","6":"product_cat-getrocknete-bananen","8":"first","9":"instock","10":"shipping-taxable","11":"purchasable","12":"product-type-simple","13":"add-to-wishlist-before_image"},"jetpack_sharing_enabled":true,"_links":{"self":[{"href":"https:\/\/honigbee.com\/lt\/wp-json\/wp\/v2\/product\/23394","targetHints":{"allow":["GET"]}}],"collection":[{"href":"https:\/\/honigbee.com\/lt\/wp-json\/wp\/v2\/product"}],"about":[{"href":"https:\/\/honigbee.com\/lt\/wp-json\/wp\/v2\/types\/product"}],"replies":[{"embeddable":true,"href":"https:\/\/honigbee.com\/lt\/wp-json\/wp\/v2\/comments?post=23394"}],"version-history":[{"count":3,"href":"https:\/\/honigbee.com\/lt\/wp-json\/wp\/v2\/product\/23394\/revisions"}],"predecessor-version":[{"id":43490,"href":"https:\/\/honigbee.com\/lt\/wp-json\/wp\/v2\/product\/23394\/revisions\/43490"}],"wp:featuredmedia":[{"embeddable":true,"href":"https:\/\/honigbee.com\/lt\/wp-json\/wp\/v2\/media\/43489"}],"wp:attachment":[{"href":"https:\/\/honigbee.com\/lt\/wp-json\/wp\/v2\/media?parent=23394"}],"wp:term":[{"taxonomy":"product_brand","embeddable":true,"href":"https:\/\/honigbee.com\/lt\/wp-json\/wp\/v2\/product_brand?post=23394"},{"taxonomy":"product_cat","embeddable":true,"href":"https:\/\/honigbee.com\/lt\/wp-json\/wp\/v2\/product_cat?post=23394"},{"taxonomy":"product_tag","embeddable":true,"href":"https:\/\/honigbee.com\/lt\/wp-json\/wp\/v2\/product_tag?post=23394"}],"curies":[{"name":"wp","href":"https:\/\/api.w.org\/{rel}","templated":true}]}}