{"id":23404,"date":"2025-05-29T13:12:54","date_gmt":"2025-05-29T13:12:54","guid":{"rendered":"https:\/\/honigbee.com\/?post_type=product&#038;p=23404"},"modified":"2026-02-28T18:36:24","modified_gmt":"2026-02-28T18:36:24","slug":"frucht-und-nussmischung-1-kg","status":"publish","type":"product","link":"https:\/\/honigbee.com\/lt\/produktas\/frucht-und-nussmischung-1-kg\/","title":{"rendered":"1 kg Frucht- und Nussmischung \u2013 Gesunde Mischung aus Trockenfr\u00fcchten und N\u00fcssen"},"content":{"rendered":"<div id=\"ez-toc-container\" class=\"ez-toc-v2_0_83 counter-hierarchy ez-toc-counter ez-toc-grey ez-toc-container-direction\">\n<div class=\"ez-toc-title-container\">\n<p class=\"ez-toc-title\" style=\"cursor:inherit\">Turinys<\/p>\n<span class=\"ez-toc-title-toggle\"><a href=\"#\" class=\"ez-toc-pull-right ez-toc-btn ez-toc-btn-xs ez-toc-btn-default ez-toc-toggle\" aria-label=\"Perjungti turin\u012f\"><span class=\"ez-toc-js-icon-con\"><span class=\"\"><span class=\"eztoc-hide\" style=\"display:none;\">Perjungti<\/span><span class=\"ez-toc-icon-toggle-span\"><svg style=\"fill: #999;color:#999\" xmlns=\"http:\/\/www.w3.org\/2000\/svg\" class=\"list-377408\" width=\"20px\" height=\"20px\" viewbox=\"0 0 24 24\" fill=\"none\"><path d=\"M6 6H4v2h2V6zm14 0H8v2h12V6zM4 11h2v2H4v-2zm16 0H8v2h12v-2zM4 16h2v2H4v-2zm16 0H8v2h12v-2z\" fill=\"currentColor\"><\/path><\/svg><svg style=\"fill: #999;color:#999\" class=\"arrow-unsorted-368013\" xmlns=\"http:\/\/www.w3.org\/2000\/svg\" width=\"10px\" height=\"10px\" viewbox=\"0 0 24 24\" version=\"1.2\" baseprofile=\"tiny\"><path d=\"M18.2 9.3l-6.2-6.3-6.2 6.3c-.2.2-.3.4-.3.7s.1.5.3.7c.2.2.4.3.7.3h11c.3 0 .5-.1.7-.3.2-.2.3-.5.3-.7s-.1-.5-.3-.7zM5.8 14.7l6.2 6.3 6.2-6.3c.2-.2.3-.5.3-.7s-.1-.5-.3-.7c-.2-.2-.4-.3-.7-.3h-11c-.3 0-.5.1-.7.3-.2.2-.3.5-.3.7s.1.5.3.7z\"\/><\/svg><\/span><\/span><\/span><\/a><\/span><\/div>\n<nav><ul class='ez-toc-list ez-toc-list-level-1' ><li class='ez-toc-page-1 ez-toc-heading-level-4'><a class=\"ez-toc-link ez-toc-heading-1\" href=\"https:\/\/honigbee.com\/lt\/produktas\/frucht-und-nussmischung-1-kg\/#1_kg_Frucht-_und_Nussmischung_%E2%80%93_Naturliche_Kombination_aus_Trockenfruchten_und_Nussen\" >1 kg Frucht- und Nussmischung \u2013 Nat\u00fcrliche Kombination aus Trockenfr\u00fcchten und N\u00fcssen<\/a><\/li><li class='ez-toc-page-1 ez-toc-heading-level-4'><a class=\"ez-toc-link ez-toc-heading-2\" href=\"https:\/\/honigbee.com\/lt\/produktas\/frucht-und-nussmischung-1-kg\/#Produktvorteile\" >Produkto privalumai<\/a><\/li><li class='ez-toc-page-1 ez-toc-heading-level-4'><a class=\"ez-toc-link ez-toc-heading-3\" href=\"https:\/\/honigbee.com\/lt\/produktas\/frucht-und-nussmischung-1-kg\/#Verwendung\" >naudoti<\/a><\/li><li class='ez-toc-page-1 ez-toc-heading-level-4'><a class=\"ez-toc-link ez-toc-heading-4\" href=\"https:\/\/honigbee.com\/lt\/produktas\/frucht-und-nussmischung-1-kg\/#Qualitat_und_Frische\" >Qualit\u00e4t und Frische<\/a><\/li><li class='ez-toc-page-1 ez-toc-heading-level-4'><a class=\"ez-toc-link ez-toc-heading-5\" href=\"https:\/\/honigbee.com\/lt\/produktas\/frucht-und-nussmischung-1-kg\/#Weitere_Inspiration_entdecken\" >Weitere Inspiration entdecken<\/a><\/li><\/ul><\/nav><\/div>\n<h4 data-start=\"134\" data-end=\"224\"><span class=\"ez-toc-section\" id=\"1_kg_Frucht-_und_Nussmischung_%E2%80%93_Naturliche_Kombination_aus_Trockenfruchten_und_Nussen\"><\/span>1 kg Frucht- und Nussmischung \u2013 Nat\u00fcrliche Kombination aus Trockenfr\u00fcchten und N\u00fcssen<span class=\"ez-toc-section-end\"><\/span><\/h4>\n<p data-start=\"226\" data-end=\"511\">Diese hochwertige Mischung kombiniert sorgf\u00e4ltig ausgew\u00e4hlte Trockenfr\u00fcchte und N\u00fcsse zu einem ausgewogenen, nat\u00fcrlichen Snack. Die Kombination bietet eine ideale Balance aus S\u00fc\u00dfe, Knackigkeit und wertvollen N\u00e4hrstoffen und eignet sich perfekt f\u00fcr eine bewusste und aktive Lebensweise.<\/p>\n<p data-start=\"513\" data-end=\"665\">Die Mischung liefert nat\u00fcrliche Energie, wichtige Vitamine und gesunde Fetts\u00e4uren. Ideal f\u00fcr den t\u00e4glichen Genuss \u2013 ob zu Hause, im B\u00fcro oder unterwegs.<\/p>\n<hr data-start=\"667\" data-end=\"670\" \/>\n<h4 data-start=\"672\" data-end=\"692\"><span class=\"ez-toc-section\" id=\"Produktvorteile\"><\/span>Produkto privalumai<span class=\"ez-toc-section-end\"><\/span><\/h4>\n<p data-start=\"694\" data-end=\"781\">Diese Frucht- und Nussmischung \u00fcberzeugt durch Qualit\u00e4t, Geschmack und N\u00e4hrstoffgehalt:<\/p>\n<p data-start=\"783\" data-end=\"1061\">\u2022 Kombination aus hochwertigen Trockenfr\u00fcchten und N\u00fcssen<br data-start=\"840\" data-end=\"843\" \/>\u2022 Nat\u00fcrliche Energiequelle f\u00fcr den Alltag<br data-start=\"884\" data-end=\"887\" \/>\u2022 Reich an Ballaststoffen, Vitaminen und Mineralstoffen<br data-start=\"942\" data-end=\"945\" \/>\u2022 Enth\u00e4lt gesunde unges\u00e4ttigte Fetts\u00e4uren<br data-start=\"986\" data-end=\"989\" \/>\u2022 Ohne k\u00fcnstliche Zusatzstoffe<br data-start=\"1019\" data-end=\"1022\" \/>\u2022 Ausgewogener s\u00fc\u00df-nussiger Geschmack<\/p>\n<p data-start=\"1063\" data-end=\"1150\">Die Mischung unterst\u00fctzt eine ausgewogene Ern\u00e4hrung und liefert langanhaltende Energie.<\/p>\n<hr data-start=\"1152\" data-end=\"1155\" \/>\n<h4 data-start=\"1157\" data-end=\"1172\"><span class=\"ez-toc-section\" id=\"Verwendung\"><\/span>naudoti<span class=\"ez-toc-section-end\"><\/span><\/h4>\n<p data-start=\"1174\" data-end=\"1229\">Die Frucht- und Nussmischung ist vielseitig einsetzbar:<\/p>\n<p data-start=\"1231\" data-end=\"1446\">\u2022 Als gesunder Snack f\u00fcr zwischendurch<br data-start=\"1269\" data-end=\"1272\" \/>\u2022 Ideal f\u00fcr M\u00fcsli, Joghurt oder Smoothie Bowls<br data-start=\"1318\" data-end=\"1321\" \/>\u2022 Perfekt f\u00fcr Sport, Arbeit oder Reisen<br data-start=\"1360\" data-end=\"1363\" \/>\u2022 Als Zutat f\u00fcr Backwaren und Desserts<br data-start=\"1401\" data-end=\"1404\" \/>\u2022 Als nat\u00fcrliche Energiequelle im Alltag<\/p>\n<p data-start=\"1448\" data-end=\"1505\">Eine praktische und leckere Erg\u00e4nzung f\u00fcr jede Ern\u00e4hrung.<\/p>\n<hr data-start=\"1507\" data-end=\"1510\" \/>\n<h4 data-start=\"1512\" data-end=\"1537\"><span class=\"ez-toc-section\" id=\"Qualitat_und_Frische\"><\/span>Qualit\u00e4t und Frische<span class=\"ez-toc-section-end\"><\/span><\/h4>\n<p data-start=\"1539\" data-end=\"1733\">Die Mischung wird sorgf\u00e4ltig verarbeitet, um Frische, Geschmack und N\u00e4hrstoffe optimal zu erhalten. Die wiederverschlie\u00dfbare Verpackung sch\u00fctzt das Produkt und sorgt f\u00fcr langanhaltende Qualit\u00e4t.<\/p>\n<p data-start=\"1735\" data-end=\"1797\">Nat\u00fcrlich, vielseitig und ideal f\u00fcr einen gesunden Lebensstil.<\/p>\n<hr data-start=\"1683\" data-end=\"1686\" \/>\n<h4 data-start=\"413\" data-end=\"449\"><span class=\"ez-toc-section\" id=\"Weitere_Inspiration_entdecken\"><\/span>Weitere Inspiration entdecken<span class=\"ez-toc-section-end\"><\/span><\/h4>\n<p data-start=\"450\" data-end=\"582\">Du suchst weitere besondere Produkte? Entdecke zus\u00e4tzliche Highlights in unserem Sortiment oder st\u00f6bere in unseren Partnerprojekten:<\/p>\n<ul data-start=\"584\" data-end=\"920\">\n<li data-start=\"584\" data-end=\"656\"><a href=\"https:\/\/honigbee.com\/lt\/shop\/\">Weitere Naturprodukte bei Honigbee entdecken<\/a><\/li>\n<li data-start=\"657\" data-end=\"783\">\n<p data-start=\"659\" data-end=\"783\"><a href=\"https:\/\/matvana.com\/shop\/\" target=\"_blank\" rel=\"noopener\">Stilvolle Wohnideen bei Matvana ansehen<\/a><\/p>\n<\/li>\n<li data-start=\"784\" data-end=\"920\">\n<p data-start=\"786\" data-end=\"920\"><a href=\"https:\/\/saphirsmaragd.com\/shop\/\" target=\"_blank\" rel=\"noopener\">Edelsteine &amp; Schmuck bei Saphir &amp; Smaragd ansehen<\/a><\/p>\n<\/li>\n<\/ul>\n<hr data-start=\"1931\" data-end=\"1934\" \/>\n<p>Produktbilder dienen der Veranschaulichung. Verpackungsdesign kann abweichen.<\/p>","protected":false},"excerpt":{"rendered":"<p data-start=\"190\" data-end=\"386\"><em>1 kg Frucht- und Nussmischung. Enth\u00e4lt Mandeln, Haseln\u00fcsse, Papaya, Rosinen und Ananas. Perfekt als Snack oder zum Verfeinern von Joghurt und Desserts.<\/em><\/p>","protected":false},"featured_media":42328,"comment_status":"open","ping_status":"closed","template":"","meta":{"_glsr_average":0,"_glsr_ranking":0,"_glsr_reviews":0},"product_brand":[],"product_cat":[1175],"product_tag":[],"class_list":{"0":"post-23404","1":"product","2":"type-product","3":"status-publish","4":"has-post-thumbnail","6":"product_cat-nussmischung","8":"first","9":"instock","10":"shipping-taxable","11":"purchasable","12":"product-type-simple","13":"add-to-wishlist-before_image"},"jetpack_sharing_enabled":true,"_links":{"self":[{"href":"https:\/\/honigbee.com\/lt\/wp-json\/wp\/v2\/product\/23404","targetHints":{"allow":["GET"]}}],"collection":[{"href":"https:\/\/honigbee.com\/lt\/wp-json\/wp\/v2\/product"}],"about":[{"href":"https:\/\/honigbee.com\/lt\/wp-json\/wp\/v2\/types\/product"}],"replies":[{"embeddable":true,"href":"https:\/\/honigbee.com\/lt\/wp-json\/wp\/v2\/comments?post=23404"}],"version-history":[{"count":4,"href":"https:\/\/honigbee.com\/lt\/wp-json\/wp\/v2\/product\/23404\/revisions"}],"predecessor-version":[{"id":42325,"href":"https:\/\/honigbee.com\/lt\/wp-json\/wp\/v2\/product\/23404\/revisions\/42325"}],"wp:featuredmedia":[{"embeddable":true,"href":"https:\/\/honigbee.com\/lt\/wp-json\/wp\/v2\/media\/42328"}],"wp:attachment":[{"href":"https:\/\/honigbee.com\/lt\/wp-json\/wp\/v2\/media?parent=23404"}],"wp:term":[{"taxonomy":"product_brand","embeddable":true,"href":"https:\/\/honigbee.com\/lt\/wp-json\/wp\/v2\/product_brand?post=23404"},{"taxonomy":"product_cat","embeddable":true,"href":"https:\/\/honigbee.com\/lt\/wp-json\/wp\/v2\/product_cat?post=23404"},{"taxonomy":"product_tag","embeddable":true,"href":"https:\/\/honigbee.com\/lt\/wp-json\/wp\/v2\/product_tag?post=23404"}],"curies":[{"name":"wp","href":"https:\/\/api.w.org\/{rel}","templated":true}]}}