{"id":45420,"date":"2026-05-08T13:53:26","date_gmt":"2026-05-08T13:53:26","guid":{"rendered":"https:\/\/honigbee.com\/?post_type=product&#038;p=45420"},"modified":"2026-05-08T13:57:29","modified_gmt":"2026-05-08T13:57:29","slug":"stumpenkerze-elfenbein-60x100mm-grosse-klassische-deko-kerze-schlicht-elegant-ca-30-40h-brenndauer","status":"publish","type":"product","link":"https:\/\/honigbee.com\/lt\/produktas\/stumpenkerze-elfenbein-60x100mm-grosse-klassische-deko-kerze-schlicht-elegant-ca-30-40h-brenndauer\/","title":{"rendered":"Stumpenkerze Elfenbein 60x100mm \u2013 Gro\u00dfe klassische Deko Kerze schlicht elegant ca. 30\u201340h Brenndauer"},"content":{"rendered":"<div id=\"ez-toc-container\" class=\"ez-toc-v2_0_83 counter-hierarchy ez-toc-counter ez-toc-grey ez-toc-container-direction\">\n<div class=\"ez-toc-title-container\">\n<p class=\"ez-toc-title\" style=\"cursor:inherit\">Turinys<\/p>\n<span class=\"ez-toc-title-toggle\"><a href=\"#\" class=\"ez-toc-pull-right ez-toc-btn ez-toc-btn-xs ez-toc-btn-default ez-toc-toggle\" aria-label=\"Perjungti turin\u012f\"><span class=\"ez-toc-js-icon-con\"><span class=\"\"><span class=\"eztoc-hide\" style=\"display:none;\">Perjungti<\/span><span class=\"ez-toc-icon-toggle-span\"><svg style=\"fill: #999;color:#999\" xmlns=\"http:\/\/www.w3.org\/2000\/svg\" class=\"list-377408\" width=\"20px\" height=\"20px\" viewbox=\"0 0 24 24\" fill=\"none\"><path d=\"M6 6H4v2h2V6zm14 0H8v2h12V6zM4 11h2v2H4v-2zm16 0H8v2h12v-2zM4 16h2v2H4v-2zm16 0H8v2h12v-2z\" fill=\"currentColor\"><\/path><\/svg><svg style=\"fill: #999;color:#999\" class=\"arrow-unsorted-368013\" xmlns=\"http:\/\/www.w3.org\/2000\/svg\" width=\"10px\" height=\"10px\" viewbox=\"0 0 24 24\" version=\"1.2\" baseprofile=\"tiny\"><path d=\"M18.2 9.3l-6.2-6.3-6.2 6.3c-.2.2-.3.4-.3.7s.1.5.3.7c.2.2.4.3.7.3h11c.3 0 .5-.1.7-.3.2-.2.3-.5.3-.7s-.1-.5-.3-.7zM5.8 14.7l6.2 6.3 6.2-6.3c.2-.2.3-.5.3-.7s-.1-.5-.3-.7c-.2-.2-.4-.3-.7-.3h-11c-.3 0-.5.1-.7.3-.2.2-.3.5-.3.7s.1.5.3.7z\"\/><\/svg><\/span><\/span><\/span><\/a><\/span><\/div>\n<nav><ul class='ez-toc-list ez-toc-list-level-1' ><li class='ez-toc-page-1 ez-toc-heading-level-4'><a class=\"ez-toc-link ez-toc-heading-1\" href=\"https:\/\/honigbee.com\/lt\/produktas\/stumpenkerze-elfenbein-60x100mm-grosse-klassische-deko-kerze-schlicht-elegant-ca-30-40h-brenndauer\/#Stumpenkerze_Elfenbein_60x100mm_fur_ruhige_elegante_Atmosphare\" >Stumpenkerze Elfenbein 60x100mm f\u00fcr ruhige &amp; elegante Atmosph\u00e4re<\/a><\/li><li class='ez-toc-page-1 ez-toc-heading-level-4'><a class=\"ez-toc-link ez-toc-heading-2\" href=\"https:\/\/honigbee.com\/lt\/produktas\/stumpenkerze-elfenbein-60x100mm-grosse-klassische-deko-kerze-schlicht-elegant-ca-30-40h-brenndauer\/#Klassisches_Design_fur_vielseitige_Dekoration\" >Klassisches Design f\u00fcr vielseitige Dekoration<\/a><\/li><li class='ez-toc-page-1 ez-toc-heading-level-4'><a class=\"ez-toc-link ez-toc-heading-3\" href=\"https:\/\/honigbee.com\/lt\/produktas\/stumpenkerze-elfenbein-60x100mm-grosse-klassische-deko-kerze-schlicht-elegant-ca-30-40h-brenndauer\/#Ideal_fur_Alltag_Events_besondere_Anlasse\" >Ideal f\u00fcr Alltag, Events &amp; besondere Anl\u00e4sse<\/a><\/li><li class='ez-toc-page-1 ez-toc-heading-level-4'><a class=\"ez-toc-link ez-toc-heading-4\" href=\"https:\/\/honigbee.com\/lt\/produktas\/stumpenkerze-elfenbein-60x100mm-grosse-klassische-deko-kerze-schlicht-elegant-ca-30-40h-brenndauer\/#Gleichmasige_und_lange_Brenndauer\" >Gleichm\u00e4\u00dfige und lange Brenndauer<\/a><\/li><li class='ez-toc-page-1 ez-toc-heading-level-4'><a class=\"ez-toc-link ez-toc-heading-5\" href=\"https:\/\/honigbee.com\/lt\/produktas\/stumpenkerze-elfenbein-60x100mm-grosse-klassische-deko-kerze-schlicht-elegant-ca-30-40h-brenndauer\/#Perfekt_kombinierbar_mit_weiteren_Kerzen\" >Perfekt kombinierbar mit weiteren Kerzen<\/a><\/li><li class='ez-toc-page-1 ez-toc-heading-level-4'><a class=\"ez-toc-link ez-toc-heading-6\" href=\"https:\/\/honigbee.com\/lt\/produktas\/stumpenkerze-elfenbein-60x100mm-grosse-klassische-deko-kerze-schlicht-elegant-ca-30-40h-brenndauer\/#Produktdetails\" >Produkto informacija<\/a><\/li><li class='ez-toc-page-1 ez-toc-heading-level-4'><a class=\"ez-toc-link ez-toc-heading-7\" href=\"https:\/\/honigbee.com\/lt\/produktas\/stumpenkerze-elfenbein-60x100mm-grosse-klassische-deko-kerze-schlicht-elegant-ca-30-40h-brenndauer\/#Weitere_Inspiration_entdecken\" >Weitere Inspiration entdecken<\/a><\/li><\/ul><\/nav><\/div>\n<h4 data-start=\"682\" data-end=\"753\"><span class=\"ez-toc-section\" id=\"Stumpenkerze_Elfenbein_60x100mm_fur_ruhige_elegante_Atmosphare\"><\/span>Stumpenkerze Elfenbein 60x100mm f\u00fcr ruhige &amp; elegante Atmosph\u00e4re<span class=\"ez-toc-section-end\"><\/span><\/h4>\n<p data-start=\"755\" data-end=\"897\">Die Stumpenkerze Elfenbein 60x100mm \u00fcberzeugt durch ihr zeitloses Design und sorgt f\u00fcr eine warme, entspannende Lichtstimmung in jedem Raum.<\/p>\n<hr data-start=\"899\" data-end=\"902\" \/>\n<h4 data-start=\"904\" data-end=\"956\"><span class=\"ez-toc-section\" id=\"Klassisches_Design_fur_vielseitige_Dekoration\"><\/span>Klassisches Design f\u00fcr vielseitige Dekoration<span class=\"ez-toc-section-end\"><\/span><\/h4>\n<p data-start=\"958\" data-end=\"1088\">Mit ihrer schlichten Elfenbeinfarbe passt diese Kerze perfekt zu modernen, minimalistischen oder klassischen Einrichtungsstilen.<\/p>\n<hr data-start=\"1090\" data-end=\"1093\" \/>\n<h4 data-start=\"1095\" data-end=\"1146\"><span class=\"ez-toc-section\" id=\"Ideal_fur_Alltag_Events_besondere_Anlasse\"><\/span>Ideal f\u00fcr Alltag, Events &amp; besondere Anl\u00e4sse<span class=\"ez-toc-section-end\"><\/span><\/h4>\n<p data-start=\"1148\" data-end=\"1252\">Ob im Wohnzimmer, auf dem Esstisch oder bei besonderen Anl\u00e4ssen \u2013 diese Kerze setzt stilvolle Akzente.<\/p>\n<hr data-start=\"1254\" data-end=\"1257\" \/>\n<h4 data-start=\"1259\" data-end=\"1299\"><span class=\"ez-toc-section\" id=\"Gleichmasige_und_lange_Brenndauer\"><\/span>Gleichm\u00e4\u00dfige und lange Brenndauer<span class=\"ez-toc-section-end\"><\/span><\/h4>\n<p data-start=\"1301\" data-end=\"1391\">Die hochwertige Verarbeitung sorgt f\u00fcr ein ruhiges Abbrennen und langanhaltende Nutzung.<\/p>\n<hr data-start=\"1393\" data-end=\"1396\" \/>\n<h4 data-start=\"1398\" data-end=\"1445\"><span class=\"ez-toc-section\" id=\"Perfekt_kombinierbar_mit_weiteren_Kerzen\"><\/span>Perfekt kombinierbar mit weiteren Kerzen<span class=\"ez-toc-section-end\"><\/span><\/h4>\n<p data-start=\"1447\" data-end=\"1537\">Ideal in Kombination mit anderen Gr\u00f6\u00dfen oder Farben f\u00fcr harmonische Dekorationskonzepte.<\/p>\n<hr data-start=\"1539\" data-end=\"1542\" \/>\n<h4 data-start=\"1544\" data-end=\"1565\"><span class=\"ez-toc-section\" id=\"Produktdetails\"><\/span>Produkto informacija<span class=\"ez-toc-section-end\"><\/span><\/h4>\n<p data-start=\"1567\" data-end=\"1756\"><strong data-start=\"1567\" data-end=\"1580\">Med\u017eiaga:<\/strong> Paraffinwachs<br data-start=\"1594\" data-end=\"1597\" \/><strong data-start=\"1597\" data-end=\"1607\">Spalva:<\/strong> Elfenbein<br data-start=\"1617\" data-end=\"1620\" \/><strong data-start=\"1620\" data-end=\"1636\">Durchmesser:<\/strong> ca. 5.8 cm<br data-start=\"1647\" data-end=\"1650\" \/><strong data-start=\"1650\" data-end=\"1659\">H\u00f6he:<\/strong> ca. 10 cm<br data-start=\"1669\" data-end=\"1672\" \/><strong data-start=\"1672\" data-end=\"1687\">Brenndauer:<\/strong> ca. 30\u201340 Stunden<br data-start=\"1705\" data-end=\"1708\" \/><strong data-start=\"1708\" data-end=\"1720\">Svoris:<\/strong> ca. 0.22 kg<br data-start=\"1732\" data-end=\"1735\" \/><strong data-start=\"1735\" data-end=\"1748\">Kilm\u0117:<\/strong> Polen<\/p>\n<hr data-start=\"2147\" data-end=\"2150\" \/>\n<h4 data-start=\"413\" data-end=\"449\"><span class=\"ez-toc-section\" id=\"Weitere_Inspiration_entdecken\"><\/span>Weitere Inspiration entdecken<span class=\"ez-toc-section-end\"><\/span><\/h4>\n<p data-start=\"450\" data-end=\"582\">Suchen Sie weitere besondere Produkte? Entdecken Sie zus\u00e4tzliche Highlights in unserem Sortiment oder besuchen Sie unsere Partnerprojekte:<\/p>\n<ul data-start=\"584\" data-end=\"920\">\n<li><a href=\"https:\/\/matvana.com\/shop\/\" target=\"_blank\" rel=\"noopener\">Stilvolle Wohn- &amp; Geschenkideen bei Matvana entdecken<\/a><\/li>\n<li data-start=\"657\" data-end=\"783\">\n<p data-start=\"659\" data-end=\"783\"><a href=\"https:\/\/honigbee.com\/lt\/shop\/\">Nat\u00fcrliche Produkte bei Honigbee ansehen<br \/>\n<\/a><\/p>\n<\/li>\n<li><a href=\"https:\/\/saphirsmaragd.com\/shop\/\" target=\"_blank\" rel=\"noopener\">Edelsteine &amp; Schmuckst\u00fccke bei Saphir &amp; Smaragd entdecken<\/a><\/li>\n<\/ul>","protected":false},"excerpt":{"rendered":"<p data-start=\"384\" data-end=\"523\"><em>Stumpenkerze Elfenbein 60x100mm in klassischem Design. Elegante Deko Kerze mit ruhigem Licht und langer Brenndauer f\u00fcr stilvolle Wohnr\u00e4ume.<\/em><\/p>","protected":false},"featured_media":45527,"comment_status":"open","ping_status":"closed","template":"","meta":{"_glsr_average":0,"_glsr_ranking":0,"_glsr_reviews":0},"product_brand":[],"product_cat":[1543],"product_tag":[],"class_list":{"0":"post-45420","1":"product","2":"type-product","3":"status-publish","4":"has-post-thumbnail","6":"product_cat-deko-kerzen","8":"first","9":"instock","10":"shipping-taxable","11":"purchasable","12":"product-type-simple","13":"add-to-wishlist-before_image"},"jetpack_sharing_enabled":true,"_links":{"self":[{"href":"https:\/\/honigbee.com\/lt\/wp-json\/wp\/v2\/product\/45420","targetHints":{"allow":["GET"]}}],"collection":[{"href":"https:\/\/honigbee.com\/lt\/wp-json\/wp\/v2\/product"}],"about":[{"href":"https:\/\/honigbee.com\/lt\/wp-json\/wp\/v2\/types\/product"}],"replies":[{"embeddable":true,"href":"https:\/\/honigbee.com\/lt\/wp-json\/wp\/v2\/comments?post=45420"}],"version-history":[{"count":1,"href":"https:\/\/honigbee.com\/lt\/wp-json\/wp\/v2\/product\/45420\/revisions"}],"predecessor-version":[{"id":45528,"href":"https:\/\/honigbee.com\/lt\/wp-json\/wp\/v2\/product\/45420\/revisions\/45528"}],"wp:featuredmedia":[{"embeddable":true,"href":"https:\/\/honigbee.com\/lt\/wp-json\/wp\/v2\/media\/45527"}],"wp:attachment":[{"href":"https:\/\/honigbee.com\/lt\/wp-json\/wp\/v2\/media?parent=45420"}],"wp:term":[{"taxonomy":"product_brand","embeddable":true,"href":"https:\/\/honigbee.com\/lt\/wp-json\/wp\/v2\/product_brand?post=45420"},{"taxonomy":"product_cat","embeddable":true,"href":"https:\/\/honigbee.com\/lt\/wp-json\/wp\/v2\/product_cat?post=45420"},{"taxonomy":"product_tag","embeddable":true,"href":"https:\/\/honigbee.com\/lt\/wp-json\/wp\/v2\/product_tag?post=45420"}],"curies":[{"name":"wp","href":"https:\/\/api.w.org\/{rel}","templated":true}]}}