{"id":14266,"date":"2025-01-05T18:33:16","date_gmt":"2025-01-05T18:33:16","guid":{"rendered":"https:\/\/honigbee.com\/?post_type=product&#038;p=14266"},"modified":"2026-02-28T18:40:37","modified_gmt":"2026-02-28T18:40:37","slug":"1-kg-bio-haselnuesse","status":"publish","type":"product","link":"https:\/\/honigbee.com\/lv\/products\/1-kg-bio-haselnuesse\/","title":{"rendered":"1 kg Bio Haseln\u00fcsse \u2013 Ganz, Ungesalzen, Aus Kontrolliertem Biologischem Anbau"},"content":{"rendered":"<div id=\"ez-toc-container\" class=\"ez-toc-v2_0_83 counter-hierarchy ez-toc-counter ez-toc-grey ez-toc-container-direction\">\n<div class=\"ez-toc-title-container\">\n<p class=\"ez-toc-title\" style=\"cursor:inherit\">Satura r\u0101d\u012bt\u0101js<\/p>\n<span class=\"ez-toc-title-toggle\"><a href=\"#\" class=\"ez-toc-pull-right ez-toc-btn ez-toc-btn-xs ez-toc-btn-default ez-toc-toggle\" aria-label=\"P\u0101rsl\u0113gt satura r\u0101d\u012bt\u0101ju\"><span class=\"ez-toc-js-icon-con\"><span class=\"\"><span class=\"eztoc-hide\" style=\"display:none;\">P\u0101rsl\u0113gt<\/span><span class=\"ez-toc-icon-toggle-span\"><svg style=\"fill: #999;color:#999\" xmlns=\"http:\/\/www.w3.org\/2000\/svg\" class=\"list-377408\" width=\"20px\" height=\"20px\" viewbox=\"0 0 24 24\" fill=\"none\"><path d=\"M6 6H4v2h2V6zm14 0H8v2h12V6zM4 11h2v2H4v-2zm16 0H8v2h12v-2zM4 16h2v2H4v-2zm16 0H8v2h12v-2z\" fill=\"currentColor\"><\/path><\/svg><svg style=\"fill: #999;color:#999\" class=\"arrow-unsorted-368013\" xmlns=\"http:\/\/www.w3.org\/2000\/svg\" width=\"10px\" height=\"10px\" viewbox=\"0 0 24 24\" version=\"1.2\" baseprofile=\"tiny\"><path d=\"M18.2 9.3l-6.2-6.3-6.2 6.3c-.2.2-.3.4-.3.7s.1.5.3.7c.2.2.4.3.7.3h11c.3 0 .5-.1.7-.3.2-.2.3-.5.3-.7s-.1-.5-.3-.7zM5.8 14.7l6.2 6.3 6.2-6.3c.2-.2.3-.5.3-.7s-.1-.5-.3-.7c-.2-.2-.4-.3-.7-.3h-11c-.3 0-.5.1-.7.3-.2.2-.3.5-.3.7s.1.5.3.7z\"\/><\/svg><\/span><\/span><\/span><\/a><\/span><\/div>\n<nav><ul class='ez-toc-list ez-toc-list-level-1' ><li class='ez-toc-page-1 ez-toc-heading-level-4'><a class=\"ez-toc-link ez-toc-heading-1\" href=\"https:\/\/honigbee.com\/lv\/products\/1-kg-bio-haselnuesse\/#Naturlich_aromatisch_%E2%80%93_Ganze_Haselnusse_in_Bio-Qualitat\" >Nat\u00fcrlich aromatisch \u2013 Ganze Haseln\u00fcsse in Bio-Qualit\u00e4t<\/a><\/li><li class='ez-toc-page-1 ez-toc-heading-level-4'><a class=\"ez-toc-link ez-toc-heading-2\" href=\"https:\/\/honigbee.com\/lv\/products\/1-kg-bio-haselnuesse\/#Produktvorteile\" >Produkta priek\u0161roc\u012bbas<\/a><\/li><li class='ez-toc-page-1 ez-toc-heading-level-4'><a class=\"ez-toc-link ez-toc-heading-3\" href=\"https:\/\/honigbee.com\/lv\/products\/1-kg-bio-haselnuesse\/#Verwendungsmoglichkeiten\" >Iesp\u0113jamie pielietojumi<\/a><\/li><li class='ez-toc-page-1 ez-toc-heading-level-4'><a class=\"ez-toc-link ez-toc-heading-4\" href=\"https:\/\/honigbee.com\/lv\/products\/1-kg-bio-haselnuesse\/#Produktdetails\" >Produkta inform\u0101cija<\/a><\/li><li class='ez-toc-page-1 ez-toc-heading-level-4'><a class=\"ez-toc-link ez-toc-heading-5\" href=\"https:\/\/honigbee.com\/lv\/products\/1-kg-bio-haselnuesse\/#Weitere_Inspiration_entdecken\" >Weitere Inspiration entdecken<\/a><\/li><\/ul><\/nav><\/div>\n<h4 data-start=\"123\" data-end=\"182\"><span class=\"ez-toc-section\" id=\"Naturlich_aromatisch_%E2%80%93_Ganze_Haselnusse_in_Bio-Qualitat\"><\/span>Nat\u00fcrlich aromatisch \u2013 Ganze Haseln\u00fcsse in Bio-Qualit\u00e4t<span class=\"ez-toc-section-end\"><\/span><\/h4>\n<p data-start=\"184\" data-end=\"388\">\u0160is <strong data-start=\"190\" data-end=\"208\">Bio Haseln\u00fcsse<\/strong> \u00fcberzeugen durch ihren mild-nussigen Geschmack und ihre knackige Textur. Die ganzen Kerne sind naturbelassen, ungesalzen und frei von Zus\u00e4tzen \u2013 ideal f\u00fcr eine bewusste Ern\u00e4hrung.<\/p>\n<p data-start=\"390\" data-end=\"547\">Ob als Snack, zum Backen oder zum Verfeinern von M\u00fcslis und Desserts \u2013 Haseln\u00fcsse sind vielseitig einsetzbar und liefern wertvolle N\u00e4hrstoffe f\u00fcr den Alltag.<\/p>\n<hr data-start=\"549\" data-end=\"552\" \/>\n<h4 data-start=\"554\" data-end=\"573\"><span class=\"ez-toc-section\" id=\"Produktvorteile\"><\/span>Produkta priek\u0161roc\u012bbas<span class=\"ez-toc-section-end\"><\/span><\/h4>\n<p data-start=\"575\" data-end=\"810\">\u2022 Ganze Haselnusskerne \u2013 naturbelassen und nicht ger\u00f6stet<br data-start=\"632\" data-end=\"635\" \/>\u2022 Ungesalzen und ohne Zusatzstoffe<br data-start=\"669\" data-end=\"672\" \/>\u2022 Aus kontrolliert biologischem Anbau<br data-start=\"709\" data-end=\"712\" \/>\u2022 Reich an gesunden Fetten und pflanzlichem Eiwei\u00df<br data-start=\"762\" data-end=\"765\" \/>\u2022 Ideal zum Backen, Snacken oder f\u00fcr M\u00fcslis<\/p>\n<hr data-start=\"812\" data-end=\"815\" \/>\n<h4 data-start=\"817\" data-end=\"845\"><span class=\"ez-toc-section\" id=\"Verwendungsmoglichkeiten\"><\/span>Iesp\u0113jamie pielietojumi<span class=\"ez-toc-section-end\"><\/span><\/h4>\n<p data-start=\"847\" data-end=\"891\">Die Haseln\u00fcsse eignen sich hervorragend f\u00fcr:<\/p>\n<p data-start=\"893\" data-end=\"1049\">\u2022 Kuchen, Torten und Geb\u00e4ck<br data-start=\"920\" data-end=\"923\" \/>\u2022 M\u00fcslis und Bowls<br data-start=\"941\" data-end=\"944\" \/>\u2022 Selbstgemachte Nussmuse<br data-start=\"969\" data-end=\"972\" \/>\u2022 Salate und herzhafte Gerichte<br data-start=\"1003\" data-end=\"1006\" \/>\u2022 Als nat\u00fcrlicher Snack f\u00fcr zwischendurch<\/p>\n<hr data-start=\"1051\" data-end=\"1054\" \/>\n<h4 data-start=\"1056\" data-end=\"1074\"><span class=\"ez-toc-section\" id=\"Produktdetails\"><\/span>Produkta inform\u0101cija<span class=\"ez-toc-section-end\"><\/span><\/h4>\n<p data-start=\"1076\" data-end=\"1216\">Ietilp\u012bba: 1 kg<br data-start=\"1088\" data-end=\"1091\" \/>Qualit\u00e4t: Bio, naturbelassen<br data-start=\"1119\" data-end=\"1122\" \/>Zustand: Ganz, ohne Schale<br data-start=\"1148\" data-end=\"1151\" \/>Verarbeitung: Roh, unger\u00f6stet<br data-start=\"1180\" data-end=\"1183\" \/>Ohne Salz und ohne Zusatzstoffe<\/p>\n<hr data-start=\"1683\" data-end=\"1686\" \/>\n<h4 data-start=\"413\" data-end=\"449\"><span class=\"ez-toc-section\" id=\"Weitere_Inspiration_entdecken\"><\/span>Weitere Inspiration entdecken<span class=\"ez-toc-section-end\"><\/span><\/h4>\n<p data-start=\"450\" data-end=\"582\">Du suchst weitere besondere Produkte? Entdecke zus\u00e4tzliche Highlights in unserem Sortiment oder st\u00f6bere in unseren Partnerprojekten:<\/p>\n<ul data-start=\"584\" data-end=\"920\">\n<li data-start=\"584\" data-end=\"656\"><a href=\"https:\/\/honigbee.com\/lv\/shop\/\">Weitere Naturprodukte bei Honigbee entdecken<\/a><\/li>\n<li data-start=\"657\" data-end=\"783\">\n<p data-start=\"659\" data-end=\"783\"><a href=\"https:\/\/matvana.com\/shop\/\" target=\"_blank\" rel=\"noopener\">Stilvolle Wohnideen bei Matvana ansehen<\/a><\/p>\n<\/li>\n<li data-start=\"784\" data-end=\"920\">\n<p data-start=\"786\" data-end=\"920\"><a href=\"https:\/\/saphirsmaragd.com\/shop\/\" target=\"_blank\" rel=\"noopener\">Edelsteine &amp; Schmuck bei Saphir &amp; Smaragd ansehen<\/a><\/p>\n<\/li>\n<\/ul>\n<hr data-start=\"1931\" data-end=\"1934\" \/>\n<p>Produktbilder dienen der Veranschaulichung. Verpackungsdesign kann abweichen.<\/p>","protected":false},"excerpt":{"rendered":"<p data-start=\"1435\" data-end=\"1581\"><em>1 kg Bio Haseln\u00fcsse ganz, naturbelassen und ungesalzen. Roh, ohne Zus\u00e4tze und ideal zum Backen, Snacken oder f\u00fcr M\u00fcslis. Hochwertige Bio-Qualit\u00e4t.<\/em><\/p>","protected":false},"featured_media":42198,"comment_status":"open","ping_status":"closed","template":"","meta":{"_glsr_average":0,"_glsr_ranking":0,"_glsr_reviews":0},"product_brand":[],"product_cat":[637],"product_tag":[],"class_list":{"0":"post-14266","1":"product","2":"type-product","3":"status-publish","4":"has-post-thumbnail","6":"product_cat-haselnuesse","8":"first","9":"instock","10":"shipping-taxable","11":"purchasable","12":"product-type-simple","13":"add-to-wishlist-before_image"},"jetpack_sharing_enabled":true,"_links":{"self":[{"href":"https:\/\/honigbee.com\/lv\/wp-json\/wp\/v2\/product\/14266","targetHints":{"allow":["GET"]}}],"collection":[{"href":"https:\/\/honigbee.com\/lv\/wp-json\/wp\/v2\/product"}],"about":[{"href":"https:\/\/honigbee.com\/lv\/wp-json\/wp\/v2\/types\/product"}],"replies":[{"embeddable":true,"href":"https:\/\/honigbee.com\/lv\/wp-json\/wp\/v2\/comments?post=14266"}],"version-history":[{"count":4,"href":"https:\/\/honigbee.com\/lv\/wp-json\/wp\/v2\/product\/14266\/revisions"}],"predecessor-version":[{"id":43200,"href":"https:\/\/honigbee.com\/lv\/wp-json\/wp\/v2\/product\/14266\/revisions\/43200"}],"wp:featuredmedia":[{"embeddable":true,"href":"https:\/\/honigbee.com\/lv\/wp-json\/wp\/v2\/media\/42198"}],"wp:attachment":[{"href":"https:\/\/honigbee.com\/lv\/wp-json\/wp\/v2\/media?parent=14266"}],"wp:term":[{"taxonomy":"product_brand","embeddable":true,"href":"https:\/\/honigbee.com\/lv\/wp-json\/wp\/v2\/product_brand?post=14266"},{"taxonomy":"product_cat","embeddable":true,"href":"https:\/\/honigbee.com\/lv\/wp-json\/wp\/v2\/product_cat?post=14266"},{"taxonomy":"product_tag","embeddable":true,"href":"https:\/\/honigbee.com\/lv\/wp-json\/wp\/v2\/product_tag?post=14266"}],"curies":[{"name":"wp","href":"https:\/\/api.w.org\/{rel}","templated":true}]}}