{"id":16106,"date":"2025-02-05T14:16:07","date_gmt":"2025-02-05T14:16:07","guid":{"rendered":"https:\/\/honigbee.com\/?post_type=product&#038;p=16106"},"modified":"2026-03-14T15:45:45","modified_gmt":"2026-03-14T15:45:45","slug":"500g-patagonischer-gebirgshonig","status":"publish","type":"product","link":"https:\/\/honigbee.com\/lv\/products\/500g-patagonischer-gebirgshonig\/","title":{"rendered":"500 g Patagonijas kalnu medus \u2013 intens\u012bvi akt\u012bvs neapstr\u0101d\u0101ts medus no Andiem"},"content":{"rendered":"<div id=\"ez-toc-container\" class=\"ez-toc-v2_0_83 counter-hierarchy ez-toc-counter ez-toc-grey ez-toc-container-direction\">\n<div class=\"ez-toc-title-container\">\n<p class=\"ez-toc-title\" style=\"cursor:inherit\">Satura r\u0101d\u012bt\u0101js<\/p>\n<span class=\"ez-toc-title-toggle\"><a href=\"#\" class=\"ez-toc-pull-right ez-toc-btn ez-toc-btn-xs ez-toc-btn-default ez-toc-toggle\" aria-label=\"P\u0101rsl\u0113gt satura r\u0101d\u012bt\u0101ju\"><span class=\"ez-toc-js-icon-con\"><span class=\"\"><span class=\"eztoc-hide\" style=\"display:none;\">P\u0101rsl\u0113gt<\/span><span class=\"ez-toc-icon-toggle-span\"><svg style=\"fill: #999;color:#999\" xmlns=\"http:\/\/www.w3.org\/2000\/svg\" class=\"list-377408\" width=\"20px\" height=\"20px\" viewbox=\"0 0 24 24\" fill=\"none\"><path d=\"M6 6H4v2h2V6zm14 0H8v2h12V6zM4 11h2v2H4v-2zm16 0H8v2h12v-2zM4 16h2v2H4v-2zm16 0H8v2h12v-2z\" fill=\"currentColor\"><\/path><\/svg><svg style=\"fill: #999;color:#999\" class=\"arrow-unsorted-368013\" xmlns=\"http:\/\/www.w3.org\/2000\/svg\" width=\"10px\" height=\"10px\" viewbox=\"0 0 24 24\" version=\"1.2\" baseprofile=\"tiny\"><path d=\"M18.2 9.3l-6.2-6.3-6.2 6.3c-.2.2-.3.4-.3.7s.1.5.3.7c.2.2.4.3.7.3h11c.3 0 .5-.1.7-.3.2-.2.3-.5.3-.7s-.1-.5-.3-.7zM5.8 14.7l6.2 6.3 6.2-6.3c.2-.2.3-.5.3-.7s-.1-.5-.3-.7c-.2-.2-.4-.3-.7-.3h-11c-.3 0-.5.1-.7.3-.2.2-.3.5-.3.7s.1.5.3.7z\"\/><\/svg><\/span><\/span><\/span><\/a><\/span><\/div>\n<nav><ul class='ez-toc-list ez-toc-list-level-1' ><li class='ez-toc-page-1 ez-toc-heading-level-4'><a class=\"ez-toc-link ez-toc-heading-1\" href=\"https:\/\/honigbee.com\/lv\/products\/500g-patagonischer-gebirgshonig\/#Patagonischer_Gebirgshonig_500%E2%80%AFg_%E2%80%93_Premium_Rohhonig_mit_APF_200_aus_den_Anden\" >Patagonischer Gebirgshonig 500\u202fg \u2013 Premium Rohhonig mit APF 200+ aus den Anden<\/a><\/li><li class='ez-toc-page-1 ez-toc-heading-level-4'><a class=\"ez-toc-link ez-toc-heading-2\" href=\"https:\/\/honigbee.com\/lv\/products\/500g-patagonischer-gebirgshonig\/#Merkmale_Herkunft\" >Raksturojums un izcelsme<\/a><\/li><li class='ez-toc-page-1 ez-toc-heading-level-4'><a class=\"ez-toc-link ez-toc-heading-3\" href=\"https:\/\/honigbee.com\/lv\/products\/500g-patagonischer-gebirgshonig\/#Besonderheiten\" >\u012apa\u0161as funkcijas<\/a><\/li><li class='ez-toc-page-1 ez-toc-heading-level-4'><a class=\"ez-toc-link ez-toc-heading-4\" href=\"https:\/\/honigbee.com\/lv\/products\/500g-patagonischer-gebirgshonig\/#Weitere_Inspiration_entdecken\" >Weitere Inspiration entdecken<\/a><\/li><\/ul><\/nav><\/div>\n<h4 data-start=\"741\" data-end=\"832\"><span class=\"ez-toc-section\" id=\"Patagonischer_Gebirgshonig_500%E2%80%AFg_%E2%80%93_Premium_Rohhonig_mit_APF_200_aus_den_Anden\"><\/span>Patagonischer Gebirgshonig 500\u202fg \u2013 Premium Rohhonig mit APF 200+ aus den Anden<span class=\"ez-toc-section-end\"><\/span><\/h4>\n<p data-start=\"834\" data-end=\"1197\">\u0160is medus n\u0101k no \u010c\u012bles Patagonijas augstien\u0113m \u2014 viena no neskart\u0101kajiem re\u0123ioniem pasaul\u0113. Ar sertific\u0113tu bioaktivit\u0101tes v\u0113rt\u012bbu APF 200+ tas pied\u0101v\u0101 ne tikai arom\u0101tisku dzi\u013cumu, bet ar\u012b dabisku ieguld\u012bjumu j\u016bsu labsaj\u016btai. Medus pazin\u0113jiem, kuri v\u0113las apvienot dabiskumu, ilgtsp\u0113j\u012bbu un efektivit\u0101ti vien\u0101 burk\u0101.<\/p>\n<hr data-start=\"1199\" data-end=\"1202\" \/>\n<h4 data-start=\"1204\" data-end=\"1228\"><span class=\"ez-toc-section\" id=\"Merkmale_Herkunft\"><\/span>Raksturojums un izcelsme<span class=\"ez-toc-section-end\"><\/span><\/h4>\n<p data-start=\"1230\" data-end=\"1478\">Produktname: Patagonischer Gebirgshonig<br data-start=\"1277\" data-end=\"1280\" \/>Saturs: 500 g<br data-start=\"1293\" data-end=\"1296\" \/>APF v\u0113rt\u012bba: 200+ (akt\u012bvs Patagonijas faktors)<br data-start=\"1336\" data-end=\"1339\" \/>Izcelsme: Andu re\u0123ions, \u010c\u012ble<br data-start=\"1367\" data-end=\"1370\" \/>Kr\u0101sa: Dzintara<br data-start=\"1392\" data-end=\"1395\" \/>Konsistence: Kr\u0113m\u012bga<br data-start=\"1413\" data-end=\"1416\" \/>Apstr\u0101de: Neapstr\u0101d\u0101ts, nekars\u0113ts, nefiltr\u0113ts<\/p>\n<hr data-start=\"1480\" data-end=\"1483\" \/>\n<h4 data-start=\"1485\" data-end=\"1504\"><span class=\"ez-toc-section\" id=\"Besonderheiten\"><\/span>\u012apa\u0161as funkcijas<span class=\"ez-toc-section-end\"><\/span><\/h4>\n<ul data-start=\"1506\" data-end=\"1822\">\n<li data-start=\"1506\" data-end=\"1568\">\n<p data-start=\"1508\" data-end=\"1568\">100 % neapstr\u0101d\u0101ts un dab\u012bgs \u2013 bez piedev\u0101m vai apstr\u0101des<\/p>\n<\/li>\n<li data-start=\"1569\" data-end=\"1634\">\n<p data-start=\"1571\" data-end=\"1634\">APF 200+ \u2013 pier\u0101d\u012bta antibakteri\u0101la un antioksidanta iedarb\u012bba<\/p>\n<\/li>\n<li data-start=\"1635\" data-end=\"1700\">\n<p data-start=\"1637\" data-end=\"1700\">Pilnv\u0113rt\u012bgs arom\u0101ts \u2013 ar karameles un viegli r\u016bgten\u0101m not\u012bm<\/p>\n<\/li>\n<li data-start=\"1701\" data-end=\"1759\">\n<p data-start=\"1703\" data-end=\"1759\">Nov\u0101kts videi draudz\u012bg\u0101 veid\u0101 \u2013 no neskartas augstienes dabas<\/p>\n<\/li>\n<li data-start=\"1760\" data-end=\"1822\">\n<p data-start=\"1762\" data-end=\"1822\">Ide\u0101li piem\u0113rots k\u0101 ikdienas ener\u0123ijas pastiprin\u0101t\u0101js vai kulin\u0101rijas sast\u0101vda\u013ca<\/p>\n<\/li>\n<\/ul>\n<hr data-start=\"1896\" data-end=\"1899\" \/>\n<h4 data-start=\"413\" data-end=\"449\"><span class=\"ez-toc-section\" id=\"Weitere_Inspiration_entdecken\"><\/span>Weitere Inspiration entdecken<span class=\"ez-toc-section-end\"><\/span><\/h4>\n<p data-start=\"450\" data-end=\"582\">Du suchst weitere besondere Produkte? Entdecke zus\u00e4tzliche Highlights in unserem Sortiment oder st\u00f6bere in unseren Partnerprojekten:<\/p>\n<ul data-start=\"584\" data-end=\"920\">\n<li data-start=\"584\" data-end=\"656\"><a href=\"https:\/\/honigbee.com\/lv\/shop\/\">Weitere Naturprodukte bei Honigbee entdecken<\/a><\/li>\n<li data-start=\"657\" data-end=\"783\">\n<p data-start=\"659\" data-end=\"783\"><a href=\"https:\/\/matvana.com\/shop\/\" target=\"_blank\" rel=\"noopener\">Stilvolle Wohnideen bei Matvana ansehen<\/a><\/p>\n<\/li>\n<li data-start=\"784\" data-end=\"920\">\n<p data-start=\"786\" data-end=\"920\"><a href=\"https:\/\/saphirsmaragd.com\/shop\/\" target=\"_blank\" rel=\"noopener\">Edelsteine &amp; Schmuck bei Saphir &amp; Smaragd ansehen<\/a><\/p>\n<\/li>\n<\/ul>\n<hr data-start=\"1931\" data-end=\"1934\" \/>\n<p>Produktbilder dienen der Veranschaulichung. Verpackungsdesign kann abweichen.<\/p>","protected":false},"excerpt":{"rendered":"<p class=\"\" data-start=\"5481\" data-end=\"5680\"><em>500g Patagonischer Gebirgshonig \u2013 100% nat\u00fcrlicher Rohhonig aus den Anden. Unterst\u00fctzt Immunsystem, Ged\u00e4chtnis und Verdauung. APF 200+ Aktivit\u00e4t. Jetzt entdecken!<\/em><\/p>","protected":false},"featured_media":43759,"comment_status":"open","ping_status":"closed","template":"","meta":{"_glsr_average":0,"_glsr_ranking":0,"_glsr_reviews":0},"product_brand":[],"product_cat":[117],"product_tag":[],"class_list":{"0":"post-16106","1":"product","2":"type-product","3":"status-publish","4":"has-post-thumbnail","6":"product_cat-bergeichenhonig","8":"first","9":"instock","10":"shipping-taxable","11":"purchasable","12":"product-type-simple","13":"add-to-wishlist-before_image"},"jetpack_sharing_enabled":true,"_links":{"self":[{"href":"https:\/\/honigbee.com\/lv\/wp-json\/wp\/v2\/product\/16106","targetHints":{"allow":["GET"]}}],"collection":[{"href":"https:\/\/honigbee.com\/lv\/wp-json\/wp\/v2\/product"}],"about":[{"href":"https:\/\/honigbee.com\/lv\/wp-json\/wp\/v2\/types\/product"}],"replies":[{"embeddable":true,"href":"https:\/\/honigbee.com\/lv\/wp-json\/wp\/v2\/comments?post=16106"}],"version-history":[{"count":5,"href":"https:\/\/honigbee.com\/lv\/wp-json\/wp\/v2\/product\/16106\/revisions"}],"predecessor-version":[{"id":43760,"href":"https:\/\/honigbee.com\/lv\/wp-json\/wp\/v2\/product\/16106\/revisions\/43760"}],"wp:featuredmedia":[{"embeddable":true,"href":"https:\/\/honigbee.com\/lv\/wp-json\/wp\/v2\/media\/43759"}],"wp:attachment":[{"href":"https:\/\/honigbee.com\/lv\/wp-json\/wp\/v2\/media?parent=16106"}],"wp:term":[{"taxonomy":"product_brand","embeddable":true,"href":"https:\/\/honigbee.com\/lv\/wp-json\/wp\/v2\/product_brand?post=16106"},{"taxonomy":"product_cat","embeddable":true,"href":"https:\/\/honigbee.com\/lv\/wp-json\/wp\/v2\/product_cat?post=16106"},{"taxonomy":"product_tag","embeddable":true,"href":"https:\/\/honigbee.com\/lv\/wp-json\/wp\/v2\/product_tag?post=16106"}],"curies":[{"name":"wp","href":"https:\/\/api.w.org\/{rel}","templated":true}]}}