{"id":16832,"date":"2025-04-04T09:47:32","date_gmt":"2025-04-04T09:47:32","guid":{"rendered":"https:\/\/honigbee.com\/?post_type=product&#038;p=16832"},"modified":"2026-02-27T15:51:41","modified_gmt":"2026-02-27T15:51:41","slug":"sidr-honig-geschenkbox-1-kg","status":"publish","type":"product","link":"https:\/\/honigbee.com\/lv\/products\/sidr-honig-geschenkbox-1-kg\/","title":{"rendered":"Sidr medus d\u0101vanu kaste 1 kg \u2013 augst\u0101k\u0101s kvalit\u0101tes neapstr\u0101d\u0101ts medus no Jemenas luksusa iepakojum\u0101"},"content":{"rendered":"<div id=\"ez-toc-container\" class=\"ez-toc-v2_0_83 counter-hierarchy ez-toc-counter ez-toc-grey ez-toc-container-direction\">\n<div class=\"ez-toc-title-container\">\n<p class=\"ez-toc-title\" style=\"cursor:inherit\">Satura r\u0101d\u012bt\u0101js<\/p>\n<span class=\"ez-toc-title-toggle\"><a href=\"#\" class=\"ez-toc-pull-right ez-toc-btn ez-toc-btn-xs ez-toc-btn-default ez-toc-toggle\" aria-label=\"P\u0101rsl\u0113gt satura r\u0101d\u012bt\u0101ju\"><span class=\"ez-toc-js-icon-con\"><span class=\"\"><span class=\"eztoc-hide\" style=\"display:none;\">P\u0101rsl\u0113gt<\/span><span class=\"ez-toc-icon-toggle-span\"><svg style=\"fill: #999;color:#999\" xmlns=\"http:\/\/www.w3.org\/2000\/svg\" class=\"list-377408\" width=\"20px\" height=\"20px\" viewbox=\"0 0 24 24\" fill=\"none\"><path d=\"M6 6H4v2h2V6zm14 0H8v2h12V6zM4 11h2v2H4v-2zm16 0H8v2h12v-2zM4 16h2v2H4v-2zm16 0H8v2h12v-2z\" fill=\"currentColor\"><\/path><\/svg><svg style=\"fill: #999;color:#999\" class=\"arrow-unsorted-368013\" xmlns=\"http:\/\/www.w3.org\/2000\/svg\" width=\"10px\" height=\"10px\" viewbox=\"0 0 24 24\" version=\"1.2\" baseprofile=\"tiny\"><path d=\"M18.2 9.3l-6.2-6.3-6.2 6.3c-.2.2-.3.4-.3.7s.1.5.3.7c.2.2.4.3.7.3h11c.3 0 .5-.1.7-.3.2-.2.3-.5.3-.7s-.1-.5-.3-.7zM5.8 14.7l6.2 6.3 6.2-6.3c.2-.2.3-.5.3-.7s-.1-.5-.3-.7c-.2-.2-.4-.3-.7-.3h-11c-.3 0-.5.1-.7.3-.2.2-.3.5-.3.7s.1.5.3.7z\"\/><\/svg><\/span><\/span><\/span><\/a><\/span><\/div>\n<nav><ul class='ez-toc-list ez-toc-list-level-1' ><li class='ez-toc-page-1 ez-toc-heading-level-4'><a class=\"ez-toc-link ez-toc-heading-1\" href=\"https:\/\/honigbee.com\/lv\/products\/sidr-honig-geschenkbox-1-kg\/#Sidr_Honig_Geschenkbox_1%E2%80%AFkg_%E2%80%93_Premium-Honig_aus_Jemen_im_Luxusetui\" >Sidr Honig Geschenkbox 1\u202fkg \u2013 Premium-Honig aus Jemen im Luxusetui<\/a><\/li><li class='ez-toc-page-1 ez-toc-heading-level-4'><a class=\"ez-toc-link ez-toc-heading-2\" href=\"https:\/\/honigbee.com\/lv\/products\/sidr-honig-geschenkbox-1-kg\/#Merkmale_Herkunft\" >Raksturojums un izcelsme<\/a><\/li><li class='ez-toc-page-1 ez-toc-heading-level-4'><a class=\"ez-toc-link ez-toc-heading-3\" href=\"https:\/\/honigbee.com\/lv\/products\/sidr-honig-geschenkbox-1-kg\/#Was_macht_den_Sidr-Honig_so_besonders\" >Was macht den Sidr-Honig so besonders?<\/a><\/li><li class='ez-toc-page-1 ez-toc-heading-level-4'><a class=\"ez-toc-link ez-toc-heading-4\" href=\"https:\/\/honigbee.com\/lv\/products\/sidr-honig-geschenkbox-1-kg\/#Weitere_Inspiration_entdecken\" >Weitere Inspiration entdecken<\/a><\/li><\/ul><\/nav><\/div>\n<h4 data-start=\"870\" data-end=\"949\"><span class=\"ez-toc-section\" id=\"Sidr_Honig_Geschenkbox_1%E2%80%AFkg_%E2%80%93_Premium-Honig_aus_Jemen_im_Luxusetui\"><\/span>Sidr Honig Geschenkbox 1\u202fkg \u2013 Premium-Honig aus Jemen im Luxusetui<span class=\"ez-toc-section-end\"><\/span><\/h4>\n<p data-start=\"951\" data-end=\"1248\">The <strong data-start=\"955\" data-end=\"994\">Sidr Honig Geschenkbox 1\u202fkg<\/strong> ist ein exklusives Geschenkset mit einem der weltweit seltensten Honige. Der Honig stammt aus den abgelegenen Bergen Jemens, wo der legend\u00e4re Sidr-Baum nur wenige Wochen im Jahr bl\u00fcht \u2013 eine nat\u00fcrliche Rarit\u00e4t, sorgf\u00e4ltig geerntet und stilvoll verpackt.<\/p>\n<hr data-start=\"1250\" data-end=\"1253\" \/>\n<h4 data-start=\"1255\" data-end=\"1279\"><span class=\"ez-toc-section\" id=\"Merkmale_Herkunft\"><\/span>Raksturojums un izcelsme<span class=\"ez-toc-section-end\"><\/span><\/h4>\n<p data-start=\"1281\" data-end=\"1608\">Produktname: Sidr Honig Geschenkbox 1\u202fkg<br data-start=\"1329\" data-end=\"1332\" \/>Inhalt: 1 x 1\u202fkg Glas Sidr-Honig<br data-start=\"1364\" data-end=\"1367\" \/>Verpackung: Edles Luxusetui, wiederverwendbar<br data-start=\"1412\" data-end=\"1415\" \/>Zubeh\u00f6r: Optionaler Olivenholz-Honigl\u00f6ffel<br data-start=\"1457\" data-end=\"1460\" \/>Herkunft: Hadramaut &amp; Al Mahwit, Jemen<br data-start=\"1498\" data-end=\"1501\" \/>Verarbeitung: Roh, kaltabgef\u00fcllt, ungefiltert<br data-start=\"1546\" data-end=\"1549\" \/>St\u0101voklis: Jauns<br data-start=\"1561\" data-end=\"1564\" \/>Uzglab\u0101\u0161ana: V\u0113s\u0101, saus\u0101 un no gaismas pasarg\u0101t\u0101 viet\u0101<\/p>\n<hr data-start=\"1610\" data-end=\"1613\" \/>\n<h4 data-start=\"1615\" data-end=\"1658\"><span class=\"ez-toc-section\" id=\"Was_macht_den_Sidr-Honig_so_besonders\"><\/span>Was macht den Sidr-Honig so besonders?<span class=\"ez-toc-section-end\"><\/span><\/h4>\n<ul data-start=\"1660\" data-end=\"1950\">\n<li data-start=\"1660\" data-end=\"1733\">\n<p data-start=\"1662\" data-end=\"1733\">100\u202f% roh &amp; naturbelassen \u2013 keine Pasteurisierung, keine Zusatzstoffe<\/p>\n<\/li>\n<li data-start=\"1734\" data-end=\"1784\">\n<p data-start=\"1736\" data-end=\"1784\">Cremig-samtige Textur mit karamellartiger Note<\/p>\n<\/li>\n<li data-start=\"1785\" data-end=\"1852\">\n<p data-start=\"1787\" data-end=\"1852\">Geerntet aus den Bl\u00fcten des Sidr-Baums (Ziziphus spina-christi)<\/p>\n<\/li>\n<li data-start=\"1853\" data-end=\"1905\">\n<p data-start=\"1855\" data-end=\"1905\">Ernte nur 1x j\u00e4hrlich \u2013 daher besonders exklusiv<\/p>\n<\/li>\n<li data-start=\"1906\" data-end=\"1950\">\n<p data-start=\"1908\" data-end=\"1950\">Nachhaltige Imkerei in abgelegener Natur<\/p>\n<\/li>\n<\/ul>\n<p data-start=\"1952\" data-end=\"2022\">Dieser Honig gilt weltweit als Symbol f\u00fcr Reinheit und Handwerkskunst.<\/p>\n<hr data-start=\"2312\" data-end=\"2315\" \/>\n<h4 data-start=\"413\" data-end=\"449\"><span class=\"ez-toc-section\" id=\"Weitere_Inspiration_entdecken\"><\/span>Weitere Inspiration entdecken<span class=\"ez-toc-section-end\"><\/span><\/h4>\n<p data-start=\"450\" data-end=\"582\">Du suchst weitere besondere Produkte? Entdecke zus\u00e4tzliche Highlights in unserem Sortiment oder st\u00f6bere in unseren Partnerprojekten:<\/p>\n<ul data-start=\"584\" data-end=\"920\">\n<li data-start=\"584\" data-end=\"656\"><a href=\"https:\/\/honigbee.com\/lv\/shop\/\">Weitere Naturprodukte bei Honigbee entdecken<\/a><\/li>\n<li data-start=\"657\" data-end=\"783\">\n<p data-start=\"659\" data-end=\"783\"><a href=\"https:\/\/matvana.com\/shop\/\" target=\"_blank\" rel=\"noopener\">Stilvolle Wohnideen bei Matvana ansehen<\/a><\/p>\n<\/li>\n<li data-start=\"784\" data-end=\"920\">\n<p data-start=\"786\" data-end=\"920\"><a href=\"https:\/\/saphirsmaragd.com\/shop\/\" target=\"_blank\" rel=\"noopener\">Edelsteine &amp; Schmuck bei Saphir &amp; Smaragd ansehen<\/a><\/p>\n<\/li>\n<\/ul>\n<hr data-start=\"1931\" data-end=\"1934\" \/>\n<p>Produktbilder dienen der Veranschaulichung. Verpackungsdesign kann abweichen.<\/p>","protected":false},"excerpt":{"rendered":"<p data-start=\"314\" data-end=\"518\"><em>1KG Sidr Honig Geschenkbox enth\u00e4lt 100% reinen jemenitischen Sidr-Honig ohne Zusatzstoffe. Verpackt in einer luxuri\u00f6sen Geschenkbox \u2013 das perfekte Geschenk f\u00fcr Honigliebhaber!<\/em><\/p>","protected":false},"featured_media":42962,"comment_status":"open","ping_status":"closed","template":"","meta":{"_glsr_average":0,"_glsr_ranking":0,"_glsr_reviews":0},"product_brand":[],"product_cat":[795],"product_tag":[],"class_list":{"0":"post-16832","1":"product","2":"type-product","3":"status-publish","4":"has-post-thumbnail","6":"product_cat-luxusgeschenke","8":"first","9":"instock","10":"shipping-taxable","11":"purchasable","12":"product-type-simple","13":"add-to-wishlist-before_image"},"jetpack_sharing_enabled":true,"_links":{"self":[{"href":"https:\/\/honigbee.com\/lv\/wp-json\/wp\/v2\/product\/16832","targetHints":{"allow":["GET"]}}],"collection":[{"href":"https:\/\/honigbee.com\/lv\/wp-json\/wp\/v2\/product"}],"about":[{"href":"https:\/\/honigbee.com\/lv\/wp-json\/wp\/v2\/types\/product"}],"replies":[{"embeddable":true,"href":"https:\/\/honigbee.com\/lv\/wp-json\/wp\/v2\/comments?post=16832"}],"version-history":[{"count":5,"href":"https:\/\/honigbee.com\/lv\/wp-json\/wp\/v2\/product\/16832\/revisions"}],"predecessor-version":[{"id":43008,"href":"https:\/\/honigbee.com\/lv\/wp-json\/wp\/v2\/product\/16832\/revisions\/43008"}],"wp:featuredmedia":[{"embeddable":true,"href":"https:\/\/honigbee.com\/lv\/wp-json\/wp\/v2\/media\/42962"}],"wp:attachment":[{"href":"https:\/\/honigbee.com\/lv\/wp-json\/wp\/v2\/media?parent=16832"}],"wp:term":[{"taxonomy":"product_brand","embeddable":true,"href":"https:\/\/honigbee.com\/lv\/wp-json\/wp\/v2\/product_brand?post=16832"},{"taxonomy":"product_cat","embeddable":true,"href":"https:\/\/honigbee.com\/lv\/wp-json\/wp\/v2\/product_cat?post=16832"},{"taxonomy":"product_tag","embeddable":true,"href":"https:\/\/honigbee.com\/lv\/wp-json\/wp\/v2\/product_tag?post=16832"}],"curies":[{"name":"wp","href":"https:\/\/api.w.org\/{rel}","templated":true}]}}