{"id":23637,"date":"2025-05-30T18:46:52","date_gmt":"2025-05-30T18:46:52","guid":{"rendered":"https:\/\/honigbee.com\/?post_type=product&#038;p=23637"},"modified":"2026-03-09T17:53:09","modified_gmt":"2026-03-09T17:53:09","slug":"1-kg-mango-scheiben-suess-vitaminreich-vegan","status":"publish","type":"product","link":"https:\/\/honigbee.com\/lv\/products\/1-kg-mango-scheiben-suess-vitaminreich-vegan\/","title":{"rendered":"1kg Mango Scheiben \u2013 Getrocknete Mango aus Thailand"},"content":{"rendered":"<div id=\"ez-toc-container\" class=\"ez-toc-v2_0_83 counter-hierarchy ez-toc-counter ez-toc-grey ez-toc-container-direction\">\n<div class=\"ez-toc-title-container\">\n<p class=\"ez-toc-title\" style=\"cursor:inherit\">Satura r\u0101d\u012bt\u0101js<\/p>\n<span class=\"ez-toc-title-toggle\"><a href=\"#\" class=\"ez-toc-pull-right ez-toc-btn ez-toc-btn-xs ez-toc-btn-default ez-toc-toggle\" aria-label=\"P\u0101rsl\u0113gt satura r\u0101d\u012bt\u0101ju\"><span class=\"ez-toc-js-icon-con\"><span class=\"\"><span class=\"eztoc-hide\" style=\"display:none;\">P\u0101rsl\u0113gt<\/span><span class=\"ez-toc-icon-toggle-span\"><svg style=\"fill: #999;color:#999\" xmlns=\"http:\/\/www.w3.org\/2000\/svg\" class=\"list-377408\" width=\"20px\" height=\"20px\" viewbox=\"0 0 24 24\" fill=\"none\"><path d=\"M6 6H4v2h2V6zm14 0H8v2h12V6zM4 11h2v2H4v-2zm16 0H8v2h12v-2zM4 16h2v2H4v-2zm16 0H8v2h12v-2z\" fill=\"currentColor\"><\/path><\/svg><svg style=\"fill: #999;color:#999\" class=\"arrow-unsorted-368013\" xmlns=\"http:\/\/www.w3.org\/2000\/svg\" width=\"10px\" height=\"10px\" viewbox=\"0 0 24 24\" version=\"1.2\" baseprofile=\"tiny\"><path d=\"M18.2 9.3l-6.2-6.3-6.2 6.3c-.2.2-.3.4-.3.7s.1.5.3.7c.2.2.4.3.7.3h11c.3 0 .5-.1.7-.3.2-.2.3-.5.3-.7s-.1-.5-.3-.7zM5.8 14.7l6.2 6.3 6.2-6.3c.2-.2.3-.5.3-.7s-.1-.5-.3-.7c-.2-.2-.4-.3-.7-.3h-11c-.3 0-.5.1-.7.3-.2.2-.3.5-.3.7s.1.5.3.7z\"\/><\/svg><\/span><\/span><\/span><\/a><\/span><\/div>\n<nav><ul class='ez-toc-list ez-toc-list-level-1' ><li class='ez-toc-page-1 ez-toc-heading-level-4'><a class=\"ez-toc-link ez-toc-heading-1\" href=\"https:\/\/honigbee.com\/lv\/products\/1-kg-mango-scheiben-suess-vitaminreich-vegan\/#Produktmerkmale\" >Produkta funkcijas<\/a><\/li><li class='ez-toc-page-1 ez-toc-heading-level-4'><a class=\"ez-toc-link ez-toc-heading-2\" href=\"https:\/\/honigbee.com\/lv\/products\/1-kg-mango-scheiben-suess-vitaminreich-vegan\/#Geschmack_Konsistenz\" >Gar\u0161a un konsistence<\/a><\/li><li class='ez-toc-page-1 ez-toc-heading-level-4'><a class=\"ez-toc-link ez-toc-heading-3\" href=\"https:\/\/honigbee.com\/lv\/products\/1-kg-mango-scheiben-suess-vitaminreich-vegan\/#Verwendung\" >lieto\u0161ana<\/a><\/li><li class='ez-toc-page-1 ez-toc-heading-level-4'><a class=\"ez-toc-link ez-toc-heading-4\" href=\"https:\/\/honigbee.com\/lv\/products\/1-kg-mango-scheiben-suess-vitaminreich-vegan\/#Nahrwerte_pro_100_g\" >Uzturv\u0113rt\u012bba (uz 100 g)<\/a><\/li><li class='ez-toc-page-1 ez-toc-heading-level-4'><a class=\"ez-toc-link ez-toc-heading-5\" href=\"https:\/\/honigbee.com\/lv\/products\/1-kg-mango-scheiben-suess-vitaminreich-vegan\/#Produktdetails\" >Produkta inform\u0101cija<\/a><\/li><li class='ez-toc-page-1 ez-toc-heading-level-4'><a class=\"ez-toc-link ez-toc-heading-6\" href=\"https:\/\/honigbee.com\/lv\/products\/1-kg-mango-scheiben-suess-vitaminreich-vegan\/#Lagerung\" >uzglab\u0101\u0161ana<\/a><\/li><li class='ez-toc-page-1 ez-toc-heading-level-4'><a class=\"ez-toc-link ez-toc-heading-7\" href=\"https:\/\/honigbee.com\/lv\/products\/1-kg-mango-scheiben-suess-vitaminreich-vegan\/#Weitere_Inspiration_entdecken\" >Weitere Inspiration entdecken<\/a><\/li><\/ul><\/nav><\/div>\n<p data-start=\"685\" data-end=\"835\">The <strong data-start=\"689\" data-end=\"711\">1kg Mango Scheiben<\/strong> bestehen aus Mango, die nach der Ernte schonend getrocknet wird. Dadurch bleibt das fruchtig-s\u00fc\u00dfe Aroma der Mango erhalten.<\/p>\n<hr data-start=\"929\" data-end=\"932\" \/>\n<h4 data-start=\"934\" data-end=\"954\"><span class=\"ez-toc-section\" id=\"Produktmerkmale\"><\/span>Produkta funkcijas<span class=\"ez-toc-section-end\"><\/span><\/h4>\n<p data-start=\"956\" data-end=\"1093\">1kg Mango Scheiben<br data-start=\"974\" data-end=\"977\" \/>Getrocknete Mango aus Thailand<br data-start=\"1007\" data-end=\"1010\" \/>Fruchtig-s\u00fc\u00dfer Geschmack<br data-start=\"1034\" data-end=\"1037\" \/>Veg\u0101ns un bezglut\u0113na<br data-start=\"1057\" data-end=\"1060\" \/>Atk\u0101rtoti nosl\u0113dzams iepakojums<\/p>\n<hr data-start=\"1095\" data-end=\"1098\" \/>\n<h4 data-start=\"1100\" data-end=\"1127\"><span class=\"ez-toc-section\" id=\"Geschmack_Konsistenz\"><\/span>Gar\u0161a un konsistence<span class=\"ez-toc-section-end\"><\/span><\/h4>\n<p data-start=\"1129\" data-end=\"1212\">Intensives Mangoaroma<br data-start=\"1150\" data-end=\"1153\" \/>S\u00fc\u00df-fruchtige Geschmacksnote<br data-start=\"1181\" data-end=\"1184\" \/>Weiche, leicht z\u00e4he Textur<\/p>\n<hr data-start=\"1214\" data-end=\"1217\" \/>\n<h4 data-start=\"1219\" data-end=\"1234\"><span class=\"ez-toc-section\" id=\"Verwendung\"><\/span>lieto\u0161ana<span class=\"ez-toc-section-end\"><\/span><\/h4>\n<p data-start=\"1281\" data-end=\"1405\">\u2022 Snack f\u00fcr unterwegs<br data-start=\"1302\" data-end=\"1305\" \/>\u2022 M\u00fcsli oder Porridge<br data-start=\"1326\" data-end=\"1329\" \/>\u2022 Desserts<br data-start=\"1339\" data-end=\"1342\" \/>\u2022 Backrezepte<br data-start=\"1355\" data-end=\"1358\" \/>\u2022 Kombination mit N\u00fcssen oder Trockenfr\u00fcchten<\/p>\n<hr data-start=\"1407\" data-end=\"1410\" \/>\n<h4 data-start=\"1412\" data-end=\"1438\"><span class=\"ez-toc-section\" id=\"Nahrwerte_pro_100_g\"><\/span>Uzturv\u0113rt\u012bba (uz 100 g)<span class=\"ez-toc-section-end\"><\/span><\/h4>\n<p data-start=\"1440\" data-end=\"1540\">Energie: 340 kcal<br data-start=\"1457\" data-end=\"1460\" \/>Tauki: 0 g<br data-start=\"1469\" data-end=\"1472\" \/>Kohlenhydrate: 85 g<br data-start=\"1491\" data-end=\"1494\" \/>davon Zucker: 68 g<br data-start=\"1512\" data-end=\"1515\" \/>Olbaltumvielas: 0 g<br data-start=\"1526\" data-end=\"1529\" \/>S\u0101ls: 0 g<\/p>\n<hr data-start=\"1542\" data-end=\"1545\" \/>\n<h4 data-start=\"1547\" data-end=\"1566\"><span class=\"ez-toc-section\" id=\"Produktdetails\"><\/span>Produkta inform\u0101cija<span class=\"ez-toc-section-end\"><\/span><\/h4>\n<p data-start=\"1568\" data-end=\"1754\">Saturs: 1000 g<br data-start=\"1616\" data-end=\"1619\" \/>Izcelsme: Taizeme<br data-start=\"1637\" data-end=\"1640\" \/>Verarbeitung: Getrocknet<br data-start=\"1664\" data-end=\"1667\" \/>Zutaten: Mango, Zucker, Zitronens\u00e4ure (E330), Konservierungsstoff E220 (Schwefeldioxid)<\/p>\n<hr data-start=\"1756\" data-end=\"1759\" \/>\n<h4 data-start=\"1761\" data-end=\"1774\"><span class=\"ez-toc-section\" id=\"Lagerung\"><\/span>uzglab\u0101\u0161ana<span class=\"ez-toc-section-end\"><\/span><\/h4>\n<p data-start=\"1776\" data-end=\"1850\" data-is-last-node=\"\" data-is-only-node=\"\">Trocken, k\u00fchl und lichtgesch\u00fctzt lagern. Nach dem \u00d6ffnen gut verschlie\u00dfen.<\/p>\n<hr data-start=\"1756\" data-end=\"1759\" \/>\n<h4 data-start=\"413\" data-end=\"449\"><span class=\"ez-toc-section\" id=\"Weitere_Inspiration_entdecken\"><\/span>Weitere Inspiration entdecken<span class=\"ez-toc-section-end\"><\/span><\/h4>\n<p data-start=\"450\" data-end=\"582\">Du suchst weitere besondere Produkte? Entdecke zus\u00e4tzliche Highlights in unserem Sortiment oder st\u00f6bere in unseren Partnerprojekten:<\/p>\n<ul data-start=\"584\" data-end=\"920\">\n<li data-start=\"584\" data-end=\"656\"><a href=\"https:\/\/honigbee.com\/lv\/shop\/\">Weitere Naturprodukte bei Honigbee entdecken<\/a><\/li>\n<li data-start=\"657\" data-end=\"783\">\n<p data-start=\"659\" data-end=\"783\"><a href=\"https:\/\/matvana.com\/shop\/\" target=\"_blank\" rel=\"noopener\">Stilvolle Wohnideen bei Matvana ansehen<\/a><\/p>\n<\/li>\n<li data-start=\"784\" data-end=\"920\">\n<p data-start=\"786\" data-end=\"920\"><a href=\"https:\/\/saphirsmaragd.com\/shop\/\" target=\"_blank\" rel=\"noopener\">Edelsteine &amp; Schmuck bei Saphir &amp; Smaragd ansehen<\/a><\/p>\n<\/li>\n<\/ul>\n<hr data-start=\"1931\" data-end=\"1934\" \/>\n<p>Produktbilder dienen der Veranschaulichung. Verpackungsdesign kann abweichen.<\/p>","protected":false},"excerpt":{"rendered":"<p data-start=\"510\" data-end=\"623\"><em>1kg Mango Scheiben aus Thailand. S\u00fc\u00df-fruchtiger Geschmack, ideal als Snack, f\u00fcr M\u00fcsli, Desserts oder Backrezepte.<\/em><\/p>","protected":false},"featured_media":43468,"comment_status":"open","ping_status":"closed","template":"","meta":{"_glsr_average":0,"_glsr_ranking":0,"_glsr_reviews":0},"product_brand":[],"product_cat":[694],"product_tag":[],"class_list":{"0":"post-23637","1":"product","2":"type-product","3":"status-publish","4":"has-post-thumbnail","6":"product_cat-getrocknete-mango","8":"first","9":"instock","10":"shipping-taxable","11":"purchasable","12":"product-type-simple","13":"add-to-wishlist-before_image"},"jetpack_sharing_enabled":true,"_links":{"self":[{"href":"https:\/\/honigbee.com\/lv\/wp-json\/wp\/v2\/product\/23637","targetHints":{"allow":["GET"]}}],"collection":[{"href":"https:\/\/honigbee.com\/lv\/wp-json\/wp\/v2\/product"}],"about":[{"href":"https:\/\/honigbee.com\/lv\/wp-json\/wp\/v2\/types\/product"}],"replies":[{"embeddable":true,"href":"https:\/\/honigbee.com\/lv\/wp-json\/wp\/v2\/comments?post=23637"}],"version-history":[{"count":3,"href":"https:\/\/honigbee.com\/lv\/wp-json\/wp\/v2\/product\/23637\/revisions"}],"predecessor-version":[{"id":43469,"href":"https:\/\/honigbee.com\/lv\/wp-json\/wp\/v2\/product\/23637\/revisions\/43469"}],"wp:featuredmedia":[{"embeddable":true,"href":"https:\/\/honigbee.com\/lv\/wp-json\/wp\/v2\/media\/43468"}],"wp:attachment":[{"href":"https:\/\/honigbee.com\/lv\/wp-json\/wp\/v2\/media?parent=23637"}],"wp:term":[{"taxonomy":"product_brand","embeddable":true,"href":"https:\/\/honigbee.com\/lv\/wp-json\/wp\/v2\/product_brand?post=23637"},{"taxonomy":"product_cat","embeddable":true,"href":"https:\/\/honigbee.com\/lv\/wp-json\/wp\/v2\/product_cat?post=23637"},{"taxonomy":"product_tag","embeddable":true,"href":"https:\/\/honigbee.com\/lv\/wp-json\/wp\/v2\/product_tag?post=23637"}],"curies":[{"name":"wp","href":"https:\/\/api.w.org\/{rel}","templated":true}]}}