{"id":23645,"date":"2025-05-30T18:55:43","date_gmt":"2025-05-30T18:55:43","guid":{"rendered":"https:\/\/honigbee.com\/?post_type=product&#038;p=23645"},"modified":"2026-03-09T17:48:34","modified_gmt":"2026-03-09T17:48:34","slug":"1kg-sonnengetrocknete-tomaten","status":"publish","type":"product","link":"https:\/\/honigbee.com\/lv\/products\/1kg-sonnengetrocknete-tomaten\/","title":{"rendered":"1 kg saul\u0113 kalt\u0113tu tom\u0101tu \u2013 pikanti, veg\u0101niski, uzturviel\u0101m bag\u0101ti"},"content":{"rendered":"<div id=\"ez-toc-container\" class=\"ez-toc-v2_0_83 counter-hierarchy ez-toc-counter ez-toc-grey ez-toc-container-direction\">\n<div class=\"ez-toc-title-container\">\n<p class=\"ez-toc-title\" style=\"cursor:inherit\">Satura r\u0101d\u012bt\u0101js<\/p>\n<span class=\"ez-toc-title-toggle\"><a href=\"#\" class=\"ez-toc-pull-right ez-toc-btn ez-toc-btn-xs ez-toc-btn-default ez-toc-toggle\" aria-label=\"P\u0101rsl\u0113gt satura r\u0101d\u012bt\u0101ju\"><span class=\"ez-toc-js-icon-con\"><span class=\"\"><span class=\"eztoc-hide\" style=\"display:none;\">P\u0101rsl\u0113gt<\/span><span class=\"ez-toc-icon-toggle-span\"><svg style=\"fill: #999;color:#999\" xmlns=\"http:\/\/www.w3.org\/2000\/svg\" class=\"list-377408\" width=\"20px\" height=\"20px\" viewbox=\"0 0 24 24\" fill=\"none\"><path d=\"M6 6H4v2h2V6zm14 0H8v2h12V6zM4 11h2v2H4v-2zm16 0H8v2h12v-2zM4 16h2v2H4v-2zm16 0H8v2h12v-2z\" fill=\"currentColor\"><\/path><\/svg><svg style=\"fill: #999;color:#999\" class=\"arrow-unsorted-368013\" xmlns=\"http:\/\/www.w3.org\/2000\/svg\" width=\"10px\" height=\"10px\" viewbox=\"0 0 24 24\" version=\"1.2\" baseprofile=\"tiny\"><path d=\"M18.2 9.3l-6.2-6.3-6.2 6.3c-.2.2-.3.4-.3.7s.1.5.3.7c.2.2.4.3.7.3h11c.3 0 .5-.1.7-.3.2-.2.3-.5.3-.7s-.1-.5-.3-.7zM5.8 14.7l6.2 6.3 6.2-6.3c.2-.2.3-.5.3-.7s-.1-.5-.3-.7c-.2-.2-.4-.3-.7-.3h-11c-.3 0-.5.1-.7.3-.2.2-.3.5-.3.7s.1.5.3.7z\"\/><\/svg><\/span><\/span><\/span><\/a><\/span><\/div>\n<nav><ul class='ez-toc-list ez-toc-list-level-1' ><li class='ez-toc-page-1 ez-toc-heading-level-4'><a class=\"ez-toc-link ez-toc-heading-1\" href=\"https:\/\/honigbee.com\/lv\/products\/1kg-sonnengetrocknete-tomaten\/#Produktmerkmale\" >Produkta funkcijas<\/a><\/li><li class='ez-toc-page-1 ez-toc-heading-level-4'><a class=\"ez-toc-link ez-toc-heading-2\" href=\"https:\/\/honigbee.com\/lv\/products\/1kg-sonnengetrocknete-tomaten\/#Geschmack_Konsistenz\" >Gar\u0161a un konsistence<\/a><\/li><li class='ez-toc-page-1 ez-toc-heading-level-4'><a class=\"ez-toc-link ez-toc-heading-3\" href=\"https:\/\/honigbee.com\/lv\/products\/1kg-sonnengetrocknete-tomaten\/#Verwendung\" >lieto\u0161ana<\/a><\/li><li class='ez-toc-page-1 ez-toc-heading-level-4'><a class=\"ez-toc-link ez-toc-heading-4\" href=\"https:\/\/honigbee.com\/lv\/products\/1kg-sonnengetrocknete-tomaten\/#Nahrwerte_pro_100_g\" >Uzturv\u0113rt\u012bba (uz 100 g)<\/a><\/li><li class='ez-toc-page-1 ez-toc-heading-level-4'><a class=\"ez-toc-link ez-toc-heading-5\" href=\"https:\/\/honigbee.com\/lv\/products\/1kg-sonnengetrocknete-tomaten\/#Produktdetails\" >Produkta inform\u0101cija<\/a><\/li><li class='ez-toc-page-1 ez-toc-heading-level-4'><a class=\"ez-toc-link ez-toc-heading-6\" href=\"https:\/\/honigbee.com\/lv\/products\/1kg-sonnengetrocknete-tomaten\/#Lagerung\" >uzglab\u0101\u0161ana<\/a><\/li><li class='ez-toc-page-1 ez-toc-heading-level-4'><a class=\"ez-toc-link ez-toc-heading-7\" href=\"https:\/\/honigbee.com\/lv\/products\/1kg-sonnengetrocknete-tomaten\/#Weitere_Inspiration_entdecken\" >Weitere Inspiration entdecken<\/a><\/li><\/ul><\/nav><\/div>\n<p data-start=\"778\" data-end=\"1010\">The <strong data-start=\"782\" data-end=\"815\">1kg Sonnengetrocknete Tomaten<\/strong> stammen aus der T\u00fcrkei und werden nach der Ernte halbiert und mehrere Tage in der Sonne getrocknet. Durch diesen Prozess entsteht ein intensiver Tomatengeschmack und eine aromatische Konsistenz.<\/p>\n<p data-start=\"1012\" data-end=\"1094\">Getrocknete Tomaten sind eine vielseitige Zutat f\u00fcr zahlreiche herzhafte Gerichte.<\/p>\n<hr data-start=\"1096\" data-end=\"1099\" \/>\n<h4 data-start=\"1101\" data-end=\"1121\"><span class=\"ez-toc-section\" id=\"Produktmerkmale\"><\/span>Produkta funkcijas<span class=\"ez-toc-section-end\"><\/span><\/h4>\n<p data-start=\"1123\" data-end=\"1296\">Getrocknete Tomaten aus der T\u00fcrkei<br data-start=\"1189\" data-end=\"1192\" \/>Leicht gesalzen<br data-start=\"1207\" data-end=\"1210\" \/>Intensiver Tomatengeschmack<br data-start=\"1237\" data-end=\"1240\" \/>Veg\u0101ns un bezglut\u0113na<br data-start=\"1260\" data-end=\"1263\" \/>Atk\u0101rtoti nosl\u0113dzams iepakojums<\/p>\n<hr data-start=\"1298\" data-end=\"1301\" \/>\n<h4 data-start=\"1303\" data-end=\"1330\"><span class=\"ez-toc-section\" id=\"Geschmack_Konsistenz\"><\/span>Gar\u0161a un konsistence<span class=\"ez-toc-section-end\"><\/span><\/h4>\n<p data-start=\"1332\" data-end=\"1406\">Kr\u00e4ftiges Tomatenaroma<br data-start=\"1354\" data-end=\"1357\" \/>Leicht salzige Note<br data-start=\"1376\" data-end=\"1379\" \/>Feste, leicht z\u00e4he Textur<\/p>\n<hr data-start=\"1408\" data-end=\"1411\" \/>\n<h4 data-start=\"1413\" data-end=\"1428\"><span class=\"ez-toc-section\" id=\"Verwendung\"><\/span>lieto\u0161ana<span class=\"ez-toc-section-end\"><\/span><\/h4>\n<p data-start=\"1486\" data-end=\"1604\">\u2022 Salate<br data-start=\"1494\" data-end=\"1497\" \/>\u2022 Pasta oder Pizza<br data-start=\"1515\" data-end=\"1518\" \/>\u2022 Couscous oder Reisgerichte<br data-start=\"1546\" data-end=\"1549\" \/>\u2022 Aufstriche oder Antipasti<br data-start=\"1576\" data-end=\"1579\" \/>\u2022 Herzhafte Backrezepte<\/p>\n<hr data-start=\"1606\" data-end=\"1609\" \/>\n<h4 data-start=\"1611\" data-end=\"1637\"><span class=\"ez-toc-section\" id=\"Nahrwerte_pro_100_g\"><\/span>Uzturv\u0113rt\u012bba (uz 100 g)<span class=\"ez-toc-section-end\"><\/span><\/h4>\n<p data-start=\"1639\" data-end=\"1740\">Energie: 258 kcal<br data-start=\"1656\" data-end=\"1659\" \/>Fett: 3 g<br data-start=\"1668\" data-end=\"1671\" \/>Kohlenhydrate: 56 g<br data-start=\"1690\" data-end=\"1693\" \/>davon Zucker: 38 g<br data-start=\"1711\" data-end=\"1714\" \/>Eiwei\u00df: 14 g<br data-start=\"1726\" data-end=\"1729\" \/>Salz: 7 g<\/p>\n<hr data-start=\"1742\" data-end=\"1745\" \/>\n<h4 data-start=\"1747\" data-end=\"1766\"><span class=\"ez-toc-section\" id=\"Produktdetails\"><\/span>Produkta inform\u0101cija<span class=\"ez-toc-section-end\"><\/span><\/h4>\n<p data-start=\"1768\" data-end=\"1906\">Produktname: 1kg Sonnengetrocknete Tomaten<br data-start=\"1810\" data-end=\"1813\" \/>Saturs: 1000 g<br data-start=\"1827\" data-end=\"1830\" \/>Izcelsme: Turcija<br data-start=\"1846\" data-end=\"1849\" \/>Verarbeitung: Sonnengetrocknet<br data-start=\"1879\" data-end=\"1882\" \/>Zutaten: Tomaten, Salz<\/p>\n<hr data-start=\"1908\" data-end=\"1911\" \/>\n<h4 data-start=\"1913\" data-end=\"1926\"><span class=\"ez-toc-section\" id=\"Lagerung\"><\/span>uzglab\u0101\u0161ana<span class=\"ez-toc-section-end\"><\/span><\/h4>\n<p data-start=\"1928\" data-end=\"2002\" data-is-last-node=\"\" data-is-only-node=\"\">Trocken, k\u00fchl und lichtgesch\u00fctzt lagern. Nach dem \u00d6ffnen gut verschlie\u00dfen.<\/p>\n<hr data-start=\"1908\" data-end=\"1911\" \/>\n<h4 data-start=\"413\" data-end=\"449\"><span class=\"ez-toc-section\" id=\"Weitere_Inspiration_entdecken\"><\/span>Weitere Inspiration entdecken<span class=\"ez-toc-section-end\"><\/span><\/h4>\n<p data-start=\"450\" data-end=\"582\">Du suchst weitere besondere Produkte? Entdecke zus\u00e4tzliche Highlights in unserem Sortiment oder st\u00f6bere in unseren Partnerprojekten:<\/p>\n<ul data-start=\"584\" data-end=\"920\">\n<li data-start=\"584\" data-end=\"656\"><a href=\"https:\/\/honigbee.com\/lv\/shop\/\">Weitere Naturprodukte bei Honigbee entdecken<\/a><\/li>\n<li data-start=\"657\" data-end=\"783\">\n<p data-start=\"659\" data-end=\"783\"><a href=\"https:\/\/matvana.com\/shop\/\" target=\"_blank\" rel=\"noopener\">Stilvolle Wohnideen bei Matvana ansehen<\/a><\/p>\n<\/li>\n<li data-start=\"784\" data-end=\"920\">\n<p data-start=\"786\" data-end=\"920\"><a href=\"https:\/\/saphirsmaragd.com\/shop\/\" target=\"_blank\" rel=\"noopener\">Edelsteine &amp; Schmuck bei Saphir &amp; Smaragd ansehen<\/a><\/p>\n<\/li>\n<\/ul>\n<hr data-start=\"1931\" data-end=\"1934\" \/>\n<p>Produktbilder dienen der Veranschaulichung. Verpackungsdesign kann abweichen.<\/p>","protected":false},"excerpt":{"rendered":"<p data-start=\"576\" data-end=\"701\"><em>1kg sonnengetrocknete Tomaten aus der T\u00fcrkei. Intensiver Geschmack, ideal f\u00fcr Salate, Pasta, Pizza oder mediterrane Gerichte.<\/em><\/p>","protected":false},"featured_media":43462,"comment_status":"open","ping_status":"closed","template":"","meta":{"_glsr_average":0,"_glsr_ranking":0,"_glsr_reviews":0},"product_brand":[],"product_cat":[1177],"product_tag":[],"class_list":{"0":"post-23645","1":"product","2":"type-product","3":"status-publish","4":"has-post-thumbnail","6":"product_cat-getrocknete-tomaten","8":"first","9":"instock","10":"shipping-taxable","11":"purchasable","12":"product-type-simple","13":"add-to-wishlist-before_image"},"jetpack_sharing_enabled":true,"_links":{"self":[{"href":"https:\/\/honigbee.com\/lv\/wp-json\/wp\/v2\/product\/23645","targetHints":{"allow":["GET"]}}],"collection":[{"href":"https:\/\/honigbee.com\/lv\/wp-json\/wp\/v2\/product"}],"about":[{"href":"https:\/\/honigbee.com\/lv\/wp-json\/wp\/v2\/types\/product"}],"replies":[{"embeddable":true,"href":"https:\/\/honigbee.com\/lv\/wp-json\/wp\/v2\/comments?post=23645"}],"version-history":[{"count":3,"href":"https:\/\/honigbee.com\/lv\/wp-json\/wp\/v2\/product\/23645\/revisions"}],"predecessor-version":[{"id":43463,"href":"https:\/\/honigbee.com\/lv\/wp-json\/wp\/v2\/product\/23645\/revisions\/43463"}],"wp:featuredmedia":[{"embeddable":true,"href":"https:\/\/honigbee.com\/lv\/wp-json\/wp\/v2\/media\/43462"}],"wp:attachment":[{"href":"https:\/\/honigbee.com\/lv\/wp-json\/wp\/v2\/media?parent=23645"}],"wp:term":[{"taxonomy":"product_brand","embeddable":true,"href":"https:\/\/honigbee.com\/lv\/wp-json\/wp\/v2\/product_brand?post=23645"},{"taxonomy":"product_cat","embeddable":true,"href":"https:\/\/honigbee.com\/lv\/wp-json\/wp\/v2\/product_cat?post=23645"},{"taxonomy":"product_tag","embeddable":true,"href":"https:\/\/honigbee.com\/lv\/wp-json\/wp\/v2\/product_tag?post=23645"}],"curies":[{"name":"wp","href":"https:\/\/api.w.org\/{rel}","templated":true}]}}