{"id":30369,"date":"2025-09-07T09:57:01","date_gmt":"2025-09-07T09:57:01","guid":{"rendered":"https:\/\/honigbee.com\/?post_type=product&#038;p=30369"},"modified":"2026-03-16T19:39:39","modified_gmt":"2026-03-16T19:39:39","slug":"natuerlicher-aphrodisiakum-honig-250g","status":"publish","type":"product","link":"https:\/\/honigbee.com\/lv\/products\/natuerlicher-aphrodisiakum-honig-250g\/","title":{"rendered":"250 g dab\u012bg\u0101 afrodiziaka medus \u2013 ener\u0123ijas mais\u012bjums ar maka, ingveru un peru pieni\u0146u"},"content":{"rendered":"<div id=\"ez-toc-container\" class=\"ez-toc-v2_0_83 counter-hierarchy ez-toc-counter ez-toc-grey ez-toc-container-direction\">\n<div class=\"ez-toc-title-container\">\n<p class=\"ez-toc-title\" style=\"cursor:inherit\">Satura r\u0101d\u012bt\u0101js<\/p>\n<span class=\"ez-toc-title-toggle\"><a href=\"#\" class=\"ez-toc-pull-right ez-toc-btn ez-toc-btn-xs ez-toc-btn-default ez-toc-toggle\" aria-label=\"P\u0101rsl\u0113gt satura r\u0101d\u012bt\u0101ju\"><span class=\"ez-toc-js-icon-con\"><span class=\"\"><span class=\"eztoc-hide\" style=\"display:none;\">P\u0101rsl\u0113gt<\/span><span class=\"ez-toc-icon-toggle-span\"><svg style=\"fill: #999;color:#999\" xmlns=\"http:\/\/www.w3.org\/2000\/svg\" class=\"list-377408\" width=\"20px\" height=\"20px\" viewbox=\"0 0 24 24\" fill=\"none\"><path d=\"M6 6H4v2h2V6zm14 0H8v2h12V6zM4 11h2v2H4v-2zm16 0H8v2h12v-2zM4 16h2v2H4v-2zm16 0H8v2h12v-2z\" fill=\"currentColor\"><\/path><\/svg><svg style=\"fill: #999;color:#999\" class=\"arrow-unsorted-368013\" xmlns=\"http:\/\/www.w3.org\/2000\/svg\" width=\"10px\" height=\"10px\" viewbox=\"0 0 24 24\" version=\"1.2\" baseprofile=\"tiny\"><path d=\"M18.2 9.3l-6.2-6.3-6.2 6.3c-.2.2-.3.4-.3.7s.1.5.3.7c.2.2.4.3.7.3h11c.3 0 .5-.1.7-.3.2-.2.3-.5.3-.7s-.1-.5-.3-.7zM5.8 14.7l6.2 6.3 6.2-6.3c.2-.2.3-.5.3-.7s-.1-.5-.3-.7c-.2-.2-.4-.3-.7-.3h-11c-.3 0-.5.1-.7.3-.2.2-.3.5-.3.7s.1.5.3.7z\"\/><\/svg><\/span><\/span><\/span><\/a><\/span><\/div>\n<nav><ul class='ez-toc-list ez-toc-list-level-1' ><li class='ez-toc-page-1 ez-toc-heading-level-4'><a class=\"ez-toc-link ez-toc-heading-1\" href=\"https:\/\/honigbee.com\/lv\/products\/natuerlicher-aphrodisiakum-honig-250g\/#250_g_Naturlicher_Aphrodisiakum_Honig_%E2%80%93_Kraft_aus_der_Natur\" >250 g dab\u012bg\u0101 afrodiziaka medus \u2013 dabas sp\u0113ks<\/a><\/li><li class='ez-toc-page-1 ez-toc-heading-level-4'><a class=\"ez-toc-link ez-toc-heading-2\" href=\"https:\/\/honigbee.com\/lv\/products\/natuerlicher-aphrodisiakum-honig-250g\/#Merkmale_Herkunft\" >Raksturojums un izcelsme<\/a><\/li><li class='ez-toc-page-1 ez-toc-heading-level-4'><a class=\"ez-toc-link ez-toc-heading-3\" href=\"https:\/\/honigbee.com\/lv\/products\/natuerlicher-aphrodisiakum-honig-250g\/#Besonderheiten\" >\u012apa\u0161as funkcijas<\/a><\/li><li class='ez-toc-page-1 ez-toc-heading-level-4'><a class=\"ez-toc-link ez-toc-heading-4\" href=\"https:\/\/honigbee.com\/lv\/products\/natuerlicher-aphrodisiakum-honig-250g\/#Mehr_uber_Sidr_Jemen-Honig\" >Vair\u0101k par Sidr &amp; Yemen Honey<\/a><\/li><li class='ez-toc-page-1 ez-toc-heading-level-4'><a class=\"ez-toc-link ez-toc-heading-5\" href=\"https:\/\/honigbee.com\/lv\/products\/natuerlicher-aphrodisiakum-honig-250g\/#Weitere_Infos\" >Papildinform\u0101cija<\/a><\/li><\/ul><\/nav><\/div>\n<h4 data-start=\"929\" data-end=\"995\"><span class=\"ez-toc-section\" id=\"250_g_Naturlicher_Aphrodisiakum_Honig_%E2%80%93_Kraft_aus_der_Natur\"><\/span>250 g dab\u012bg\u0101 afrodiziaka medus \u2013 dabas sp\u0113ks<span class=\"ez-toc-section-end\"><\/span><\/h4>\n<p data-start=\"996\" data-end=\"1281\">\u0160is medus ir vair\u0101k nek\u0101 tikai salds na\u0161\u0137is. Tas apvieno augstas kvalit\u0101tes medu ar dab\u012bg\u0101m sast\u0101vda\u013c\u0101m, piem\u0113ram, maka, ingveru un peru pieni\u0146u. Mais\u012bjums ir paz\u012bstams ar savu ener\u0123iz\u0113jo\u0161o iedarb\u012bbu un jau sen tiek izmantots k\u0101 dabisks l\u012bdzeklis vitalit\u0101tes un iztur\u012bbas uzlabo\u0161anai.<\/p>\n<hr data-start=\"1283\" data-end=\"1286\" \/>\n<h4 data-start=\"1288\" data-end=\"1314\"><span class=\"ez-toc-section\" id=\"Merkmale_Herkunft\"><\/span>Raksturojums un izcelsme<span class=\"ez-toc-section-end\"><\/span><\/h4>\n<ul data-start=\"1315\" data-end=\"1612\">\n<li data-start=\"1315\" data-end=\"1359\">\n<p data-start=\"1317\" data-end=\"1359\">Produkts: dab\u012bgs afrodiziaka medus<\/p>\n<\/li>\n<li data-start=\"1360\" data-end=\"1423\">\n<p data-start=\"1362\" data-end=\"1423\">Izcelsme: starptautiska medus un superproduktu mais\u012bjums<\/p>\n<\/li>\n<li data-start=\"1424\" data-end=\"1470\">\n<p data-start=\"1426\" data-end=\"1470\">Sast\u0101vda\u013cas: medus, maka, ingvers, peru pieni\u0146\u0161<\/p>\n<\/li>\n<li data-start=\"1471\" data-end=\"1528\">\n<p data-start=\"1473\" data-end=\"1528\">\u012apa\u0161a iez\u012bme: Vitaliz\u0113jo\u0161s, dabisks ener\u0123ijas avots<\/p>\n<\/li>\n<li data-start=\"1529\" data-end=\"1567\">\n<p data-start=\"1531\" data-end=\"1567\">Gar\u0161a: salda, pikanta, arom\u0101tiska<\/p>\n<\/li>\n<li data-start=\"1568\" data-end=\"1595\">\n<p data-start=\"1570\" data-end=\"1595\">Iepakojuma izm\u0113rs: 250 g<\/p>\n<\/li>\n<\/ul>\n<hr data-start=\"1614\" data-end=\"1617\" \/>\n<h4 data-start=\"1619\" data-end=\"1640\"><span class=\"ez-toc-section\" id=\"Besonderheiten\"><\/span>\u012apa\u0161as funkcijas<span class=\"ez-toc-section-end\"><\/span><\/h4>\n<p data-start=\"1641\" data-end=\"1886\">The <strong data-start=\"1645\" data-end=\"1686\">250 g dab\u012bg\u0101 afrodiziaka medus<\/strong> T\u0101 ir unik\u0101la kombin\u0101cija liel\u0101kai ener\u0123ijai, vitalit\u0101tei un baud\u012bjumam. T\u0101 ir gar\u0161\u012bga gan atsevi\u0161\u0137i, gan t\u0113j\u0101, gan uz maizes, un ir \u012bpa\u0161i iecien\u012bta k\u0101 dabisks ener\u0123ijas pastiprin\u0101t\u0101js p\u0101riem.<\/p>\n<hr data-start=\"1888\" data-end=\"1891\" \/>\n<h4 data-start=\"1893\" data-end=\"1928\"><span class=\"ez-toc-section\" id=\"Mehr_uber_Sidr_Jemen-Honig\"><\/span>Vair\u0101k par Sidr &amp; Yemen Honey<span class=\"ez-toc-section-end\"><\/span><\/h4>\n<p data-start=\"1929\" data-end=\"2033\"><a class=\"decorated-link\" href=\"https:\/\/honigbee.com\/lv\/product-category\/honig\/sidr-honig-aus-jemen\/\" target=\"_new\" rel=\"noopener\" data-start=\"1929\" data-end=\"2031\">Sidr Honey no Jemenas Honigbee veikal\u0101<\/a><\/p>\n<hr data-start=\"2035\" data-end=\"2038\" \/>\n<h4 data-start=\"2040\" data-end=\"2060\"><span class=\"ez-toc-section\" id=\"Weitere_Infos\"><\/span>Papildinform\u0101cija<span class=\"ez-toc-section-end\"><\/span><\/h4>\n<p data-start=\"2061\" data-end=\"2132\"><a class=\"decorated-link cursor-pointer\" href=\"https:\/\/de.wikipedia.org\/wiki\/Gelee_royale\" target=\"_new\" rel=\"noopener\" data-start=\"2061\" data-end=\"2130\">Vikip\u0113dija: Peru pieni\u0146s<\/a><\/p>","protected":false},"excerpt":{"rendered":"<p data-start=\"539\" data-end=\"792\"><em>\u0160is 250 g dab\u012bgais afrodiziaka medus apvieno t\u012bru medu ar maka \u010dili, ingveru un peru pieni\u0146u. Dab\u012bgs ener\u0123ijas mais\u012bjums, kas gadsimtiem ilgi tiek v\u0113rt\u0113ts t\u0101 vitalit\u0101tes, iztur\u012bbas un labsaj\u016btas d\u0113\u013c.<\/em><\/p>\n<p data-start=\"794\" data-end=\"898\">","protected":false},"featured_media":43834,"comment_status":"open","ping_status":"closed","template":"","meta":{"_glsr_average":0,"_glsr_ranking":0,"_glsr_reviews":0},"product_brand":[],"product_cat":[1414],"product_tag":[],"class_list":{"0":"post-30369","1":"product","2":"type-product","3":"status-publish","4":"has-post-thumbnail","6":"product_cat-aphrodisiakum-honig","8":"first","9":"instock","10":"shipping-taxable","11":"purchasable","12":"product-type-simple","13":"add-to-wishlist-before_image"},"jetpack_sharing_enabled":true,"_links":{"self":[{"href":"https:\/\/honigbee.com\/lv\/wp-json\/wp\/v2\/product\/30369","targetHints":{"allow":["GET"]}}],"collection":[{"href":"https:\/\/honigbee.com\/lv\/wp-json\/wp\/v2\/product"}],"about":[{"href":"https:\/\/honigbee.com\/lv\/wp-json\/wp\/v2\/types\/product"}],"replies":[{"embeddable":true,"href":"https:\/\/honigbee.com\/lv\/wp-json\/wp\/v2\/comments?post=30369"}],"version-history":[{"count":2,"href":"https:\/\/honigbee.com\/lv\/wp-json\/wp\/v2\/product\/30369\/revisions"}],"predecessor-version":[{"id":43857,"href":"https:\/\/honigbee.com\/lv\/wp-json\/wp\/v2\/product\/30369\/revisions\/43857"}],"wp:featuredmedia":[{"embeddable":true,"href":"https:\/\/honigbee.com\/lv\/wp-json\/wp\/v2\/media\/43834"}],"wp:attachment":[{"href":"https:\/\/honigbee.com\/lv\/wp-json\/wp\/v2\/media?parent=30369"}],"wp:term":[{"taxonomy":"product_brand","embeddable":true,"href":"https:\/\/honigbee.com\/lv\/wp-json\/wp\/v2\/product_brand?post=30369"},{"taxonomy":"product_cat","embeddable":true,"href":"https:\/\/honigbee.com\/lv\/wp-json\/wp\/v2\/product_cat?post=30369"},{"taxonomy":"product_tag","embeddable":true,"href":"https:\/\/honigbee.com\/lv\/wp-json\/wp\/v2\/product_tag?post=30369"}],"curies":[{"name":"wp","href":"https:\/\/api.w.org\/{rel}","templated":true}]}}