{"id":30378,"date":"2025-09-07T10:03:36","date_gmt":"2025-09-07T10:03:36","guid":{"rendered":"https:\/\/honigbee.com\/?post_type=product&#038;p=30378"},"modified":"2026-03-16T19:02:59","modified_gmt":"2026-03-16T19:02:59","slug":"marokkanischer-jujubehonig-250g","status":"publish","type":"product","link":"https:\/\/honigbee.com\/lv\/products\/marokkanischer-jujubehonig-250g\/","title":{"rendered":"250 g Marokas jujube medus \u2013 smalks sidra medus ar sp\u0113c\u012bgu arom\u0101tu"},"content":{"rendered":"<div id=\"ez-toc-container\" class=\"ez-toc-v2_0_83 counter-hierarchy ez-toc-counter ez-toc-grey ez-toc-container-direction\">\n<div class=\"ez-toc-title-container\">\n<p class=\"ez-toc-title\" style=\"cursor:inherit\">Satura r\u0101d\u012bt\u0101js<\/p>\n<span class=\"ez-toc-title-toggle\"><a href=\"#\" class=\"ez-toc-pull-right ez-toc-btn ez-toc-btn-xs ez-toc-btn-default ez-toc-toggle\" aria-label=\"P\u0101rsl\u0113gt satura r\u0101d\u012bt\u0101ju\"><span class=\"ez-toc-js-icon-con\"><span class=\"\"><span class=\"eztoc-hide\" style=\"display:none;\">P\u0101rsl\u0113gt<\/span><span class=\"ez-toc-icon-toggle-span\"><svg style=\"fill: #999;color:#999\" xmlns=\"http:\/\/www.w3.org\/2000\/svg\" class=\"list-377408\" width=\"20px\" height=\"20px\" viewbox=\"0 0 24 24\" fill=\"none\"><path d=\"M6 6H4v2h2V6zm14 0H8v2h12V6zM4 11h2v2H4v-2zm16 0H8v2h12v-2zM4 16h2v2H4v-2zm16 0H8v2h12v-2z\" fill=\"currentColor\"><\/path><\/svg><svg style=\"fill: #999;color:#999\" class=\"arrow-unsorted-368013\" xmlns=\"http:\/\/www.w3.org\/2000\/svg\" width=\"10px\" height=\"10px\" viewbox=\"0 0 24 24\" version=\"1.2\" baseprofile=\"tiny\"><path d=\"M18.2 9.3l-6.2-6.3-6.2 6.3c-.2.2-.3.4-.3.7s.1.5.3.7c.2.2.4.3.7.3h11c.3 0 .5-.1.7-.3.2-.2.3-.5.3-.7s-.1-.5-.3-.7zM5.8 14.7l6.2 6.3 6.2-6.3c.2-.2.3-.5.3-.7s-.1-.5-.3-.7c-.2-.2-.4-.3-.7-.3h-11c-.3 0-.5.1-.7.3-.2.2-.3.5-.3.7s.1.5.3.7z\"\/><\/svg><\/span><\/span><\/span><\/a><\/span><\/div>\n<nav><ul class='ez-toc-list ez-toc-list-level-1' ><li class='ez-toc-page-1 ez-toc-heading-level-4'><a class=\"ez-toc-link ez-toc-heading-1\" href=\"https:\/\/honigbee.com\/lv\/products\/marokkanischer-jujubehonig-250g\/#250_g_Marokkanischer_Jujubehonig_%E2%80%93_traditioneller_Sidr-Honig\" >250 g Marokas jujube medus \u2013 tradicion\u0101lais sidra medus<\/a><\/li><li class='ez-toc-page-1 ez-toc-heading-level-4'><a class=\"ez-toc-link ez-toc-heading-2\" href=\"https:\/\/honigbee.com\/lv\/products\/marokkanischer-jujubehonig-250g\/#Merkmale_Herkunft\" >Raksturojums un izcelsme<\/a><\/li><li class='ez-toc-page-1 ez-toc-heading-level-4'><a class=\"ez-toc-link ez-toc-heading-3\" href=\"https:\/\/honigbee.com\/lv\/products\/marokkanischer-jujubehonig-250g\/#Besonderheiten\" >\u012apa\u0161as funkcijas<\/a><\/li><li class='ez-toc-page-1 ez-toc-heading-level-4'><a class=\"ez-toc-link ez-toc-heading-4\" href=\"https:\/\/honigbee.com\/lv\/products\/marokkanischer-jujubehonig-250g\/#Weitere_Inspiration_entdecken\" >Weitere Inspiration entdecken<\/a><\/li><\/ul><\/nav><\/div>\n<h4 data-start=\"830\" data-end=\"897\"><span class=\"ez-toc-section\" id=\"250_g_Marokkanischer_Jujubehonig_%E2%80%93_traditioneller_Sidr-Honig\"><\/span>250 g Marokas jujube medus \u2013 tradicion\u0101lais sidra medus<span class=\"ez-toc-section-end\"><\/span><\/h4>\n<p data-start=\"898\" data-end=\"1161\">Jujubes medus, ko sauc ar\u012b par sidra medu, ieg\u016bst no jujubes koka ziediem Marok\u0101. Tas ir paz\u012bstams ar savu t\u012br\u012bbu, intens\u012bvo gar\u0161u un labv\u0113l\u012bgaj\u0101m \u012bpa\u0161\u012bb\u0101m. Tradicion\u0101laj\u0101 medic\u012bn\u0101 tas tiek augstu v\u0113rt\u0113ts gadsimtiem ilgi.<\/p>\n<hr data-start=\"1163\" data-end=\"1166\" \/>\n<h4 data-start=\"1168\" data-end=\"1194\"><span class=\"ez-toc-section\" id=\"Merkmale_Herkunft\"><\/span>Raksturojums un izcelsme<span class=\"ez-toc-section-end\"><\/span><\/h4>\n<ul data-start=\"1195\" data-end=\"1420\">\n<li data-start=\"1195\" data-end=\"1232\">\n<p data-start=\"1197\" data-end=\"1232\">Produkts: Jujube medus (Sidr medus)<\/p>\n<\/li>\n<li data-start=\"1233\" data-end=\"1254\">\n<p data-start=\"1235\" data-end=\"1254\">Izcelsme: Maroka<\/p>\n<\/li>\n<li data-start=\"1255\" data-end=\"1290\">\n<p data-start=\"1257\" data-end=\"1290\">Koku suga: Jujube koks (Ziziphus)<\/p>\n<\/li>\n<li data-start=\"1291\" data-end=\"1334\">\n<p data-start=\"1293\" data-end=\"1334\">\u012apa\u0161\u0101 iez\u012bme: Tradicion\u0101lais Sidr medus<\/p>\n<\/li>\n<li data-start=\"1335\" data-end=\"1375\">\n<p data-start=\"1337\" data-end=\"1375\">Gar\u0161a: Sp\u0113c\u012bga, arom\u0101tiska, c\u0113la<\/p>\n<\/li>\n<li data-start=\"1376\" data-end=\"1403\">\n<p data-start=\"1378\" data-end=\"1403\">Iepakojuma izm\u0113rs: 250 g<\/p>\n<\/li>\n<\/ul>\n<hr data-start=\"1422\" data-end=\"1425\" \/>\n<h4 data-start=\"1427\" data-end=\"1448\"><span class=\"ez-toc-section\" id=\"Besonderheiten\"><\/span>\u012apa\u0161as funkcijas<span class=\"ez-toc-section-end\"><\/span><\/h4>\n<p data-start=\"1449\" data-end=\"1691\">The <strong data-start=\"1453\" data-end=\"1489\">250 g Marokas jujube medus<\/strong> Tas ir bag\u0101ts ar miner\u0101lviel\u0101m un vitam\u012bniem, un tiek uzskat\u012bts par dabisku l\u012bdzekli im\u016bnsist\u0113mas un gremo\u0161anas sist\u0113mas stiprin\u0101\u0161anai. T\u0101 sp\u0113c\u012bgais arom\u0101ts padara to par \u012bpa\u0161u gardumu, gan lietojot to atsevi\u0161\u0137i, gan t\u0113j\u0101.<\/p>\n<hr data-start=\"1693\" data-end=\"1696\" \/>\n<h4 data-start=\"413\" data-end=\"449\"><span class=\"ez-toc-section\" id=\"Weitere_Inspiration_entdecken\"><\/span>Weitere Inspiration entdecken<span class=\"ez-toc-section-end\"><\/span><\/h4>\n<p data-start=\"450\" data-end=\"582\">Du suchst weitere besondere Produkte? Entdecke zus\u00e4tzliche Highlights in unserem Sortiment oder st\u00f6bere in unseren Partnerprojekten:<\/p>\n<ul data-start=\"584\" data-end=\"920\">\n<li data-start=\"584\" data-end=\"656\"><a href=\"https:\/\/honigbee.com\/lv\/shop\/\">Weitere Naturprodukte bei Honigbee entdecken<\/a><\/li>\n<li data-start=\"657\" data-end=\"783\">\n<p data-start=\"659\" data-end=\"783\"><a href=\"https:\/\/matvana.com\/shop\/\" target=\"_blank\" rel=\"noopener\">Stilvolle Wohnideen bei Matvana ansehen<\/a><\/p>\n<\/li>\n<li data-start=\"784\" data-end=\"920\">\n<p data-start=\"786\" data-end=\"920\"><a href=\"https:\/\/saphirsmaragd.com\/shop\/\" target=\"_blank\" rel=\"noopener\">Edelsteine &amp; Schmuck bei Saphir &amp; Smaragd ansehen<\/a><\/p>\n<\/li>\n<\/ul>\n<hr data-start=\"1931\" data-end=\"1934\" \/>\n<p>Produktbilder dienen der Veranschaulichung. Verpackungsdesign kann abweichen.<\/p>","protected":false},"excerpt":{"rendered":"<p data-start=\"467\" data-end=\"723\"><em>250 g Marokas jujubes medus tiek ieg\u016bts no jujubes koka nekt\u0101ra un tiek uzskat\u012bts par tradicion\u0101lu specialit\u0101ti. Tas p\u0101rsteidz ar savu sp\u0113c\u012bgo arom\u0101tu, t\u012br\u012bbu un dziedino\u0161aj\u0101m \u012bpa\u0161\u012bb\u0101m.<\/em><\/p>\n<p data-start=\"725\" data-end=\"799\">","protected":false},"featured_media":43829,"comment_status":"open","ping_status":"closed","template":"","meta":{"_glsr_average":0,"_glsr_ranking":0,"_glsr_reviews":0},"product_brand":[],"product_cat":[1410],"product_tag":[],"class_list":{"0":"post-30378","1":"product","2":"type-product","3":"status-publish","4":"has-post-thumbnail","6":"product_cat-jujubehonig","8":"first","9":"instock","10":"shipping-taxable","11":"purchasable","12":"product-type-simple","13":"add-to-wishlist-before_image"},"jetpack_sharing_enabled":true,"_links":{"self":[{"href":"https:\/\/honigbee.com\/lv\/wp-json\/wp\/v2\/product\/30378","targetHints":{"allow":["GET"]}}],"collection":[{"href":"https:\/\/honigbee.com\/lv\/wp-json\/wp\/v2\/product"}],"about":[{"href":"https:\/\/honigbee.com\/lv\/wp-json\/wp\/v2\/types\/product"}],"replies":[{"embeddable":true,"href":"https:\/\/honigbee.com\/lv\/wp-json\/wp\/v2\/comments?post=30378"}],"version-history":[{"count":5,"href":"https:\/\/honigbee.com\/lv\/wp-json\/wp\/v2\/product\/30378\/revisions"}],"predecessor-version":[{"id":43830,"href":"https:\/\/honigbee.com\/lv\/wp-json\/wp\/v2\/product\/30378\/revisions\/43830"}],"wp:featuredmedia":[{"embeddable":true,"href":"https:\/\/honigbee.com\/lv\/wp-json\/wp\/v2\/media\/43829"}],"wp:attachment":[{"href":"https:\/\/honigbee.com\/lv\/wp-json\/wp\/v2\/media?parent=30378"}],"wp:term":[{"taxonomy":"product_brand","embeddable":true,"href":"https:\/\/honigbee.com\/lv\/wp-json\/wp\/v2\/product_brand?post=30378"},{"taxonomy":"product_cat","embeddable":true,"href":"https:\/\/honigbee.com\/lv\/wp-json\/wp\/v2\/product_cat?post=30378"},{"taxonomy":"product_tag","embeddable":true,"href":"https:\/\/honigbee.com\/lv\/wp-json\/wp\/v2\/product_tag?post=30378"}],"curies":[{"name":"wp","href":"https:\/\/api.w.org\/{rel}","templated":true}]}}