{"id":45171,"date":"2026-05-08T13:45:03","date_gmt":"2026-05-08T13:45:03","guid":{"rendered":"https:\/\/honigbee.com\/?post_type=product&#038;p=45171"},"modified":"2026-05-08T13:50:06","modified_gmt":"2026-05-08T13:50:06","slug":"dinner-kerze-weiss-klassische-stabkerze-fuer-tischdeko-events-mit-langer-brenndauer-ca-21-x-2-cm","status":"publish","type":"product","link":"https:\/\/honigbee.com\/lv\/products\/dinner-kerze-weiss-klassische-stabkerze-fuer-tischdeko-events-mit-langer-brenndauer-ca-21-x-2-cm\/","title":{"rendered":"Dinner Kerze Wei\u00df \u2013 Klassische Stabkerze f\u00fcr Tischdeko &#038; Events mit langer Brenndauer ca. 21 x 2 cm"},"content":{"rendered":"<div id=\"ez-toc-container\" class=\"ez-toc-v2_0_83 counter-hierarchy ez-toc-counter ez-toc-grey ez-toc-container-direction\">\n<div class=\"ez-toc-title-container\">\n<p class=\"ez-toc-title\" style=\"cursor:inherit\">Satura r\u0101d\u012bt\u0101js<\/p>\n<span class=\"ez-toc-title-toggle\"><a href=\"#\" class=\"ez-toc-pull-right ez-toc-btn ez-toc-btn-xs ez-toc-btn-default ez-toc-toggle\" aria-label=\"P\u0101rsl\u0113gt satura r\u0101d\u012bt\u0101ju\"><span class=\"ez-toc-js-icon-con\"><span class=\"\"><span class=\"eztoc-hide\" style=\"display:none;\">P\u0101rsl\u0113gt<\/span><span class=\"ez-toc-icon-toggle-span\"><svg style=\"fill: #999;color:#999\" xmlns=\"http:\/\/www.w3.org\/2000\/svg\" class=\"list-377408\" width=\"20px\" height=\"20px\" viewbox=\"0 0 24 24\" fill=\"none\"><path d=\"M6 6H4v2h2V6zm14 0H8v2h12V6zM4 11h2v2H4v-2zm16 0H8v2h12v-2zM4 16h2v2H4v-2zm16 0H8v2h12v-2z\" fill=\"currentColor\"><\/path><\/svg><svg style=\"fill: #999;color:#999\" class=\"arrow-unsorted-368013\" xmlns=\"http:\/\/www.w3.org\/2000\/svg\" width=\"10px\" height=\"10px\" viewbox=\"0 0 24 24\" version=\"1.2\" baseprofile=\"tiny\"><path d=\"M18.2 9.3l-6.2-6.3-6.2 6.3c-.2.2-.3.4-.3.7s.1.5.3.7c.2.2.4.3.7.3h11c.3 0 .5-.1.7-.3.2-.2.3-.5.3-.7s-.1-.5-.3-.7zM5.8 14.7l6.2 6.3 6.2-6.3c.2-.2.3-.5.3-.7s-.1-.5-.3-.7c-.2-.2-.4-.3-.7-.3h-11c-.3 0-.5.1-.7.3-.2.2-.3.5-.3.7s.1.5.3.7z\"\/><\/svg><\/span><\/span><\/span><\/a><\/span><\/div>\n<nav><ul class='ez-toc-list ez-toc-list-level-1' ><li class='ez-toc-page-1 ez-toc-heading-level-4'><a class=\"ez-toc-link ez-toc-heading-1\" href=\"https:\/\/honigbee.com\/lv\/products\/dinner-kerze-weiss-klassische-stabkerze-fuer-tischdeko-events-mit-langer-brenndauer-ca-21-x-2-cm\/#Dinner_Kerze_Weis_fur_stilvolle_Tischdekoration\" >Dinner Kerze Wei\u00df f\u00fcr stilvolle Tischdekoration<\/a><\/li><li class='ez-toc-page-1 ez-toc-heading-level-4'><a class=\"ez-toc-link ez-toc-heading-2\" href=\"https:\/\/honigbee.com\/lv\/products\/dinner-kerze-weiss-klassische-stabkerze-fuer-tischdeko-events-mit-langer-brenndauer-ca-21-x-2-cm\/#Klassisches_Design_fur_vielseitige_Anlasse\" >Klassisches Design f\u00fcr vielseitige Anl\u00e4sse<\/a><\/li><li class='ez-toc-page-1 ez-toc-heading-level-4'><a class=\"ez-toc-link ez-toc-heading-3\" href=\"https:\/\/honigbee.com\/lv\/products\/dinner-kerze-weiss-klassische-stabkerze-fuer-tischdeko-events-mit-langer-brenndauer-ca-21-x-2-cm\/#Gleichmasige_und_saubere_Brenndauer\" >Gleichm\u00e4\u00dfige und saubere Brenndauer<\/a><\/li><li class='ez-toc-page-1 ez-toc-heading-level-4'><a class=\"ez-toc-link ez-toc-heading-4\" href=\"https:\/\/honigbee.com\/lv\/products\/dinner-kerze-weiss-klassische-stabkerze-fuer-tischdeko-events-mit-langer-brenndauer-ca-21-x-2-cm\/#Vielseitig_kombinierbar\" >Vielseitig kombinierbar<\/a><\/li><li class='ez-toc-page-1 ez-toc-heading-level-4'><a class=\"ez-toc-link ez-toc-heading-5\" href=\"https:\/\/honigbee.com\/lv\/products\/dinner-kerze-weiss-klassische-stabkerze-fuer-tischdeko-events-mit-langer-brenndauer-ca-21-x-2-cm\/#Produktdetails\" >Produkta inform\u0101cija<\/a><\/li><li class='ez-toc-page-1 ez-toc-heading-level-4'><a class=\"ez-toc-link ez-toc-heading-6\" href=\"https:\/\/honigbee.com\/lv\/products\/dinner-kerze-weiss-klassische-stabkerze-fuer-tischdeko-events-mit-langer-brenndauer-ca-21-x-2-cm\/#Weitere_Inspiration_entdecken\" >Weitere Inspiration entdecken<\/a><\/li><\/ul><\/nav><\/div>\n<h4 data-start=\"619\" data-end=\"673\"><span class=\"ez-toc-section\" id=\"Dinner_Kerze_Weis_fur_stilvolle_Tischdekoration\"><\/span>Dinner Kerze Wei\u00df f\u00fcr stilvolle Tischdekoration<span class=\"ez-toc-section-end\"><\/span><\/h4>\n<p data-start=\"674\" data-end=\"811\">Die Dinner Kerze Wei\u00df ist die perfekte Wahl f\u00fcr elegante Tischdekorationen und schafft eine ruhige und warme Atmosph\u00e4re bei jedem Anlass.<\/p>\n<hr data-start=\"813\" data-end=\"816\" \/>\n<h4 data-start=\"818\" data-end=\"867\"><span class=\"ez-toc-section\" id=\"Klassisches_Design_fur_vielseitige_Anlasse\"><\/span>Klassisches Design f\u00fcr vielseitige Anl\u00e4sse<span class=\"ez-toc-section-end\"><\/span><\/h4>\n<p data-start=\"868\" data-end=\"992\">Mit ihrer schlichten wei\u00dfen Optik passt diese Stabkerze ideal zu Hochzeiten, Dinner-Abenden oder festlichen Veranstaltungen.<\/p>\n<hr data-start=\"994\" data-end=\"997\" \/>\n<h4 data-start=\"999\" data-end=\"1041\"><span class=\"ez-toc-section\" id=\"Gleichmasige_und_saubere_Brenndauer\"><\/span>Gleichm\u00e4\u00dfige und saubere Brenndauer<span class=\"ez-toc-section-end\"><\/span><\/h4>\n<p data-start=\"1042\" data-end=\"1178\">Die Kerze \u00fcberzeugt durch eine gleichm\u00e4\u00dfige Flamme und eine zuverl\u00e4ssige Brenndauer, wodurch sie sich perfekt f\u00fcr l\u00e4ngere Events eignet.<\/p>\n<hr data-start=\"1180\" data-end=\"1183\" \/>\n<h4 data-start=\"1185\" data-end=\"1215\"><span class=\"ez-toc-section\" id=\"Vielseitig_kombinierbar\"><\/span>Vielseitig kombinierbar<span class=\"ez-toc-section-end\"><\/span><\/h4>\n<p data-start=\"1216\" data-end=\"1335\">Ob im Kerzenhalter, als Teil eines Dekokonzepts oder f\u00fcr besondere Momente \u2013 diese Kerze l\u00e4sst sich flexibel einsetzen.<\/p>\n<hr data-start=\"1337\" data-end=\"1340\" \/>\n<h4 data-start=\"1342\" data-end=\"1363\"><span class=\"ez-toc-section\" id=\"Produktdetails\"><\/span>Produkta inform\u0101cija<span class=\"ez-toc-section-end\"><\/span><\/h4>\n<p data-start=\"1364\" data-end=\"1517\">Material: Paraffinwachs<br data-start=\"1387\" data-end=\"1390\" \/>Farbe: Wei\u00df<br data-start=\"1401\" data-end=\"1404\" \/>Gr\u00f6\u00dfe: ca. 21 x 2 cm<br data-start=\"1424\" data-end=\"1427\" \/>Form: Stabkerze<br data-start=\"1442\" data-end=\"1445\" \/>Verwendung: Tischdekoration | Event | Hochzeit<br data-start=\"1491\" data-end=\"1494\" \/>Izcelsme: V\u0101cija<\/p>\n<hr data-start=\"2312\" data-end=\"2315\" \/>\n<h4 data-start=\"413\" data-end=\"449\"><span class=\"ez-toc-section\" id=\"Weitere_Inspiration_entdecken\"><\/span>Weitere Inspiration entdecken<span class=\"ez-toc-section-end\"><\/span><\/h4>\n<p data-start=\"450\" data-end=\"582\">Suchen Sie weitere besondere Produkte? Entdecken Sie zus\u00e4tzliche Highlights in unserem Sortiment oder besuchen Sie unsere Partnerprojekte:<\/p>\n<ul data-start=\"584\" data-end=\"920\">\n<li><a href=\"https:\/\/matvana.com\/shop\/\" target=\"_blank\" rel=\"noopener\">Stilvolle Wohn- &amp; Geschenkideen bei Matvana entdecken<\/a><\/li>\n<li data-start=\"657\" data-end=\"783\">\n<p data-start=\"659\" data-end=\"783\"><a href=\"https:\/\/honigbee.com\/lv\/shop\/\">Nat\u00fcrliche Produkte bei Honigbee ansehen<br \/>\n<\/a><\/p>\n<\/li>\n<li><a href=\"https:\/\/saphirsmaragd.com\/shop\/\" target=\"_blank\" rel=\"noopener\">Edelsteine &amp; Schmuckst\u00fccke bei Saphir &amp; Smaragd entdecken<\/a><\/li>\n<\/ul>","protected":false},"excerpt":{"rendered":"<p data-start=\"350\" data-end=\"480\"><em>Dinner Kerze Wei\u00df als klassische Stabkerze f\u00fcr elegante Tischdekorationen, Hochzeiten und Events mit gleichm\u00e4\u00dfiger Brenndauer.<\/em><\/p>","protected":false},"featured_media":45326,"comment_status":"open","ping_status":"closed","template":"","meta":{"_glsr_average":0,"_glsr_ranking":0,"_glsr_reviews":0},"product_brand":[],"product_cat":[1541,1539],"product_tag":[],"class_list":{"0":"post-45171","1":"product","2":"type-product","3":"status-publish","4":"has-post-thumbnail","6":"product_cat-stumpenkerzen","7":"product_cat-teelichter","9":"first","10":"instock","11":"shipping-taxable","12":"purchasable","13":"product-type-simple","14":"add-to-wishlist-before_image"},"jetpack_sharing_enabled":true,"_links":{"self":[{"href":"https:\/\/honigbee.com\/lv\/wp-json\/wp\/v2\/product\/45171","targetHints":{"allow":["GET"]}}],"collection":[{"href":"https:\/\/honigbee.com\/lv\/wp-json\/wp\/v2\/product"}],"about":[{"href":"https:\/\/honigbee.com\/lv\/wp-json\/wp\/v2\/types\/product"}],"replies":[{"embeddable":true,"href":"https:\/\/honigbee.com\/lv\/wp-json\/wp\/v2\/comments?post=45171"}],"version-history":[{"count":1,"href":"https:\/\/honigbee.com\/lv\/wp-json\/wp\/v2\/product\/45171\/revisions"}],"predecessor-version":[{"id":45327,"href":"https:\/\/honigbee.com\/lv\/wp-json\/wp\/v2\/product\/45171\/revisions\/45327"}],"wp:featuredmedia":[{"embeddable":true,"href":"https:\/\/honigbee.com\/lv\/wp-json\/wp\/v2\/media\/45326"}],"wp:attachment":[{"href":"https:\/\/honigbee.com\/lv\/wp-json\/wp\/v2\/media?parent=45171"}],"wp:term":[{"taxonomy":"product_brand","embeddable":true,"href":"https:\/\/honigbee.com\/lv\/wp-json\/wp\/v2\/product_brand?post=45171"},{"taxonomy":"product_cat","embeddable":true,"href":"https:\/\/honigbee.com\/lv\/wp-json\/wp\/v2\/product_cat?post=45171"},{"taxonomy":"product_tag","embeddable":true,"href":"https:\/\/honigbee.com\/lv\/wp-json\/wp\/v2\/product_tag?post=45171"}],"curies":[{"name":"wp","href":"https:\/\/api.w.org\/{rel}","templated":true}]}}